{"id":2697,"date":"2026-02-20T17:54:44","date_gmt":"2026-02-20T16:54:44","guid":{"rendered":"https:\/\/organoscolegiados.anuies.mx\/consejonacional\/?page_id=2697"},"modified":"2026-03-31T01:45:05","modified_gmt":"2026-03-30T23:45:05","slug":"cn12026","status":"publish","type":"page","link":"https:\/\/organoscolegiados.anuies.mx\/consejonacional\/cn12026\/","title":{"rendered":"Sesi\u00f3n Ordinaria del Consejo Nacional 1.2026 25 marzo"},"content":{"rendered":"<div id=\"pl-2697\"  class=\"panel-layout\" ><div id=\"pg-2697-0\"  class=\"panel-grid panel-has-style\" ><div class=\"siteorigin-panels-stretch panel-row-style panel-row-style-for-2697-0\" data-stretch-type=\"full\" ><div id=\"pgc-2697-0-0\"  class=\"panel-grid-cell\" ><div id=\"panel-2697-0-0-0\" class=\"so-panel widget widget_sow-editor panel-first-child panel-last-child\" data-index=\"0\" ><div class=\"so-rounded panel-widget-style panel-widget-style-for-2697-0-0-0\" ><div\n\t\t\t\n\t\t\tclass=\"so-widget-sow-editor so-widget-sow-editor-base\"\n\t\t\t\n\t\t><h3 class=\"widget-title\">   <\/h3>\n<div class=\"siteorigin-widget-tinymce textwidget\">\n\t<p style=\"text-align: center;\"><span style=\"font-size: 18pt;\"><strong><span style=\"font-family: helvetica, arial, sans-serif;\"><img loading=\"lazy\" decoding=\"async\" class=\"aligncenter size-full wp-image-2698\" src=\"https:\/\/organoscolegiados.anuies.mx\/consejonacional\/wp-content\/uploads\/sites\/2\/2026\/02\/CABECERA2.png\" alt=\"\" width=\"1391\" height=\"197\" srcset=\"https:\/\/organoscolegiados.anuies.mx\/consejonacional\/wp-content\/uploads\/sites\/2\/2026\/02\/CABECERA2.png 1391w, https:\/\/organoscolegiados.anuies.mx\/consejonacional\/wp-content\/uploads\/sites\/2\/2026\/02\/CABECERA2-300x42.png 300w, https:\/\/organoscolegiados.anuies.mx\/consejonacional\/wp-content\/uploads\/sites\/2\/2026\/02\/CABECERA2-1024x145.png 1024w, https:\/\/organoscolegiados.anuies.mx\/consejonacional\/wp-content\/uploads\/sites\/2\/2026\/02\/CABECERA2-768x109.png 768w\" sizes=\"auto, (max-width: 1391px) 100vw, 1391px\" \/>&nbsp;<\/span><\/strong><\/span><\/p>\n<p style=\"text-align: center;\"><span style=\"font-size: 18pt;\"><strong><span style=\"font-family: helvetica, arial, sans-serif;\">CONVOCATORIA<\/span><\/strong><\/span><\/p>\n<p style=\"text-align: center;\"><span style=\"font-family: helvetica, arial, sans-serif; font-size: 14pt;\"><img loading=\"lazy\" decoding=\"async\" class=\"wp-image-2137 alignleft\" src=\"https:\/\/organoscolegiados.anuies.mx\/consejonacional\/wp-content\/uploads\/sites\/2\/2025\/01\/linea-gris.png\" alt=\"\" width=\"12\" height=\"172\"\/><\/span><\/p>\n<p style=\"text-align: justify;\"><strong><span style=\"font-family: helvetica, arial, sans-serif; font-size: 14pt;\"><br \/>\n<\/span><\/strong><span style=\"font-family: helvetica, arial, sans-serif; font-size: 14pt;\">Con fundamento en los art\u00edculos Vig\u00e9simo Primero, Trig\u00e9simo Primero y Trig\u00e9simo Tercero, fracci\u00f3n VI, del Estatuto de la Asociaci\u00f3n Nacional de Universidades e Instituciones de Educaci\u00f3n Superior de la Rep\u00fablica Mexicana, A.C. (ANUIES), convoco a quienes integran el Consejo Nacional a la Sesi\u00f3n Ordinaria 1.2026 que se efectuar\u00e1 en modalidad presencial, en el Centro de Innovaci\u00f3n y Desarrollo de la ANUIES, ubicado en Miguel Laurent 961, Col. Santa Cruz Atoyac, Alcald\u00eda Benito Ju\u00e1rez, C.P. 03310, Ciudad de M\u00e9xico, a las 16:00 horas del mi\u00e9rcoles 25 de marzo de 2026, con el siguiente:<\/span><span style=\"font-family: helvetica, arial, sans-serif; font-size: 14pt;\"><br \/>\n<\/span><\/p>\n<p style=\"text-align: center;\"><strong><span style=\"font-family: helvetica, arial, sans-serif; font-size: 14pt;\">ORDEN DEL D\u00cdA<\/span><\/strong><\/p>\n<p style=\"text-align: left;\">&nbsp;<\/p>\n<ol>\n<li style=\"text-align: justify;\"><a href=\"https:\/\/organoscolegiados.anuies.mx\/consejonacional\/wp-content\/uploads\/sites\/2\/2026\/03\/1-Lista-de-asistencia-y-verificacion-del-quorum-1.pdf\" target=\"_blank\" rel=\"noopener\"><span style=\"font-family: helvetica, arial, sans-serif; font-size: 14pt;\">Lista de asistencia y verificaci\u00f3n del <em>quorum<\/em>.<\/span><\/a><\/li>\n<li style=\"text-align: justify;\"><a href=\"https:\/\/organoscolegiados.anuies.mx\/consejonacional\/wp-content\/uploads\/sites\/2\/2026\/03\/2-Aprobacion-del-Orden-del-Dia-1.pdf\" target=\"_blank\" rel=\"noopener\"><span style=\"font-family: helvetica, arial, sans-serif; font-size: 14pt;\">Aprobaci\u00f3n del Orden del D\u00eda.<\/span><\/a><\/li>\n<li style=\"text-align: justify;\"><a href=\"https:\/\/organoscolegiados.anuies.mx\/consejonacional\/wp-content\/uploads\/sites\/2\/2026\/03\/3-Lectura-y-aprobacion-en-su-caso-del-Acta-de-la-SO-4.2025-y-de-la-SE-1.2026-1.pdf\" target=\"_blank\" rel=\"noopener\"><span style=\"font-family: helvetica, arial, sans-serif; font-size: 14pt;\">Lectura y aprobaci\u00f3n, en su caso, del Acta de la Sesi\u00f3n Ordinaria 4.2025 y de la Sesi\u00f3n Extraordinaria 1.2026.<\/span><\/a><\/li>\n<li style=\"text-align: justify;\"><a href=\"https:\/\/organoscolegiados.anuies.mx\/consejonacional\/wp-content\/uploads\/sites\/2\/2026\/03\/4-Acciones-prioritarias-de-la-SES.pdf\" target=\"_blank\" rel=\"noopener\"><span style=\"font-family: helvetica, arial, sans-serif; font-size: 14pt;\">Presentaci\u00f3n de las acciones prioritarias de la Subsecretar\u00eda de Educaci\u00f3n Superior.<\/span><\/a><\/li>\n<li style=\"text-align: justify;\"><a href=\"https:\/\/organoscolegiados.anuies.mx\/consejonacional\/wp-content\/uploads\/sites\/2\/2026\/03\/5-Presentacion-de-las-iniciativas-orientadas-al-fortalecimiento-de-la-educacion-media-superior-1.pdf\" target=\"_blank\" rel=\"noopener\"><span style=\"font-family: helvetica, arial, sans-serif; font-size: 14pt;\">Presentaci\u00f3n de las iniciativas orientadas al fortalecimiento de la educaci\u00f3n media superior.<\/span><\/a><\/li>\n<li style=\"text-align: justify;\"><a href=\"https:\/\/organoscolegiados.anuies.mx\/consejonacional\/wp-content\/uploads\/sites\/2\/2026\/03\/6-Estrategia-para-la-entrega-de-los-estados-financieros-auditados-e-informes-de-avances-academicos-del-ejerc.pdf\" target=\"_blank\" rel=\"noopener\"><span style=\"font-family: helvetica, arial, sans-serif; font-size: 14pt;\">Estrategia para la entrega de los estados financieros auditados e informes de avances acad\u00e9micos del ejercicio fiscal 2025.<\/span><\/a><\/li>\n<li><a href=\"https:\/\/organoscolegiados.anuies.mx\/consejonacional\/wp-content\/uploads\/sites\/2\/2026\/03\/7-Presentacion-de-los-Programas-de-trabajo-2026-de-los-Consejos-Regionales.pdf\" target=\"_blank\" rel=\"noopener\"><span style=\"font-family: helvetica, arial, sans-serif; font-size: 14pt;\">Presentaci\u00f3n de los Programas de Trabajo 2026 de los Consejos Regionales.<\/span><\/a>\n<ol>\n<li>Sur-Sureste: <a href=\"https:\/\/organoscolegiados.anuies.mx\/consejonacional\/wp-content\/uploads\/sites\/2\/2026\/03\/7.1.-CRSS-Programa-de-Trabajo-2026.pdf\" target=\"_blank\" rel=\"noopener\">programa de trabajo<\/a> - <a href=\"https:\/\/youtu.be\/fUcSQU4qtUw\" target=\"_blank\" rel=\"noopener\">video<\/a><\/li>\n<li>Noreste: <a href=\"https:\/\/organoscolegiados.anuies.mx\/consejonacional\/wp-content\/uploads\/sites\/2\/2026\/03\/7.2.-CRNE-Programa-de-Trabajo-2026.pdf\" target=\"_blank\" rel=\"noopener\">programa de trabajo<\/a> - <a href=\"https:\/\/youtu.be\/H1krfmQ_YFk\" target=\"_blank\" rel=\"noopener\">video<\/a><\/li>\n<li>\u00c1rea Metropolitana: <a href=\"https:\/\/organoscolegiados.anuies.mx\/consejonacional\/wp-content\/uploads\/sites\/2\/2026\/03\/7.3.-CRAM-Programa-de-Trabajo-2026.pdf\" target=\"_blank\" rel=\"noopener\">programa de trabajo<\/a> - <a href=\"https:\/\/youtu.be\/CQBXsQghalU\" target=\"_blank\" rel=\"noopener\">video<\/a><\/li>\n<li>Noroeste: <a href=\"https:\/\/organoscolegiados.anuies.mx\/consejonacional\/wp-content\/uploads\/sites\/2\/2026\/03\/7.4.-CRNO-Programa-de-Trabajo-2026.pdf\" target=\"_blank\" rel=\"noopener\">programa de trabajo<\/a> - <a href=\"https:\/\/youtu.be\/WWFbhBhdvzQ\" target=\"_blank\" rel=\"noopener\">video<\/a><\/li>\n<li>Centro-Sur: <a href=\"https:\/\/organoscolegiados.anuies.mx\/consejonacional\/wp-content\/uploads\/sites\/2\/2026\/03\/7.5.-CRCS-Programa-de-Trabajo-2026.pdf\" target=\"_blank\" rel=\"noopener\">programa de trabajo<\/a> - <a href=\"https:\/\/youtu.be\/9mr7BoyKlJg\" target=\"_blank\" rel=\"noopener\">video<\/a><\/li>\n<li>Centro-Occidente: <a href=\"https:\/\/organoscolegiados.anuies.mx\/consejonacional\/wp-content\/uploads\/sites\/2\/2026\/03\/7.6.-CRCO-Programa-de-Trabajo-2026.pdf\" target=\"_blank\" rel=\"noopener\">programa de trabajo<\/a> -&nbsp; <a href=\"https:\/\/organoscolegiados.anuies.mx\/consejonacional\/wp-content\/uploads\/sites\/2\/2026\/03\/7.6-Video-Plan-de-Trabajo-V5-Final.mp4\" target=\"_blank\" rel=\"noopener\">video<\/a><\/li>\n<\/ol>\n<\/li>\n<li><a href=\"https:\/\/organoscolegiados.anuies.mx\/consejonacional\/wp-content\/uploads\/sites\/2\/2026\/03\/8-Presentacion-de-la-Estrategia-de-Juventudes-de-la-ANUIES.pdf\" target=\"_blank\" rel=\"noopener\"><span style=\"font-family: helvetica, arial, sans-serif; font-size: 14pt;\">Presentaci\u00f3n de la Estrategia de Juventudes de la ANUIES.<\/span><\/a> <a href=\"https:\/\/youtu.be\/JTQQ3uHUhmk\" target=\"_blank\" rel=\"noopener\">Video<\/a><\/li>\n<li><a href=\"https:\/\/organoscolegiados.anuies.mx\/consejonacional\/wp-content\/uploads\/sites\/2\/2026\/03\/9-Presentacion-y-aprobacion-de-la-donacion-del-terreno-Espinal-Oaxaca.pdf\" target=\"_blank\" rel=\"noopener\"><span style=\"font-family: helvetica, arial, sans-serif; font-size: 14pt;\">Presentaci\u00f3n y, en su caso, aprobaci\u00f3n de la adquisici\u00f3n, mediante donaci\u00f3n, del terreno ubicado en El Espinal, Oaxaca, para la construcci\u00f3n de un Centro de Capacitaci\u00f3n, Investigaci\u00f3n e Innovaci\u00f3n Tecnol\u00f3gica de la ANUIES.<\/span><\/a> <a href=\"https:\/\/youtu.be\/VA1xc20UnJ8\" target=\"_blank\" rel=\"noopener\">Video<\/a><\/li>\n<li style=\"text-align: justify;\"><a href=\"https:\/\/organoscolegiados.anuies.mx\/consejonacional\/wp-content\/uploads\/sites\/2\/2026\/03\/10-Presentacion-y-aprobacion-de-los-Estados-Financieros-2025-de-la-SGE-dictaminados-por-el-Auditor-Externo.pdf\" target=\"_blank\" rel=\"noopener\"><span style=\"font-family: helvetica, arial, sans-serif; font-size: 14pt;\">Presentaci\u00f3n y, en su caso, aprobaci\u00f3n de los Estados Financieros 2025 de la Secretar\u00eda General Ejecutiva, dictaminados por el Auditor Externo.<\/span><\/a><\/li>\n<li style=\"text-align: justify;\"><a href=\"https:\/\/organoscolegiados.anuies.mx\/consejonacional\/wp-content\/uploads\/sites\/2\/2026\/03\/11-Presentacion-y-aprobacion-de-la-contratacion-del-despacho-externo.pdf\" target=\"_blank\" rel=\"noopener\"><span style=\"font-family: helvetica, arial, sans-serif; font-size: 14pt;\">Presentaci\u00f3n y, en su caso, aprobaci\u00f3n de la contrataci\u00f3n del despacho externo que dictaminar\u00e1 los estados financieros de la ANUIES para los ejercicios fiscales 2026 a 2028.<\/span><\/a><\/li>\n<li><a href=\"https:\/\/organoscolegiados.anuies.mx\/consejonacional\/wp-content\/uploads\/sites\/2\/2026\/03\/12-Presentacion-anual-de-las-actividades-de-la-Secretaria-General-Ejecutiva-2025-1.pdf\" target=\"_blank\" rel=\"noopener\"><span style=\"font-family: helvetica, arial, sans-serif; font-size: 14pt;\">Informe anual de las actividades de la Secretar\u00eda General Ejecutiva 2025.<\/span><\/a><\/li>\n<li style=\"text-align: justify;\"><a href=\"https:\/\/organoscolegiados.anuies.mx\/consejonacional\/wp-content\/uploads\/sites\/2\/2026\/03\/13-Informe-del-Ejercicio-presupuestal-2025-de-la-SGE.pdf\" target=\"_blank\" rel=\"noopener\"><span style=\"font-family: helvetica, arial, sans-serif; font-size: 14pt;\">Informe del Ejercicio Presupuestal 2025 de la Secretar\u00eda General Ejecutiva.<\/span><\/a><\/li>\n<li style=\"text-align: justify;\"><a href=\"https:\/\/organoscolegiados.anuies.mx\/consejonacional\/wp-content\/uploads\/sites\/2\/2026\/03\/14-Informe-sobre-las-solicitudes-de-ingreso-de-instituciones-de-educacion-superior-a-la-ANUIES-1.pdf\" target=\"_blank\" rel=\"noopener\"><span style=\"font-family: helvetica, arial, sans-serif; font-size: 14pt;\">Informe sobre las solicitudes de ingreso de instituciones de educaci\u00f3n superior a la ANUIES.<\/span><\/a><\/li>\n<li style=\"text-align: justify;\"><span style=\"font-family: helvetica, arial, sans-serif; font-size: 14pt;\"><a href=\"https:\/\/organoscolegiados.anuies.mx\/consejonacional\/wp-content\/uploads\/sites\/2\/2026\/03\/15-Asuntos-generales-1.pdf\" target=\"_blank\" rel=\"noopener\">Asuntos generales.<\/a><\/span><\/li>\n<\/ol>\n<p style=\"padding-left: 80px;\"><span style=\"font-family: helvetica, arial, sans-serif; font-size: 14pt;\"><span style=\"font-size: 12pt;\">15.1<\/span> <a href=\"https:\/\/organoscolegiados.anuies.mx\/consejonacional\/wp-content\/uploads\/sites\/2\/2026\/03\/15.1-Agenda-Internacional-de-la-ANUIES.pdf\" target=\"_blank\" rel=\"noopener\">Agenda Internacional de la ANUIES.<\/a><\/span><\/p>\n<p><a href=\"https:\/\/youtu.be\/QZ0W5GjHB3M\" target=\"_blank\" rel=\"noopener\"><strong>Video 76 aniversario de la ANUIES<\/strong><\/a><\/p>\n<p>&nbsp;<\/p>\n<p style=\"text-align: center;\"><strong><span style=\"font-family: helvetica, arial, sans-serif; font-size: 14pt;\">Dr. Luis Armando Gonz\u00e1lez Placencia<\/span><\/strong><br \/>\n<span style=\"font-family: helvetica, arial, sans-serif; font-size: 14pt;\">Secretario General Ejecutivo<\/span><br \/>\n<span style=\"font-family: helvetica, arial, sans-serif; font-size: 14pt;\">Secretario<\/span><\/p>\n<\/div>\n<\/div><\/div><\/div><\/div><\/div><\/div><\/div>","protected":false},"excerpt":{"rendered":"<p>&nbsp; CONVOCATORIA Con fundamento en los art\u00edculos Vig\u00e9simo Primero, Trig\u00e9simo Primero y Trig\u00e9simo Tercero, fracci\u00f3n VI, del Estatuto de la Asociaci\u00f3n Nacional de Universidades e Instituciones de Educaci\u00f3n Superior de &hellip; <\/p>\n","protected":false},"author":1,"featured_media":0,"parent":0,"menu_order":0,"comment_status":"closed","ping_status":"closed","template":"","meta":{"ngg_post_thumbnail":0,"footnotes":""},"class_list":["post-2697","page","type-page","status-publish","hentry"],"_links":{"self":[{"href":"https:\/\/organoscolegiados.anuies.mx\/consejonacional\/wp-json\/wp\/v2\/pages\/2697","targetHints":{"allow":["GET"]}}],"collection":[{"href":"https:\/\/organoscolegiados.anuies.mx\/consejonacional\/wp-json\/wp\/v2\/pages"}],"about":[{"href":"https:\/\/organoscolegiados.anuies.mx\/consejonacional\/wp-json\/wp\/v2\/types\/page"}],"author":[{"embeddable":true,"href":"https:\/\/organoscolegiados.anuies.mx\/consejonacional\/wp-json\/wp\/v2\/users\/1"}],"replies":[{"embeddable":true,"href":"https:\/\/organoscolegiados.anuies.mx\/consejonacional\/wp-json\/wp\/v2\/comments?post=2697"}],"version-history":[{"count":11,"href":"https:\/\/organoscolegiados.anuies.mx\/consejonacional\/wp-json\/wp\/v2\/pages\/2697\/revisions"}],"predecessor-version":[{"id":2754,"href":"https:\/\/organoscolegiados.anuies.mx\/consejonacional\/wp-json\/wp\/v2\/pages\/2697\/revisions\/2754"}],"wp:attachment":[{"href":"https:\/\/organoscolegiados.anuies.mx\/consejonacional\/wp-json\/wp\/v2\/media?parent=2697"}],"curies":[{"name":"wp","href":"https:\/\/api.w.org\/{rel}","templated":true}]}}