{"id":296,"date":"2019-10-30T18:37:03","date_gmt":"2019-10-30T17:37:03","guid":{"rendered":"https:\/\/organoscolegiados.anuies.mx\/consejonacional\/?page_id=296"},"modified":"2020-04-05T21:40:27","modified_gmt":"2020-04-05T19:40:27","slug":"cn42017","status":"publish","type":"page","link":"https:\/\/organoscolegiados.anuies.mx\/consejonacional\/cn42017\/","title":{"rendered":"4.2017 Sesi\u00f3n Ordinaria del Consejo Nacional"},"content":{"rendered":"<p align=\"center\"><img loading=\"lazy\" decoding=\"async\" class=\"alignnone size-full wp-image-299\" src=\"https:\/\/organoscolegiados.anuies.mx\/consejonacional\/wp-content\/uploads\/sites\/2\/2019\/10\/cabezal42017cn.png\" alt=\"\" width=\"1245\" height=\"121\" srcset=\"https:\/\/organoscolegiados.anuies.mx\/consejonacional\/wp-content\/uploads\/sites\/2\/2019\/10\/cabezal42017cn.png 1245w, https:\/\/organoscolegiados.anuies.mx\/consejonacional\/wp-content\/uploads\/sites\/2\/2019\/10\/cabezal42017cn-300x29.png 300w, https:\/\/organoscolegiados.anuies.mx\/consejonacional\/wp-content\/uploads\/sites\/2\/2019\/10\/cabezal42017cn-768x75.png 768w, https:\/\/organoscolegiados.anuies.mx\/consejonacional\/wp-content\/uploads\/sites\/2\/2019\/10\/cabezal42017cn-1024x100.png 1024w\" sizes=\"auto, (max-width: 1245px) 100vw, 1245px\" \/><\/p>\n<p style=\"text-align: center\" align=\"center\"><span style=\"color: #000000\"><strong>CONVOCATORIA<\/strong><\/span><\/p>\n<p style=\"text-align: justify\"><span style=\"color: #000000\">Con fundamento en los art\u00edculos Vig\u00e9simo Primero, Trig\u00e9simo Primero y Trig\u00e9simo Tercero, fracci\u00f3n VI, del Estatuto de la Asociaci\u00f3n Nacional de Universidades e Instituciones de Educaci\u00f3n Superior (ANUIES), A.C., se convoca a los titulares de las instituciones que integran el Consejo Nacional a la Cuarta Sesi\u00f3n Ordinaria que se efectuar\u00e1 el 22 de noviembre de 2017 a partir de las 11:00 horas en la Sala del Consejo de Rectores de la Universidad de Guadalajara, ubicada en Av. Ju\u00e1rez No. 976, Colonia Centro, C.P. 44100, Guadalajara, Jalisco, bajo el siguiente:<\/span><\/p>\n<p style=\"text-align: center\"><span style=\"color: #000000\"><b>ORDEN DEL D\u00cdA<\/b><\/span><\/p>\n<p style=\"text-align: justify\"><span style=\"color: #000000\"><a style=\"color: #000000\" href=\"https:\/\/organoscolegiados.anuies.mx\/consejonacional\/wp-content\/uploads\/sites\/2\/2019\/10\/1.-Miembros-del-Consejo-Nacional-1.pdf\" target=\"_blank\" rel=\"noopener noreferrer\">1.- Lista de asistencia y verificaci\u00f3n de qu\u00f3rum.<\/a><\/span><\/p>\n<p style=\"text-align: justify\"><a href=\"https:\/\/organoscolegiados.anuies.mx\/consejonacional\/wp-content\/uploads\/sites\/2\/2020\/04\/Aprobaci\u00f3n-del-Orden-del-D\u00eda-SO.4.2017.pdf\" target=\"_blank\" rel=\"noopener noreferrer\"><span style=\"color: #000000\">2.- Aprobaci\u00f3n del Orden del D\u00eda.<\/span><\/a><\/p>\n<p style=\"text-align: justify\"><a href=\"https:\/\/organoscolegiados.anuies.mx\/consejonacional\/wp-content\/uploads\/sites\/2\/2020\/04\/Aprobaci\u00f3n-y-Lectura-de-Acta-SO.4.2017.pdf\" target=\"_blank\" rel=\"noopener noreferrer\"><span style=\"color: #000000\">3.- Lectura y aprobaci\u00f3n, en su caso, de las actas de las sesiones Ordinaria 3.2017 y\u00a0Extraordinaria 2.2017.<\/span><\/a><\/p>\n<ul style=\"text-align: justify\">\n<li><span style=\"color: #000000\">\u00a0 \u00a0 \u00a0<a style=\"color: #000000\" href=\"https:\/\/organoscolegiados.anuies.mx\/consejonacional\/wp-content\/uploads\/sites\/2\/2019\/10\/ActaSO32017CNSGE.pdf\" target=\"_blank\" rel=\"noopener noreferrer\">3.2017<\/a><\/span><\/li>\n<li><span style=\"color: #000000\">\u00a0 \u00a0 \u00a0<a style=\"color: #000000\" href=\"https:\/\/organoscolegiados.anuies.mx\/consejonacional\/wp-content\/uploads\/sites\/2\/2019\/10\/ActaSE22017CNSGE.pdf\" target=\"_blank\" rel=\"noopener noreferrer\">2.2017<\/a><\/span><\/li>\n<\/ul>\n<p style=\"text-align: justify\"><span style=\"color: #000000\"><a style=\"color: #000000\" href=\"https:\/\/organoscolegiados.anuies.mx\/consejonacional\/wp-content\/uploads\/sites\/2\/2019\/10\/4.-Semblanza-Dr.-Paul-Davidson.pdf\" target=\"_blank\" rel=\"noopener noreferrer\">4.- Presentaci\u00f3n del Dr. Paul Davidson, Presidente y CEO de Universities Canada.<\/a><\/span><\/p>\n<p style=\"text-align: justify\"><span style=\"color: #000000\">5.- Presentaci\u00f3n de la versi\u00f3n actualizada del documento \u201cVisi\u00f3n y acci\u00f3n 2030. Una propuesta\u00a0de la ANUIES para la renovaci\u00f3n de la educaci\u00f3n superior en M\u00e9xico\u201d, la cual incorpora las\u00a0observaciones recibidas en la consulta a las instituciones asociadas.<\/span><\/p>\n<p style=\"text-align: justify\"><a href=\"https:\/\/organoscolegiados.anuies.mx\/consejonacional\/wp-content\/uploads\/sites\/2\/2020\/03\/6.-Presentaci\u00f3n-ODS-221117-4.O.2017.pdf\" target=\"_blank\" rel=\"noopener noreferrer\"><span style=\"color: #000000\">6.- Presentaci\u00f3n de la Contribuci\u00f3n de las IES mexicanas a los Objetivos de Desarrollo\u00a0Sostenible.<\/span><\/a><\/p>\n<p style=\"text-align: justify\"><span style=\"color: #000000\"><a style=\"color: #000000\" href=\"https:\/\/organoscolegiados.anuies.mx\/consejonacional\/wp-content\/uploads\/sites\/2\/2019\/10\/7.-Informe-del-Consejo-Nacional-relacionado-con-las-solicitudes-de-ingreso-2017.pdf\" target=\"_blank\" rel=\"noopener noreferrer\">7.- An\u00e1lisis y aprobaci\u00f3n, en su caso, de las resoluciones de los Consejos Regionales sobre las\u00a0solicitudes de ingreso a la ANUIES.<\/a><\/span><\/p>\n<ul style=\"text-align: justify\">\n<li><span style=\"color: #000000\">\u00a0 \u00a0 \u00a0<a style=\"color: #000000\" href=\"https:\/\/organoscolegiados.anuies.mx\/consejonacional\/wp-content\/uploads\/sites\/2\/2019\/10\/7.1.1.-Oficio-CRCS-nuevos-ingresos.pdf\" target=\"_blank\" rel=\"noopener noreferrer\">Oficio CRCS nuevos ingresos<\/a><\/span><\/li>\n<li><span style=\"color: #000000\">\u00a0 \u00a0 \u00a0<a style=\"color: #000000\" href=\"https:\/\/organoscolegiados.anuies.mx\/consejonacional\/wp-content\/uploads\/sites\/2\/2019\/10\/7.1.2.-Acta-ITS-de-Huichapan.pdf\" target=\"_blank\" rel=\"noopener noreferrer\">Acta ITS de Huichapan<\/a><\/span><\/li>\n<li><span style=\"color: #000000\">\u00a0 \u00a0 \u00a0<a style=\"color: #000000\" href=\"https:\/\/organoscolegiados.anuies.mx\/consejonacional\/wp-content\/uploads\/sites\/2\/2019\/10\/7.1.3.-Acta-TS-de-San-Felipe-del-Progreso.pdf\" target=\"_blank\" rel=\"noopener noreferrer\">Acta TS de San Felipe del Progreso<\/a><\/span><\/li>\n<li><span style=\"color: #000000\">\u00a0 \u00a0 \u00a0<a style=\"color: #000000\" href=\"https:\/\/organoscolegiados.anuies.mx\/consejonacional\/wp-content\/uploads\/sites\/2\/2019\/10\/7.1.4.-Acta-TES-de-Jilotepec.pdf\" target=\"_blank\" rel=\"noopener noreferrer\">Acta TES de Jilotepec<\/a><\/span><\/li>\n<li><span style=\"color: #000000\">\u00a0 \u00a0 \u00a0<a style=\"color: #000000\" href=\"https:\/\/organoscolegiados.anuies.mx\/consejonacional\/wp-content\/uploads\/sites\/2\/2019\/10\/7.2.1.-Of.-CRSS-nuevos-ingresos.pdf\" target=\"_blank\" rel=\"noopener noreferrer\">Oficio CRSS nuevos ingresos<\/a><\/span><\/li>\n<li><span style=\"color: #000000\">\u00a0 \u00a0 \u00a0<a style=\"color: #000000\" href=\"https:\/\/organoscolegiados.anuies.mx\/consejonacional\/wp-content\/uploads\/sites\/2\/2019\/10\/7.2.2.-Propuesta-UP-de-Chiapas.pdf\" target=\"_blank\" rel=\"noopener noreferrer\">Propuesta UP de Chiapas<\/a><\/span><\/li>\n<\/ul>\n<p style=\"text-align: justify\"><span style=\"color: #000000\"><a style=\"color: #000000\" href=\"https:\/\/organoscolegiados.anuies.mx\/consejonacional\/wp-content\/uploads\/sites\/2\/2019\/10\/8.-Nota_Consejo-Nacional_Premio2017.pdf\" target=\"_blank\" rel=\"noopener noreferrer\">8.- Presentaci\u00f3n del dictamen del Premio ANUIES 2017 a la tesis de educaci\u00f3n superior en las\u00a0categor\u00edas de maestr\u00eda y doctorado.<\/a><\/span><\/p>\n<p style=\"text-align: justify\"><a href=\"https:\/\/organoscolegiados.anuies.mx\/consejonacional\/wp-content\/uploads\/sites\/2\/2020\/03\/9.1.-Programa-Anual-de-Trabajo-2018-221117-4.O.2017.pdf\" target=\"_blank\" rel=\"noopener noreferrer\"><span style=\"color: #000000\">9.- An\u00e1lisis y aprobaci\u00f3n, en su caso, del Programa Anual de Trabajo 2018 de la Secretar\u00eda\u00a0General Ejecutiva.<\/span><\/a><\/p>\n<p style=\"text-align: justify\"><span style=\"color: #000000\"><a style=\"color: #000000\" href=\"https:\/\/organoscolegiados.anuies.mx\/consejonacional\/wp-content\/uploads\/sites\/2\/2019\/10\/10.-Informe-de-actividades-2017-CN.pdf\" target=\"_blank\" rel=\"noopener noreferrer\">10.- Presentaci\u00f3n y aprobaci\u00f3n, en su caso, del informe de actividades 2017 del Consejo Nacional\u00a0que se rendir\u00e1 a la Asamblea General.<\/a><\/span><\/p>\n<p style=\"text-align: justify\"><span style=\"color: #000000\"><a style=\"color: #000000\" href=\"https:\/\/organoscolegiados.anuies.mx\/consejonacional\/wp-content\/uploads\/sites\/2\/2019\/10\/11.-Calendario-2018-\u00d3rganos-Colegiados.pdf\" target=\"_blank\" rel=\"noopener noreferrer\">11.- Presentaci\u00f3n y aprobaci\u00f3n, en su caso, del calendario de sesiones 2018 de los \u00f3rganos\u00a0colegiados nacionales de la ANUIES.<\/a><\/span><\/p>\n<p><a href=\"https:\/\/organoscolegiados.anuies.mx\/consejonacional\/wp-content\/uploads\/sites\/2\/2020\/04\/RENIES-SO.4.2017.pdf\" target=\"_blank\" rel=\"noopener noreferrer\"><span style=\"color: #000000\">12. Presentaci\u00f3n y aprobaci\u00f3n, en su caso, de la propuesta de creaci\u00f3n de la Red Nacional de Instituciones de Educaci\u00f3n Superior. Caminos para la Igualdad de G\u00e9nero (RENIES \u2013 Igualdad).<\/span><\/a><\/p>\n<p style=\"text-align: justify\"><a href=\"https:\/\/organoscolegiados.anuies.mx\/consejonacional\/wp-content\/uploads\/sites\/2\/2020\/03\/Asuntos-generales-3.O.2017-1.pdf\" target=\"_blank\" rel=\"noopener noreferrer\"><span style=\"color: #000000\">13.- Asuntos generales.<\/span><\/a><\/p>\n<p style=\"text-align: center\" align=\"center\"><span style=\"color: #000000\"><b>Mtro. Jaime Valls Esponda<\/b><\/span><\/p>\n<p style=\"text-align: center\" align=\"center\"><span style=\"color: #000000\">Secretario General Ejecutivo<\/span><\/p>\n","protected":false},"excerpt":{"rendered":"<p>CONVOCATORIA Con fundamento en los art\u00edculos Vig\u00e9simo Primero, Trig\u00e9simo Primero y Trig\u00e9simo Tercero, fracci\u00f3n VI, del Estatuto de la Asociaci\u00f3n Nacional de Universidades e Instituciones de Educaci\u00f3n Superior (ANUIES), A.C., &hellip; <\/p>\n","protected":false},"author":1,"featured_media":0,"parent":0,"menu_order":0,"comment_status":"closed","ping_status":"closed","template":"","meta":{"ngg_post_thumbnail":0,"footnotes":""},"class_list":["post-296","page","type-page","status-publish","hentry"],"_links":{"self":[{"href":"https:\/\/organoscolegiados.anuies.mx\/consejonacional\/wp-json\/wp\/v2\/pages\/296","targetHints":{"allow":["GET"]}}],"collection":[{"href":"https:\/\/organoscolegiados.anuies.mx\/consejonacional\/wp-json\/wp\/v2\/pages"}],"about":[{"href":"https:\/\/organoscolegiados.anuies.mx\/consejonacional\/wp-json\/wp\/v2\/types\/page"}],"author":[{"embeddable":true,"href":"https:\/\/organoscolegiados.anuies.mx\/consejonacional\/wp-json\/wp\/v2\/users\/1"}],"replies":[{"embeddable":true,"href":"https:\/\/organoscolegiados.anuies.mx\/consejonacional\/wp-json\/wp\/v2\/comments?post=296"}],"version-history":[{"count":17,"href":"https:\/\/organoscolegiados.anuies.mx\/consejonacional\/wp-json\/wp\/v2\/pages\/296\/revisions"}],"predecessor-version":[{"id":1089,"href":"https:\/\/organoscolegiados.anuies.mx\/consejonacional\/wp-json\/wp\/v2\/pages\/296\/revisions\/1089"}],"wp:attachment":[{"href":"https:\/\/organoscolegiados.anuies.mx\/consejonacional\/wp-json\/wp\/v2\/media?parent=296"}],"curies":[{"name":"wp","href":"https:\/\/api.w.org\/{rel}","templated":true}]}}