{"id":319,"date":"2019-10-30T18:52:03","date_gmt":"2019-10-30T17:52:03","guid":{"rendered":"https:\/\/organoscolegiados.anuies.mx\/consejonacional\/?page_id=319"},"modified":"2020-04-04T20:07:12","modified_gmt":"2020-04-04T18:07:12","slug":"cn32017","status":"publish","type":"page","link":"https:\/\/organoscolegiados.anuies.mx\/consejonacional\/cn32017\/","title":{"rendered":"cn32017"},"content":{"rendered":"<p align=\"center\"><img loading=\"lazy\" decoding=\"async\" class=\"alignnone size-full wp-image-321\" src=\"https:\/\/organoscolegiados.anuies.mx\/consejonacional\/wp-content\/uploads\/sites\/2\/2019\/10\/cabezal32017cn.png\" alt=\"\" width=\"1245\" height=\"121\" srcset=\"https:\/\/organoscolegiados.anuies.mx\/consejonacional\/wp-content\/uploads\/sites\/2\/2019\/10\/cabezal32017cn.png 1245w, https:\/\/organoscolegiados.anuies.mx\/consejonacional\/wp-content\/uploads\/sites\/2\/2019\/10\/cabezal32017cn-300x29.png 300w, https:\/\/organoscolegiados.anuies.mx\/consejonacional\/wp-content\/uploads\/sites\/2\/2019\/10\/cabezal32017cn-768x75.png 768w, https:\/\/organoscolegiados.anuies.mx\/consejonacional\/wp-content\/uploads\/sites\/2\/2019\/10\/cabezal32017cn-1024x100.png 1024w\" sizes=\"auto, (max-width: 1245px) 100vw, 1245px\" \/><\/p>\n<p style=\"text-align: center\" align=\"center\"><span style=\"color: #000000\"><strong>CONVOCATORIA<\/strong><\/span><\/p>\n<p style=\"text-align: justify\"><span style=\"color: #000000\">Con fundamento en los art\u00edculos Vig\u00e9simo Primero, Trig\u00e9simo Primero y Trig\u00e9simo Tercero, fracci\u00f3n VI, del Estatuto de la Asociaci\u00f3n Nacional de Universidades e Instituciones de Educaci\u00f3n Superior (ANUIES), A.C., se convoca a los titulares de las instituciones que integran el Consejo Nacional a la Tercera Sesi\u00f3n Ordinaria que se efectuar\u00e1 el 31 de agosto de 2017 a partir de las 10:00 horas en las instalaciones de la Secretar\u00eda General Ejecutiva, ubicadas en Tenayuca 200, Col. Santa Cruz Atoyac, C.P. 03310, Ciudad de M\u00e9xico, bajo el siguiente:<\/span><\/p>\n<p style=\"text-align: center\"><span style=\"color: #000000\"><b>ORDEN DEL D\u00cdA<\/b><\/span><\/p>\n<p style=\"text-align: justify\"><span style=\"color: #000000\"><a style=\"color: #000000\" href=\"https:\/\/organoscolegiados.anuies.mx\/consejonacional\/wp-content\/uploads\/sites\/2\/2019\/10\/1.-Miembros-del-Consejo-Nacional-2.pdf\" target=\"_blank\" rel=\"noopener noreferrer\">1. Lista de asistencia y verificaci\u00f3n de\u00a0<em>qu\u00f3rum.<\/em><\/a><\/span><\/p>\n<p style=\"text-align: justify\"><a href=\"https:\/\/organoscolegiados.anuies.mx\/consejonacional\/wp-content\/uploads\/sites\/2\/2020\/04\/Aprobaci\u00f3n-del-Orden-de-D\u00eda-SO.3.2017.pdf\" target=\"_blank\" rel=\"noopener noreferrer\"><span style=\"color: #000000\">2. Aprobaci\u00f3n del Orden del D\u00eda.<\/span><\/a><\/p>\n<p style=\"text-align: justify\"><a href=\"https:\/\/organoscolegiados.anuies.mx\/consejonacional\/wp-content\/uploads\/sites\/2\/2020\/04\/Acta-SO-2.2017-Consejo-Nacional-CETYS-15-junio.pdf\" target=\"_blank\" rel=\"noopener noreferrer\"><span style=\"color: #000000\">3. Lectura y aprobaci\u00f3n, en su caso, del Acta de la Sesi\u00f3n Ordinaria 2.2017.<\/span><\/a><\/p>\n<p style=\"text-align: justify;padding-left: 40px\"><a href=\"https:\/\/organoscolegiados.anuies.mx\/consejonacional\/wp-content\/uploads\/sites\/2\/2020\/04\/Aprobaci\u00f3n-y-Lectura-del-Acta-SO.3.2017.pdf\" target=\"_blank\" rel=\"noopener noreferrer\"><span style=\"color: #000000\">3.1 Aprobaci\u00f3n del Acta de la Sesi\u00f3n Ordinaria 2.2017<\/span><\/a><\/p>\n<p style=\"text-align: justify\"><span style=\"color: #000000\">4. Presentaciones y exposiciones, en su caso, de invitados especiales.<\/span><\/p>\n<ul>\n<li style=\"text-align: justify\"><a href=\"https:\/\/organoscolegiados.anuies.mx\/consejonacional\/wp-content\/uploads\/sites\/2\/2020\/03\/ANUIES_30082017-SHCP3.O.2017.pdf\" target=\"_blank\" rel=\"noopener noreferrer\"><span style=\"color: #000000\">Actuario C\u00e9sar Javier Campa Campos. Director General de Programaci\u00f3n y Presupuesto \u201cA\u201d de la Subsecretar\u00eda de Egresos de la SHCP.<\/span><\/a><\/li>\n<\/ul>\n<p style=\"text-align: justify\"><span style=\"color: #000000\"><a style=\"color: #000000\" href=\"https:\/\/organoscolegiados.anuies.mx\/consejonacional\/wp-content\/uploads\/sites\/2\/2019\/10\/Reyes_Tamez.pdf\" target=\"_blank\" rel=\"noopener noreferrer\">5. An\u00e1lisis y dictaminaci\u00f3n del Premio ANUIES 2017 en la categor\u00eda Trayectoria y contribuci\u00f3n al desarrollo de la educaci\u00f3n superior en M\u00e9xico.<\/a><\/span><\/p>\n<p style=\"text-align: justify\"><a href=\"https:\/\/organoscolegiados.anuies.mx\/consejonacional\/wp-content\/uploads\/sites\/2\/2020\/03\/6.-Presentaci\u00f3n-Consejo-Nacional-Visi\u00f3n-2030-310817-3.O.2017.pdf\" target=\"_blank\" rel=\"noopener noreferrer\"><span style=\"color: #000000\">6. Presentaci\u00f3n de la versi\u00f3n preliminar del documento \u201cVisi\u00f3n y acci\u00f3n 2030. Una propuesta de la ANUIES para la renovaci\u00f3n de la educaci\u00f3n superior en M\u00e9xico\u201d.<\/span><\/a><\/p>\n<p style=\"text-align: justify\"><span style=\"color: #000000\"><a style=\"color: #000000\" href=\"https:\/\/organoscolegiados.anuies.mx\/consejonacional\/wp-content\/uploads\/sites\/2\/2019\/10\/7.1.-Proyecto-de-lineamientos-ANUIES-150817.pdf\" target=\"_blank\" rel=\"noopener noreferrer\">7. Presentaci\u00f3n y aprobaci\u00f3n, en su caso, de los Lineamientos para la creaci\u00f3n, funcionamiento y supresi\u00f3n de redes nacionales, comisiones y grupos de trabajo de la ANUIES.<\/a><\/span><\/p>\n<p style=\"text-align: justify\"><span style=\"color: #000000\"><a style=\"color: #000000\" href=\"https:\/\/organoscolegiados.anuies.mx\/consejonacional\/wp-content\/uploads\/sites\/2\/2019\/10\/8.-Manual-de-seguridad-en-IES.pdf\" target=\"_blank\" rel=\"noopener noreferrer\">8. Integraci\u00f3n, en su caso, de un grupo de trabajo para la revisi\u00f3n y actualizaci\u00f3n del Manual de Seguridad para Instituciones de Educaci\u00f3n Superior.<\/a><\/span><\/p>\n<p style=\"text-align: justify\"><a href=\"https:\/\/organoscolegiados.anuies.mx\/consejonacional\/wp-content\/uploads\/sites\/2\/2020\/03\/Reconocimento-ASCUN-3.O.2017.pdf\" target=\"_blank\" rel=\"noopener noreferrer\"><span style=\"color: #000000\">9. Aprobaci\u00f3n, en su caso, de la propuesta para la entrega de un reconocimiento de la ANUIES a la Asociaci\u00f3n Colombiana de Universidades (ASCUN) por su sexag\u00e9simo aniversario.<\/span><\/a><\/p>\n<p style=\"text-align: justify\"><a href=\"https:\/\/organoscolegiados.anuies.mx\/consejonacional\/wp-content\/uploads\/sites\/2\/2020\/03\/Solicitud-del-TNM-al-CN-3.O.2017.pdf\" target=\"_blank\" rel=\"noopener noreferrer\"><span style=\"color: #000000\">10. Presentaci\u00f3n de la solicitud del Tecnol\u00f3gico Nacional de M\u00e9xico para ingresar a la ANUIES y formar parte del Consejo Nacional como miembro permanente.<\/span><\/a><\/p>\n<p style=\"text-align: justify\"><a href=\"https:\/\/organoscolegiados.anuies.mx\/consejonacional\/wp-content\/uploads\/sites\/2\/2020\/03\/Autorizaci\u00f3n-UAEMOR-3.O.2017.pdf\" target=\"_blank\" rel=\"noopener noreferrer\"><span style=\"color: #000000\">11. Autorizaci\u00f3n, en su caso, de los miembros del Consejo Nacional para que la Secretar\u00eda General Ejecutiva env\u00ede un exhorto al Gobernador Graco Ram\u00edrez Garrido Abreu relativo a la entrega de recursos a la Universidad Aut\u00f3noma del Estado de Morelos.<\/span><\/a><\/p>\n<p style=\"text-align: justify\"><a href=\"https:\/\/organoscolegiados.anuies.mx\/consejonacional\/wp-content\/uploads\/sites\/2\/2020\/03\/Asuntos-generales-3.O.2017.pdf\" target=\"_blank\" rel=\"noopener noreferrer\"><span style=\"color: #000000\">12. Asuntos generales.<\/span><\/a><\/p>\n<p style=\"text-align: center\" align=\"center\"><span style=\"color: #000000\"><b>Mtro. Jaime Valls Esponda<\/b><\/span><\/p>\n<p style=\"text-align: center\" align=\"center\"><span style=\"color: #000000\">Secretario General Ejecutivo<\/span><\/p>\n","protected":false},"excerpt":{"rendered":"<p>CONVOCATORIA Con fundamento en los art\u00edculos Vig\u00e9simo Primero, Trig\u00e9simo Primero y Trig\u00e9simo Tercero, fracci\u00f3n VI, del Estatuto de la Asociaci\u00f3n Nacional de Universidades e Instituciones de Educaci\u00f3n Superior (ANUIES), A.C., &hellip; <\/p>\n","protected":false},"author":1,"featured_media":0,"parent":0,"menu_order":0,"comment_status":"closed","ping_status":"closed","template":"","meta":{"ngg_post_thumbnail":0,"footnotes":""},"class_list":["post-319","page","type-page","status-publish","hentry"],"_links":{"self":[{"href":"https:\/\/organoscolegiados.anuies.mx\/consejonacional\/wp-json\/wp\/v2\/pages\/319","targetHints":{"allow":["GET"]}}],"collection":[{"href":"https:\/\/organoscolegiados.anuies.mx\/consejonacional\/wp-json\/wp\/v2\/pages"}],"about":[{"href":"https:\/\/organoscolegiados.anuies.mx\/consejonacional\/wp-json\/wp\/v2\/types\/page"}],"author":[{"embeddable":true,"href":"https:\/\/organoscolegiados.anuies.mx\/consejonacional\/wp-json\/wp\/v2\/users\/1"}],"replies":[{"embeddable":true,"href":"https:\/\/organoscolegiados.anuies.mx\/consejonacional\/wp-json\/wp\/v2\/comments?post=319"}],"version-history":[{"count":11,"href":"https:\/\/organoscolegiados.anuies.mx\/consejonacional\/wp-json\/wp\/v2\/pages\/319\/revisions"}],"predecessor-version":[{"id":1086,"href":"https:\/\/organoscolegiados.anuies.mx\/consejonacional\/wp-json\/wp\/v2\/pages\/319\/revisions\/1086"}],"wp:attachment":[{"href":"https:\/\/organoscolegiados.anuies.mx\/consejonacional\/wp-json\/wp\/v2\/media?parent=319"}],"curies":[{"name":"wp","href":"https:\/\/api.w.org\/{rel}","templated":true}]}}