{"id":342,"date":"2019-10-30T19:31:53","date_gmt":"2019-10-30T18:31:53","guid":{"rendered":"https:\/\/organoscolegiados.anuies.mx\/consejonacional\/?page_id=342"},"modified":"2020-04-04T18:35:02","modified_gmt":"2020-04-04T16:35:02","slug":"cn12017","status":"publish","type":"page","link":"https:\/\/organoscolegiados.anuies.mx\/consejonacional\/cn12017\/","title":{"rendered":"1.2017 Sesi\u00f3n Ordinaria del Consejo Nacional"},"content":{"rendered":"<p align=\"center\"><img loading=\"lazy\" decoding=\"async\" class=\"alignnone size-full wp-image-343\" src=\"https:\/\/organoscolegiados.anuies.mx\/consejonacional\/wp-content\/uploads\/sites\/2\/2019\/10\/cabezal12017cn.png\" alt=\"\" width=\"1245\" height=\"121\" srcset=\"https:\/\/organoscolegiados.anuies.mx\/consejonacional\/wp-content\/uploads\/sites\/2\/2019\/10\/cabezal12017cn.png 1245w, https:\/\/organoscolegiados.anuies.mx\/consejonacional\/wp-content\/uploads\/sites\/2\/2019\/10\/cabezal12017cn-300x29.png 300w, https:\/\/organoscolegiados.anuies.mx\/consejonacional\/wp-content\/uploads\/sites\/2\/2019\/10\/cabezal12017cn-768x75.png 768w, https:\/\/organoscolegiados.anuies.mx\/consejonacional\/wp-content\/uploads\/sites\/2\/2019\/10\/cabezal12017cn-1024x100.png 1024w\" sizes=\"auto, (max-width: 1245px) 100vw, 1245px\" \/><\/p>\n<p style=\"text-align: center\" align=\"center\"><span style=\"color: #000000\"><strong>CONVOCATORIA<\/strong><\/span><\/p>\n<p style=\"text-align: justify\"><span style=\"color: #000000\">Con fundamento en los art\u00edculos Vig\u00e9simo Primero, Trig\u00e9simo Primero y Trig\u00e9simo Tercero, fracci\u00f3n VI, del Estatuto de la Asociaci\u00f3n Nacional de Universidades e Instituciones de Educaci\u00f3n Superior (ANUIES), A.C., se convoca a los titulares de las instituciones que integran el Consejo Nacional a la Primera Sesi\u00f3n Ordinaria que se efectuar\u00e1 el 23 de marzo de 2017 a partir de las 12:30 horas en las instalaciones de la Secretar\u00eda General Ejecutiva, ubicadas en Tenayuca 200, Col. Santa Cruz Atoyac, C.P. 03310, Ciudad de M\u00e9xico, bajo el siguiente:<\/span><\/p>\n<p style=\"text-align: center\"><span style=\"color: #000000\"><b>ORDEN DEL D\u00cdA<\/b><\/span><\/p>\n<p style=\"text-align: justify\"><span style=\"color: #000000\">1.-\u00a0<a style=\"color: #000000\" href=\"https:\/\/organoscolegiados.anuies.mx\/consejonacional\/wp-content\/uploads\/sites\/2\/2019\/10\/1.-Miembros-del-Consejo-Nacional-3.pdf\" target=\"_blank\" rel=\"noopener noreferrer\">Lista de asistencia y verificaci\u00f3n de\u00a0<i>qu\u00f3rum<\/i>.<\/a><\/span><\/p>\n<p style=\"text-align: justify\"><a href=\"https:\/\/organoscolegiados.anuies.mx\/consejonacional\/wp-content\/uploads\/sites\/2\/2020\/04\/Aprobaci\u00f3n-del-Orden-del-D\u00eda-SO.1.2017.pdf\" target=\"_blank\" rel=\"noopener noreferrer\"><span style=\"color: #000000\">2.-\u00a0Aprobaci\u00f3n del Orden del D\u00eda.<\/span><\/a><\/p>\n<p style=\"text-align: justify\"><span style=\"color: #000000\">3.-\u00a0<a style=\"color: #000000\" href=\"https:\/\/organoscolegiados.anuies.mx\/consejonacional\/wp-content\/uploads\/sites\/2\/2019\/10\/3.-Acta-SO-4.2016-Consejo-Nacional.pdf\" target=\"_blank\" rel=\"noopener noreferrer\">Lectura y aprobaci\u00f3n, en su caso, del Acta de la Sesi\u00f3n Ordinaria 4.2016.<\/a><\/span><\/p>\n<p style=\"padding-left: 40px\"><a href=\"https:\/\/organoscolegiados.anuies.mx\/consejonacional\/wp-content\/uploads\/sites\/2\/2020\/04\/Aprobaci\u00f3n-y-Lectura-de-Acta-SO.1.2017.pdf\" target=\"_blank\" rel=\"noopener noreferrer\"><span style=\"color: #000000\">3.1 Aprobaci\u00f3n del Acta de la Sesi\u00f3n Ordinaria 4.2016<\/span><\/a><\/p>\n<p style=\"text-align: justify\"><span style=\"color: #000000\">4.- Informes 2016 y programas de trabajo 2017 de los consejos regionales.<\/span><\/p>\n<p style=\"text-align: justify;padding-left: 40px\"><span style=\"color: #000000\"><a style=\"color: #000000\" href=\"https:\/\/organoscolegiados.anuies.mx\/consejonacional\/wp-content\/uploads\/sites\/2\/2019\/10\/4.1.1.-CRNO-Informe-de-Actividades-2016.pdf\" target=\"_blank\" rel=\"noopener noreferrer\">4.1.1.- CRNO Informe de Actividades 2016<\/a><\/span><\/p>\n<p style=\"text-align: justify;padding-left: 40px\"><span style=\"color: #000000\"><a style=\"color: #000000\" href=\"https:\/\/organoscolegiados.anuies.mx\/consejonacional\/wp-content\/uploads\/sites\/2\/2019\/10\/4.1.2.-CRNO-Programa-de-Trabajo-2017.pdf\" target=\"_blank\" rel=\"noopener noreferrer\">4.1.2.- CRNO Programa de Trabajo 2017<\/a><\/span><\/p>\n<p style=\"text-align: justify;padding-left: 40px\"><span style=\"color: #000000\"><a style=\"color: #000000\" href=\"https:\/\/organoscolegiados.anuies.mx\/consejonacional\/wp-content\/uploads\/sites\/2\/2019\/10\/4.2.1.-CRNE-INFORME-2016-y-PLAN-DE-TRABAJO-2017.pdf\" target=\"_blank\" rel=\"noopener noreferrer\">4.2.1.- CRNE \u2013 INFORME 2016 y PLAN DE TRABAJO 2017<\/a><\/span><\/p>\n<p style=\"text-align: justify;padding-left: 40px\"><span style=\"color: #000000\"><a style=\"color: #000000\" href=\"https:\/\/organoscolegiados.anuies.mx\/consejonacional\/wp-content\/uploads\/sites\/2\/2019\/10\/4.2.2.-CRNE-INFORME-2016.pdf\" target=\"_blank\" rel=\"noopener noreferrer\">4.2.2.- CRNE \u2013 INFORME 2016<\/a><\/span><\/p>\n<p style=\"text-align: justify;padding-left: 40px\"><span style=\"color: #000000\"><a style=\"color: #000000\" href=\"https:\/\/organoscolegiados.anuies.mx\/consejonacional\/wp-content\/uploads\/sites\/2\/2019\/10\/4.2.3.-CRNE-PLAN-DE-TRABAJO-2017.pdf\" target=\"_blank\" rel=\"noopener noreferrer\">4.2.3.- CRNE \u2013 PLAN DE TRABAJO 2017<\/a><\/span><\/p>\n<p style=\"text-align: justify;padding-left: 40px\"><span style=\"color: #000000\"><a style=\"color: #000000\" href=\"https:\/\/organoscolegiados.anuies.mx\/consejonacional\/wp-content\/uploads\/sites\/2\/2019\/10\/4.3.1.-CRCO-Informe-2016.pdf\" target=\"_blank\" rel=\"noopener noreferrer\">4.3.1.- CRCO Informe 2016<\/a><\/span><\/p>\n<p style=\"text-align: justify;padding-left: 40px\"><span style=\"color: #000000\"><a style=\"color: #000000\" href=\"https:\/\/organoscolegiados.anuies.mx\/consejonacional\/wp-content\/uploads\/sites\/2\/2019\/10\/4.3.2.-CRCO-Informe-2016.pdf\" target=\"_blank\" rel=\"noopener noreferrer\">4.3.2.- CRCO Informe 2016<\/a><\/span><\/p>\n<p style=\"text-align: justify;padding-left: 40px\"><span style=\"color: #000000\"><a style=\"color: #000000\" href=\"https:\/\/organoscolegiados.anuies.mx\/consejonacional\/wp-content\/uploads\/sites\/2\/2019\/10\/4.3.3.-CRCO-Programa-de-Trabajo-2017.pdf\" target=\"_blank\" rel=\"noopener noreferrer\">4.3.3.- CRCO Programa de Trabajo 2017<\/a><\/span><\/p>\n<p style=\"text-align: justify;padding-left: 40px\"><span style=\"color: #000000\"><a style=\"color: #000000\" href=\"https:\/\/organoscolegiados.anuies.mx\/consejonacional\/wp-content\/uploads\/sites\/2\/2019\/10\/4.3.4.-CRCO-Programa-de-trabajo-2017.pdf\" target=\"_blank\" rel=\"noopener noreferrer\">4.3.4.- CRCO Programa de trabajo 2017<\/a><\/span><\/p>\n<p style=\"text-align: justify;padding-left: 40px\"><span style=\"color: #000000\"><a style=\"color: #000000\" href=\"https:\/\/organoscolegiados.anuies.mx\/consejonacional\/wp-content\/uploads\/sites\/2\/2019\/10\/4.4.1.-CRAM-Informe-de-trabajo-2016.pdf\" target=\"_blank\" rel=\"noopener noreferrer\">4.4.1.- CRAM Informe de trabajo 2016<\/a><\/span><\/p>\n<p style=\"text-align: justify;padding-left: 40px\"><span style=\"color: #000000\"><a style=\"color: #000000\" href=\"https:\/\/organoscolegiados.anuies.mx\/consejonacional\/wp-content\/uploads\/sites\/2\/2019\/10\/4.4.2.-CRAM-Programa-de-trabajo-2017.pdf\" target=\"_blank\" rel=\"noopener noreferrer\">4.4.2.- CRAM Programa de trabajo 2017<\/a><\/span><\/p>\n<p style=\"text-align: justify;padding-left: 40px\"><span style=\"color: #000000\"><a style=\"color: #000000\" href=\"https:\/\/organoscolegiados.anuies.mx\/consejonacional\/wp-content\/uploads\/sites\/2\/2019\/10\/4.5.1.-CRCS-Informe-2016.pdf\" target=\"_blank\" rel=\"noopener noreferrer\">4.5.1.- CRCS Informe 2016<\/a><\/span><\/p>\n<p style=\"text-align: justify;padding-left: 40px\"><span style=\"color: #000000\"><a style=\"color: #000000\" href=\"https:\/\/organoscolegiados.anuies.mx\/consejonacional\/wp-content\/uploads\/sites\/2\/2019\/10\/4.5.2.-CRCS-Informe-2016.pdf\" target=\"_blank\" rel=\"noopener noreferrer\">4.5.2.- CRCS Informe 2016<\/a><\/span><\/p>\n<p style=\"text-align: justify;padding-left: 40px\"><span style=\"color: #000000\"><a style=\"color: #000000\" href=\"https:\/\/organoscolegiados.anuies.mx\/consejonacional\/wp-content\/uploads\/sites\/2\/2019\/10\/4.5.3.-CRCS-Plan-de-Desarrollo-2016-2020.pdf\" target=\"_blank\" rel=\"noopener noreferrer\">4.5.3.- CRCS Plan de Desarrollo 2016-2020<\/a><\/span><\/p>\n<p style=\"text-align: justify;padding-left: 40px\"><span style=\"color: #000000\"><a style=\"color: #000000\" href=\"https:\/\/organoscolegiados.anuies.mx\/consejonacional\/wp-content\/uploads\/sites\/2\/2019\/10\/4.6.1.-CRSS-Informe-2016-y-PAT.pdf\" target=\"_blank\" rel=\"noopener noreferrer\">4.6.1.- CRSS Informe 2016 y PAT<\/a><\/span><\/p>\n<p style=\"text-align: justify;padding-left: 40px\"><span style=\"color: #000000\"><a style=\"color: #000000\" href=\"https:\/\/organoscolegiados.anuies.mx\/consejonacional\/wp-content\/uploads\/sites\/2\/2019\/10\/4.6.2.-CRSS-Informe-2016-y-PAT.pdf\" target=\"_blank\" rel=\"noopener noreferrer\">4.6.2.- CRSS Informe 2016 y PAT<\/a><\/span><\/p>\n<p style=\"text-align: justify;padding-left: 40px\"><span style=\"color: #000000\"><a style=\"color: #000000\" href=\"https:\/\/organoscolegiados.anuies.mx\/consejonacional\/wp-content\/uploads\/sites\/2\/2019\/10\/4.6.3.-PROGRAMA-DE-TRABAJO-CRSS-2017.pdf\" target=\"_blank\" rel=\"noopener noreferrer\">4.6.3.- PROGRAMA DE TRABAJO CRSS 2017<\/a><\/span><\/p>\n<p style=\"text-align: justify\"><span style=\"color: #000000\">5.-\u00a0<a style=\"color: #000000\" href=\"https:\/\/organoscolegiados.anuies.mx\/consejonacional\/wp-content\/uploads\/sites\/2\/2019\/10\/5.-Informe-de-actividades-2016.pdf\" target=\"_blank\" rel=\"noopener noreferrer\">Informe de actividades ANUIES 2016.<\/a><\/span><\/p>\n<p style=\"text-align: justify;padding-left: 40px\"><span style=\"color: #000000\"><a style=\"color: #000000\" href=\"https:\/\/organoscolegiados.anuies.mx\/consejonacional\/wp-content\/uploads\/sites\/2\/2019\/10\/5.1.-Informe-de-Actividades-2016.pdf\" target=\"_blank\" rel=\"noopener noreferrer\">5.1. Informe de Actividades 2016<\/a><\/span><\/p>\n<p style=\"text-align: justify\"><span style=\"color: #000000\">6.- Informe del ejercicio presupuestal 2016 de la ANUIES.<\/span><\/p>\n<p style=\"text-align: justify;padding-left: 40px\"><span style=\"color: #000000\"><a style=\"color: #000000\" href=\"https:\/\/organoscolegiados.anuies.mx\/consejonacional\/wp-content\/uploads\/sites\/2\/2019\/10\/6.1.-Informe-financiero-ejecutivo-2016-para-Consejo.pdf\" target=\"_blank\" rel=\"noopener noreferrer\">6.1. Informe financiero ejecutivo 2016 para Consejo<\/a><\/span><\/p>\n<p style=\"text-align: justify\"><span style=\"color: #000000\">7.-\u00a0<a style=\"color: #000000\" href=\"https:\/\/organoscolegiados.anuies.mx\/consejonacional\/wp-content\/uploads\/sites\/2\/2019\/10\/7.-Estados-financieros-ANUIES-2016.pdf\" target=\"_blank\" rel=\"noopener noreferrer\">An\u00e1lisis y aprobaci\u00f3n, en su caso, de los estados financieros 2016 de la ANUIES, dictaminados por el Auditor Externo.<\/a><\/span><\/p>\n<p style=\"text-align: justify;padding-left: 40px\"><span style=\"color: #000000\"><a style=\"color: #000000\" href=\"https:\/\/organoscolegiados.anuies.mx\/consejonacional\/wp-content\/uploads\/sites\/2\/2019\/10\/7.1.-Estados-financieros-2016.pdf\" target=\"_blank\" rel=\"noopener noreferrer\">7.1. Estados financieros 2016<\/a><\/span><\/p>\n<p style=\"text-align: justify\"><span style=\"color: #000000\">8.- An\u00e1lisis y aprobaci\u00f3n, en su caso, del Proyecto de Presupuesto Anual de Ingresos y Egresos 2017 de la ANUIES.<\/span><\/p>\n<p style=\"text-align: justify;padding-left: 40px\"><span style=\"color: #000000\"><a style=\"color: #000000\" href=\"https:\/\/organoscolegiados.anuies.mx\/consejonacional\/wp-content\/uploads\/sites\/2\/2019\/10\/8.1.-Presupuesto-anual-de-ingresos-y-egresos-2017.pdf\" target=\"_blank\" rel=\"noopener noreferrer\">8.1. Presupuesto anual de ingresos y egresos 2017<\/a><\/span><\/p>\n<p style=\"text-align: justify\"><span style=\"color: #000000\">9.-\u00a0<a style=\"color: #000000\" href=\"https:\/\/organoscolegiados.anuies.mx\/consejonacional\/wp-content\/uploads\/sites\/2\/2019\/10\/9.-Premio_ANUIES_2017_ConsejoNacional.pdf\" target=\"_blank\" rel=\"noopener noreferrer\">An\u00e1lisis y aprobaci\u00f3n, en su caso, de las convocatorias 2017 del Premio ANUIES.<\/a><\/span><\/p>\n<p style=\"text-align: justify;padding-left: 40px\"><span style=\"color: #000000\"><a style=\"color: #000000\" href=\"https:\/\/organoscolegiados.anuies.mx\/consejonacional\/wp-content\/uploads\/sites\/2\/2019\/10\/9.1.-Convoca_Contribuci\u00f3n17.pdf\" target=\"_blank\" rel=\"noopener noreferrer\">9.1.- Convoca_Contribuci\u00f3n17<\/a><\/span><\/p>\n<p style=\"text-align: justify;padding-left: 40px\"><span style=\"color: #000000\"><a style=\"color: #000000\" href=\"https:\/\/organoscolegiados.anuies.mx\/consejonacional\/wp-content\/uploads\/sites\/2\/2019\/10\/9.2.-Convoca_Maestr\u00eda17.pdf\" target=\"_blank\" rel=\"noopener noreferrer\">9.2.- Convoca_Maestr\u00eda17<\/a><\/span><\/p>\n<p style=\"text-align: justify;padding-left: 40px\"><span style=\"color: #000000\"><a style=\"color: #000000\" href=\"https:\/\/organoscolegiados.anuies.mx\/consejonacional\/wp-content\/uploads\/sites\/2\/2019\/10\/9.3.-Convoca_Doctorado17.pdf\" target=\"_blank\" rel=\"noopener noreferrer\">9.3.- Convoca_Doctorado17<\/a><\/span><\/p>\n<p style=\"text-align: justify;padding-left: 40px\"><span style=\"color: #000000\"><a style=\"color: #000000\" href=\"https:\/\/organoscolegiados.anuies.mx\/consejonacional\/wp-content\/uploads\/sites\/2\/2019\/10\/9.4.-Convoca_Ejercicio-docente17.pdf\" target=\"_blank\" rel=\"noopener noreferrer\">9.4.- Convoca_Ejercicio docente17<\/a><\/span><\/p>\n<p style=\"text-align: justify\"><span style=\"color: #000000\">10.-\u00a0<a style=\"color: #000000\" href=\"https:\/\/organoscolegiados.anuies.mx\/consejonacional\/wp-content\/uploads\/sites\/2\/2019\/10\/10.-Presentaci\u00f3n-cuotas-2017-solicitud-de-ratificaci\u00f3n.pdf\" target=\"_blank\" rel=\"noopener noreferrer\">Informe y ratificaci\u00f3n, en su caso, de la determinaci\u00f3n de la Secretar\u00eda General Ejecutiva de no incrementar las cuotas ordinarias de las instituciones asociadas para el a\u00f1o 2017.<\/a><\/span><\/p>\n<p style=\"text-align: justify\"><a href=\"https:\/\/organoscolegiados.anuies.mx\/consejonacional\/wp-content\/uploads\/sites\/2\/2020\/04\/Asuntos-generales-SO.1.2017.pdf\" target=\"_blank\" rel=\"noopener noreferrer\"><span style=\"color: #000000\">11.- Asuntos generales.<\/span><\/a><\/p>\n<p style=\"text-align: justify;padding-left: 40px\"><span style=\"color: #000000\"><a style=\"color: #000000\" href=\"https:\/\/organoscolegiados.anuies.mx\/consejonacional\/wp-content\/uploads\/sites\/2\/2019\/10\/11.-Cat\u00e1logo-Ingl\u00e9s-2017.pdf\" target=\"_blank\" rel=\"noopener noreferrer\">11.1.- Cat\u00e1logo Ingl\u00e9s 2017<\/a><\/span><\/p>\n<p style=\"text-align: center\" align=\"center\"><b>Mtro. Jaime Valls Esponda<\/b><\/p>\n<p style=\"text-align: center\" align=\"center\">Secretario General Ejecutivo<\/p>\n","protected":false},"excerpt":{"rendered":"<p>CONVOCATORIA Con fundamento en los art\u00edculos Vig\u00e9simo Primero, Trig\u00e9simo Primero y Trig\u00e9simo Tercero, fracci\u00f3n VI, del Estatuto de la Asociaci\u00f3n Nacional de Universidades e Instituciones de Educaci\u00f3n Superior (ANUIES), A.C., &hellip; <\/p>\n","protected":false},"author":1,"featured_media":0,"parent":0,"menu_order":0,"comment_status":"closed","ping_status":"closed","template":"","meta":{"ngg_post_thumbnail":0,"footnotes":""},"class_list":["post-342","page","type-page","status-publish","hentry"],"_links":{"self":[{"href":"https:\/\/organoscolegiados.anuies.mx\/consejonacional\/wp-json\/wp\/v2\/pages\/342","targetHints":{"allow":["GET"]}}],"collection":[{"href":"https:\/\/organoscolegiados.anuies.mx\/consejonacional\/wp-json\/wp\/v2\/pages"}],"about":[{"href":"https:\/\/organoscolegiados.anuies.mx\/consejonacional\/wp-json\/wp\/v2\/types\/page"}],"author":[{"embeddable":true,"href":"https:\/\/organoscolegiados.anuies.mx\/consejonacional\/wp-json\/wp\/v2\/users\/1"}],"replies":[{"embeddable":true,"href":"https:\/\/organoscolegiados.anuies.mx\/consejonacional\/wp-json\/wp\/v2\/comments?post=342"}],"version-history":[{"count":9,"href":"https:\/\/organoscolegiados.anuies.mx\/consejonacional\/wp-json\/wp\/v2\/pages\/342\/revisions"}],"predecessor-version":[{"id":1070,"href":"https:\/\/organoscolegiados.anuies.mx\/consejonacional\/wp-json\/wp\/v2\/pages\/342\/revisions\/1070"}],"wp:attachment":[{"href":"https:\/\/organoscolegiados.anuies.mx\/consejonacional\/wp-json\/wp\/v2\/media?parent=342"}],"curies":[{"name":"wp","href":"https:\/\/api.w.org\/{rel}","templated":true}]}}