{"id":401,"date":"2019-11-06T16:43:09","date_gmt":"2019-11-06T15:43:09","guid":{"rendered":"https:\/\/organoscolegiados.anuies.mx\/consejonacional\/?page_id=401"},"modified":"2020-04-05T20:54:35","modified_gmt":"2020-04-05T18:54:35","slug":"cn12016","status":"publish","type":"page","link":"https:\/\/organoscolegiados.anuies.mx\/consejonacional\/cn12016\/","title":{"rendered":"1.2016 Sesi\u00f3n Ordinaria del Consejo Nacional"},"content":{"rendered":"<p align=\"center\"><img loading=\"lazy\" decoding=\"async\" class=\"alignnone size-full wp-image-408\" src=\"https:\/\/organoscolegiados.anuies.mx\/consejonacional\/wp-content\/uploads\/sites\/2\/2019\/11\/cabezal12016cn.png\" alt=\"\" width=\"1245\" height=\"121\" srcset=\"https:\/\/organoscolegiados.anuies.mx\/consejonacional\/wp-content\/uploads\/sites\/2\/2019\/11\/cabezal12016cn.png 1245w, https:\/\/organoscolegiados.anuies.mx\/consejonacional\/wp-content\/uploads\/sites\/2\/2019\/11\/cabezal12016cn-300x29.png 300w, https:\/\/organoscolegiados.anuies.mx\/consejonacional\/wp-content\/uploads\/sites\/2\/2019\/11\/cabezal12016cn-768x75.png 768w, https:\/\/organoscolegiados.anuies.mx\/consejonacional\/wp-content\/uploads\/sites\/2\/2019\/11\/cabezal12016cn-1024x100.png 1024w\" sizes=\"auto, (max-width: 1245px) 100vw, 1245px\" \/><\/p>\n<p align=\"center\"><strong>CONVOCATORIA<\/strong><\/p>\n<p>Con fundamento en los art\u00edculos Vig\u00e9simo Primero, Trig\u00e9simo Primero y Trig\u00e9simo Tercero, fracci\u00f3n VI, del Estatuto de la Asociaci\u00f3n Nacional de Universidades e Instituciones de Educaci\u00f3n Superior (ANUIES), A.C., se convoca a los titulares de las instituciones que integran el Consejo Nacional a la Primera Sesi\u00f3n Ordinaria, que se efectuar\u00e1 el 14 de abril de 2016 a partir de las 15:00 horas en las instalaciones de la Secretar\u00eda General Ejecutiva, ubicadas en Tenayuca 200, Col. Santa Cruz Atoyac, C.P. 03310, Ciudad de M\u00e9xico, bajo el siguiente:<\/p>\n<p>&nbsp;<\/p>\n<p style=\"text-align: center\"><b>ORDEN DEL D\u00cdA<\/b><\/p>\n<p><span style=\"color: #000000\"><a style=\"color: #000000\" href=\"https:\/\/organoscolegiados.anuies.mx\/consejonacional\/wp-content\/uploads\/sites\/2\/2020\/03\/Lista-de-asistencia-1.2016-CN-para-firma-1.O.2016.pdf\" target=\"_blank\" rel=\"noopener noreferrer\">1.Lista de asistencia y verificaci\u00f3n de <i>qu\u00f3rum<\/i>.<\/a><\/span><\/p>\n<p><a href=\"https:\/\/organoscolegiados.anuies.mx\/consejonacional\/wp-content\/uploads\/sites\/2\/2020\/04\/Aprobaci\u00f3n-del-Orden-del-D\u00eda-SO.1.2016.pdf\" target=\"_blank\" rel=\"noopener noreferrer\"><span style=\"color: #000000\">2.Aprobaci\u00f3n del Orden del D\u00eda.<\/span><\/a><\/p>\n<p><a href=\"https:\/\/organoscolegiados.anuies.mx\/consejonacional\/wp-content\/uploads\/sites\/2\/2020\/04\/3.-Acta-de-la-sesi\u00f3n-ordinaria-4.2015-CN.pdf\" target=\"_blank\" rel=\"noopener noreferrer\"><span style=\"color: #000000\">3.Lectura y aprobaci\u00f3n, en su caso, del acta de la Sesi\u00f3n Ordinaria 4.2015.<\/span><\/a><\/p>\n<p style=\"padding-left: 40px\"><a href=\"https:\/\/organoscolegiados.anuies.mx\/consejonacional\/wp-content\/uploads\/sites\/2\/2020\/04\/Aprobaci\u00f3n-y-Lectura-de-Acta-SO.1.2016.pdf\" target=\"_blank\" rel=\"noopener noreferrer\"><span style=\"color: #000000\">3.1 Aprobaci\u00f3n del Acta de la Sesi\u00f3n Ordinaria 4.2015\u00a0<\/span><\/a><\/p>\n<p><span style=\"color: #000000\">4.Informes 2015 y programas de trabajo 2016 de los consejos regionales.<\/span><\/p>\n<p style=\"padding-left: 40px\"><span style=\"color: #000000\"><a style=\"color: #000000\" href=\"https:\/\/organoscolegiados.anuies.mx\/consejonacional\/wp-content\/uploads\/sites\/2\/2020\/03\/4.1.-Informe-y-plan-de-trabajo-CRNO-2016-C-1.O.2016.pdf\" target=\"_blank\" rel=\"noopener noreferrer\">4.1 Consejo Regional Noroeste<\/a><\/span><\/p>\n<p style=\"padding-left: 40px\"><span style=\"color: #000000\"><a style=\"color: #000000\" href=\"https:\/\/organoscolegiados.anuies.mx\/consejonacional\/wp-content\/uploads\/sites\/2\/2020\/03\/4.2.1.-CRNE-Informe_2015-1.O.2016.pdf\" target=\"_blank\" rel=\"noopener noreferrer\">4.2 Consejo Regional Noreste<\/a><\/span><\/p>\n<p style=\"padding-left: 40px\"><span style=\"color: #000000\"><a style=\"color: #000000\" href=\"https:\/\/organoscolegiados.anuies.mx\/consejonacional\/wp-content\/uploads\/sites\/2\/2020\/03\/4.3.-CRCO-Informe-ejecutivo-1.O.2016.pdf\" target=\"_blank\" rel=\"noopener noreferrer\">4.3 Consejo Regional Centro Occidente<\/a><\/span><\/p>\n<p style=\"padding-left: 40px\"><span style=\"color: #000000\"><a style=\"color: #000000\" href=\"https:\/\/organoscolegiados.anuies.mx\/consejonacional\/wp-content\/uploads\/sites\/2\/2020\/03\/4.4.1.-CRAM-Informe_2015-1.O.2016.pdf\" target=\"_blank\" rel=\"noopener noreferrer\">4.4 Consejo Regional del \u00c1rea Metropolitana<\/a><\/span><\/p>\n<p style=\"padding-left: 40px\"><span style=\"color: #000000\"><a style=\"color: #000000\" href=\"https:\/\/organoscolegiados.anuies.mx\/consejonacional\/wp-content\/uploads\/sites\/2\/2020\/03\/4.5.1.-CRCS-Informe_2015-1.O.2016.pdf\" target=\"_blank\" rel=\"noopener noreferrer\">4.5 Consejo Regional Centro Sur<\/a><\/span><\/p>\n<p style=\"padding-left: 40px\"><span style=\"color: #000000\"><a style=\"color: #000000\" href=\"https:\/\/organoscolegiados.anuies.mx\/consejonacional\/wp-content\/uploads\/sites\/2\/2020\/03\/4.6.1.-CRSS-Informe_2015-y-Programa-de-Trabajo_2016-1.O.2016.pdf\" target=\"_blank\" rel=\"noopener noreferrer\">4.6 Consejo Regional Sur Sureste<\/a><\/span><\/p>\n<p><span style=\"color: #000000\"><a style=\"color: #000000\" href=\"https:\/\/organoscolegiados.anuies.mx\/consejonacional\/wp-content\/uploads\/sites\/2\/2020\/03\/5.-Informe-del-Ejercicio-Presupuestal-2015-1.O.2016.pdf\" target=\"_blank\" rel=\"noopener noreferrer\">5. Informe del Ejercicio Presupuestal 2015 de la ANUIES.<\/a><\/span><\/p>\n<p><span style=\"color: #000000\">6. An\u00e1lisis y aprobaci\u00f3n, en su caso, de los Estados Financieros 2015 de la ANUIES, dictaminados por el Auditor Externo.<\/span><\/p>\n<p style=\"padding-left: 40px\"><span style=\"color: #000000\"><a style=\"color: #000000\" href=\"https:\/\/organoscolegiados.anuies.mx\/consejonacional\/wp-content\/uploads\/sites\/2\/2020\/03\/6.1.-Estados-financieros-2015-auditados-1.0.2016.pdf\" target=\"_blank\" rel=\"noopener noreferrer\">6.1 Estados financieros<\/a><\/span><\/p>\n<p style=\"padding-left: 40px\"><span style=\"color: #000000\"><a style=\"color: #000000\" href=\"https:\/\/organoscolegiados.anuies.mx\/consejonacional\/wp-content\/uploads\/sites\/2\/2020\/03\/6.2-Estados-financieros-2015-1.O.2016.pdf\" target=\"_blank\" rel=\"noopener noreferrer\">6.2 Estados financieros<\/a><\/span><\/p>\n<p><span style=\"color: #000000\"><a style=\"color: #000000\" href=\"https:\/\/organoscolegiados.anuies.mx\/consejonacional\/wp-content\/uploads\/sites\/2\/2020\/03\/7.-Informe-Anual-de-actividades-2015-de-la-SGE-1.O.2016.pdf\" target=\"_blank\" rel=\"noopener noreferrer\">7. Informe de Actividades ANUIES 2015.<\/a><\/span><\/p>\n<p><span style=\"color: #000000\"><a style=\"color: #000000\" href=\"https:\/\/organoscolegiados.anuies.mx\/consejonacional\/wp-content\/uploads\/sites\/2\/2020\/03\/8.-Programa-Anual-de-Trabajo-2016-de-la-SGE-1.O.2016.pdf\" target=\"_blank\" rel=\"noopener noreferrer\">8 An\u00e1lisis y aprobaci\u00f3n, en su caso, del Programa de Actividades 2016 de la ANUIES.<\/a><\/span><\/p>\n<p><span style=\"color: #000000\"><a style=\"color: #000000\" href=\"https:\/\/organoscolegiados.anuies.mx\/consejonacional\/wp-content\/uploads\/sites\/2\/2020\/03\/9.-Presupuesto-Anual-de-Ingresos-y-Egresos-2016-1.O.2016.pdf\" target=\"_blank\" rel=\"noopener noreferrer\">9. An\u00e1lisis y aprobaci\u00f3n, en su caso, del Proyecto de Presupuesto Anual de Ingresos y Egresos 2016 de la ANUIES.<\/a><\/span><\/p>\n<p><span style=\"color: #000000\"><a style=\"color: #000000\" href=\"https:\/\/organoscolegiados.anuies.mx\/consejonacional\/wp-content\/uploads\/sites\/2\/2020\/03\/Convocatorias-Premio-ANUIES-1.O.2016.pdf\" target=\"_blank\" rel=\"noopener noreferrer\">10. An\u00e1lisis y aprobaci\u00f3n, en su caso, de las convocatorias 2016 del premio ANUIES.<\/a><\/span><\/p>\n<p><span style=\"color: #000000\"><a style=\"color: #000000\" href=\"https:\/\/organoscolegiados.anuies.mx\/consejonacional\/wp-content\/uploads\/sites\/2\/2020\/03\/Creaci\u00f3n-de-una-comisi\u00f3n-1.O.2016.pdf\" target=\"_blank\" rel=\"noopener noreferrer\">11. Creaci\u00f3n de una comisi\u00f3n encargada de elaborar una propuesta relacionada con la legislaci\u00f3n en materia de educaci\u00f3n superior.<\/a><\/span><\/p>\n<p><span style=\"color: #000000\"><a style=\"color: #000000\" href=\"https:\/\/organoscolegiados.anuies.mx\/consejonacional\/wp-content\/uploads\/sites\/2\/2020\/03\/Marihuana-1.O.2016.pdf\" target=\"_blank\" rel=\"noopener noreferrer\">12. Informe sobre la participaci\u00f3n de la ANUIES en el Consejo T\u00e9cnico para las Alternativas de Regulaci\u00f3n de la Marihuana conformado por el Congreso de la Uni\u00f3n.<\/a><\/span><\/p>\n<p><span style=\"color: #000000\"><a style=\"color: #000000\" href=\"https:\/\/organoscolegiados.anuies.mx\/consejonacional\/wp-content\/uploads\/sites\/2\/2020\/03\/Asuntos-generales-1.O.2016.pdf\" target=\"_blank\" rel=\"noopener noreferrer\">13. Asuntos generales.<\/a><\/span><\/p>\n<p align=\"center\"><span style=\"color: #000000\"><b>Mtro. Jaime Valls Esponda<\/b><\/span><\/p>\n<p align=\"center\"><span style=\"color: #000000\">Secretario General Ejecutivo<\/span><\/p>\n","protected":false},"excerpt":{"rendered":"<p>CONVOCATORIA Con fundamento en los art\u00edculos Vig\u00e9simo Primero, Trig\u00e9simo Primero y Trig\u00e9simo Tercero, fracci\u00f3n VI, del Estatuto de la Asociaci\u00f3n Nacional de Universidades e Instituciones de Educaci\u00f3n Superior (ANUIES), A.C., &hellip; <\/p>\n","protected":false},"author":1,"featured_media":0,"parent":0,"menu_order":0,"comment_status":"closed","ping_status":"closed","template":"","meta":{"ngg_post_thumbnail":0,"footnotes":""},"class_list":["post-401","page","type-page","status-publish","hentry"],"_links":{"self":[{"href":"https:\/\/organoscolegiados.anuies.mx\/consejonacional\/wp-json\/wp\/v2\/pages\/401","targetHints":{"allow":["GET"]}}],"collection":[{"href":"https:\/\/organoscolegiados.anuies.mx\/consejonacional\/wp-json\/wp\/v2\/pages"}],"about":[{"href":"https:\/\/organoscolegiados.anuies.mx\/consejonacional\/wp-json\/wp\/v2\/types\/page"}],"author":[{"embeddable":true,"href":"https:\/\/organoscolegiados.anuies.mx\/consejonacional\/wp-json\/wp\/v2\/users\/1"}],"replies":[{"embeddable":true,"href":"https:\/\/organoscolegiados.anuies.mx\/consejonacional\/wp-json\/wp\/v2\/comments?post=401"}],"version-history":[{"count":17,"href":"https:\/\/organoscolegiados.anuies.mx\/consejonacional\/wp-json\/wp\/v2\/pages\/401\/revisions"}],"predecessor-version":[{"id":1096,"href":"https:\/\/organoscolegiados.anuies.mx\/consejonacional\/wp-json\/wp\/v2\/pages\/401\/revisions\/1096"}],"wp:attachment":[{"href":"https:\/\/organoscolegiados.anuies.mx\/consejonacional\/wp-json\/wp\/v2\/media?parent=401"}],"curies":[{"name":"wp","href":"https:\/\/api.w.org\/{rel}","templated":true}]}}