{"id":428,"date":"2019-11-06T17:59:33","date_gmt":"2019-11-06T16:59:33","guid":{"rendered":"https:\/\/organoscolegiados.anuies.mx\/consejonacional\/?page_id=428"},"modified":"2020-04-06T15:22:37","modified_gmt":"2020-04-06T13:22:37","slug":"cn12015","status":"publish","type":"page","link":"https:\/\/organoscolegiados.anuies.mx\/consejonacional\/cn12015\/","title":{"rendered":"1.2015 Sesi\u00f3n Ordinaria del Consejo Nacional"},"content":{"rendered":"<p align=\"center\"><img loading=\"lazy\" decoding=\"async\" class=\"alignnone size-full wp-image-430\" src=\"https:\/\/organoscolegiados.anuies.mx\/consejonacional\/wp-content\/uploads\/sites\/2\/2019\/11\/cabezal12015cn.png\" alt=\"\" width=\"1245\" height=\"121\" srcset=\"https:\/\/organoscolegiados.anuies.mx\/consejonacional\/wp-content\/uploads\/sites\/2\/2019\/11\/cabezal12015cn.png 1245w, https:\/\/organoscolegiados.anuies.mx\/consejonacional\/wp-content\/uploads\/sites\/2\/2019\/11\/cabezal12015cn-300x29.png 300w, https:\/\/organoscolegiados.anuies.mx\/consejonacional\/wp-content\/uploads\/sites\/2\/2019\/11\/cabezal12015cn-768x75.png 768w, https:\/\/organoscolegiados.anuies.mx\/consejonacional\/wp-content\/uploads\/sites\/2\/2019\/11\/cabezal12015cn-1024x100.png 1024w\" sizes=\"auto, (max-width: 1245px) 100vw, 1245px\" \/><\/p>\n<p style=\"text-align: center\" align=\"center\"><span style=\"color: #000000\"><strong>CONVOCATORIA<\/strong><\/span><\/p>\n<p style=\"text-align: justify\"><span style=\"color: #000000\">Con fundamento en los art\u00edculos Vig\u00e9simo Primero, Trig\u00e9simo Primero y Trig\u00e9simo Tercero, fracci\u00f3n VI, del Estatuto de la Asociaci\u00f3n Nacional de Universidades e Instituciones de Educaci\u00f3n Superior (ANUIES), A.C., se convoca a los titulares de las instituciones que integran el Consejo Nacional a la Primera Sesi\u00f3n Ordinaria que se efectuar\u00e1 el 14 de abril de 2015 a partir de las 11:00 horas, en las instalaciones de la Secretar\u00eda General Ejecutiva, ubicadas en Tenayuca 200, Col. Santa Cruz Atoyac, C.P. 03310, M\u00e9xico, D.F., bajo el siguiente:<\/span><\/p>\n<p style=\"text-align: center\"><span style=\"color: #000000\"><b>ORDEN DEL D\u00cdA<\/b><\/span><\/p>\n<ol>\n<li><span style=\"color: #000000\"><a style=\"color: #000000\" href=\"https:\/\/organoscolegiados.anuies.mx\/consejonacional\/wp-content\/uploads\/sites\/2\/2020\/01\/1.-Miembros-del-CN-SO-1.2015.pdf\" target=\"_blank\" rel=\"noopener noreferrer\">Lista de asistencia y verificaci\u00f3n de <em>qu\u00f3rum<\/em>.<\/a><\/span><\/li>\n<li><a href=\"https:\/\/organoscolegiados.anuies.mx\/consejonacional\/wp-content\/uploads\/sites\/2\/2020\/03\/Aprobaci\u00f3n-del-Orden-del-D\u00eda-1.O.2015.pdf\" target=\"_blank\" rel=\"noopener noreferrer\"><span style=\"color: #000000\">Aprobaci\u00f3n del Orden del D\u00eda.<\/span><\/a><\/li>\n<\/ol>\n<p style=\"padding-left: 80px\"><span style=\"color: #000000\">2.1.\u00a0 <a style=\"color: #000000\" href=\"https:\/\/organoscolegiados.anuies.mx\/consejonacional\/wp-content\/uploads\/sites\/2\/2020\/01\/2.1.-Alcance-a-Convocatoria-CN-SO-1.2015.pdf\" target=\"_blank\" rel=\"noopener noreferrer\">Alcance a Convocatoria CN SO 1.2015<\/a><\/span><\/p>\n<p style=\"padding-left: 40px\"><span style=\"color: #000000\"><a style=\"color: #000000\" href=\"https:\/\/organoscolegiados.anuies.mx\/consejonacional\/wp-content\/uploads\/sites\/2\/2020\/03\/Representante-electo-1.O.2015.pdf\" target=\"_blank\" rel=\"noopener noreferrer\">3. Presentaci\u00f3n del representante electo de los centros p\u00fablicos de investigaci\u00f3n ante Consejo Nacional.<\/a><\/span><\/p>\n<p style=\"padding-left: 40px\"><a href=\"https:\/\/organoscolegiados.anuies.mx\/consejonacional\/wp-content\/uploads\/sites\/2\/2020\/04\/Aprobaci\u00f3n-y-Lectura-del-ActaSO.1.2015.pdf\" target=\"_blank\" rel=\"noopener noreferrer\"><span style=\"color: #000000\">4. Lectura y aprobaci\u00f3n, en su caso, del Acta de la Sesi\u00f3n Ordinaria 4.2014 y de la Sesi\u00f3n Extraordinaria 1.2015.<\/span><\/a><\/p>\n<p style=\"padding-left: 80px\"><span style=\"color: #000000\">4.1. <a style=\"color: #000000\" href=\"https:\/\/organoscolegiados.anuies.mx\/consejonacional\/wp-content\/uploads\/sites\/2\/2020\/01\/3.1.-Acta-de-la-Sesi\u00f3n-Ordinaria-4.2014.pdf\" target=\"_blank\" rel=\"noopener noreferrer\">Acta de la Sesi\u00f3n Ordinaria 4.2014<\/a><\/span><\/p>\n<p style=\"padding-left: 80px\"><span style=\"color: #000000\">4.2. <a style=\"color: #000000\" href=\"https:\/\/organoscolegiados.anuies.mx\/consejonacional\/wp-content\/uploads\/sites\/2\/2020\/01\/3.2.-Acta-de-la-Sesi\u00f3n-Extraordinaria-1.2015.pdf\" target=\"_blank\" rel=\"noopener noreferrer\">Acta de la Sesi\u00f3n Extraordinaria 1.2015<\/a><\/span><\/p>\n<p style=\"padding-left: 40px\"><span style=\"color: #000000\">5.<a style=\"color: #000000\" href=\"https:\/\/organoscolegiados.anuies.mx\/consejonacional\/wp-content\/uploads\/sites\/2\/2020\/01\/4.-Informes-y-programas-de-los-consejos-regionales.pdf\" target=\"_blank\" rel=\"noopener noreferrer\">Presentaci\u00f3n de los informes 2014 y los programas de trabajo 2015 de los consejos regionales.<\/a><\/span><\/p>\n<p style=\"padding-left: 80px\"><span style=\"color: #000000\">5.1.1. <a style=\"color: #000000\" href=\"https:\/\/organoscolegiados.anuies.mx\/consejonacional\/wp-content\/uploads\/sites\/2\/2020\/01\/4.1.1.-Informe-anual-2014-y-Programa-de-trabajo-2015-CRNO.pdf\" target=\"_blank\" rel=\"noopener noreferrer\">Informe anual 2015 y Programa de trabajo 2016 CRNO<\/a><\/span><\/p>\n<p style=\"padding-left: 80px\"><span style=\"color: #000000\">5.2.1. <a style=\"color: #000000\" href=\"https:\/\/organoscolegiados.anuies.mx\/consejonacional\/wp-content\/uploads\/sites\/2\/2020\/01\/4.2.1.-Informe-anual-2014-CRNE.pdf\" target=\"_blank\" rel=\"noopener noreferrer\">Informe anual 2014 CRNE<\/a><\/span><\/p>\n<p style=\"padding-left: 80px\"><span style=\"color: #000000\">5.2.2. <a style=\"color: #000000\" href=\"https:\/\/organoscolegiados.anuies.mx\/consejonacional\/wp-content\/uploads\/sites\/2\/2020\/01\/4.2.2.-Programa-de-trabajo-2015-CRNE.pdf\" target=\"_blank\" rel=\"noopener noreferrer\">Programa de trabajo 2015 CRNE<\/a><\/span><\/p>\n<p style=\"padding-left: 80px\"><span style=\"color: #000000\">5.3.1. <a style=\"color: #000000\" href=\"https:\/\/organoscolegiados.anuies.mx\/consejonacional\/wp-content\/uploads\/sites\/2\/2020\/01\/4.3.1.-Informe-anual-2014-CRCO.pdf\" target=\"_blank\" rel=\"noopener noreferrer\">Informe anual 2014 CRCO<\/a><\/span><\/p>\n<p style=\"padding-left: 80px\"><span style=\"color: #000000\">5.3.2. <a style=\"color: #000000\" href=\"https:\/\/organoscolegiados.anuies.mx\/consejonacional\/wp-content\/uploads\/sites\/2\/2020\/01\/4.3.2.-Programa-de-trabajo-2015-CRCO.pdf\" target=\"_blank\" rel=\"noopener noreferrer\">Programa de trabajo 2015 CRCO<\/a><\/span><\/p>\n<p style=\"padding-left: 80px\"><span style=\"color: #000000\">5.4.1. <a style=\"color: #000000\" href=\"https:\/\/organoscolegiados.anuies.mx\/consejonacional\/wp-content\/uploads\/sites\/2\/2020\/01\/4.4.1.-Informe-anual-2014-CRAM.pdf\" target=\"_blank\" rel=\"noopener noreferrer\">Informe anual 2014 CRAM<\/a><\/span><\/p>\n<p style=\"padding-left: 80px\"><span style=\"color: #000000\">5.4.2. <a style=\"color: #000000\" href=\"https:\/\/organoscolegiados.anuies.mx\/consejonacional\/wp-content\/uploads\/sites\/2\/2020\/01\/4.4.2.-Programa-de-trabajo-2015-CRAM.pdf\" target=\"_blank\" rel=\"noopener noreferrer\">Programa de trabajo 2015 CRAM<\/a><\/span><\/p>\n<p style=\"padding-left: 80px\"><span style=\"color: #000000\">5.5.1. <a style=\"color: #000000\" href=\"https:\/\/organoscolegiados.anuies.mx\/consejonacional\/wp-content\/uploads\/sites\/2\/2020\/01\/4.5.1.-Informe-anual-2014-CRCS.pdf\" target=\"_blank\" rel=\"noopener noreferrer\">Informe anual 2014 CRCS<\/a><\/span><\/p>\n<p style=\"padding-left: 80px\"><span style=\"color: #000000\">5.5.2. <a style=\"color: #000000\" href=\"https:\/\/organoscolegiados.anuies.mx\/consejonacional\/wp-content\/uploads\/sites\/2\/2020\/01\/4.5.2.-Programa-de-trabajo-2015-CRCS.pdf\" target=\"_blank\" rel=\"noopener noreferrer\">Programa de trabajo 2015 CRCS<\/a><\/span><\/p>\n<p style=\"padding-left: 80px\"><span style=\"color: #000000\">5.6.1. <a style=\"color: #000000\" href=\"https:\/\/organoscolegiados.anuies.mx\/consejonacional\/wp-content\/uploads\/sites\/2\/2020\/01\/4.6.1.-Informe-anual-2014-y-Programa-de-trabajo-2015-CRSS.pdf\" target=\"_blank\" rel=\"noopener noreferrer\">Informe anual 2014 y Programa de trabajo 2015 CRSS<\/a><\/span><\/p>\n<p style=\"padding-left: 40px\"><span style=\"color: #000000\">6. <a style=\"color: #000000\" href=\"https:\/\/organoscolegiados.anuies.mx\/consejonacional\/wp-content\/uploads\/sites\/2\/2020\/01\/5.-Informe-ejercicio-presupuestal-2014.pdf\" target=\"_blank\" rel=\"noopener noreferrer\">Presentaci\u00f3n del Informe del Ejercicio Presupuestal 2014 de la ANUIES.<\/a><\/span><\/p>\n<p style=\"padding-left: 40px\"><span style=\"color: #000000\">7. Presentaci\u00f3n, an\u00e1lisis y aprobaci\u00f3n, en su caso, de los Estados Financieros de la ANUIES correspondientes al Ejercicio 2014, dictaminados por el Auditor Externo.<\/span><\/p>\n<p style=\"padding-left: 80px\"><span style=\"color: #000000\">7.1. <a style=\"color: #000000\" href=\"https:\/\/organoscolegiados.anuies.mx\/consejonacional\/wp-content\/uploads\/sites\/2\/2020\/01\/6.1.-Informe-resultado-de-la-auditor\u00eda-a-la-ANUIES.pdf\" target=\"_blank\" rel=\"noopener noreferrer\">Informe resultado de la auditor\u00eda a la ANUIES<\/a><\/span><\/p>\n<p style=\"padding-left: 80px\"><span style=\"color: #000000\">7.2. <a style=\"color: #000000\" href=\"https:\/\/organoscolegiados.anuies.mx\/consejonacional\/wp-content\/uploads\/sites\/2\/2020\/01\/6.2.-Informe-de-los-estados-financieros-de-la-ANUIES.pdf\" target=\"_blank\" rel=\"noopener noreferrer\">Informe de los estados financieros de la ANUIES<\/a><\/span><\/p>\n<p style=\"padding-left: 40px\"><span style=\"color: #000000\">8.<a style=\"color: #000000\" href=\"https:\/\/organoscolegiados.anuies.mx\/consejonacional\/wp-content\/uploads\/sites\/2\/2020\/01\/7.-Informe-de-actividades-ANUIES-2014.pdf\" target=\"_blank\" rel=\"noopener noreferrer\">Presentaci\u00f3n del Informe de Actividades 2014 de la ANUIES.<\/a><\/span><\/p>\n<p style=\"padding-left: 40px\"><span style=\"color: #000000\">9. <a style=\"color: #000000\" href=\"https:\/\/organoscolegiados.anuies.mx\/consejonacional\/wp-content\/uploads\/sites\/2\/2020\/01\/8.-Programa-de-trabajo-ANUIES-2015.pdf\" target=\"_blank\" rel=\"noopener noreferrer\">Presentaci\u00f3n, an\u00e1lisis y aprobaci\u00f3n, en su caso, del Programa Anual de Actividades 2015 de la ANUIES.<\/a><\/span><\/p>\n<p style=\"padding-left: 40px\"><span style=\"color: #000000\">10. <a style=\"color: #000000\" href=\"https:\/\/organoscolegiados.anuies.mx\/consejonacional\/wp-content\/uploads\/sites\/2\/2020\/01\/9.-Proyecto-de-ingresos-y-egresos-de-la-ANUIES-2015.pdf\" target=\"_blank\" rel=\"noopener noreferrer\">Presentaci\u00f3n, an\u00e1lisis y aprobaci\u00f3n, en su caso, del Proyecto de Presupuesto Anual de Ingresos y Egresos 2015 de la ANUIES.<\/a><\/span><\/p>\n<p style=\"padding-left: 40px\"><span style=\"color: #000000\">11. <a style=\"color: #000000\" href=\"https:\/\/organoscolegiados.anuies.mx\/consejonacional\/wp-content\/uploads\/sites\/2\/2020\/01\/10.-Premio-ANUIES-2015.pdf\" target=\"_blank\" rel=\"noopener noreferrer\">Presentaci\u00f3n, an\u00e1lisis y aprobaci\u00f3n, en su caso, de las convocatorias de los premios ANUIES 2015.<\/a><\/span><\/p>\n<p style=\"padding-left: 80px\"><span style=\"color: #000000\">11.1. <a style=\"color: #000000\" href=\"https:\/\/organoscolegiados.anuies.mx\/consejonacional\/wp-content\/uploads\/sites\/2\/2020\/01\/10.1.-Convocatoria-Trayectoria-y-contribuciones.pdf\" target=\"_blank\" rel=\"noopener noreferrer\">Convocatoria Trayectoria y contribuciones<\/a><\/span><\/p>\n<p style=\"padding-left: 80px\"><span style=\"color: #000000\">11.2. <a style=\"color: #000000\" href=\"https:\/\/organoscolegiados.anuies.mx\/consejonacional\/wp-content\/uploads\/sites\/2\/2020\/01\/10.2.-Convocatoria-Ejercicio-docente.pdf\" target=\"_blank\" rel=\"noopener noreferrer\">Convocatoria Ejercicio docente<\/a><\/span><\/p>\n<p style=\"padding-left: 80px\"><span style=\"color: #000000\">11.3. <a style=\"color: #000000\" href=\"https:\/\/organoscolegiados.anuies.mx\/consejonacional\/wp-content\/uploads\/sites\/2\/2020\/01\/10.3.-Convocatoria-Tesis-Doctorado.pdf\" target=\"_blank\" rel=\"noopener noreferrer\">Convocatoria Tesis Doctorado<\/a><\/span><\/p>\n<p style=\"padding-left: 80px\"><span style=\"color: #000000\">11.4. <a style=\"color: #000000\" href=\"https:\/\/organoscolegiados.anuies.mx\/consejonacional\/wp-content\/uploads\/sites\/2\/2020\/01\/10.4.-Convocatoria-Tesis-Maestr\u00eda.pdf\" target=\"_blank\" rel=\"noopener noreferrer\">Convocatoria Tesis Maestr\u00eda<\/a><\/span><\/p>\n<p style=\"padding-left: 40px\"><span style=\"color: #000000\">12. <a style=\"color: #000000\" href=\"https:\/\/organoscolegiados.anuies.mx\/consejonacional\/wp-content\/uploads\/sites\/2\/2020\/01\/11.-Avances-IES-Nuevo-Sistema-de-Justiticia-Penal.pdf\" target=\"_blank\" rel=\"noopener noreferrer\">Presentaci\u00f3n de los avances de las IES asociadas en la implementaci\u00f3n del Nuevo Sistema de Justicia Penal.<\/a><\/span><\/p>\n<p style=\"padding-left: 40px\"><span style=\"color: #000000\"><a style=\"color: #000000\" href=\"https:\/\/organoscolegiados.anuies.mx\/consejonacional\/wp-content\/uploads\/sites\/2\/2020\/03\/Asuntos-generales-1.O.2015.pdf\" target=\"_blank\" rel=\"noopener noreferrer\">13. Asuntos generales.<\/a><\/span><\/p>\n","protected":false},"excerpt":{"rendered":"<p>CONVOCATORIA Con fundamento en los art\u00edculos Vig\u00e9simo Primero, Trig\u00e9simo Primero y Trig\u00e9simo Tercero, fracci\u00f3n VI, del Estatuto de la Asociaci\u00f3n Nacional de Universidades e Instituciones de Educaci\u00f3n Superior (ANUIES), A.C., &hellip; <\/p>\n","protected":false},"author":1,"featured_media":0,"parent":0,"menu_order":0,"comment_status":"closed","ping_status":"closed","template":"","meta":{"ngg_post_thumbnail":0,"footnotes":""},"class_list":["post-428","page","type-page","status-publish","hentry"],"_links":{"self":[{"href":"https:\/\/organoscolegiados.anuies.mx\/consejonacional\/wp-json\/wp\/v2\/pages\/428","targetHints":{"allow":["GET"]}}],"collection":[{"href":"https:\/\/organoscolegiados.anuies.mx\/consejonacional\/wp-json\/wp\/v2\/pages"}],"about":[{"href":"https:\/\/organoscolegiados.anuies.mx\/consejonacional\/wp-json\/wp\/v2\/types\/page"}],"author":[{"embeddable":true,"href":"https:\/\/organoscolegiados.anuies.mx\/consejonacional\/wp-json\/wp\/v2\/users\/1"}],"replies":[{"embeddable":true,"href":"https:\/\/organoscolegiados.anuies.mx\/consejonacional\/wp-json\/wp\/v2\/comments?post=428"}],"version-history":[{"count":14,"href":"https:\/\/organoscolegiados.anuies.mx\/consejonacional\/wp-json\/wp\/v2\/pages\/428\/revisions"}],"predecessor-version":[{"id":931,"href":"https:\/\/organoscolegiados.anuies.mx\/consejonacional\/wp-json\/wp\/v2\/pages\/428\/revisions\/931"}],"wp:attachment":[{"href":"https:\/\/organoscolegiados.anuies.mx\/consejonacional\/wp-json\/wp\/v2\/media?parent=428"}],"curies":[{"name":"wp","href":"https:\/\/api.w.org\/{rel}","templated":true}]}}