{"id":432,"date":"2019-11-06T18:17:24","date_gmt":"2019-11-06T17:17:24","guid":{"rendered":"https:\/\/organoscolegiados.anuies.mx\/consejonacional\/?page_id=432"},"modified":"2020-04-06T15:42:20","modified_gmt":"2020-04-06T13:42:20","slug":"cn22015","status":"publish","type":"page","link":"https:\/\/organoscolegiados.anuies.mx\/consejonacional\/cn22015\/","title":{"rendered":"2.2015 Sesi\u00f3n Ordinaria del Consejo Nacional"},"content":{"rendered":"<p align=\"center\"><img loading=\"lazy\" decoding=\"async\" class=\"alignnone size-full wp-image-438\" src=\"https:\/\/organoscolegiados.anuies.mx\/consejonacional\/wp-content\/uploads\/sites\/2\/2019\/11\/cabezal22015cn.png\" alt=\"\" width=\"1245\" height=\"121\" srcset=\"https:\/\/organoscolegiados.anuies.mx\/consejonacional\/wp-content\/uploads\/sites\/2\/2019\/11\/cabezal22015cn.png 1245w, https:\/\/organoscolegiados.anuies.mx\/consejonacional\/wp-content\/uploads\/sites\/2\/2019\/11\/cabezal22015cn-300x29.png 300w, https:\/\/organoscolegiados.anuies.mx\/consejonacional\/wp-content\/uploads\/sites\/2\/2019\/11\/cabezal22015cn-768x75.png 768w, https:\/\/organoscolegiados.anuies.mx\/consejonacional\/wp-content\/uploads\/sites\/2\/2019\/11\/cabezal22015cn-1024x100.png 1024w\" sizes=\"auto, (max-width: 1245px) 100vw, 1245px\" \/><\/p>\n<p style=\"text-align: center\" align=\"center\"><span style=\"color: #000000\"><strong>CONVOCATORIA<\/strong><\/span><\/p>\n<p style=\"text-align: justify\"><span style=\"color: #000000\">Con fundamento en los art\u00edculos Vig\u00e9simo Primero, Trig\u00e9simo Primero y Trig\u00e9simo Tercero, fracci\u00f3n VI, del Estatuto de la Asociaci\u00f3n Nacional de Universidades e Instituciones de Educaci\u00f3n Superior (ANUIES), A.C., se convoca a los titulares de las instituciones que integran el Consejo Nacional a la Segunda Sesi\u00f3n Ordinaria que se efectuar\u00e1 el 25 de junio de 2015 a partir de las 17:00 horas en la Universidad Aut\u00f3noma de Guadalajara, ubicada en Av. Patria, N\u00famero 1201, Col. Lomas del Valle, C.P. 45129, Zapopan, Jalisco, bajo el siguiente:<\/span><\/p>\n<p style=\"text-align: center\"><span style=\"color: #000000\"><b>ORDEN DEL D\u00cdA<\/b><b>\u00a0<\/b><\/span><\/p>\n<ol style=\"text-align: justify\">\n<li><span style=\"color: #000000\"><a style=\"color: #000000\" href=\"https:\/\/organoscolegiados.anuies.mx\/consejonacional\/wp-content\/uploads\/sites\/2\/2019\/11\/1.-Miembros-del-CONSEJO-NACIONAL-1.pdf\" target=\"_blank\" rel=\"noopener noreferrer\">Lista de asistencia y verificaci\u00f3n de qu\u00f3rum<\/a>.<\/span><\/li>\n<li><a href=\"https:\/\/organoscolegiados.anuies.mx\/consejonacional\/wp-content\/uploads\/sites\/2\/2020\/04\/Aprobaci\u00f3n-del-Orden-del-D\u00eda-SO.2.2015.pdf\" target=\"_blank\" rel=\"noopener noreferrer\"><span style=\"color: #000000\">Aprobaci\u00f3n del Orden del D\u00eda.<\/span><\/a><\/li>\n<li><span style=\"color: #000000\"><a style=\"color: #000000\" href=\"https:\/\/organoscolegiados.anuies.mx\/consejonacional\/wp-content\/uploads\/sites\/2\/2019\/11\/3.-Acta-de-la-sesi\u00f3n-ordinaria-1-2015-CN.pdf\" target=\"_blank\" rel=\"noopener noreferrer\">Lectura y aprobaci\u00f3n, en su caso, del Acta de la Sesi\u00f3n Ordinaria 1.2015<\/a>.<\/span><\/li>\n<\/ol>\n<p style=\"padding-left: 80px\"><a href=\"https:\/\/organoscolegiados.anuies.mx\/consejonacional\/wp-content\/uploads\/sites\/2\/2020\/04\/Aprobaci\u00f3n-y-Lectura-del-Acta-SO.2.2015.pdf\" target=\"_blank\" rel=\"noopener noreferrer\"><span style=\"color: #000000\">3.1 Aprobaci\u00f3n del Acta de la Sesi\u00f3n Ordinaria 1.2015<\/span><\/a><\/p>\n<p style=\"padding-left: 40px\"><span style=\"color: #000000\">4.<a style=\"color: #000000\" href=\"https:\/\/organoscolegiados.anuies.mx\/consejonacional\/wp-content\/uploads\/sites\/2\/2020\/01\/4.-Informe-mesas-SEP-ANUIES.pdf\" target=\"_blank\" rel=\"noopener noreferrer\">Presentaci\u00f3n de los avances de los trabajos derivados de los \u201cDi\u00e1logos sobre la educaci\u00f3n superior en M\u00e9xico\u201d.<\/a><\/span><\/p>\n<p style=\"padding-left: 40px\"><span style=\"color: #000000\">5. <a style=\"color: #000000\" href=\"https:\/\/organoscolegiados.anuies.mx\/consejonacional\/wp-content\/uploads\/sites\/2\/2020\/01\/5.-Presentaci\u00f3n-SINED.pdf\" target=\"_blank\" rel=\"noopener noreferrer\">Informe sobre la situaci\u00f3n actual del Sistema Nacional de Educaci\u00f3n a Distancia, A.C.<\/a><\/span><\/p>\n<p style=\"padding-left: 40px\"><span style=\"color: #000000\">6. <a style=\"color: #000000\" href=\"https:\/\/organoscolegiados.anuies.mx\/consejonacional\/wp-content\/uploads\/sites\/2\/2020\/01\/6.-Estudio-preliminar-de-pol\u00edtica-legislativa-del-Estatuto-de-la-ANUIES.pdf\" target=\"_blank\" rel=\"noopener noreferrer\">Estudio de pol\u00edtica legislativa sobre el Estatuto de la ANUIES.<\/a><\/span><\/p>\n<p style=\"padding-left: 40px\"><span style=\"color: #000000\">7. <a style=\"color: #000000\" href=\"https:\/\/organoscolegiados.anuies.mx\/consejonacional\/wp-content\/uploads\/sites\/2\/2019\/11\/7.-Infome-solicitudes-de-ingreso-2015.pdf\" target=\"_blank\" rel=\"noopener noreferrer\">Informe de las solicitudes de ingreso 2015 a la ANUIES<\/a>.<\/span><\/p>\n<p style=\"padding-left: 40px\"><span style=\"color: #000000\">8.<a style=\"color: #000000\" href=\"https:\/\/organoscolegiados.anuies.mx\/consejonacional\/wp-content\/uploads\/sites\/2\/2020\/01\/8.-Proyecto-CID.pdf\" target=\"_blank\" rel=\"noopener noreferrer\">Presentaci\u00f3n del proyecto de Centro de Desarrollo Acad\u00e9mico de la ANUIES.<\/a><\/span><\/p>\n<p style=\"padding-left: 40px\"><a href=\"https:\/\/organoscolegiados.anuies.mx\/consejonacional\/wp-content\/uploads\/sites\/2\/2020\/04\/Asuntos-generales-SO.2.2015.pdf\" target=\"_blank\" rel=\"noopener noreferrer\"><span style=\"color: #000000\">9. Asuntos generales.<\/span><\/a><\/p>\n<p style=\"text-align: center\" align=\"center\"><span style=\"color: #000000\"><b>Mtro. Jaime Valls Esponda<\/b><\/span><\/p>\n<p style=\"text-align: center\" align=\"center\"><span style=\"color: #000000\">Secretario General Ejecutivo<\/span><\/p>\n","protected":false},"excerpt":{"rendered":"<p>CONVOCATORIA Con fundamento en los art\u00edculos Vig\u00e9simo Primero, Trig\u00e9simo Primero y Trig\u00e9simo Tercero, fracci\u00f3n VI, del Estatuto de la Asociaci\u00f3n Nacional de Universidades e Instituciones de Educaci\u00f3n Superior (ANUIES), A.C., &hellip; <\/p>\n","protected":false},"author":1,"featured_media":0,"parent":0,"menu_order":0,"comment_status":"closed","ping_status":"closed","template":"","meta":{"ngg_post_thumbnail":0,"footnotes":""},"class_list":["post-432","page","type-page","status-publish","hentry"],"_links":{"self":[{"href":"https:\/\/organoscolegiados.anuies.mx\/consejonacional\/wp-json\/wp\/v2\/pages\/432","targetHints":{"allow":["GET"]}}],"collection":[{"href":"https:\/\/organoscolegiados.anuies.mx\/consejonacional\/wp-json\/wp\/v2\/pages"}],"about":[{"href":"https:\/\/organoscolegiados.anuies.mx\/consejonacional\/wp-json\/wp\/v2\/types\/page"}],"author":[{"embeddable":true,"href":"https:\/\/organoscolegiados.anuies.mx\/consejonacional\/wp-json\/wp\/v2\/users\/1"}],"replies":[{"embeddable":true,"href":"https:\/\/organoscolegiados.anuies.mx\/consejonacional\/wp-json\/wp\/v2\/comments?post=432"}],"version-history":[{"count":11,"href":"https:\/\/organoscolegiados.anuies.mx\/consejonacional\/wp-json\/wp\/v2\/pages\/432\/revisions"}],"predecessor-version":[{"id":1137,"href":"https:\/\/organoscolegiados.anuies.mx\/consejonacional\/wp-json\/wp\/v2\/pages\/432\/revisions\/1137"}],"wp:attachment":[{"href":"https:\/\/organoscolegiados.anuies.mx\/consejonacional\/wp-json\/wp\/v2\/media?parent=432"}],"curies":[{"name":"wp","href":"https:\/\/api.w.org\/{rel}","templated":true}]}}