{"id":449,"date":"2019-11-06T18:25:17","date_gmt":"2019-11-06T17:25:17","guid":{"rendered":"https:\/\/organoscolegiados.anuies.mx\/consejonacional\/?page_id=449"},"modified":"2020-04-06T17:03:56","modified_gmt":"2020-04-06T15:03:56","slug":"cn32015","status":"publish","type":"page","link":"https:\/\/organoscolegiados.anuies.mx\/consejonacional\/cn32015\/","title":{"rendered":"3.2015 Sesi\u00f3n Ordinaria del Consejo Nacional"},"content":{"rendered":"<p align=\"center\"><img loading=\"lazy\" decoding=\"async\" class=\"alignnone size-full wp-image-450\" src=\"https:\/\/organoscolegiados.anuies.mx\/consejonacional\/wp-content\/uploads\/sites\/2\/2019\/11\/cabezal32015cn.png\" alt=\"\" width=\"1245\" height=\"121\" \/><\/p>\n<p style=\"text-align: center\" align=\"center\"><span style=\"color: #000000\"><strong>CONVOCATORIA<\/strong><\/span><\/p>\n<p style=\"text-align: justify\"><span style=\"color: #000000\">Con fundamento en los art\u00edculos Vig\u00e9simo Primero, Trig\u00e9simo Primero y Trig\u00e9simo Tercero, fracci\u00f3n VI, del Estatuto de la Asociaci\u00f3n Nacional de Universidades e Instituciones de Educaci\u00f3n Superior (ANUIES), A.C., se convoca a los titulares de las instituciones que integran el Consejo Nacional a la Tercera Sesi\u00f3n Ordinaria que se efectuar\u00e1 el 28 de agosto de 2015 a partir de las 11:00 horas en las instalaciones de la Secretar\u00eda General Ejecutiva ubicadas en Tenayuca 200, Col. Santa Cruz Atoyac, C.P. 03310, M\u00e9xico, D.F., bajo el siguiente:<\/span><\/p>\n<p style=\"text-align: center\"><span style=\"color: #000000\"><b>ORDEN DEL D\u00cdA<\/b><b>\u00a0<\/b><\/span><\/p>\n<ol style=\"text-align: justify\">\n<li><span style=\"color: #000000\"><a style=\"color: #000000\" href=\"https:\/\/organoscolegiados.anuies.mx\/consejonacional\/wp-content\/uploads\/sites\/2\/2019\/11\/1.-Miembros-del-CONSEJO-NACIONAL.pdf\" target=\"_blank\" rel=\"noopener noreferrer\">Lista de asistencia y verificaci\u00f3n de qu\u00f3rum<\/a>.<\/span><\/li>\n<li><span style=\"color: #000000\"><a style=\"color: #000000\" href=\"https:\/\/organoscolegiados.anuies.mx\/consejonacional\/wp-content\/uploads\/sites\/2\/2020\/04\/Aprobaci\u00f3n-del-Orden-del-D\u00eda-SO.3.2015.pdf\" target=\"_blank\" rel=\"noopener noreferrer\">Aprobaci\u00f3n del Orden del D\u00eda.<\/a><\/span><\/li>\n<li><span style=\"color: #000000\"><a style=\"color: #000000\" href=\"https:\/\/organoscolegiados.anuies.mx\/consejonacional\/wp-content\/uploads\/sites\/2\/2019\/11\/3.-Acta-de-la-sesi\u00f3n-ordinaria-2.2015-CN.pdf\" target=\"_blank\" rel=\"noopener noreferrer\">Lectura y aprobaci\u00f3n, en su caso, del Acta de la Sesi\u00f3n Ordinaria 2.2015<\/a>.<\/span><\/li>\n<\/ol>\n<p style=\"padding-left: 80px\"><span style=\"color: #000000\"><a style=\"color: #000000\" href=\"https:\/\/organoscolegiados.anuies.mx\/consejonacional\/wp-content\/uploads\/sites\/2\/2020\/04\/Aprobaci\u00f3n-y-Lectura-de-Acta-SO.3.2015.pdf\" target=\"_blank\" rel=\"noopener noreferrer\">3.1 Aprobaci\u00f3n del Acta de la Sesi\u00f3n Ordinaria 2.2015.<\/a><\/span><\/p>\n<p style=\"padding-left: 40px\"><span style=\"color: #000000\">4. <a style=\"color: #000000\" href=\"https:\/\/organoscolegiados.anuies.mx\/consejonacional\/wp-content\/uploads\/sites\/2\/2020\/03\/Invitados-especiales-acuerdo-3.O.-2015.pdf\" target=\"_blank\" rel=\"noopener noreferrer\">Presentaciones y exposiciones, en su caso, de los invitados especiales.<\/a><\/span><\/p>\n<p style=\"padding-left: 40px\"><span style=\"color: #000000\">5. <a style=\"color: #000000\" href=\"https:\/\/organoscolegiados.anuies.mx\/consejonacional\/wp-content\/uploads\/sites\/2\/2019\/11\/5.-Simulacro-Nacional_Anuies_28ago.pdf\" target=\"_blank\" rel=\"noopener noreferrer\">Presentaci\u00f3n de las actividades previstas por la Coordinaci\u00f3n Nacional de Protecci\u00f3n Civil de la SEGOB para el simulacro nacional con motivo del 30 aniversario de los sismos de 1985<\/a>.<\/span><\/p>\n<p style=\"padding-left: 40px\"><span style=\"color: #000000\">6. <a style=\"color: #000000\" href=\"https:\/\/organoscolegiados.anuies.mx\/consejonacional\/wp-content\/uploads\/sites\/2\/2019\/11\/6.-Informe-Mesas-de-Trabajo-260815.pdf\" target=\"_blank\" rel=\"noopener noreferrer\">Presentaci\u00f3n de los avances de las mesas de trabajo SEP-ANUIES<\/a>.<\/span><\/p>\n<p style=\"padding-left: 40px\"><span style=\"color: #000000\">7. <a style=\"color: #000000\" href=\"https:\/\/organoscolegiados.anuies.mx\/consejonacional\/wp-content\/uploads\/sites\/2\/2019\/11\/7.-Fichas-de-los-candidatos-al-Premio-ANUIES-conmemorativo-65-a\u00f1os.pdf\" target=\"_blank\" rel=\"noopener noreferrer\">Presentaci\u00f3n y aprobaci\u00f3n, en su caso, de las postulaciones presentadas por los consejos regionales para obtener el Premio Conmemorativo de los 65 a\u00f1os de la ANUIES<\/a>.<\/span><\/p>\n<p style=\"padding-left: 40px\"><span style=\"color: #000000\">8. <a style=\"color: #000000\" href=\"https:\/\/organoscolegiados.anuies.mx\/consejonacional\/wp-content\/uploads\/sites\/2\/2019\/11\/8.-Foro-colegiaci\u00f3n-y-certificaci\u00f3n-profesional-obligatorias1.pdf\" target=\"_blank\" rel=\"noopener noreferrer\">Informe del Foro sobre colegiaci\u00f3n y certificaci\u00f3n profesional obligatorias que se llevar\u00e1 a cabo el 7 de septiembre del a\u00f1o en curso<\/a>.<\/span><\/p>\n<p style=\"padding-left: 40px\"><span style=\"color: #000000\">9. <a style=\"color: #000000\" href=\"https:\/\/organoscolegiados.anuies.mx\/consejonacional\/wp-content\/uploads\/sites\/2\/2020\/03\/Develaci\u00f3n-3.O.2015.pdf\" target=\"_blank\" rel=\"noopener noreferrer\">Develaci\u00f3n del retrato conmemorativo del Dr. Enrique Fern\u00e1ndez Fassnacht, como Secretario General Ejecutivo de la ANUIES, durante el periodo 2013-2014.<\/a><\/span><\/p>\n<p style=\"padding-left: 40px\"><span style=\"color: #000000\">10. <a style=\"color: #000000\" href=\"https:\/\/organoscolegiados.anuies.mx\/consejonacional\/wp-content\/uploads\/sites\/2\/2020\/03\/Asuntos-generales-3.O.2015.pdf\" target=\"_blank\" rel=\"noopener noreferrer\">Asuntos generales.<\/a><\/span><\/p>\n<p style=\"text-align: center\" align=\"center\"><span style=\"color: #000000\"><strong>Mtro. Jaime Valls Esponda<\/strong><\/span><\/p>\n<p style=\"text-align: center\" align=\"center\"><span style=\"color: #000000\">Secretario General Ejecutivo<\/span><\/p>\n","protected":false},"excerpt":{"rendered":"<p>CONVOCATORIA Con fundamento en los art\u00edculos Vig\u00e9simo Primero, Trig\u00e9simo Primero y Trig\u00e9simo Tercero, fracci\u00f3n VI, del Estatuto de la Asociaci\u00f3n Nacional de Universidades e Instituciones de Educaci\u00f3n Superior (ANUIES), A.C., &hellip; <\/p>\n","protected":false},"author":1,"featured_media":0,"parent":0,"menu_order":0,"comment_status":"closed","ping_status":"closed","template":"","meta":{"ngg_post_thumbnail":0,"footnotes":""},"class_list":["post-449","page","type-page","status-publish","hentry"],"_links":{"self":[{"href":"https:\/\/organoscolegiados.anuies.mx\/consejonacional\/wp-json\/wp\/v2\/pages\/449","targetHints":{"allow":["GET"]}}],"collection":[{"href":"https:\/\/organoscolegiados.anuies.mx\/consejonacional\/wp-json\/wp\/v2\/pages"}],"about":[{"href":"https:\/\/organoscolegiados.anuies.mx\/consejonacional\/wp-json\/wp\/v2\/types\/page"}],"author":[{"embeddable":true,"href":"https:\/\/organoscolegiados.anuies.mx\/consejonacional\/wp-json\/wp\/v2\/users\/1"}],"replies":[{"embeddable":true,"href":"https:\/\/organoscolegiados.anuies.mx\/consejonacional\/wp-json\/wp\/v2\/comments?post=449"}],"version-history":[{"count":11,"href":"https:\/\/organoscolegiados.anuies.mx\/consejonacional\/wp-json\/wp\/v2\/pages\/449\/revisions"}],"predecessor-version":[{"id":937,"href":"https:\/\/organoscolegiados.anuies.mx\/consejonacional\/wp-json\/wp\/v2\/pages\/449\/revisions\/937"}],"wp:attachment":[{"href":"https:\/\/organoscolegiados.anuies.mx\/consejonacional\/wp-json\/wp\/v2\/media?parent=449"}],"curies":[{"name":"wp","href":"https:\/\/api.w.org\/{rel}","templated":true}]}}