{"id":453,"date":"2019-11-06T18:26:58","date_gmt":"2019-11-06T17:26:58","guid":{"rendered":"https:\/\/organoscolegiados.anuies.mx\/consejonacional\/?page_id=453"},"modified":"2020-04-06T17:51:09","modified_gmt":"2020-04-06T15:51:09","slug":"cn42015","status":"publish","type":"page","link":"https:\/\/organoscolegiados.anuies.mx\/consejonacional\/cn42015\/","title":{"rendered":"4.2015 Sesi\u00f3n Ordinaria del Consejo Nacional"},"content":{"rendered":"<p align=\"center\"><img loading=\"lazy\" decoding=\"async\" class=\"alignnone size-full wp-image-456\" src=\"https:\/\/organoscolegiados.anuies.mx\/consejonacional\/wp-content\/uploads\/sites\/2\/2019\/11\/cabezal42015cn.png\" alt=\"\" width=\"1245\" height=\"121\" srcset=\"https:\/\/organoscolegiados.anuies.mx\/consejonacional\/wp-content\/uploads\/sites\/2\/2019\/11\/cabezal42015cn.png 1245w, https:\/\/organoscolegiados.anuies.mx\/consejonacional\/wp-content\/uploads\/sites\/2\/2019\/11\/cabezal42015cn-300x29.png 300w, https:\/\/organoscolegiados.anuies.mx\/consejonacional\/wp-content\/uploads\/sites\/2\/2019\/11\/cabezal42015cn-768x75.png 768w, https:\/\/organoscolegiados.anuies.mx\/consejonacional\/wp-content\/uploads\/sites\/2\/2019\/11\/cabezal42015cn-1024x100.png 1024w\" sizes=\"auto, (max-width: 1245px) 100vw, 1245px\" \/><\/p>\n<p style=\"text-align: center\" align=\"center\"><span style=\"color: #000000\"><strong>CONVOCATORIA<\/strong><\/span><\/p>\n<p style=\"text-align: justify\"><span style=\"color: #000000\">Con fundamento en los art\u00edculos Vig\u00e9simo Primero, Trig\u00e9simo Primero y Trig\u00e9simo Tercero, fracci\u00f3n VI, del Estatuto de la Asociaci\u00f3n Nacional de Universidades e Instituciones de Educaci\u00f3n Superior (ANUIES), A.C., se convoca a los titulares de las instituciones que integran el Consejo Nacional a la Cuarta Sesi\u00f3n Ordinaria que se efectuar\u00e1 el 24 de noviembre de 2015 a partir de las 11:00 horas en Ej\u00e9rcito de Oriente No. 100, Unidad C\u00edvica y Cultural 5 de mayo, C.P. 72260, Puebla, Puebla, bajo el siguiente:<\/span><\/p>\n<p style=\"text-align: center\"><span style=\"color: #000000\"><b>ORDEN DEL D\u00cdA<\/b><b><\/b><\/span><\/p>\n<ol style=\"text-align: justify\">\n<li><span style=\"color: #000000\"><a style=\"color: #000000\" href=\"https:\/\/organoscolegiados.anuies.mx\/consejonacional\/wp-content\/uploads\/sites\/2\/2020\/03\/1.-Miembros-del-Consejo-Nacional-4.O.2015.pdf\" target=\"_blank\" rel=\"noopener noreferrer\">Lista de asistencia y verificaci\u00f3n de\u00a0<i>qu\u00f3rum<\/i>.<\/a><\/span><\/li>\n<li><span style=\"color: #000000\"><a style=\"color: #000000\" href=\"https:\/\/organoscolegiados.anuies.mx\/consejonacional\/wp-content\/uploads\/sites\/2\/2020\/03\/Aprobaci\u00f3n-del-Orden-del-D\u00eda-4.O.2015.pdf\" target=\"_blank\" rel=\"noopener noreferrer\">Aprobaci\u00f3n del Orden del D\u00eda.<\/a><\/span><\/li>\n<li><span style=\"color: #000000\"><a style=\"color: #000000\" href=\"https:\/\/organoscolegiados.anuies.mx\/consejonacional\/wp-content\/uploads\/sites\/2\/2020\/04\/3.-Acta-de-la-sesi\u00f3n-ordinaria-3.2015-CN.pdf\" target=\"_blank\" rel=\"noopener noreferrer\">Lectura y aprobaci\u00f3n, en su caso, del acta de la Sesi\u00f3n Ordinaria 3.2015.<\/a><br \/>\n<a style=\"color: #000000\" href=\"https:\/\/organoscolegiados.anuies.mx\/consejonacional\/wp-content\/uploads\/sites\/2\/2020\/04\/Aprobaci\u00f3n-y-Lectura-del-Acta-SO.4.2015.pdf\" target=\"_blank\" rel=\"noopener noreferrer\">3.1 Aprobaci\u00f3n del Acta de la Sesi\u00f3n Ordinaria 3.2015<\/a><\/span><\/li>\n<li><span style=\"color: #000000\"><a style=\"color: #000000\" href=\"https:\/\/organoscolegiados.anuies.mx\/consejonacional\/wp-content\/uploads\/sites\/2\/2020\/03\/4.1.-Zone-of-Knowledge.-Peter-McPherson-4.O-2-4.O.2015.pdf\" target=\"_blank\" rel=\"noopener noreferrer\">Presentaciones y exposiciones, en su caso, de los invitados especiales.<\/a><\/span><\/li>\n<\/ol>\n<ul>\n<li style=\"list-style-type: none\">\n<ul>\n<li><span style=\"color: #000000\"><a style=\"color: #000000\" href=\"https:\/\/organoscolegiados.anuies.mx\/consejonacional\/wp-content\/uploads\/sites\/2\/2020\/03\/4.1.-Zone-of-Knowledge.-Peter-McPherson-4.O-1.pdf\" target=\"_blank\" rel=\"noopener noreferrer\">Presentaci\u00f3n<\/a><\/span><\/li>\n<\/ul>\n<\/li>\n<\/ul>\n<p style=\"padding-left: 40px;text-align: justify\"><span style=\"color: #000000\"><a style=\"color: #000000\" href=\"https:\/\/organoscolegiados.anuies.mx\/consejonacional\/wp-content\/uploads\/sites\/2\/2020\/03\/5.-Dictamen-de-las-solicitudes-de-ingreso-2015-a-la-ANUIES-4.O.2015.pdf\" target=\"_blank\" rel=\"noopener noreferrer\">5. An\u00e1lisis y aprobaci\u00f3n, en su caso, de las resoluciones de los Consejos Regionales sobre las solicitudes de ingreso a la ANUIES.<\/a><\/span><\/p>\n<ul>\n<li style=\"list-style-type: none\">\n<ul>\n<li><span style=\"color: #000000\"><a style=\"color: #000000\" href=\"https:\/\/organoscolegiados.anuies.mx\/consejonacional\/wp-content\/uploads\/sites\/2\/2020\/03\/5.-Dictamen-general-solicitudes-de-ingreso-4.O.2015.pdf\" target=\"_blank\" rel=\"noopener noreferrer\">Dictamen<\/a><\/span><\/li>\n<\/ul>\n<\/li>\n<\/ul>\n<p style=\"padding-left: 40px;text-align: justify\"><span style=\"color: #000000\"><a style=\"color: #000000\" href=\"https:\/\/organoscolegiados.anuies.mx\/consejonacional\/wp-content\/uploads\/sites\/2\/2020\/03\/6.-modificaciones-al-Procedimiento-de-Ingreso-a-la-ANUIES-4.O.2015.pdf\" target=\"_blank\" rel=\"noopener noreferrer\">6. Presentaci\u00f3n y an\u00e1lisis del proyecto de modificaciones al procedimiento, requisitos y tipolog\u00eda para el ingreso de instituciones de educaci\u00f3n superior a la ANUIES, para en su caso, someterlo a la aprobaci\u00f3n de la Asamblea General.<\/a><\/span><br \/>\n<span style=\"color: #000000\"><a style=\"color: #000000\" href=\"https:\/\/organoscolegiados.anuies.mx\/consejonacional\/wp-content\/uploads\/sites\/2\/2020\/03\/7.-Presentacion-Informe-de-actividades-2015-4.O.2015.pdf\" target=\"_blank\" rel=\"noopener noreferrer\">7. Presentaci\u00f3n y aprobaci\u00f3n, en su caso, del informe de actividades 2015 del Consejo Nacional que se rendir\u00e1 a la Asamblea General.<\/a><\/span><br \/>\n<span style=\"color: #000000\"><a style=\"color: #000000\" href=\"https:\/\/organoscolegiados.anuies.mx\/consejonacional\/wp-content\/uploads\/sites\/2\/2020\/04\/Agenda-OC-2016.pdf\" target=\"_blank\" rel=\"noopener noreferrer\">8. Presentaci\u00f3n y aprobaci\u00f3n, en su caso, de la agenda de trabajo 2016 de los \u00f3rganos colegiados nacionales de la ANUIES.<\/a><\/span><br \/>\n<span style=\"color: #000000\"><a style=\"color: #000000\" href=\"https:\/\/organoscolegiados.anuies.mx\/consejonacional\/wp-content\/uploads\/sites\/2\/2020\/03\/9.-Informe-Premio-ANUIES-2015-4.O.2015.pdf\" target=\"_blank\" rel=\"noopener noreferrer\">9. Presentaci\u00f3n del informe del Premio ANUIES 2015.<\/a><\/span><\/p>\n<ul>\n<li style=\"list-style-type: none\">\n<ul>\n<li><span style=\"color: #000000\"><a style=\"color: #000000\" href=\"https:\/\/organoscolegiados.anuies.mx\/consejonacional\/wp-content\/uploads\/sites\/2\/2020\/03\/9.-Presentacion-del-Premio-ANUIES-2015-4.O.2015.pdf\" target=\"_blank\" rel=\"noopener noreferrer\">Premio ANUIES 2015<\/a><\/span><\/li>\n<\/ul>\n<\/li>\n<\/ul>\n<p style=\"padding-left: 40px;text-align: justify\"><span style=\"color: #000000\"><a style=\"color: #000000\" href=\"https:\/\/organoscolegiados.anuies.mx\/consejonacional\/wp-content\/uploads\/sites\/2\/2020\/03\/Designaci\u00f3n-Auditor-4.O.2015.pdf\" target=\"_blank\" rel=\"noopener noreferrer\">10. Designaci\u00f3n del Auditor Externo de la ANUIES para el Ejercicio Fiscal 2016.<\/a><\/span><br \/>\n<span style=\"color: #000000\"><a style=\"color: #000000\" href=\"https:\/\/organoscolegiados.anuies.mx\/consejonacional\/wp-content\/uploads\/sites\/2\/2020\/03\/Agenda-SEP-ANUIES-para-el-desarrollo-de-la-educacion-superior-4.O.2015.pdf\" target=\"_blank\" rel=\"noopener noreferrer\">11. Presentaci\u00f3n de la agenda SEP-ANUIES para el desarrollo de la educaci\u00f3n superior.<\/a><\/span><br \/>\n<span style=\"color: #000000\"><a style=\"color: #000000\" href=\"https:\/\/organoscolegiados.anuies.mx\/consejonacional\/wp-content\/uploads\/sites\/2\/2020\/04\/Asuntos-generales-4.O.2015.pdf\" target=\"_blank\" rel=\"noopener noreferrer\">12. Asuntos generales.<\/a><\/span><\/p>\n<p style=\"text-align: center\" align=\"center\"><span style=\"color: #000000\"><b>Mtro. Jaime Valls Esponda<\/b><\/span><\/p>\n<p style=\"text-align: center\" align=\"center\"><span style=\"color: #000000\">Secretario General Ejecutivo<\/span><\/p>\n","protected":false},"excerpt":{"rendered":"<p>CONVOCATORIA Con fundamento en los art\u00edculos Vig\u00e9simo Primero, Trig\u00e9simo Primero y Trig\u00e9simo Tercero, fracci\u00f3n VI, del Estatuto de la Asociaci\u00f3n Nacional de Universidades e Instituciones de Educaci\u00f3n Superior (ANUIES), A.C., &hellip; <\/p>\n","protected":false},"author":1,"featured_media":0,"parent":0,"menu_order":0,"comment_status":"closed","ping_status":"closed","template":"","meta":{"ngg_post_thumbnail":0,"footnotes":""},"class_list":["post-453","page","type-page","status-publish","hentry"],"_links":{"self":[{"href":"https:\/\/organoscolegiados.anuies.mx\/consejonacional\/wp-json\/wp\/v2\/pages\/453","targetHints":{"allow":["GET"]}}],"collection":[{"href":"https:\/\/organoscolegiados.anuies.mx\/consejonacional\/wp-json\/wp\/v2\/pages"}],"about":[{"href":"https:\/\/organoscolegiados.anuies.mx\/consejonacional\/wp-json\/wp\/v2\/types\/page"}],"author":[{"embeddable":true,"href":"https:\/\/organoscolegiados.anuies.mx\/consejonacional\/wp-json\/wp\/v2\/users\/1"}],"replies":[{"embeddable":true,"href":"https:\/\/organoscolegiados.anuies.mx\/consejonacional\/wp-json\/wp\/v2\/comments?post=453"}],"version-history":[{"count":23,"href":"https:\/\/organoscolegiados.anuies.mx\/consejonacional\/wp-json\/wp\/v2\/pages\/453\/revisions"}],"predecessor-version":[{"id":1147,"href":"https:\/\/organoscolegiados.anuies.mx\/consejonacional\/wp-json\/wp\/v2\/pages\/453\/revisions\/1147"}],"wp:attachment":[{"href":"https:\/\/organoscolegiados.anuies.mx\/consejonacional\/wp-json\/wp\/v2\/media?parent=453"}],"curies":[{"name":"wp","href":"https:\/\/api.w.org\/{rel}","templated":true}]}}