{"id":468,"date":"2019-11-06T18:59:30","date_gmt":"2019-11-06T17:59:30","guid":{"rendered":"https:\/\/organoscolegiados.anuies.mx\/consejonacional\/?page_id=468"},"modified":"2020-04-06T18:08:20","modified_gmt":"2020-04-06T16:08:20","slug":"cn12014","status":"publish","type":"page","link":"https:\/\/organoscolegiados.anuies.mx\/consejonacional\/cn12014\/","title":{"rendered":"1.2014 Sesi\u00f3n Ordinaria del Consejo Nacional"},"content":{"rendered":"<p align=\"center\"><img loading=\"lazy\" decoding=\"async\" class=\"size-full wp-image-488 alignleft\" src=\"https:\/\/organoscolegiados.anuies.mx\/consejonacional\/wp-content\/uploads\/sites\/2\/2019\/11\/cabezal12014cn.png\" alt=\"\" width=\"1245\" height=\"121\" srcset=\"https:\/\/organoscolegiados.anuies.mx\/consejonacional\/wp-content\/uploads\/sites\/2\/2019\/11\/cabezal12014cn.png 1245w, https:\/\/organoscolegiados.anuies.mx\/consejonacional\/wp-content\/uploads\/sites\/2\/2019\/11\/cabezal12014cn-300x29.png 300w, https:\/\/organoscolegiados.anuies.mx\/consejonacional\/wp-content\/uploads\/sites\/2\/2019\/11\/cabezal12014cn-768x75.png 768w, https:\/\/organoscolegiados.anuies.mx\/consejonacional\/wp-content\/uploads\/sites\/2\/2019\/11\/cabezal12014cn-1024x100.png 1024w\" sizes=\"auto, (max-width: 1245px) 100vw, 1245px\" \/><\/p>\n<h5 align=\"center\"><span style=\"color: #000000\"><span style=\"font-size: 1rem\">\u00a0<\/span><strong>CONVOCATORIA<\/strong><\/span><\/h5>\n<p style=\"text-align: justify\"><span style=\"color: #000000\">Con fundamento en los art\u00edculos Vig\u00e9simo Primero, Trig\u00e9simo Primero y Trig\u00e9simo Tercero, Fracci\u00f3n VI, del Estatuto de la Asociaci\u00f3n Nacional de Universidades e Instituciones de Educaci\u00f3n Superior, ANUIES, se convoca a los titulares de las instituciones que integran el Consejo Nacional a la Primera Sesi\u00f3n Ordinaria que se efectuar\u00e1 el 31 de marzo de 2014 a partir de las 10:00 horas, en la Unidad de Seminarios Dr. Ignacio Ch\u00e1vez de la Universidad Nacional Aut\u00f3noma de M\u00e9xico, ubicada en Vivero Alto s\/n, Ciudad Universitaria, Col. Jardines del Pedregal, \u00a0C.P. 04510, bajo el siguiente:<\/span><\/p>\n<h5 style=\"text-align: center\"><span style=\"color: #000000\"><b>ORDEN DEL D\u00cdA<\/b><b>\u00a0<\/b><\/span><\/h5>\n<ol>\n<li><span style=\"color: #000000\"><a style=\"color: #000000\" href=\"https:\/\/organoscolegiados.anuies.mx\/consejonacional\/wp-content\/uploads\/sites\/2\/2019\/11\/1_Miembros_Consejo_Nacional.pdf\" target=\"_blank\" rel=\"noopener noreferrer\">Lista de asistencia y verificaci\u00f3n de qu\u00f3rum.<\/a><\/span><\/li>\n<li><span style=\"color: #000000\"><a style=\"color: #000000\" href=\"https:\/\/organoscolegiados.anuies.mx\/consejonacional\/wp-content\/uploads\/sites\/2\/2020\/04\/Aprobaci\u00f3n-del-Orden-del-D\u00eda-SO.1.2014.pdf\" target=\"_blank\" rel=\"noopener noreferrer\">Aprobaci\u00f3n del Orden del D\u00eda.<\/a><\/span><\/li>\n<li><span style=\"color: #000000\"><a style=\"color: #000000\" href=\"https:\/\/organoscolegiados.anuies.mx\/consejonacional\/wp-content\/uploads\/sites\/2\/2019\/11\/3_ACTA_Sesion_Ordinaria_3_2013.pdf\" target=\"_blank\" rel=\"noopener noreferrer\">Lectura y aprobaci\u00f3n, en su caso, del Acta de la Sesi\u00f3n Ordinaria 3.2013 del Consejo Nacional.<\/a><br \/>\n<a style=\"color: #000000\" href=\"https:\/\/organoscolegiados.anuies.mx\/consejonacional\/wp-content\/uploads\/sites\/2\/2020\/04\/Aprobaci\u00f3n-y-Lectura-del-Acta-SO.1.2014.pdf\" target=\"_blank\" rel=\"noopener noreferrer\">3.1 Aprobaci\u00f3n del Acta de la Sesi\u00f3n Ordinaria 3.2013<\/a><\/span><\/li>\n<li><span style=\"color: #000000\"><a style=\"color: #000000\" href=\"https:\/\/organoscolegiados.anuies.mx\/consejonacional\/wp-content\/uploads\/sites\/2\/2019\/11\/4.1.-RECONOCIMIENTOS-A-LEGISLADORES-Y-FUNCIONARIOS1.pdf\" target=\"_blank\" rel=\"noopener noreferrer\">Aprobaci\u00f3n, en su caso, de la entrega de reconocimientos a legisladores y funcionarios promotores de la aprobaci\u00f3n de la Ley de Ingresos y el Presupuesto de Egresos de la Federaci\u00f3n para el Ejercicio Fiscal 2014.<\/a><\/span><\/li>\n<li><span style=\"color: #000000\"><a style=\"color: #000000\" href=\"https:\/\/organoscolegiados.anuies.mx\/consejonacional\/wp-content\/uploads\/sites\/2\/2019\/11\/5_Propuesta_CRCO_nuevas_afiliaciones.pdf\" target=\"_blank\" rel=\"noopener noreferrer\">Presentaci\u00f3n de la propuesta del Consejo Regional Centro Occidente para el ingreso de instituciones de educaci\u00f3n superior a la ANUIES.<\/a>\u00a0 \u00a0 \u00a0<\/span><\/li>\n<\/ol>\n<p style=\"padding-left: 80px\"><span style=\"color: #000000\">5.1 <a style=\"color: #000000\" href=\"https:\/\/organoscolegiados.anuies.mx\/consejonacional\/wp-content\/uploads\/sites\/2\/2019\/11\/5.1.-PROPUESTA-CRCO-NUEVAS-ASOCIADAS1.pdf\" target=\"_blank\" rel=\"noopener noreferrer\">Dictamen de la Secretar\u00eda General Ejecutiva sobre la propuesta de ingreso a la ANUIES de cinco instituciones de la Regi\u00f3n Centro Occidente.<\/a><\/span><\/p>\n<p style=\"padding-left: 40px\"><span style=\"color: #000000\">6. <a style=\"color: #000000\" href=\"https:\/\/organoscolegiados.anuies.mx\/consejonacional\/wp-content\/uploads\/sites\/2\/2019\/11\/6.1.-DICATAMEN-COMISI\u00d3N-PROCEDIMIENTO-REQUISITOS-Y-TIPOLOG\u00cdA.pdf\" target=\"_blank\" rel=\"noopener noreferrer\">Presentaci\u00f3n, an\u00e1lisis y aprobaci\u00f3n, en su caso, del procedimiento, requisitos y tipolog\u00eda para el ingreso de instituciones de educaci\u00f3n superior a la ANUIES.<\/a><\/span><\/p>\n<p style=\"padding-left: 80px\"><span style=\"color: #000000\">6.1. <a style=\"color: #000000\" href=\"https:\/\/organoscolegiados.anuies.mx\/consejonacional\/wp-content\/uploads\/sites\/2\/2019\/11\/6_1_DICTAMEN_DE_LA_COMISION_Procedimiento_requisitos_y_tipologia_de_ingreso_a_la_ANUIES.pdf\" target=\"_blank\" rel=\"noopener noreferrer\">Dictamen que emite la comisi\u00f3n encargada de revisar la propuesta de procedimiento, requisitos y tipolog\u00eda para el ingreso de Instituciones de Educaci\u00f3n Superior a la ANUIES.<\/a><\/span><\/p>\n<p style=\"padding-left: 80px\"><span style=\"color: #000000\">6.2 <a style=\"color: #000000\" href=\"https:\/\/organoscolegiados.anuies.mx\/consejonacional\/wp-content\/uploads\/sites\/2\/2019\/11\/6_1_Procedimiento_y_requisitos_para_el_ingreso_a_la_ANUIES_10_de_enero_de_2014.pdf\" target=\"_blank\" rel=\"noopener noreferrer\">Procedimiento, requisitos y tipolog\u00eda para el ingreso de Instituciones de Educaci\u00f3n a la Asociaci\u00f3n Nacional de Universidades e Instituciones de Educaci\u00f3n Superior, A.C.<\/a><\/span><\/p>\n<p style=\"padding-left: 40px\"><span style=\"color: #000000\">7. <a style=\"color: #000000\" href=\"https:\/\/organoscolegiados.anuies.mx\/consejonacional\/wp-content\/uploads\/sites\/2\/2019\/11\/7.1.-PRESENTACI_N-DE-LOS-INFORMES-2013-Y-LOS-PROGRAMAS1.pdf\" target=\"_blank\" rel=\"noopener noreferrer\">Presentaci\u00f3n de los informes 2013 y los programas de trabajo 2014 de los consejos regionales.<\/a><\/span><\/p>\n<p style=\"padding-left: 80px\"><span style=\"color: #000000\">7.1. <a style=\"color: #000000\" href=\"https:\/\/organoscolegiados.anuies.mx\/consejonacional\/wp-content\/uploads\/sites\/2\/2019\/11\/7_1_1_Informe_y_plan_de_trabajo_CRNO.pdf\" target=\"_blank\" rel=\"noopener noreferrer\">Consejo Regional Noroeste.<\/a><\/span><\/p>\n<p style=\"padding-left: 80px\"><span style=\"color: #000000\">7.2. <a style=\"color: #000000\" href=\"https:\/\/organoscolegiados.anuies.mx\/consejonacional\/wp-content\/uploads\/sites\/2\/2019\/11\/7_2_CRNE_Informe_y_programa.pdf\" target=\"_blank\" rel=\"noopener noreferrer\">Consejo Regional Noreste.<\/a><\/span><\/p>\n<p style=\"padding-left: 80px\"><span style=\"color: #000000\">7.3. <a style=\"color: #000000\" href=\"https:\/\/organoscolegiados.anuies.mx\/consejonacional\/wp-content\/uploads\/sites\/2\/2019\/11\/7_3_CRCO_Informe_y_programa.pdf\" target=\"_blank\" rel=\"noopener noreferrer\">Consejo Regional Centro Occidente.<\/a><\/span><\/p>\n<p style=\"padding-left: 80px\"><span style=\"color: #000000\">7.4. <a style=\"color: #000000\" href=\"https:\/\/organoscolegiados.anuies.mx\/consejonacional\/wp-content\/uploads\/sites\/2\/2019\/11\/7_4_1_CRAM_Informe_2013_Plan_Trabajo_2014final.pdf\" target=\"_blank\" rel=\"noopener noreferrer\">Consejo Regional del \u00c1rea Metropolitana.<\/a><\/span><\/p>\n<p style=\"padding-left: 80px\"><span style=\"color: #000000\">7.5. <a style=\"color: #000000\" href=\"https:\/\/organoscolegiados.anuies.mx\/consejonacional\/wp-content\/uploads\/sites\/2\/2019\/11\/7_5_CRCS_Informe_y_programa.pdf\" target=\"_blank\" rel=\"noopener noreferrer\">Consejo Regional Centro Sur.<\/a><\/span><\/p>\n<p style=\"padding-left: 80px\"><span style=\"color: #000000\">7.6. <a style=\"color: #000000\" href=\"https:\/\/organoscolegiados.anuies.mx\/consejonacional\/wp-content\/uploads\/sites\/2\/2019\/11\/7_6_1_Informe_2013_y_Programa_de_Trabajo_2014_CRSS.pdf\" target=\"_blank\" rel=\"noopener noreferrer\">Consejo Regional Sur Sureste.<\/a><\/span><\/p>\n<p style=\"padding-left: 40px\"><span style=\"color: #000000\">8. <a style=\"color: #000000\" href=\"https:\/\/organoscolegiados.anuies.mx\/consejonacional\/wp-content\/uploads\/sites\/2\/2019\/11\/8.1_INFORME_DEL_EJERCICIO_PRESUPUESTAL_2013_DE_LA_SECRETARIA_GENERAL_EJECUTIVA.pdf\" target=\"_blank\" rel=\"noopener noreferrer\">Presentaci\u00f3n del Informe del Ejercicio Presupuestal 2013 de la ANUIES.<\/a><\/span><\/p>\n<p style=\"padding-left: 40px\"><span style=\"color: #000000\">9. <a style=\"color: #000000\" href=\"https:\/\/organoscolegiados.anuies.mx\/consejonacional\/wp-content\/uploads\/sites\/2\/2019\/11\/9_1_ANUIES_Informe_al_Consejo_Nacional_sobre_los_resultados_de_la_auditoria_2013.pdf\" target=\"_blank\" rel=\"noopener noreferrer\">Presentaci\u00f3n, an\u00e1lisis y aprobaci\u00f3n, en su caso, de los Estados Financieros de la ANUIES correspondientes al Ejercicio 2013, dictaminados por el Auditor Externo.<\/a><\/span><\/p>\n<p style=\"padding-left: 80px\"><span style=\"color: #000000\">9.1. <a style=\"color: #000000\" href=\"https:\/\/organoscolegiados.anuies.mx\/consejonacional\/wp-content\/uploads\/sites\/2\/2019\/11\/9.1.-PRESENTACI_N-AN_LISIS-Y-APROBACI_N-EN-SU-CASO-DE-LOS-ESTADOS-FINANCEIROS-DICTAMINADOS1.pdf\" target=\"_blank\" rel=\"noopener noreferrer\">Dictamen de Auditor externo.<\/a><\/span><\/p>\n<p style=\"padding-left: 40px\"><span style=\"color: #000000\">10. <a style=\"color: #000000\" href=\"https:\/\/organoscolegiados.anuies.mx\/consejonacional\/wp-content\/uploads\/sites\/2\/2019\/11\/10_Informe_Anual_de_Actividades_2013.pdf\" target=\"_blank\" rel=\"noopener noreferrer\">Presentaci\u00f3n del Informe de Actividades 2013 de la ANUIES.<\/a><\/span><\/p>\n<p style=\"padding-left: 40px\"><span style=\"color: #000000\">11. <a style=\"color: #000000\" href=\"https:\/\/organoscolegiados.anuies.mx\/consejonacional\/wp-content\/uploads\/sites\/2\/2019\/11\/11_Programa_de_Trabajo_2014.pdf\" target=\"_blank\" rel=\"noopener noreferrer\">Presentaci\u00f3n, an\u00e1lisis y aprobaci\u00f3n, en su caso, del Programa de Actividades 2014 de la ANUIES.<\/a><\/span><\/p>\n<p style=\"padding-left: 80px\"><span style=\"color: #000000\">11.1. <a style=\"color: #000000\" href=\"https:\/\/organoscolegiados.anuies.mx\/consejonacional\/wp-content\/uploads\/sites\/2\/2019\/11\/11.1.-Programa-de-actividades-20141.pdf\" target=\"_blank\" rel=\"noopener noreferrer\">Presentaci\u00f3n<\/a>.<\/span><\/p>\n<p style=\"padding-left: 40px\"><span style=\"color: #000000\">12. <a style=\"color: #000000\" href=\"https:\/\/organoscolegiados.anuies.mx\/consejonacional\/wp-content\/uploads\/sites\/2\/2019\/11\/12.1.-PROYECTO-PRESUPUESTO-ANUAL-INGRESOS-EGRESOS-20141.pdf\" target=\"_blank\" rel=\"noopener noreferrer\">Presentaci\u00f3n, an\u00e1lisis y aprobaci\u00f3n, en su caso, del Proyecto de Presupuesto de Ingresos y Egresos 2014 de la ANUIES.<\/a><\/span><\/p>\n<p style=\"padding-left: 40px\"><span style=\"color: #000000\">13. Presentaci\u00f3n, an\u00e1lisis y aprobaci\u00f3n, en su caso, de las convocatorias de los premios ANUIES 2014.<\/span><\/p>\n<p style=\"padding-left: 80px\"><span style=\"color: #000000\">13.1. <a style=\"color: #000000\" href=\"https:\/\/organoscolegiados.anuies.mx\/consejonacional\/wp-content\/uploads\/sites\/2\/2019\/11\/13_1_CONVOCATORIA_PREMIO_ANUIES_DOCENCIA.pdf\" target=\"_blank\" rel=\"noopener noreferrer\">Ejercicio docente<\/a>.<\/span><\/p>\n<p style=\"padding-left: 80px\"><span style=\"color: #000000\">13.2 <a style=\"color: #000000\" href=\"https:\/\/organoscolegiados.anuies.mx\/consejonacional\/wp-content\/uploads\/sites\/2\/2019\/11\/13_2_CONVOCATORIA-_PREMIO_ANUIES_DOCTORADO.pdf\" target=\"_blank\" rel=\"noopener noreferrer\">Estudios de doctorado<\/a>.<\/span><\/p>\n<p style=\"padding-left: 80px\"><span style=\"color: #000000\">13.3 <a style=\"color: #000000\" href=\"https:\/\/organoscolegiados.anuies.mx\/consejonacional\/wp-content\/uploads\/sites\/2\/2019\/11\/13_3_CONVOCATORIA_PREMIO_ANUIES_MAESTRIA.pdf\" target=\"_blank\" rel=\"noopener noreferrer\">Estudios de maestr\u00eda.<\/a><\/span><\/p>\n<p style=\"padding-left: 40px\"><span style=\"color: #000000\"><a style=\"color: #000000\" href=\"https:\/\/organoscolegiados.anuies.mx\/consejonacional\/wp-content\/uploads\/sites\/2\/2020\/04\/ASUNTOS-GENERALES-1.O.2014.pdf\" target=\"_blank\" rel=\"noopener noreferrer\">14. Asuntos generales.<\/a><\/span><\/p>\n<p style=\"padding-left: 80px\"><span style=\"color: #000000\">14.1. Desplegado<\/span><\/p>\n<p><span style=\"color: #000000\">&#8212;&#8212;&#8212;&#8212;&#8212;&#8212;&#8212;&#8212;&#8212;&#8212;&#8212;&#8212;&#8212;&#8212;&#8212;&#8212;&#8212;&#8212;&#8212;&#8212;&#8212;&#8212;&#8212;&#8212;&#8212;&#8212;&#8212;&#8212;&#8212;&#8212;&#8212;&#8212;&#8212;&#8212;&#8212;&#8212;&#8212;&#8212;&#8212;&#8212;&#8212;<\/span><\/p>\n<p><span style=\"color: #000000\"><b>A LA COMUNIDAD UNIVERSITARIA<\/b><\/span><\/p>\n<p><span style=\"color: #000000\"><b>A LA OPINI\u00d3N P\u00daBLICA<\/b><\/span><\/p>\n<p style=\"text-align: justify\"><span style=\"color: #000000\">La Asociaci\u00f3n Nacional de Universidades e Instituciones de Educaci\u00f3n Superior de la Rep\u00fablica Mexicana, A. C. (ANUIES), se suma a los pronunciamientos de los \u00f3rganos colegiados de la Universidad Nacional Aut\u00f3noma de M\u00e9xico (UNAM) en torno a la devoluci\u00f3n del Auditorio Justo Sierra por parte de quienes lo ocupan y lo utilizan para fines distintos a los que le son inherentes como patrimonio cultural de la naci\u00f3n y de la humanidad. Asimismo, respalda las gestiones del Rector Jos\u00e9 Narro Robles para que la soluci\u00f3n de los problemas universitarios se d\u00e9 en el marco del di\u00e1logo respetuoso y la convivencia institucional.<\/span><\/p>\n<p align=\"center\"><span style=\"color: #000000\">Atentamente<\/span><\/p>\n<p align=\"center\"><span style=\"color: #000000\"><b>Enrique Fern\u00e1ndez Fassnacht<\/b><\/span><\/p>\n<p align=\"center\"><span style=\"color: #000000\">Secretario General Ejecutivo<\/span><\/p>\n<p align=\"center\"><span style=\"color: #000000\">31 de marzo de 2014<\/span><\/p>\n<p style=\"text-align: left\" align=\"center\"><span style=\"color: #000000\">&#8212;&#8212;&#8212;&#8212;&#8212;&#8212;&#8212;&#8212;&#8212;&#8212;&#8212;&#8212;&#8212;&#8212;&#8212;&#8212;&#8212;&#8212;&#8212;&#8212;&#8212;&#8212;&#8212;&#8212;&#8212;&#8212;&#8212;&#8212;&#8212;&#8212;&#8212;&#8212;&#8212;&#8212;&#8212;&#8212;&#8212;&#8212;&#8212;&#8212;&#8212;<\/span><\/p>\n<p style=\"padding-left: 40px\"><span style=\"color: #000000\">14.2. Comunicado<\/span><\/p>\n<ul>\n<li><span style=\"color: #000000\"><a style=\"color: #000000\" href=\"https:\/\/organoscolegiados.anuies.mx\/consejonacional\/wp-content\/uploads\/sites\/2\/2019\/11\/Mensaje-del-Dr.-Fernandez-Fassnacht.pdf\" target=\"_blank\" rel=\"noopener noreferrer\">Palabras del Dr. Enrique Fern\u00e1ndez Fassnacht.<\/a><\/span><\/li>\n<li><span style=\"color: #000000\"><a style=\"color: #000000\" href=\"https:\/\/organoscolegiados.anuies.mx\/consejonacional\/wp-content\/uploads\/sites\/2\/2019\/11\/PRENSA.pdf\" target=\"_blank\" rel=\"noopener noreferrer\">Comunicado de prensa.<\/a><\/span><\/li>\n<\/ul>\n<h4 align=\"center\"><span style=\"color: #000000\"><b>Dr. Enrique Fern\u00e1ndez Fassnacht<\/b><\/span><\/h4>\n<p align=\"center\"><span style=\"color: #000000\">Secretario General Ejecutivo<\/span><\/p>\n","protected":false},"excerpt":{"rendered":"<p>\u00a0CONVOCATORIA Con fundamento en los art\u00edculos Vig\u00e9simo Primero, Trig\u00e9simo Primero y Trig\u00e9simo Tercero, Fracci\u00f3n VI, del Estatuto de la Asociaci\u00f3n Nacional de Universidades e Instituciones de Educaci\u00f3n Superior, ANUIES, se &hellip; <\/p>\n","protected":false},"author":1,"featured_media":0,"parent":0,"menu_order":0,"comment_status":"closed","ping_status":"closed","template":"","meta":{"ngg_post_thumbnail":0,"footnotes":""},"class_list":["post-468","page","type-page","status-publish","hentry"],"_links":{"self":[{"href":"https:\/\/organoscolegiados.anuies.mx\/consejonacional\/wp-json\/wp\/v2\/pages\/468","targetHints":{"allow":["GET"]}}],"collection":[{"href":"https:\/\/organoscolegiados.anuies.mx\/consejonacional\/wp-json\/wp\/v2\/pages"}],"about":[{"href":"https:\/\/organoscolegiados.anuies.mx\/consejonacional\/wp-json\/wp\/v2\/types\/page"}],"author":[{"embeddable":true,"href":"https:\/\/organoscolegiados.anuies.mx\/consejonacional\/wp-json\/wp\/v2\/users\/1"}],"replies":[{"embeddable":true,"href":"https:\/\/organoscolegiados.anuies.mx\/consejonacional\/wp-json\/wp\/v2\/comments?post=468"}],"version-history":[{"count":17,"href":"https:\/\/organoscolegiados.anuies.mx\/consejonacional\/wp-json\/wp\/v2\/pages\/468\/revisions"}],"predecessor-version":[{"id":714,"href":"https:\/\/organoscolegiados.anuies.mx\/consejonacional\/wp-json\/wp\/v2\/pages\/468\/revisions\/714"}],"wp:attachment":[{"href":"https:\/\/organoscolegiados.anuies.mx\/consejonacional\/wp-json\/wp\/v2\/media?parent=468"}],"curies":[{"name":"wp","href":"https:\/\/api.w.org\/{rel}","templated":true}]}}