{"id":494,"date":"2019-11-06T19:27:16","date_gmt":"2019-11-06T18:27:16","guid":{"rendered":"https:\/\/organoscolegiados.anuies.mx\/consejonacional\/?page_id=494"},"modified":"2020-03-04T17:31:04","modified_gmt":"2020-03-04T16:31:04","slug":"comunicado-cn22014","status":"publish","type":"page","link":"https:\/\/organoscolegiados.anuies.mx\/consejonacional\/comunicado-cn22014\/","title":{"rendered":"2.2014 Sesi\u00f3n Ordinaria del Consejo Nacional"},"content":{"rendered":"<p><img loading=\"lazy\" decoding=\"async\" class=\"size-full wp-image-526 alignleft\" src=\"https:\/\/organoscolegiados.anuies.mx\/consejonacional\/wp-content\/uploads\/sites\/2\/2019\/11\/cabezal22014cn.png\" alt=\"\" width=\"1245\" height=\"121\" srcset=\"https:\/\/organoscolegiados.anuies.mx\/consejonacional\/wp-content\/uploads\/sites\/2\/2019\/11\/cabezal22014cn.png 1245w, https:\/\/organoscolegiados.anuies.mx\/consejonacional\/wp-content\/uploads\/sites\/2\/2019\/11\/cabezal22014cn-300x29.png 300w, https:\/\/organoscolegiados.anuies.mx\/consejonacional\/wp-content\/uploads\/sites\/2\/2019\/11\/cabezal22014cn-768x75.png 768w, https:\/\/organoscolegiados.anuies.mx\/consejonacional\/wp-content\/uploads\/sites\/2\/2019\/11\/cabezal22014cn-1024x100.png 1024w\" sizes=\"auto, (max-width: 1245px) 100vw, 1245px\" \/><br \/>\n<a href=\"https:\/\/organoscolegiados.anuies.mx\/consejonacional\/cn22014\/\"><img loading=\"lazy\" decoding=\"async\" class=\"alignnone size-full wp-image-69\" src=\"https:\/\/organoscolegiados.anuies.mx\/consejonacional\/wp-content\/uploads\/sites\/2\/2019\/10\/inicio1.png\" alt=\"\" width=\"84\" height=\"34\" \/><\/a> <a href=\"https:\/\/organoscolegiados.anuies.mx\/consejonacional\/comunicado-cn22014\/\"><img loading=\"lazy\" decoding=\"async\" class=\"alignnone size-full wp-image-492\" src=\"https:\/\/organoscolegiados.anuies.mx\/consejonacional\/wp-content\/uploads\/sites\/2\/2019\/11\/btn_comunicado.png\" alt=\"\" width=\"128\" height=\"34\" \/><\/a><\/p>\n<h5><span style=\"color: #800000;\">Reconoce\u00a0ANUIES\u00a0a ex miembros del Consejo Nacional<\/span><\/h5>\n<p style=\"text-align: justify;\">En el marco de la Segunda Sesi\u00f3n Ordinaria del Consejo Nacional de la Asociaci\u00f3n Nacional de Universidades e Instituciones de Educaci\u00f3n Superior (ANUIES), que tuvo lugar en la Universidad An\u00e1huac campus Norte, el secretario general ejecutivo de la asociaci\u00f3n, Dr. Enrique Fern\u00e1ndez Fassnacht entreg\u00f3 a los ex integrantes del Consejo Nacional un reconocimiento por su labor y colaboraci\u00f3n para la mejora de la educaci\u00f3n del pa\u00eds.<\/p>\n<p style=\"text-align: justify;\">En su intervenci\u00f3n, Enrique Fern\u00e1ndez dijo que \u2018el Consejo Nacional agradece su invaluable labor y compromiso como representantes del Consejo de Universidades Particulares e Instituciones Afines al Dr. Jos\u00e9 Morales Orozco, rector de la Universidad Iberoamericana (UIA), al Ing. Paulino Alberto Rivas Mart\u00ednez, director del Instituto Tecnol\u00f3gico de Morelia y al Ing. Jos\u00e9 Antonio Dur\u00e1n Mej\u00eda Director del Instituto Tecnol\u00f3gico de Quer\u00e9taro; as\u00ed como al Mtro. Jos\u00e9 Mar\u00eda Leal Guti\u00e9rrez ex Rector de la Universidad Aut\u00f3noma de Tamaulipas\u2019.<\/p>\n<p align=\"center\"><img loading=\"lazy\" decoding=\"async\" class=\"alignnone wp-image-530\" src=\"https:\/\/organoscolegiados.anuies.mx\/consejonacional\/wp-content\/uploads\/sites\/2\/2019\/11\/IMG_0922.jpg\" alt=\"\" width=\"569\" height=\"379\" srcset=\"https:\/\/organoscolegiados.anuies.mx\/consejonacional\/wp-content\/uploads\/sites\/2\/2019\/11\/IMG_0922.jpg 3456w, https:\/\/organoscolegiados.anuies.mx\/consejonacional\/wp-content\/uploads\/sites\/2\/2019\/11\/IMG_0922-300x200.jpg 300w, https:\/\/organoscolegiados.anuies.mx\/consejonacional\/wp-content\/uploads\/sites\/2\/2019\/11\/IMG_0922-768x512.jpg 768w, https:\/\/organoscolegiados.anuies.mx\/consejonacional\/wp-content\/uploads\/sites\/2\/2019\/11\/IMG_0922-1024x683.jpg 1024w, https:\/\/organoscolegiados.anuies.mx\/consejonacional\/wp-content\/uploads\/sites\/2\/2019\/11\/IMG_0922-272x182.jpg 272w\" sizes=\"auto, (max-width: 569px) 100vw, 569px\" \/><\/p>\n","protected":false},"excerpt":{"rendered":"<p>Reconoce\u00a0ANUIES\u00a0a ex miembros del Consejo Nacional En el marco de la Segunda Sesi\u00f3n Ordinaria del Consejo Nacional de la Asociaci\u00f3n Nacional de Universidades e Instituciones de Educaci\u00f3n Superior (ANUIES), que &hellip; <\/p>\n","protected":false},"author":1,"featured_media":0,"parent":0,"menu_order":0,"comment_status":"closed","ping_status":"closed","template":"","meta":{"ngg_post_thumbnail":0,"footnotes":""},"class_list":["post-494","page","type-page","status-publish","hentry"],"_links":{"self":[{"href":"https:\/\/organoscolegiados.anuies.mx\/consejonacional\/wp-json\/wp\/v2\/pages\/494","targetHints":{"allow":["GET"]}}],"collection":[{"href":"https:\/\/organoscolegiados.anuies.mx\/consejonacional\/wp-json\/wp\/v2\/pages"}],"about":[{"href":"https:\/\/organoscolegiados.anuies.mx\/consejonacional\/wp-json\/wp\/v2\/types\/page"}],"author":[{"embeddable":true,"href":"https:\/\/organoscolegiados.anuies.mx\/consejonacional\/wp-json\/wp\/v2\/users\/1"}],"replies":[{"embeddable":true,"href":"https:\/\/organoscolegiados.anuies.mx\/consejonacional\/wp-json\/wp\/v2\/comments?post=494"}],"version-history":[{"count":9,"href":"https:\/\/organoscolegiados.anuies.mx\/consejonacional\/wp-json\/wp\/v2\/pages\/494\/revisions"}],"predecessor-version":[{"id":707,"href":"https:\/\/organoscolegiados.anuies.mx\/consejonacional\/wp-json\/wp\/v2\/pages\/494\/revisions\/707"}],"wp:attachment":[{"href":"https:\/\/organoscolegiados.anuies.mx\/consejonacional\/wp-json\/wp\/v2\/media?parent=494"}],"curies":[{"name":"wp","href":"https:\/\/api.w.org\/{rel}","templated":true}]}}