{"id":511,"date":"2019-11-06T20:05:23","date_gmt":"2019-11-06T19:05:23","guid":{"rendered":"https:\/\/organoscolegiados.anuies.mx\/consejonacional\/?page_id=511"},"modified":"2020-04-07T19:55:05","modified_gmt":"2020-04-07T17:55:05","slug":"cn22014","status":"publish","type":"page","link":"https:\/\/organoscolegiados.anuies.mx\/consejonacional\/cn22014\/","title":{"rendered":"2.2014 Sesi\u00f3n Ordinaria del Consejo Nacional"},"content":{"rendered":"<p><img loading=\"lazy\" decoding=\"async\" class=\"size-full wp-image-526 alignleft\" src=\"https:\/\/organoscolegiados.anuies.mx\/consejonacional\/wp-content\/uploads\/sites\/2\/2019\/11\/cabezal22014cn.png\" alt=\"\" width=\"1245\" height=\"121\" srcset=\"https:\/\/organoscolegiados.anuies.mx\/consejonacional\/wp-content\/uploads\/sites\/2\/2019\/11\/cabezal22014cn.png 1245w, https:\/\/organoscolegiados.anuies.mx\/consejonacional\/wp-content\/uploads\/sites\/2\/2019\/11\/cabezal22014cn-300x29.png 300w, https:\/\/organoscolegiados.anuies.mx\/consejonacional\/wp-content\/uploads\/sites\/2\/2019\/11\/cabezal22014cn-768x75.png 768w, https:\/\/organoscolegiados.anuies.mx\/consejonacional\/wp-content\/uploads\/sites\/2\/2019\/11\/cabezal22014cn-1024x100.png 1024w\" sizes=\"auto, (max-width: 1245px) 100vw, 1245px\" \/><a href=\"https:\/\/organoscolegiados.anuies.mx\/consejonacional\/cn22014\/\"><img loading=\"lazy\" decoding=\"async\" class=\"size-full wp-image-69 alignnone\" src=\"https:\/\/organoscolegiados.anuies.mx\/consejonacional\/wp-content\/uploads\/sites\/2\/2019\/10\/inicio1.png\" alt=\"\" width=\"84\" height=\"34\" \/><\/a> <a href=\"https:\/\/organoscolegiados.anuies.mx\/consejonacional\/comunicado-cn22014\/\"><img loading=\"lazy\" decoding=\"async\" class=\"size-full wp-image-492 alignnone\" src=\"https:\/\/organoscolegiados.anuies.mx\/consejonacional\/wp-content\/uploads\/sites\/2\/2019\/11\/btn_comunicado.png\" alt=\"\" width=\"128\" height=\"34\" \/><\/a><\/p>\n<p style=\"text-align: center\" align=\"center\"><span style=\"color: #000000\"><strong>CONVOCATORIA<\/strong><\/span><\/p>\n<p style=\"text-align: justify\"><span style=\"color: #000000\">Con fundamento en los art\u00edculos Vig\u00e9simo Primero, Trig\u00e9simo Primero y Trig\u00e9simo Tercero, Fracci\u00f3n VI, del Estatuto de la Asociaci\u00f3n Nacional de Universidades e Instituciones de Educaci\u00f3n Superior, ANUIES, se convoca a los titulares de las instituciones que integran el Consejo Nacional a la\u00a0Segunda Sesi\u00f3n Ordinaria que se efectuar\u00e1 el\u00a019 de junio\u00a0de 2014 a partir de las 17:00 horas,\u00a0en las instalaciones de la Universidad An\u00e1huac, ubicadas en Avenida Universidad An\u00e1huac 46, Col. Lomas An\u00e1huac, C.P. 52786, Huixquilucan, Estado de M\u00e9xico, bajo el siguiente:<\/span><\/p>\n<p style=\"text-align: center\"><span style=\"color: #000000\"><b>ORDEN DEL D\u00cdA<\/b><b>\u00a0<\/b><\/span><\/p>\n<ol style=\"text-align: justify\">\n<li><span style=\"color: #000000\"><a style=\"color: #000000\" href=\"https:\/\/organoscolegiados.anuies.mx\/consejonacional\/wp-content\/uploads\/sites\/2\/2019\/11\/1.-MIEMBROS-DEL-CONSEJO-NACIONAL.pdf\" target=\"_blank\" rel=\"noopener noreferrer\">Lista de asistencia y verificaci\u00f3n de\u00a0<em>qu\u00f3rum.<\/em><\/a><\/span><\/li>\n<li><a href=\"https:\/\/organoscolegiados.anuies.mx\/consejonacional\/wp-content\/uploads\/sites\/2\/2020\/04\/Aprobaci\u00f3n-del-Orden-del-D\u00eda-SO.2.2014.pdf\" target=\"_blank\" rel=\"noopener noreferrer\"><span style=\"color: #000000\">Aprobaci\u00f3n del Orden del D\u00eda.<\/span><\/a><\/li>\n<li><span style=\"color: #000000\"><a style=\"color: #000000\" href=\"https:\/\/organoscolegiados.anuies.mx\/consejonacional\/wp-content\/uploads\/sites\/2\/2019\/11\/3.-ACTA-SESI\u00d3N-ORDINARIA-1.2014.pdf\" target=\"_blank\" rel=\"noopener noreferrer\">Lectura y aprobaci\u00f3n, en su caso, del acta de la Sesi\u00f3n Ordinaria 1.2014.<\/a><\/span><\/li>\n<\/ol>\n<p style=\"padding-left: 80px\"><a href=\"https:\/\/organoscolegiados.anuies.mx\/consejonacional\/wp-content\/uploads\/sites\/2\/2020\/04\/Aprobaci\u00f3n-y-Lectura-del-Acta-SO.2.2014.pdf\" target=\"_blank\" rel=\"noopener noreferrer\"><span style=\"color: #000000\">3.1 Aprobaci\u00f3n del Acta de la Sesi\u00f3n Ordinaria 1.2014<\/span><\/a><\/p>\n<p style=\"padding-left: 40px\"><span style=\"color: #000000\">4. <a style=\"color: #000000\" href=\"https:\/\/organoscolegiados.anuies.mx\/consejonacional\/wp-content\/uploads\/sites\/2\/2019\/11\/4.-Entrega-de-reconocimientos.pdf\" target=\"_blank\" rel=\"noopener noreferrer\">Entrega de reconocimientos a titulares que concluyeron su periodo como miembros del Consejo Nacional.<\/a><\/span><\/p>\n<p style=\"padding-left: 40px\"><span style=\"color: #000000\">5. <a style=\"color: #000000\" href=\"https:\/\/organoscolegiados.anuies.mx\/consejonacional\/wp-content\/uploads\/sites\/2\/2019\/11\/5.-LINEAMIENTOS.pdf\" target=\"_blank\" rel=\"noopener noreferrer\">Presentaci\u00f3n de la iniciativa de lineamientos para la integraci\u00f3n de comisiones y creaci\u00f3n de redes de colaboraci\u00f3n.<\/a>\u00a0<a style=\"color: #000000\" href=\"https:\/\/organoscolegiados.anuies.mx\/consejonacional\/wp-content\/uploads\/sites\/2\/2019\/11\/5.-LINEAMIENTOS-CREACI\u00d3N-REDES-INTEGRACI\u00d3N-COMISIONES-.pdf\" target=\"_blank\" rel=\"noopener noreferrer\">Presentaci\u00f3n<\/a><\/span><\/p>\n<p style=\"padding-left: 40px\"><span style=\"color: #000000\">6. <a style=\"color: #000000\" href=\"https:\/\/organoscolegiados.anuies.mx\/consejonacional\/wp-content\/uploads\/sites\/2\/2019\/11\/6.-DESIGNACI\u00d3N-CONSEJOS-ESPECIALES-DE-NUEVAS-ASOCIADAS1.pdf\" target=\"_blank\" rel=\"noopener noreferrer\">Designaci\u00f3n de los consejos especiales a los que se integrar\u00e1n en su caso, las instituciones recomendadas para ingresar a la ANUIES.<\/a><\/span><\/p>\n<p style=\"padding-left: 40px\"><span style=\"color: #000000\">7. <a style=\"color: #000000\" href=\"https:\/\/organoscolegiados.anuies.mx\/consejonacional\/wp-content\/uploads\/sites\/2\/2019\/11\/7.-INSTITUCIONES-ASPIRANTES-A-INGRESAR-A-LA-ANUIES-3.pdf\" target=\"_blank\" rel=\"noopener noreferrer\">Informe sobre las instituciones en proceso de admisi\u00f3n a la ANUIES.<\/a><\/span><\/p>\n<p style=\"padding-left: 40px\"><span style=\"color: #000000\">8. <a style=\"color: #000000\" href=\"https:\/\/organoscolegiados.anuies.mx\/consejonacional\/wp-content\/uploads\/sites\/2\/2019\/11\/8.-INTEGRACI\u00d3N-DE-LA-COMISI\u00d3N-DE-FINANCIAMIENTO2.pdf\" target=\"_blank\" rel=\"noopener noreferrer\">Integraci\u00f3n, en su caso, de una comisi\u00f3n encargada de dar seguimiento a la propuesta de la ANUIES en materia de financiamiento.<\/a><a style=\"color: #000000\" href=\"http:\/\/consejo22014.portal.anuies.mx\/wp-content\/blogs.dir\/14\/files\/sites\/14\/2014\/06\/8.-INTEGRACI%C3%93N-DE-LA-COMISI%C3%93N-DE-FINANCIAMIENTO.pdf\" target=\"_blank\" rel=\"noopener noreferrer\"><br \/>\n<\/a><\/span><\/p>\n<p style=\"padding-left: 40px\"><span style=\"color: #000000\">9. <a style=\"color: #000000\" href=\"https:\/\/organoscolegiados.anuies.mx\/consejonacional\/wp-content\/uploads\/sites\/2\/2019\/11\/9.-PRESENTACI\u00d3N-GAED-.pdf\" target=\"_blank\" rel=\"noopener noreferrer\">Ratificaci\u00f3n de los miembros que integran el Grupo de Asesor de Educaci\u00f3n a Distancia.<\/a>\u00a0<a style=\"color: #000000\" href=\"https:\/\/organoscolegiados.anuies.mx\/consejonacional\/wp-content\/uploads\/sites\/2\/2019\/11\/9.2.-GAED.pdf\" target=\"_blank\" rel=\"noopener noreferrer\">Presentaci\u00f3n<\/a><\/span><\/p>\n<p style=\"padding-left: 40px\"><span style=\"color: #000000\">10. <a style=\"color: #000000\" href=\"https:\/\/organoscolegiados.anuies.mx\/consejonacional\/wp-content\/uploads\/sites\/2\/2019\/11\/10.-PRESENTACI\u00d3N-CCAVB_AJUSTADA-2.pdf\" target=\"_blank\" rel=\"noopener noreferrer\">Presentaci\u00f3n de los resultados del an\u00e1lisis de pertinencia del Centro de Capacitaci\u00f3n Valle de Bravo de la ANUIES.<\/a><\/span><\/p>\n<p style=\"padding-left: 40px\"><span style=\"color: #000000\">11. <a style=\"color: #000000\" href=\"https:\/\/organoscolegiados.anuies.mx\/consejonacional\/wp-content\/uploads\/sites\/2\/2019\/11\/11.-CENTRO-DE-ESTUDIOS-SOBRE-EDUCACI\u00d3N-documento1.pdf\" target=\"_blank\" rel=\"noopener noreferrer\">An\u00e1lisis, discusi\u00f3n y aprobaci\u00f3n, en su caso, de la propuesta del Consejo Regional Centro Occidente para que la ANUIES promueva la creaci\u00f3n del \u201cCentro de Estudios sobre Educaci\u00f3n\u201d en la C\u00e1mara de Diputados.<\/a>\u00a0<\/span><\/p>\n<p style=\"padding-left: 80px\"><span style=\"color: #000000\">11.1. <a style=\"color: #000000\" href=\"https:\/\/organoscolegiados.anuies.mx\/consejonacional\/wp-content\/uploads\/sites\/2\/2019\/11\/11.1.-CREACI\u00d3N-DEL-CENTRO-DE-ESTUDIOS-SOBRE-EDUCACI\u00d3N2.pdf\" target=\"_blank\" rel=\"noopener noreferrer\">Presentaci\u00f3n<\/a><\/span><\/p>\n<p style=\"padding-left: 40px\"><span style=\"color: #000000\"><a style=\"color: #000000\" href=\"https:\/\/organoscolegiados.anuies.mx\/consejonacional\/wp-content\/uploads\/sites\/2\/2020\/04\/ASUNTOS-GENERALES-2.O.2014.pdf\" target=\"_blank\" rel=\"noopener noreferrer\">12. Asuntos generales.<\/a><b>\u00a0\u00a0<\/b><\/span><\/p>\n<p style=\"text-align: center\" align=\"center\"><span style=\"color: #000000\"><strong>Dr. Enrique Fern\u00e1ndez Fassnacht<\/strong><\/span><br \/>\n<span style=\"color: #000000\">Secretario General Ejecutivo<\/span><\/p>\n","protected":false},"excerpt":{"rendered":"<p>CONVOCATORIA Con fundamento en los art\u00edculos Vig\u00e9simo Primero, Trig\u00e9simo Primero y Trig\u00e9simo Tercero, Fracci\u00f3n VI, del Estatuto de la Asociaci\u00f3n Nacional de Universidades e Instituciones de Educaci\u00f3n Superior, ANUIES, se &hellip; <\/p>\n","protected":false},"author":1,"featured_media":0,"parent":0,"menu_order":0,"comment_status":"closed","ping_status":"closed","template":"","meta":{"ngg_post_thumbnail":0,"footnotes":""},"class_list":["post-511","page","type-page","status-publish","hentry"],"_links":{"self":[{"href":"https:\/\/organoscolegiados.anuies.mx\/consejonacional\/wp-json\/wp\/v2\/pages\/511","targetHints":{"allow":["GET"]}}],"collection":[{"href":"https:\/\/organoscolegiados.anuies.mx\/consejonacional\/wp-json\/wp\/v2\/pages"}],"about":[{"href":"https:\/\/organoscolegiados.anuies.mx\/consejonacional\/wp-json\/wp\/v2\/types\/page"}],"author":[{"embeddable":true,"href":"https:\/\/organoscolegiados.anuies.mx\/consejonacional\/wp-json\/wp\/v2\/users\/1"}],"replies":[{"embeddable":true,"href":"https:\/\/organoscolegiados.anuies.mx\/consejonacional\/wp-json\/wp\/v2\/comments?post=511"}],"version-history":[{"count":10,"href":"https:\/\/organoscolegiados.anuies.mx\/consejonacional\/wp-json\/wp\/v2\/pages\/511\/revisions"}],"predecessor-version":[{"id":977,"href":"https:\/\/organoscolegiados.anuies.mx\/consejonacional\/wp-json\/wp\/v2\/pages\/511\/revisions\/977"}],"wp:attachment":[{"href":"https:\/\/organoscolegiados.anuies.mx\/consejonacional\/wp-json\/wp\/v2\/media?parent=511"}],"curies":[{"name":"wp","href":"https:\/\/api.w.org\/{rel}","templated":true}]}}