{"id":539,"date":"2019-11-06T20:17:05","date_gmt":"2019-11-06T19:17:05","guid":{"rendered":"https:\/\/organoscolegiados.anuies.mx\/consejonacional\/?page_id=539"},"modified":"2020-04-07T20:24:32","modified_gmt":"2020-04-07T18:24:32","slug":"cn32014","status":"publish","type":"page","link":"https:\/\/organoscolegiados.anuies.mx\/consejonacional\/cn32014\/","title":{"rendered":"3.2014 Sesi\u00f3n Ordinaria del Consejo Nacional"},"content":{"rendered":"<p style=\"text-align: center\" align=\"center\"><strong><img loading=\"lazy\" decoding=\"async\" class=\"alignnone size-full wp-image-540\" src=\"https:\/\/organoscolegiados.anuies.mx\/consejonacional\/wp-content\/uploads\/sites\/2\/2019\/11\/cabezal32014cn.png\" alt=\"\" width=\"1245\" height=\"121\" srcset=\"https:\/\/organoscolegiados.anuies.mx\/consejonacional\/wp-content\/uploads\/sites\/2\/2019\/11\/cabezal32014cn.png 1245w, https:\/\/organoscolegiados.anuies.mx\/consejonacional\/wp-content\/uploads\/sites\/2\/2019\/11\/cabezal32014cn-300x29.png 300w, https:\/\/organoscolegiados.anuies.mx\/consejonacional\/wp-content\/uploads\/sites\/2\/2019\/11\/cabezal32014cn-768x75.png 768w, https:\/\/organoscolegiados.anuies.mx\/consejonacional\/wp-content\/uploads\/sites\/2\/2019\/11\/cabezal32014cn-1024x100.png 1024w\" sizes=\"auto, (max-width: 1245px) 100vw, 1245px\" \/><\/strong><\/p>\n<h5 style=\"text-align: center\" align=\"center\"><span style=\"color: #000000\"><strong>CONVOCATORIA<\/strong><\/span><\/h5>\n<p style=\"text-align: justify\"><span style=\"color: #000000\">Con fundamento en los art\u00edculos Vig\u00e9simo Primero, Trig\u00e9simo Primero y Trig\u00e9simo Tercero, Fracci\u00f3n VI, del Estatuto de la Asociaci\u00f3n Nacional de Universidades e Instituciones de Educaci\u00f3n Superior, A.C. (ANUIES), se convoca a los titulares de las instituciones que integran el Consejo Nacional a la Tercera Sesi\u00f3n Ordinaria que se efectuar\u00e1 el 29 de agosto de 2014, a partir de las 16:00 horas, en las instalaciones del Instituto Polit\u00e9cnico Nacional ubicadas en Av. Luis Enrique Erro S\/N, Unidad Profesional Adolfo L\u00f3pez Mateos, Zacatenco, Delegaci\u00f3n Gustavo A. Madero, C.P. 07738, bajo el siguiente:<\/span><\/p>\n<h5 style=\"text-align: center\"><span style=\"color: #000000\"><b>ORDEN DEL D\u00cdA<\/b><b><\/b><\/span><\/h5>\n<p><span style=\"color: #000000\">1.<a style=\"color: #000000\" href=\"https:\/\/organoscolegiados.anuies.mx\/consejonacional\/wp-content\/uploads\/sites\/2\/2020\/01\/1.-MIEMBROS-DEL-CN-3.2014.pdf\" target=\"_blank\" rel=\"noopener noreferrer\">Lista de asistencia y verificaci\u00f3n de <em>qu\u00f3rum<\/em>.<\/a><\/span><\/p>\n<p><a href=\"https:\/\/organoscolegiados.anuies.mx\/consejonacional\/wp-content\/uploads\/sites\/2\/2020\/04\/Aprobaci\u00f3n-Orden-del-D\u00eda-SO.3.2014.pdf\" target=\"_blank\" rel=\"noopener noreferrer\"><span style=\"color: #000000\">2. Aprobaci\u00f3n del Orden del D\u00eda.<\/span><\/a><\/p>\n<p><span style=\"color: #000000\">3. <a style=\"color: #000000\" href=\"https:\/\/organoscolegiados.anuies.mx\/consejonacional\/wp-content\/uploads\/sites\/2\/2020\/01\/3.-ACTA-DE-LA-SO-2.2014-CN.pdf\" target=\"_blank\" rel=\"noopener noreferrer\">Lectura y aprobaci\u00f3n, en su caso, del acta de la Sesi\u00f3n Ordinaria 2.2014.<\/a><\/span><\/p>\n<p style=\"padding-left: 40px\"><a href=\"https:\/\/organoscolegiados.anuies.mx\/consejonacional\/wp-content\/uploads\/sites\/2\/2020\/04\/Aprobaci\u00f3n-y-Lectura-del-Acta-SO.3.2014.pdf\" target=\"_blank\" rel=\"noopener noreferrer\"><span style=\"color: #000000\">3.1 Aprobaci\u00f3n del Acta de la Sesi\u00f3n Ordinaria 2.2014<\/span><\/a><\/p>\n<p><span style=\"color: #000000\">4. <a style=\"color: #000000\" href=\"https:\/\/organoscolegiados.anuies.mx\/consejonacional\/wp-content\/uploads\/sites\/2\/2020\/01\/4.-DICTAMEN-LINEAMIENTOS-REDES-COMISIONES.pdf\" target=\"_blank\" rel=\"noopener noreferrer\">Presentaci\u00f3n y aprobaci\u00f3n, en su caso, de los lineamientos para la integraci\u00f3n de comisiones y creaci\u00f3n de redes de colaboraci\u00f3n de la ANUIES.<\/a><\/span><\/p>\n<p style=\"padding-left: 40px\"><span style=\"color: #000000\">4.1 <a style=\"color: #000000\" href=\"https:\/\/organoscolegiados.anuies.mx\/consejonacional\/wp-content\/uploads\/sites\/2\/2020\/01\/4.1.-Lineamientos-Redes-Comisiones.pdf\" target=\"_blank\" rel=\"noopener noreferrer\">Lineamientos Redes-Comisiones<\/a><\/span><\/p>\n<p><span style=\"color: #000000\">5. <a style=\"color: #000000\" href=\"https:\/\/organoscolegiados.anuies.mx\/consejonacional\/wp-content\/uploads\/sites\/2\/2020\/01\/5.-PROPUESTA-CCAVB.pdf\" target=\"_blank\" rel=\"noopener noreferrer\">Presentaci\u00f3n del Plan de Trabajo 2014-2017 del Centro de Capacitaci\u00f3n Valle de Bravo.<\/a><\/span><\/p>\n<p><span style=\"color: #000000\">6. <a style=\"color: #000000\" href=\"https:\/\/organoscolegiados.anuies.mx\/consejonacional\/wp-content\/uploads\/sites\/2\/2020\/01\/6.-ESQUEMA-RVOES-IES-PARTICULARES.pdf\" target=\"_blank\" rel=\"noopener noreferrer\">Informe de los acuerdos de la XXXVIII Sesi\u00f3n Ordinaria del Consejo de Universidades Particulares e Instituciones Afines (CUPRIA).<\/a><\/span><\/p>\n<p style=\"padding-left: 40px\"><span style=\"color: #000000\">6.1.\u00a0<a style=\"color: #000000\" href=\"https:\/\/organoscolegiados.anuies.mx\/consejonacional\/wp-content\/uploads\/sites\/2\/2020\/01\/6.1.-Convenio-RVOES.pdf\" target=\"_blank\" rel=\"noopener noreferrer\">Convenio RVOES<\/a><\/span><\/p>\n<p><span style=\"color: #000000\">7. <a style=\"color: #000000\" href=\"https:\/\/organoscolegiados.anuies.mx\/consejonacional\/wp-content\/uploads\/sites\/2\/2020\/01\/7.-REUNI\u00d3N-ANUIES-FOBESII.pdf\" target=\"_blank\" rel=\"noopener noreferrer\">Informe sobre la reuni\u00f3n ANUIES-Foro Bilateral sobre Educaci\u00f3n Superior, Innovaci\u00f3n e Investigaci\u00f3n (FOBESII).<\/a><\/span><\/p>\n<p><span style=\"color: #000000\">8. <a style=\"color: #000000\" href=\"https:\/\/organoscolegiados.anuies.mx\/consejonacional\/wp-content\/uploads\/sites\/2\/2020\/01\/8.-ESQUEMA-FISCALIZACI\u00d3N-RENDICI\u00d3N-DE-CUENTAS-IPES.pdf\" target=\"_blank\" rel=\"noopener noreferrer\">Informe sobre la propuesta de nuevo esquema para la fiscalizaci\u00f3n y rendici\u00f3n de cuentas de las instituciones p\u00fablicas de educaci\u00f3n superior.<\/a><\/span><\/p>\n<p><span style=\"color: #000000\">9. <a style=\"color: #000000\" href=\"https:\/\/organoscolegiados.anuies.mx\/consejonacional\/wp-content\/uploads\/sites\/2\/2020\/01\/9.-REFORMAS-ESTATUTO-DE-LA-ANUIES.pdf\" target=\"_blank\" rel=\"noopener noreferrer\">Presentaci\u00f3n del proyecto de reformas al Estatuto de la ANUIES.<\/a><\/span><\/p>\n<p><span style=\"color: #000000\">10. <a style=\"color: #000000\" href=\"https:\/\/organoscolegiados.anuies.mx\/consejonacional\/wp-content\/uploads\/sites\/2\/2020\/01\/10.-PRESUPUESTO-2015-PARA-LA-EDUCACI\u00d3N-SUPERIOR.pdf\" target=\"_blank\" rel=\"noopener noreferrer\">Informe sobre las propuestas de presupuesto 2015 para la educaci\u00f3n superior.<\/a><\/span><\/p>\n<p><a href=\"https:\/\/organoscolegiados.anuies.mx\/consejonacional\/wp-content\/uploads\/sites\/2\/2020\/04\/Asuntos-generales-SO.3.2014.pdf\" target=\"_blank\" rel=\"noopener noreferrer\"><span style=\"color: #000000\">11. Asuntos generales.<\/span><\/a><\/p>\n<h5 style=\"text-align: center\"><span style=\"color: #000000\"><strong>Dr. Enrique Fern\u00e1ndez Fassnacht<\/strong><\/span><br \/>\n<strong><span style=\"color: #000000\">Secretario General Ejecutivo<\/span><\/strong><\/h5>\n","protected":false},"excerpt":{"rendered":"<p>CONVOCATORIA Con fundamento en los art\u00edculos Vig\u00e9simo Primero, Trig\u00e9simo Primero y Trig\u00e9simo Tercero, Fracci\u00f3n VI, del Estatuto de la Asociaci\u00f3n Nacional de Universidades e Instituciones de Educaci\u00f3n Superior, A.C. (ANUIES), &hellip; <\/p>\n","protected":false},"author":1,"featured_media":0,"parent":0,"menu_order":0,"comment_status":"closed","ping_status":"closed","template":"","meta":{"ngg_post_thumbnail":0,"footnotes":""},"class_list":["post-539","page","type-page","status-publish","hentry"],"_links":{"self":[{"href":"https:\/\/organoscolegiados.anuies.mx\/consejonacional\/wp-json\/wp\/v2\/pages\/539","targetHints":{"allow":["GET"]}}],"collection":[{"href":"https:\/\/organoscolegiados.anuies.mx\/consejonacional\/wp-json\/wp\/v2\/pages"}],"about":[{"href":"https:\/\/organoscolegiados.anuies.mx\/consejonacional\/wp-json\/wp\/v2\/types\/page"}],"author":[{"embeddable":true,"href":"https:\/\/organoscolegiados.anuies.mx\/consejonacional\/wp-json\/wp\/v2\/users\/1"}],"replies":[{"embeddable":true,"href":"https:\/\/organoscolegiados.anuies.mx\/consejonacional\/wp-json\/wp\/v2\/comments?post=539"}],"version-history":[{"count":9,"href":"https:\/\/organoscolegiados.anuies.mx\/consejonacional\/wp-json\/wp\/v2\/pages\/539\/revisions"}],"predecessor-version":[{"id":1059,"href":"https:\/\/organoscolegiados.anuies.mx\/consejonacional\/wp-json\/wp\/v2\/pages\/539\/revisions\/1059"}],"wp:attachment":[{"href":"https:\/\/organoscolegiados.anuies.mx\/consejonacional\/wp-json\/wp\/v2\/media?parent=539"}],"curies":[{"name":"wp","href":"https:\/\/api.w.org\/{rel}","templated":true}]}}