{"id":54,"date":"2019-10-23T19:39:26","date_gmt":"2019-10-23T17:39:26","guid":{"rendered":"https:\/\/organoscolegiados.anuies.mx\/consejonacional\/?page_id=54"},"modified":"2022-12-15T18:52:48","modified_gmt":"2022-12-15T17:52:48","slug":"cn42019","status":"publish","type":"page","link":"https:\/\/organoscolegiados.anuies.mx\/consejonacional\/cn42019\/","title":{"rendered":""},"content":{"rendered":"<div id=\"pl-54\"  class=\"panel-layout\" ><div id=\"pg-54-0\"  class=\"panel-grid panel-no-style\" ><div id=\"pgc-54-0-0\"  class=\"panel-grid-cell\" ><div id=\"panel-54-0-0-0\" class=\"so-panel widget widget_sow-editor panel-first-child panel-last-child\" data-index=\"0\" ><div\n\t\t\t\n\t\t\tclass=\"so-widget-sow-editor so-widget-sow-editor-base\"\n\t\t\t\n\t\t>\n<div class=\"siteorigin-widget-tinymce textwidget\">\n\t<p><a href=\"https:\/\/organoscolegiados.anuies.mx\/consejonacional\/cn42019\/\"><img loading=\"lazy\" decoding=\"async\" class=\"size-full wp-image-463 alignleft\" src=\"https:\/\/organoscolegiados.anuies.mx\/consejonacional\/wp-content\/uploads\/sites\/2\/2019\/11\/cabecera_20194.png\" alt=\"\" width=\"1245\" height=\"125\" srcset=\"https:\/\/organoscolegiados.anuies.mx\/consejonacional\/wp-content\/uploads\/sites\/2\/2019\/11\/cabecera_20194.png 1245w, https:\/\/organoscolegiados.anuies.mx\/consejonacional\/wp-content\/uploads\/sites\/2\/2019\/11\/cabecera_20194-300x30.png 300w, https:\/\/organoscolegiados.anuies.mx\/consejonacional\/wp-content\/uploads\/sites\/2\/2019\/11\/cabecera_20194-768x77.png 768w, https:\/\/organoscolegiados.anuies.mx\/consejonacional\/wp-content\/uploads\/sites\/2\/2019\/11\/cabecera_20194-1024x103.png 1024w\" sizes=\"auto, (max-width: 1245px) 100vw, 1245px\" \/><img loading=\"lazy\" decoding=\"async\" class=\"alignnone wp-image-69 size-full\" src=\"https:\/\/organoscolegiados.anuies.mx\/consejonacional\/wp-content\/uploads\/sites\/2\/2019\/10\/inicio1.png\" alt=\"\" width=\"84\" height=\"34\" \/><\/a> <a href=\"https:\/\/organoscolegiados.anuies.mx\/consejonacional\/sede\/\"><img loading=\"lazy\" decoding=\"async\" class=\"alignnone wp-image-70 size-full\" src=\"https:\/\/organoscolegiados.anuies.mx\/consejonacional\/wp-content\/uploads\/sites\/2\/2019\/10\/sede1.png\" alt=\"\" width=\"84\" height=\"34\" \/><\/a><\/p>\n<p style=\"text-align: center;\"><strong>CONVOCATORIA<\/strong><\/p>\n<p style=\"text-align: justify;\">Con fundamento en los art\u00edculos Vig\u00e9simo Primero, Trig\u00e9simo Primero y Trig\u00e9simo Tercero, fracci\u00f3n VI, del Estatuto de la Asociaci\u00f3n Nacional de Universidades e Instituciones de Educaci\u00f3n Superior de la Rep\u00fablica Mexicana, A.C. (ANUIES), se convoca a los titulares de las instituciones que integran el Consejo Nacional a la <strong>Sesi\u00f3n Ordinaria 4.2019<\/strong> que se celebrar\u00e1 el d\u00eda 7 de noviembre de 2019, a partir de las 13:30 horas en la Unidad de Servicios Bibliotecarios (USBI) de la Universidad Veracruzana, ubicada en Calzada Juan Pablo II s\/n, esq. Ruiz Cortines, Fracc. Costa Verde, C.P. 94294, Boca del R\u00edo, Veracruz, bajo el siguiente:<\/p>\n<p style=\"text-align: center;\"><strong>ORDEN DEL D\u00cdA<\/strong><\/p>\n<p>&nbsp;<\/p>\n<p>1- <a href=\"https:\/\/organoscolegiados.anuies.mx\/consejonacional\/wp-content\/uploads\/sites\/2\/2019\/11\/1.-Miembros-del-CN-de-la-ANUIES.pdf\" target=\"_blank\" rel=\"noopener\">Lista de asistencia y verificaci\u00f3n de\u00a0<em>qu\u00f3rum<\/em>.<\/a><\/p>\n<p><a href=\"https:\/\/organoscolegiados.anuies.mx\/consejonacional\/wp-content\/uploads\/sites\/2\/2020\/04\/Aprobaci\u00f3n-del-Orden-del-D\u00eda-4.SO_.19.pdf\" target=\"_blank\" rel=\"noopener\">2. Aprobaci\u00f3n del Orden del D\u00eda.<\/a><\/p>\n<p>3. <a href=\"https:\/\/organoscolegiados.anuies.mx\/consejonacional\/wp-content\/uploads\/sites\/2\/2019\/11\/3.-Acta-SO-3.2019-CN-SGE-200819.pdf\" target=\"_blank\" rel=\"noopener\">Lectura y aprobaci\u00f3n, en su caso, del Acta de la Sesi\u00f3n Ordinaria 3.2019.<\/a><\/p>\n<p style=\"padding-left: 40px;\"><a href=\"https:\/\/organoscolegiados.anuies.mx\/consejonacional\/wp-content\/uploads\/sites\/2\/2020\/04\/Aprobaci\u00f3n-y-Lectura-de-Acta-4.SO_.19.pdf\" target=\"_blank\" rel=\"noopener\">3.1 Aprobaci\u00f3n del Acta de la Sesi\u00f3n Ordinaria 3.2019<\/a><\/p>\n<p>4. <a href=\"https:\/\/organoscolegiados.anuies.mx\/consejonacional\/wp-content\/uploads\/sites\/2\/2019\/11\/4.-Informe-del-CN-sobre-las-solicitudes-de-ingreso-2019.pdf\" target=\"_blank\" rel=\"noopener\">An\u00e1lisis y aprobaci\u00f3n, en su caso, de las resoluciones de los Consejos Regio<\/a><a href=\"https:\/\/organoscolegiados.anuies.mx\/consejonacional\/wp-content\/uploads\/sites\/2\/2019\/11\/4.-Informe-del-CN-sobre-las-solicitudes-de-ingreso-2019.pdf\" target=\"_blank\" rel=\"noopener\">nales sobre las solicitudes de ingreso de nuevas asociadas.<\/a><\/p>\n<p style=\"padding-left: 40px;\">4.1. <a href=\"https:\/\/organoscolegiados.anuies.mx\/consejonacional\/wp-content\/uploads\/sites\/2\/2019\/11\/4.1.-Dictamen-CRAM.pdf\" target=\"_blank\" rel=\"noopener\">Dictamen CRAM<\/a><\/p>\n<p style=\"padding-left: 40px;\">4.2. <a href=\"https:\/\/organoscolegiados.anuies.mx\/consejonacional\/wp-content\/uploads\/sites\/2\/2019\/11\/4.2.-Dictamen-CRCS.pdf\" target=\"_blank\" rel=\"noopener\">Dictamen CRCS<\/a><\/p>\n<p style=\"padding-left: 40px;\">4.3. <a href=\"https:\/\/organoscolegiados.anuies.mx\/consejonacional\/wp-content\/uploads\/sites\/2\/2019\/11\/4.3.-Dictamen-CRNO.pdf\" target=\"_blank\" rel=\"noopener\">Dictamen CRNO<\/a><\/p>\n<p style=\"padding-left: 40px;\">4.4. <a href=\"https:\/\/organoscolegiados.anuies.mx\/consejonacional\/wp-content\/uploads\/sites\/2\/2019\/11\/4.4.-Dictamen-CRSS.pdf\" target=\"_blank\" rel=\"noopener\">Dictamen CRSS<\/a><\/p>\n<p>5. <a href=\"https:\/\/organoscolegiados.anuies.mx\/consejonacional\/wp-content\/uploads\/sites\/2\/2019\/11\/5.-Dictamen_Premio-ANUIES-2019.pdf\" target=\"_blank\" rel=\"noopener\">Presentaci\u00f3n del dictamen del Premio ANUIES 2019.<\/a><\/p>\n<p>6. <a href=\"https:\/\/organoscolegiados.anuies.mx\/consejonacional\/wp-content\/uploads\/sites\/2\/2019\/11\/6.-Informe-de-actividades-CN-2019.pdf\" target=\"_blank\" rel=\"noopener\">Presentaci\u00f3n y aprobaci\u00f3n, en su caso, del Informe de Actividades 2019 del Consejo Nacional que se rendir\u00e1 a la Asamblea General.<\/a><\/p>\n<p>7. <a href=\"https:\/\/organoscolegiados.anuies.mx\/consejonacional\/wp-content\/uploads\/sites\/2\/2019\/11\/Programa-Anual-de-Trabajo-2020-Vf.pdf\" target=\"_blank\" rel=\"noopener\">Presentaci\u00f3n del Programa de trabajo 2020 de la Secretar\u00eda General Ejecutiva.<\/a><\/p>\n<p style=\"padding-left: 40px;\">7.1. <a href=\"https:\/\/organoscolegiados.anuies.mx\/consejonacional\/wp-content\/uploads\/sites\/2\/2019\/11\/7.1.-Presentaci\u00f3n-PAT-2020.pdf\" target=\"_blank\" rel=\"noopener\">Presentaci\u00f3n PAT 2020<\/a><\/p>\n<p>8. <a href=\"https:\/\/organoscolegiados.anuies.mx\/consejonacional\/wp-content\/uploads\/sites\/2\/2019\/11\/CalendarioOCANUIES2020.pdf\" target=\"_blank\" rel=\"noopener\">Presentaci\u00f3n y aprobaci\u00f3n, en su caso, del calendario de sesiones 2020 de los \u00f3rganos colegiados de la ANUIES.<\/a><\/p>\n<p><a href=\"https:\/\/organoscolegiados.anuies.mx\/consejonacional\/wp-content\/uploads\/sites\/2\/2020\/04\/Asuntos-generales-4.SO_.19.pdf\" target=\"_blank\" rel=\"noopener\">9. Asuntos generales.<\/a><\/p>\n<p style=\"padding-left: 40px;\">9.1. <a href=\"https:\/\/organoscolegiados.anuies.mx\/consejonacional\/wp-content\/uploads\/sites\/2\/2019\/11\/9.1.-Resultados-Convocatoria-ensayos-4.0.pdf\">Resultados Convocatoria ensayos 4.0<\/a><\/p>\n<p style=\"text-align: center;\"><strong>Mtro. Jaime Valls Esponda<\/strong><\/p>\n<p style=\"text-align: center;\">Secretario General Ejecutivo de la ANUIES<\/p>\n<\/div>\n<\/div><\/div><\/div><\/div><\/div>","protected":false},"excerpt":{"rendered":"<p>CONVOCATORIA Con fundamento en los art\u00edculos Vig\u00e9simo Primero, Trig\u00e9simo Primero y Trig\u00e9simo Tercero, fracci\u00f3n VI, del Estatuto de la Asociaci\u00f3n Nacional de Universidades e Instituciones de Educaci\u00f3n Superior de la &hellip; <\/p>\n","protected":false},"author":1,"featured_media":0,"parent":0,"menu_order":0,"comment_status":"closed","ping_status":"closed","template":"","meta":{"ngg_post_thumbnail":0,"footnotes":""},"class_list":["post-54","page","type-page","status-publish","hentry"],"_links":{"self":[{"href":"https:\/\/organoscolegiados.anuies.mx\/consejonacional\/wp-json\/wp\/v2\/pages\/54","targetHints":{"allow":["GET"]}}],"collection":[{"href":"https:\/\/organoscolegiados.anuies.mx\/consejonacional\/wp-json\/wp\/v2\/pages"}],"about":[{"href":"https:\/\/organoscolegiados.anuies.mx\/consejonacional\/wp-json\/wp\/v2\/types\/page"}],"author":[{"embeddable":true,"href":"https:\/\/organoscolegiados.anuies.mx\/consejonacional\/wp-json\/wp\/v2\/users\/1"}],"replies":[{"embeddable":true,"href":"https:\/\/organoscolegiados.anuies.mx\/consejonacional\/wp-json\/wp\/v2\/comments?post=54"}],"version-history":[{"count":33,"href":"https:\/\/organoscolegiados.anuies.mx\/consejonacional\/wp-json\/wp\/v2\/pages\/54\/revisions"}],"predecessor-version":[{"id":1616,"href":"https:\/\/organoscolegiados.anuies.mx\/consejonacional\/wp-json\/wp\/v2\/pages\/54\/revisions\/1616"}],"wp:attachment":[{"href":"https:\/\/organoscolegiados.anuies.mx\/consejonacional\/wp-json\/wp\/v2\/media?parent=54"}],"curies":[{"name":"wp","href":"https:\/\/api.w.org\/{rel}","templated":true}]}}