{"id":619,"date":"2020-01-08T19:22:15","date_gmt":"2020-01-08T18:22:15","guid":{"rendered":"https:\/\/organoscolegiados.anuies.mx\/consejonacional\/?page_id=619"},"modified":"2020-04-06T15:01:47","modified_gmt":"2020-04-06T13:01:47","slug":"cne12015","status":"publish","type":"page","link":"https:\/\/organoscolegiados.anuies.mx\/consejonacional\/cne12015\/","title":{"rendered":"1.2015 Sesi\u00f3n Extraordinaria del Consejo Nacional"},"content":{"rendered":"<p><img loading=\"lazy\" decoding=\"async\" class=\"alignnone size-full wp-image-630\" src=\"https:\/\/organoscolegiados.anuies.mx\/consejonacional\/wp-content\/uploads\/sites\/2\/2020\/01\/cabezal22015cn.png\" alt=\"\" width=\"1245\" height=\"121\" srcset=\"https:\/\/organoscolegiados.anuies.mx\/consejonacional\/wp-content\/uploads\/sites\/2\/2020\/01\/cabezal22015cn.png 1245w, https:\/\/organoscolegiados.anuies.mx\/consejonacional\/wp-content\/uploads\/sites\/2\/2020\/01\/cabezal22015cn-300x29.png 300w, https:\/\/organoscolegiados.anuies.mx\/consejonacional\/wp-content\/uploads\/sites\/2\/2020\/01\/cabezal22015cn-768x75.png 768w, https:\/\/organoscolegiados.anuies.mx\/consejonacional\/wp-content\/uploads\/sites\/2\/2020\/01\/cabezal22015cn-1024x100.png 1024w\" sizes=\"auto, (max-width: 1245px) 100vw, 1245px\" \/><\/p>\n<p style=\"text-align: justify\"><span style=\"color: #000000\">Con fundamento en los art\u00edculos Vig\u00e9simo Primero, Trig\u00e9simo Primero y Trig\u00e9simo Tercero, fracci\u00f3n VI, del Estatuto de la Asociaci\u00f3n Ancional de universidades e instituciones de Educaci\u00f3n superior (ANUIES), A. C., se convoca a los titulares de las instituciones de integran el Consejo Nacional a la Sesi\u00f3n Extraordinaria 1.2015 que se efectuar\u00e1 el 16 de enero de 2015, a partir de las 10:30 horas, en la Sala del Consejo Nacional de la ANUIES, ubicada en Tenayuca 200, Co. Santa Cruz Atoyac, Delegaci\u00f3n Benito Ju\u00e1rez, C. P. 03310, M\u00e9xico, Distrito federal, bajo el siguiente:<\/span><\/p>\n<p style=\"text-align: center\"><span style=\"color: #000000\"><strong>ORDEN DEL D\u00cdA<\/strong><\/span><\/p>\n<ol>\n<li><span style=\"color: #000000\"><a style=\"color: #000000\" href=\"https:\/\/organoscolegiados.anuies.mx\/consejonacional\/wp-content\/uploads\/sites\/2\/2020\/01\/1.-LISTA-DE-ASISTENCIA-CN-SE-1.2015.pdf\" target=\"_blank\" rel=\"noopener noreferrer\">Lista de asistencia y verificaci\u00f3n de <em>qu\u00f3rum<\/em><\/a>.<\/span><\/li>\n<li><a href=\"https:\/\/organoscolegiados.anuies.mx\/consejonacional\/wp-content\/uploads\/sites\/2\/2020\/04\/Aprobaci\u00f3n-del-Orden-del-D\u00eda-SE.1.2015.pdf\" target=\"_blank\" rel=\"noopener noreferrer\"><span style=\"color: #000000\">Aprobaci\u00f3n del Orden del D\u00eda.<\/span><\/a><\/li>\n<li><a href=\"https:\/\/organoscolegiados.anuies.mx\/consejonacional\/wp-content\/uploads\/sites\/2\/2020\/04\/Aprobaci\u00f3n-y-Lectura-de-Acta-SE.1.2015.pdf\" target=\"_blank\" rel=\"noopener noreferrer\"><span style=\"color: #000000\">Lectura y aprobaci\u00f3n, en su caso, de las actas de la Sesi\u00f3n Extraordinaria 2.2013 y Sesi\u00f3n Ordinaria 4.2014.<\/span><\/a><\/li>\n<\/ol>\n<p style=\"padding-left: 40px\"><span style=\"color: #000000\">\u00a0\u00a0\u00a0\u00a0\u00a0\u00a0\u00a0\u00a0\u00a0\u00a0\u00a0\u00a0\u00a0\u00a0\u00a0 3.1. <a style=\"color: #000000\" href=\"https:\/\/organoscolegiados.anuies.mx\/consejonacional\/wp-content\/uploads\/sites\/2\/2020\/01\/3.1.-Acta-de-la-Sesi\u00f3n-Extraordinaria-2.2013.pdf\" target=\"_blank\" rel=\"noopener noreferrer\">Acta de la Sesi\u00f3n Extraordinaria 2.2013<\/a><\/span><\/p>\n<p style=\"padding-left: 40px\"><span style=\"color: #000000\">\u00a0\u00a0\u00a0\u00a0\u00a0\u00a0\u00a0\u00a0\u00a0\u00a0\u00a0\u00a0\u00a0\u00a0\u00a0 3.2. <a style=\"color: #000000\" href=\"https:\/\/organoscolegiados.anuies.mx\/consejonacional\/wp-content\/uploads\/sites\/2\/2020\/01\/3.2.-Acta-de-la-Sesi\u00f3n-Ordinaria-4.2014.pdf\" target=\"_blank\" rel=\"noopener noreferrer\">Acta de la Sesi\u00f3n Ordinaria 4.2014<\/a><\/span><\/p>\n<ol start=\"4\">\n<li><span style=\"color: #000000\">Presentaci\u00f3n del programa de trabajo por parte de los aspirantes a ocupar el cargo de Secretario General Ejecutivo durante el periodo 2015-2019.<\/span><\/li>\n<\/ol>\n<p style=\"padding-left: 40px\"><span style=\"color: #000000\">\u00a0\u00a0\u00a0\u00a0\u00a0\u00a0\u00a0\u00a0\u00a0\u00a0\u00a0\u00a0\u00a0\u00a0\u00a0 4.1. <a style=\"color: #000000\" href=\"https:\/\/organoscolegiados.anuies.mx\/consejonacional\/wp-content\/uploads\/sites\/2\/2020\/01\/4.1.-Comunicado-SGE-a-CN-aspirantes-acreditados.pdf\" target=\"_blank\" rel=\"noopener noreferrer\">Comunicado SGE a CN aspirantes acreditados<\/a><\/span><\/p>\n<p style=\"padding-left: 80px\"><span style=\"color: #000000\">\u00a0\u00a0\u00a0\u00a0\u00a0\u00a0\u00a0\u00a0\u00a0\u00a0\u00a0\u00a0\u00a0\u00a0\u00a0 4.2.1. <a style=\"color: #000000\" href=\"https:\/\/organoscolegiados.anuies.mx\/consejonacional\/wp-content\/uploads\/sites\/2\/2020\/01\/4.2.1.-Invitaci\u00f3n-Mtro.-Alfredo-Dajer-Abimerhi.pdf\" target=\"_blank\" rel=\"noopener noreferrer\">Invitaci\u00f3n Mtro. Alfredo Dajer Abimerhi<\/a><\/span><\/p>\n<p style=\"padding-left: 80px\"><span style=\"color: #000000\">\u00a0\u00a0\u00a0\u00a0\u00a0\u00a0\u00a0\u00a0\u00a0\u00a0\u00a0\u00a0\u00a0\u00a0\u00a0 4.2.2. <a style=\"color: #000000\" href=\"https:\/\/organoscolegiados.anuies.mx\/consejonacional\/wp-content\/uploads\/sites\/2\/2020\/01\/4.2.2.-Invitaci\u00f3n-Dr.-Pedro-Ortega-Romero.pdf\" target=\"_blank\" rel=\"noopener noreferrer\">Invitaci\u00f3n Dr. Pedro Ortega Romero<\/a><\/span><\/p>\n<p style=\"padding-left: 80px\"><span style=\"color: #000000\">\u00a0\u00a0\u00a0\u00a0\u00a0\u00a0\u00a0\u00a0\u00a0\u00a0\u00a0\u00a0\u00a0\u00a0\u00a0 4.2.3. <a style=\"color: #000000\" href=\"https:\/\/organoscolegiados.anuies.mx\/consejonacional\/wp-content\/uploads\/sites\/2\/2020\/01\/4.2.3.-Invitaci\u00f3n-Mtro.-Jaime-Valls-Esponda.pdf\" target=\"_blank\" rel=\"noopener noreferrer\">Invitaci\u00f3n Mtro. Jaime Valls Esponda<\/a><\/span><\/p>\n<p style=\"padding-left: 80px\"><span style=\"color: #000000\">\u00a0\u00a0\u00a0\u00a0\u00a0\u00a0\u00a0\u00a0\u00a0\u00a0\u00a0\u00a0\u00a0\u00a0\u00a0 4.3. <a style=\"color: #000000\" href=\"https:\/\/organoscolegiados.anuies.mx\/consejonacional\/wp-content\/uploads\/sites\/2\/2020\/01\/4.3.-Presentaci\u00f3n-Programa-de-trabajo-Mtro.-Jaime-Valls-Esponda.pdf\" target=\"_blank\" rel=\"noopener noreferrer\">Presentaci\u00f3n Programa de trabajo Mtro. Jaime Valls Esponda<\/a><\/span><\/p>\n<ol start=\"5\">\n<li style=\"text-align: justify\"><a href=\"https:\/\/organoscolegiados.anuies.mx\/consejonacional\/wp-content\/uploads\/sites\/2\/2020\/04\/An\u00e1lisis-de-propuestas-SE.1.2015.pdf\" target=\"_blank\" rel=\"noopener noreferrer\"><span style=\"color: #000000\">An\u00e1lisis, discusi\u00f3n y aprobaci\u00f3n, en su caso, de la o las propuestas fundamentadas que se presentar\u00e1n a la Asamblea General para la elecci\u00f3n del Secretario General Ejecutivo de la ANUIES, periodo 2015-2019.<\/span><\/a><\/li>\n<\/ol>\n","protected":false},"excerpt":{"rendered":"<p>Con fundamento en los art\u00edculos Vig\u00e9simo Primero, Trig\u00e9simo Primero y Trig\u00e9simo Tercero, fracci\u00f3n VI, del Estatuto de la Asociaci\u00f3n Ancional de universidades e instituciones de Educaci\u00f3n superior (ANUIES), A. C., &hellip; <\/p>\n","protected":false},"author":1,"featured_media":0,"parent":0,"menu_order":0,"comment_status":"closed","ping_status":"closed","template":"","meta":{"ngg_post_thumbnail":0,"footnotes":""},"class_list":["post-619","page","type-page","status-publish","hentry"],"_links":{"self":[{"href":"https:\/\/organoscolegiados.anuies.mx\/consejonacional\/wp-json\/wp\/v2\/pages\/619","targetHints":{"allow":["GET"]}}],"collection":[{"href":"https:\/\/organoscolegiados.anuies.mx\/consejonacional\/wp-json\/wp\/v2\/pages"}],"about":[{"href":"https:\/\/organoscolegiados.anuies.mx\/consejonacional\/wp-json\/wp\/v2\/types\/page"}],"author":[{"embeddable":true,"href":"https:\/\/organoscolegiados.anuies.mx\/consejonacional\/wp-json\/wp\/v2\/users\/1"}],"replies":[{"embeddable":true,"href":"https:\/\/organoscolegiados.anuies.mx\/consejonacional\/wp-json\/wp\/v2\/comments?post=619"}],"version-history":[{"count":9,"href":"https:\/\/organoscolegiados.anuies.mx\/consejonacional\/wp-json\/wp\/v2\/pages\/619\/revisions"}],"predecessor-version":[{"id":1127,"href":"https:\/\/organoscolegiados.anuies.mx\/consejonacional\/wp-json\/wp\/v2\/pages\/619\/revisions\/1127"}],"wp:attachment":[{"href":"https:\/\/organoscolegiados.anuies.mx\/consejonacional\/wp-json\/wp\/v2\/media?parent=619"}],"curies":[{"name":"wp","href":"https:\/\/api.w.org\/{rel}","templated":true}]}}