{"id":680,"date":"2020-03-04T16:16:21","date_gmt":"2020-03-04T15:16:21","guid":{"rendered":"https:\/\/organoscolegiados.anuies.mx\/consejonacional\/?page_id=680"},"modified":"2020-06-27T01:24:56","modified_gmt":"2020-06-26T23:24:56","slug":"cn12020","status":"publish","type":"page","link":"https:\/\/organoscolegiados.anuies.mx\/consejonacional\/cn12020\/","title":{"rendered":"1.2020 Sesi\u00f3n Ordinaria del Consejo Nacional"},"content":{"rendered":"<div id=\"pl-680\"  class=\"panel-layout\" ><div id=\"pg-680-0\"  class=\"panel-grid panel-no-style\" ><div id=\"pgc-680-0-0\"  class=\"panel-grid-cell\" ><div id=\"panel-680-0-0-0\" class=\"so-panel widget widget_sow-editor panel-first-child panel-last-child\" data-index=\"0\" ><div class=\"panel-widget-style panel-widget-style-for-680-0-0-0\" ><div\n\t\t\t\n\t\t\tclass=\"so-widget-sow-editor so-widget-sow-editor-base\"\n\t\t\t\n\t\t>\n<div class=\"siteorigin-widget-tinymce textwidget\">\n\t<p>&nbsp;<\/p>\n<p><img loading=\"lazy\" decoding=\"async\" class=\"alignnone size-full wp-image-751\" src=\"https:\/\/organoscolegiados.anuies.mx\/consejonacional\/wp-content\/uploads\/sites\/2\/2020\/03\/Cabecera-compressor.png\" alt=\"\" width=\"2000\" height=\"170\" srcset=\"https:\/\/organoscolegiados.anuies.mx\/consejonacional\/wp-content\/uploads\/sites\/2\/2020\/03\/Cabecera-compressor.png 2000w, https:\/\/organoscolegiados.anuies.mx\/consejonacional\/wp-content\/uploads\/sites\/2\/2020\/03\/Cabecera-compressor-300x26.png 300w, https:\/\/organoscolegiados.anuies.mx\/consejonacional\/wp-content\/uploads\/sites\/2\/2020\/03\/Cabecera-compressor-1024x87.png 1024w, https:\/\/organoscolegiados.anuies.mx\/consejonacional\/wp-content\/uploads\/sites\/2\/2020\/03\/Cabecera-compressor-768x65.png 768w, https:\/\/organoscolegiados.anuies.mx\/consejonacional\/wp-content\/uploads\/sites\/2\/2020\/03\/Cabecera-compressor-1536x131.png 1536w\" sizes=\"auto, (max-width: 2000px) 100vw, 2000px\" \/><\/p>\n<h5 style=\"text-align: center\" align=\"center\"><strong>CONVOCATORIA<\/strong><\/h5>\n<p style=\"text-align: justify\">Con fundamento en los art\u00edculos Primero, Trig\u00e9simo Primero y Trig\u00e9simo Tercero, fracci\u00f3n VI, del Estatuto de la Asociaci\u00f3n Nacional de Universidades e Instituciones de Educaci\u00f3n Superior de la Rep\u00fablica Mexicana, A.C. (ANUIES), convoco a los titulares de las instituciones que integran el Consejo Nacional a la Sesi\u00f3n Ordinaria 1.2020 que se efectuar\u00e1, con motivo de la contingencia sanitaria ocasionada por el COVID 19, de forma virtual a las 11:00 horas del viernes 24 de abril de 2020, con el siguiente:<\/p>\n<h5><\/h5>\n<h5 style=\"text-align: center\"><strong>ORDEN DEL D\u00cdA<\/strong><\/h5>\n<ol>\n<li><span style=\"color: #000000\"><a style=\"color: #000000\" href=\"https:\/\/organoscolegiados.anuies.mx\/consejonacional\/wp-content\/uploads\/sites\/2\/2020\/04\/1-Lista-de-asistencia-miembros-de-CN-de-la-ANUIES-24-04-2020.pdf.pdf\" target=\"_blank\" rel=\"noopener noreferrer\">Lista de asistencia y verificaci\u00f3n del cu\u00f3rum.<\/a><\/span><\/li>\n<li><span style=\"color: #000000\"><a style=\"color: #000000\" href=\"https:\/\/organoscolegiados.anuies.mx\/consejonacional\/wp-content\/uploads\/sites\/2\/2020\/04\/CONVOCATORIA-CN-1.2020-22-de-abril-de-2020-OK.docx.docx\" target=\"_blank\" rel=\"noopener noreferrer\">Aprobaci\u00f3n de la modificaci\u00f3n del Orden del D\u00eda.<\/a><\/span><\/li>\n<li><span style=\"color: #000000\"><a style=\"color: #000000\" href=\"https:\/\/organoscolegiados.anuies.mx\/consejonacional\/wp-content\/uploads\/sites\/2\/2020\/04\/3.-Lectura-y-aprobacion-en-su-caso-del-Acta-de-la-Sesion-Ordinaria-4.2019.pdf.pdf\" target=\"_blank\" rel=\"noopener noreferrer\">Lectura y aprobaci\u00f3n, en su caso, del Acta de la Sesi\u00f3n Ordinaria 4.2019.<\/a><\/span><\/li>\n<li><span style=\"color: #000000\"><a style=\"color: #000000\" href=\"https:\/\/organoscolegiados.anuies.mx\/consejonacional\/wp-content\/uploads\/sites\/2\/2020\/04\/4.-Presentacio\u0301n-y-aprobacio\u0301n-en-su-caso-del-docto-Sugerencias-para-mantener-los-servicios-educativos-curriculares.pdf.pdf\" target=\"_blank\" rel=\"noopener\">Presentaci\u00f3n y aprobaci\u00f3n, en su caso, del documento: <em>Sugerencias para mantener los servicios educativos curriculares durante la etapa de emergencia sanitaria provocada por el COVID-19<\/em><\/a> <em> y del <span style=\"color: #000000\"><a style=\"color: #000000\" href=\"https:\/\/organoscolegiados.anuies.mx\/consejonacional\/wp-content\/uploads\/sites\/2\/2020\/04\/Propuesta-de-Acuerdo-Nacional-frente-al-COVID-19-240420.pdf\" target=\"_blank\" rel=\"noopener\">Acuerdo Nacional por la Unidad en la Educaci\u00f3n Superior frente a la emergencia sanitaria provocada por el COVID-19.<\/a><\/span><\/em><\/span><\/li>\n<li><span style=\"color: #000000\"><a style=\"color: #000000\" href=\"http:\/\/www.anuies.mx\/media\/docs\/5_final_compressed.pdf\" target=\"_blank\" rel=\"noopener noreferrer\">Recepci\u00f3n de los Informes 2019 y Programas de trabajo 2020 de los Consejos Regionales.<\/a> (<a style=\"color: #000000\" href=\"https:\/\/www.uv.mx\/crss-anuies\/noticias\/educamos-para-el-progreso\/\" target=\"_blank\" rel=\"noopener\">Video: Informe 2019 del CRSS<\/a>)<\/span><\/li>\n<li><span style=\"color: #000000\"><a style=\"color: #000000\" href=\"https:\/\/organoscolegiados.anuies.mx\/consejonacional\/wp-content\/uploads\/sites\/2\/2020\/04\/6.-Presentacion-del-Informe-de-actividades-2019-de-la-Secretaria-General-Ejecutiva.pdf.pdf\" target=\"_blank\" rel=\"noopener noreferrer\">Presentaci\u00f3n del Informe de actividades 2019 de la Secretar\u00eda General Ejecutiva.<\/a><\/span><\/li>\n<li><a href=\"https:\/\/organoscolegiados.anuies.mx\/consejonacional\/wp-content\/uploads\/sites\/2\/2020\/06\/7.-Informe-ejercicio-presup-2019-SGE.pdf\" target=\"_blank\" rel=\"noopener\"><span style=\"color: #000000\">Presentaci\u00f3n del Informe del ejercicio presupuestal 2019 de la Secretar\u00eda General Ejecutiva.<\/span><\/a><\/li>\n<li><span style=\"color: #000000\"><a style=\"color: #000000\" href=\"https:\/\/organoscolegiados.anuies.mx\/consejonacional\/wp-content\/uploads\/sites\/2\/2020\/04\/8.-Presentacion-y-aprobacion-en-su-caso-de-los-estados-financieros-2019-de-la-Secretaria-General-Ejecutiva-dictaminados-por-el-Auditor-Externo.pdf.pdf\" target=\"_blank\" rel=\"noopener noreferrer\">Presentaci\u00f3n y aprobaci\u00f3n, en su caso, de los estados financieros 2019 de la Secretar\u00eda General Ejecutiva, dictaminados por el Auditor Externo.<\/a><\/span><\/li>\n<li><a href=\"https:\/\/organoscolegiados.anuies.mx\/consejonacional\/wp-content\/uploads\/sites\/2\/2020\/06\/9.-Presupuesto-Anual-de-Ingresos-y-Egresos-2020-de-la-SGE.pdf\" target=\"_blank\" rel=\"noopener\"><span style=\"color: #000000\">Presentaci\u00f3n y aprobaci\u00f3n, en su caso, del Proyecto de Presupuesto Anual de Ingresos y Egresos 2020 de la Secretar\u00eda General Ejecutiva.<\/span><\/a><\/li>\n<li><a href=\"https:\/\/organoscolegiados.anuies.mx\/consejonacional\/wp-content\/uploads\/sites\/2\/2020\/06\/10.-recalendarizacion-de-las-so-de-los-oc-nal.pdf-1.pdf\" target=\"_blank\" rel=\"noopener\"><span style=\"color: #000000\">Presentaci\u00f3n y aprobaci\u00f3n, en su caso, de la propuesta de recalendarizaci\u00f3n de las sesiones ordinarias de los \u00f3rganos colegiados nacionales.<\/span><\/a><\/li>\n<li><a href=\"https:\/\/organoscolegiados.anuies.mx\/consejonacional\/wp-content\/uploads\/sites\/2\/2020\/06\/11.-Propuesta-procesos-de-eleccion-CUPIA-CN.pdf\" target=\"_blank\" rel=\"noopener\"><span style=\"color: #000000\">Presentaci\u00f3n y aprobaci\u00f3n, en su caso, de la propuesta para posponer los procesos de elecci\u00f3n de las presidencias de los consejos regionales y un representante del CUPIA ante Consejo Nacional.<\/span><\/a><\/li>\n<li><span style=\"color: #000000\"><a style=\"color: #000000\" href=\"https:\/\/organoscolegiados.anuies.mx\/consejonacional\/wp-content\/uploads\/sites\/2\/2020\/04\/12.-Ratificacio\u0301n-de-las-convocatorias-del-Premio-ANUIES-2020-16-04-2020.pdf.pdf\" target=\"_blank\" rel=\"noopener noreferrer\">Ratificaci\u00f3n de las convocatorias del Premio ANUIES 2020.<\/a><\/span><\/li>\n<li><span style=\"color: #000000\"><a style=\"color: #000000\" href=\"https:\/\/organoscolegiados.anuies.mx\/consejonacional\/wp-content\/uploads\/sites\/2\/2020\/04\/13.-Asuntos-generales.pdf.pdf\" target=\"_blank\" rel=\"noopener noreferrer\">Asuntos generales.<\/a><\/span><\/li>\n<\/ol>\n<h5 style=\"text-align: justify\"><\/h5>\n<h5 style=\"text-align: center\"><strong>Mtro. Jaime Valls Esponda<\/strong><\/h5>\n<h5 style=\"text-align: center\">Secretario General Ejecutivo<\/h5>\n<\/div>\n<\/div><\/div><\/div><\/div><\/div><\/div>","protected":false},"excerpt":{"rendered":"<p>&nbsp; CONVOCATORIA Con fundamento en los art\u00edculos Primero, Trig\u00e9simo Primero y Trig\u00e9simo Tercero, fracci\u00f3n VI, del Estatuto de la Asociaci\u00f3n Nacional de Universidades e Instituciones de Educaci\u00f3n Superior de la &hellip; <\/p>\n","protected":false},"author":1,"featured_media":0,"parent":0,"menu_order":0,"comment_status":"closed","ping_status":"closed","template":"template-builder-fullwidth.php","meta":{"ngg_post_thumbnail":0,"footnotes":""},"class_list":["post-680","page","type-page","status-publish","hentry"],"_links":{"self":[{"href":"https:\/\/organoscolegiados.anuies.mx\/consejonacional\/wp-json\/wp\/v2\/pages\/680","targetHints":{"allow":["GET"]}}],"collection":[{"href":"https:\/\/organoscolegiados.anuies.mx\/consejonacional\/wp-json\/wp\/v2\/pages"}],"about":[{"href":"https:\/\/organoscolegiados.anuies.mx\/consejonacional\/wp-json\/wp\/v2\/types\/page"}],"author":[{"embeddable":true,"href":"https:\/\/organoscolegiados.anuies.mx\/consejonacional\/wp-json\/wp\/v2\/users\/1"}],"replies":[{"embeddable":true,"href":"https:\/\/organoscolegiados.anuies.mx\/consejonacional\/wp-json\/wp\/v2\/comments?post=680"}],"version-history":[{"count":36,"href":"https:\/\/organoscolegiados.anuies.mx\/consejonacional\/wp-json\/wp\/v2\/pages\/680\/revisions"}],"predecessor-version":[{"id":1252,"href":"https:\/\/organoscolegiados.anuies.mx\/consejonacional\/wp-json\/wp\/v2\/pages\/680\/revisions\/1252"}],"wp:attachment":[{"href":"https:\/\/organoscolegiados.anuies.mx\/consejonacional\/wp-json\/wp\/v2\/media?parent=680"}],"curies":[{"name":"wp","href":"https:\/\/api.w.org\/{rel}","templated":true}]}}