{"id":88,"date":"2019-10-24T20:07:54","date_gmt":"2019-10-24T18:07:54","guid":{"rendered":"https:\/\/organoscolegiados.anuies.mx\/consejonacional\/?page_id=88"},"modified":"2020-04-19T07:46:56","modified_gmt":"2020-04-19T05:46:56","slug":"cn32019","status":"publish","type":"page","link":"https:\/\/organoscolegiados.anuies.mx\/consejonacional\/cn32019\/","title":{"rendered":""},"content":{"rendered":"<div id=\"pl-88\"  class=\"panel-layout\" ><div id=\"pg-88-0\"  class=\"panel-grid panel-no-style\" ><div id=\"pgc-88-0-0\"  class=\"panel-grid-cell\" ><div id=\"panel-88-0-0-0\" class=\"so-panel widget widget_sow-editor panel-first-child panel-last-child\" data-index=\"0\" ><div\n\t\t\t\n\t\t\tclass=\"so-widget-sow-editor so-widget-sow-editor-base\"\n\t\t\t\n\t\t>\n<div class=\"siteorigin-widget-tinymce textwidget\">\n\t<p><img loading=\"lazy\" decoding=\"async\" class=\"alignnone size-full wp-image-107\" src=\"https:\/\/organoscolegiados.anuies.mx\/consejonacional\/wp-content\/uploads\/sites\/2\/2019\/10\/cabecera_2019.png\" alt=\"\" width=\"1245\" height=\"125\" srcset=\"https:\/\/organoscolegiados.anuies.mx\/consejonacional\/wp-content\/uploads\/sites\/2\/2019\/10\/cabecera_2019.png 1245w, https:\/\/organoscolegiados.anuies.mx\/consejonacional\/wp-content\/uploads\/sites\/2\/2019\/10\/cabecera_2019-300x30.png 300w, https:\/\/organoscolegiados.anuies.mx\/consejonacional\/wp-content\/uploads\/sites\/2\/2019\/10\/cabecera_2019-768x77.png 768w, https:\/\/organoscolegiados.anuies.mx\/consejonacional\/wp-content\/uploads\/sites\/2\/2019\/10\/cabecera_2019-1024x103.png 1024w\" sizes=\"auto, (max-width: 1245px) 100vw, 1245px\" \/><\/p>\n<p>&nbsp;<\/p>\n<p style=\"text-align: center\"><strong>CONVOCATORIA<\/strong><\/p>\n<p>Con fundamento en los art\u00edculos Vig\u00e9simo Primero, Trig\u00e9simo Primero y Trig\u00e9simo Tercero, fracci\u00f3n VI, del Estatuto de la Asociaci\u00f3n Nacional de Universidades e Instituciones de Educaci\u00f3n Superior de la Rep\u00fablica Mexicana, A.C. (ANUIES), se convoca a los titulares de las instituciones que integran el Consejo Nacional a la Sesi\u00f3n Ordinaria 3.2019 que se celebrar\u00e1 el d\u00eda martes 20 de agosto de 2019, a partir de las 12:00 horas en el Centro de Innovaci\u00f3n y Desarrollo de la ANUIES, ubicado en Miguel Laurent 961, Col. Sta. Cruz Atoyac, Alcald\u00eda Benito Ju\u00e1rez, C.P. 03310, Ciudad de M\u00e9xico, bajo el siguiente:<\/p>\n<p style=\"text-align: center\"><strong>ORDEN DEL D\u00cdA<\/strong><\/p>\n<p>1.-\u00a0<a href=\"https:\/\/organoscolegiados.anuies.mx\/consejonacional\/wp-content\/uploads\/sites\/2\/2019\/10\/1.-Miembros-del-CN-de-la-ANUIES.pdf\" target=\"_blank\" rel=\"noopener\">Lista de asistencia y verificaci\u00f3n de\u00a0<em>qu\u00f3rum<\/em>.<\/a><\/p>\n<p><a href=\"https:\/\/organoscolegiados.anuies.mx\/consejonacional\/wp-content\/uploads\/sites\/2\/2020\/04\/Aprobaci\u00f3n-Orden-del-D\u00eda-3.SO_.19.pdf\" target=\"_blank\" rel=\"noopener\">2.-\u00a0Aprobaci\u00f3n del Orden del D\u00eda.<\/a><\/p>\n<p>3.-\u00a0<a href=\"https:\/\/organoscolegiados.anuies.mx\/consejonacional\/wp-content\/uploads\/sites\/2\/2019\/10\/3.-Acta-SO-2.2019-CN-UAEH-200619.pdf\" target=\"_blank\" rel=\"noopener\">Lectura y aprobaci\u00f3n, en su caso, del Acta de la Sesi\u00f3n Ordinaria 2.2019.<\/a><\/p>\n<p style=\"padding-left: 40px\"><a href=\"https:\/\/organoscolegiados.anuies.mx\/consejonacional\/wp-content\/uploads\/sites\/2\/2020\/04\/Aprobaci\u00f3n-y-Lectura-del-Acta-3.SO_.19.pdf\" target=\"_blank\" rel=\"noopener\">3.1 Aprobaci\u00f3n del Acta de la Sesi\u00f3n Ordinaria 2.2019.<\/a><\/p>\n<p>4.- <a href=\"https:\/\/organoscolegiados.anuies.mx\/consejonacional\/wp-content\/uploads\/sites\/2\/2019\/10\/4.-Propuesta-ANUIES-para-el-PPE-2020.pdf\" target=\"_blank\" rel=\"noopener\">Presentaci\u00f3n y aprobaci\u00f3n, en su caso, de la propuesta de la ANUIES para el presupuesto de educaci\u00f3n superior 2020.<\/a><\/p>\n<p>5.- <a href=\"https:\/\/organoscolegiados.anuies.mx\/consejonacional\/wp-content\/uploads\/sites\/2\/2019\/10\/5.-Diagn\u00f3stico-9-UPES.pdf\" target=\"_blank\" rel=\"noopener\">Presentaci\u00f3n de las conclusiones del diagn\u00f3stico de las nueve universidades p\u00fablicas estatales con problemas financieros cr\u00edticos.<\/a><\/p>\n<p>6.- <a href=\"https:\/\/organoscolegiados.anuies.mx\/consejonacional\/wp-content\/uploads\/sites\/2\/2019\/10\/6.-Red-de-Soluciones-para-el-Desarrollo-Sostenible_compressed-1.pdf\" target=\"_blank\" rel=\"noopener\">Presentaci\u00f3n de la Red de Soluciones para el Desarrollo Sostenible.<\/a><\/p>\n<p>7.-\u00a0<a href=\"https:\/\/organoscolegiados.anuies.mx\/consejonacional\/wp-content\/uploads\/sites\/2\/2019\/10\/7.-Calendario-de-reuniones-de-rectores-2do-sem-de-2019.pdf\" target=\"_blank\" rel=\"noopener\">Presentaci\u00f3n del informe sobre Cumbres Internacionales de Rectores a realizarse en el segundo semestre de 2019.<\/a><\/p>\n<p>7.1. <a href=\"https:\/\/organoscolegiados.anuies.mx\/consejonacional\/wp-content\/uploads\/sites\/2\/2019\/10\/7.1.-Presentaci\u00f3n-Cumbres-de-Rectores-2o-sem-2019.pdf\" target=\"_blank\" rel=\"noopener\">Presentaci\u00f3n Cumbres de Rectores 2o sem 2019<\/a><\/p>\n<p>8.- <a href=\"https:\/\/organoscolegiados.anuies.mx\/consejonacional\/wp-content\/uploads\/sites\/2\/2019\/10\/8.-Programa-de-Cooperacaci\u00f3n-Acad\u00e9mica.pdf\" target=\"_blank\" rel=\"noopener\">Presentaci\u00f3n del Programa de Cooperaci\u00f3n Acad\u00e9mica con Centroam\u00e9rica.<\/a><\/p>\n<p>9.- <a href=\"https:\/\/organoscolegiados.anuies.mx\/consejonacional\/wp-content\/uploads\/sites\/2\/2019\/10\/9.-Conferencia-Internacional-ANUIES-2019.pdf\" target=\"_blank\" rel=\"noopener\">Presentaci\u00f3n de los avances de la organizaci\u00f3n de la Conferencia Internacional ANUIES 2019.<\/a><\/p>\n<p>10.-<a href=\"https:\/\/organoscolegiados.anuies.mx\/consejonacional\/wp-content\/uploads\/sites\/2\/2019\/10\/10.-Poyecto-de-Dictamamen_Premio-ANUIES-2019.pdf\" target=\"_blank\" rel=\"noopener\">Dictaminaci\u00f3n del Premio ANUIES 2019 en la categor\u00eda \u201cTrayectoria profesional en educaci\u00f3n superior y contribuci\u00f3n a su desarrollo\u201d.<\/a><\/p>\n<p>10.1.\u00a0<a href=\"https:\/\/organoscolegiados.anuies.mx\/consejonacional\/wp-content\/uploads\/sites\/2\/2019\/10\/10.1.-Ficha-por-candidato-a-Premio-Trayectoria-y-Contribucion.pdf\" target=\"_blank\" rel=\"noopener\">Ficha por candidato a Premio Trayectoria y Contribuci\u00f3n.<\/a><\/p>\n<p><a href=\"https:\/\/organoscolegiados.anuies.mx\/consejonacional\/wp-content\/uploads\/sites\/2\/2020\/04\/Asuntos-generales-3.SO_.19-1.pdf\" target=\"_blank\" rel=\"noopener\">11. Asuntos generales.<\/a><\/p>\n<p style=\"padding-left: 40px\">11.1.<a href=\"https:\/\/organoscolegiados.anuies.mx\/consejonacional\/wp-content\/uploads\/sites\/2\/2019\/10\/11.1.-Presentaci\u00f3n-DEM-COLMEX.pdf\" target=\"_blank\" rel=\"noopener\">\u00a0Presentaci\u00f3n DEM COLMEX.<\/a><\/p>\n<p style=\"padding-left: 40px\">11.2. <a href=\"https:\/\/organoscolegiados.anuies.mx\/consejonacional\/wp-content\/uploads\/sites\/2\/2019\/10\/11.2.-Colaboraci\u00f3n-ANUIES-CitiBanamex.pdf\" target=\"_blank\" rel=\"noopener\">Colaboraci\u00f3n ANUIES-CitiBanamex<\/a><\/p>\n<p style=\"padding-left: 40px\">\n<p style=\"text-align: center\"><strong>Mtro. Jaime Valls Esponda<\/strong><\/p>\n<p style=\"text-align: center\">Secretario General Ejecutivo de la ANUIES<\/p>\n<\/div>\n<\/div><\/div><\/div><\/div><\/div>","protected":false},"excerpt":{"rendered":"<p>&nbsp; CONVOCATORIA Con fundamento en los art\u00edculos Vig\u00e9simo Primero, Trig\u00e9simo Primero y Trig\u00e9simo Tercero, fracci\u00f3n VI, del Estatuto de la Asociaci\u00f3n Nacional de Universidades e Instituciones de Educaci\u00f3n Superior de &hellip; <\/p>\n","protected":false},"author":1,"featured_media":0,"parent":0,"menu_order":0,"comment_status":"closed","ping_status":"closed","template":"","meta":{"ngg_post_thumbnail":0,"footnotes":""},"class_list":["post-88","page","type-page","status-publish","hentry"],"_links":{"self":[{"href":"https:\/\/organoscolegiados.anuies.mx\/consejonacional\/wp-json\/wp\/v2\/pages\/88","targetHints":{"allow":["GET"]}}],"collection":[{"href":"https:\/\/organoscolegiados.anuies.mx\/consejonacional\/wp-json\/wp\/v2\/pages"}],"about":[{"href":"https:\/\/organoscolegiados.anuies.mx\/consejonacional\/wp-json\/wp\/v2\/types\/page"}],"author":[{"embeddable":true,"href":"https:\/\/organoscolegiados.anuies.mx\/consejonacional\/wp-json\/wp\/v2\/users\/1"}],"replies":[{"embeddable":true,"href":"https:\/\/organoscolegiados.anuies.mx\/consejonacional\/wp-json\/wp\/v2\/comments?post=88"}],"version-history":[{"count":12,"href":"https:\/\/organoscolegiados.anuies.mx\/consejonacional\/wp-json\/wp\/v2\/pages\/88\/revisions"}],"predecessor-version":[{"id":1204,"href":"https:\/\/organoscolegiados.anuies.mx\/consejonacional\/wp-json\/wp\/v2\/pages\/88\/revisions\/1204"}],"wp:attachment":[{"href":"https:\/\/organoscolegiados.anuies.mx\/consejonacional\/wp-json\/wp\/v2\/media?parent=88"}],"curies":[{"name":"wp","href":"https:\/\/api.w.org\/{rel}","templated":true}]}}