{"id":1028,"date":"2023-01-11T20:21:33","date_gmt":"2023-01-11T19:21:33","guid":{"rendered":"https:\/\/organoscolegiados.anuies.mx\/cupia\/?page_id=1028"},"modified":"2023-05-12T16:28:49","modified_gmt":"2023-05-12T14:28:49","slug":"lix","status":"publish","type":"page","link":"https:\/\/organoscolegiados.anuies.mx\/cupia\/lix\/","title":{"rendered":"LIX Sesi\u00f3n Ordinaria 18 mayo"},"content":{"rendered":"<div id=\"pl-1028\"  class=\"panel-layout\" ><div id=\"pg-1028-0\"  class=\"panel-grid panel-no-style\" ><div id=\"pgc-1028-0-0\"  class=\"panel-grid-cell\" ><div id=\"panel-1028-0-0-0\" class=\"so-panel widget widget_sow-editor panel-first-child panel-last-child\" data-index=\"0\" ><div\n\t\t\t\n\t\t\tclass=\"so-widget-sow-editor so-widget-sow-editor-base\"\n\t\t\t\n\t\t>\n<div class=\"siteorigin-widget-tinymce textwidget\">\n\t<p><img loading=\"lazy\" decoding=\"async\" class=\"aligncenter size-full wp-image-1029\" src=\"https:\/\/organoscolegiados.anuies.mx\/cupia\/wp-content\/uploads\/sites\/6\/2023\/01\/CUPIA-LIX-scaled.jpg\" alt=\"\" width=\"2560\" height=\"221\" srcset=\"https:\/\/organoscolegiados.anuies.mx\/cupia\/wp-content\/uploads\/sites\/6\/2023\/01\/CUPIA-LIX-scaled.jpg 2560w, https:\/\/organoscolegiados.anuies.mx\/cupia\/wp-content\/uploads\/sites\/6\/2023\/01\/CUPIA-LIX-300x26.jpg 300w, https:\/\/organoscolegiados.anuies.mx\/cupia\/wp-content\/uploads\/sites\/6\/2023\/01\/CUPIA-LIX-1024x88.jpg 1024w, https:\/\/organoscolegiados.anuies.mx\/cupia\/wp-content\/uploads\/sites\/6\/2023\/01\/CUPIA-LIX-768x66.jpg 768w, https:\/\/organoscolegiados.anuies.mx\/cupia\/wp-content\/uploads\/sites\/6\/2023\/01\/CUPIA-LIX-1536x133.jpg 1536w, https:\/\/organoscolegiados.anuies.mx\/cupia\/wp-content\/uploads\/sites\/6\/2023\/01\/CUPIA-LIX-2048x177.jpg 2048w\" sizes=\"auto, (max-width: 2560px) 100vw, 2560px\" \/><\/p>\n<p style=\"text-align: center;\"><span style=\"font-family: arial, helvetica, sans-serif;\"><strong>CONVOCATORIA<\/strong><\/span><\/p>\n<p style=\"text-align: justify;\">Con fundamento en los art\u00edculos Trig\u00e9simo, Trig\u00e9simo Primero y Trig\u00e9simo Tercero, fracci\u00f3n VI, del Estatuto de la Asociaci\u00f3n Nacional de Universidades e Instituciones de Educaci\u00f3n Superior de la Rep\u00fablica Mexicana, A.C. (ANUIES), convocamos a los titulares de las instituciones que integran el Consejo de Universidades P\u00fablicas e Instituciones Afines (CUPIA), a la LIX Sesi\u00f3n Ordinaria que se efectuar\u00e1 en modalidad presencial con sede en el Auditorio Carlos E. Mart\u00ednez de la Universidad Aut\u00f3noma Agraria Antonio Narro, ubicada en Calz. Antonio Narro N\u00fam. 1923, Col. Buenavista, C.P. 25315, Saltillo, Coahuila, a las 11:00\u00a0 horas del jueves 18 de mayo de 2023, con el siguiente:<\/p>\n<p style=\"text-align: center;\"><span style=\"font-family: arial, helvetica, sans-serif;\"><strong>\u00a0<\/strong><strong>ORDEN DEL D\u00cdA<\/strong><\/span><\/p>\n<ol>\n<li><a href=\"https:\/\/organoscolegiados.anuies.mx\/cupia\/wp-content\/uploads\/sites\/6\/2023\/05\/1-Lista-de-asistencia-y-verificacion-del-quorum-Fusionado-39.pdf\" target=\"_blank\" rel=\"noopener\">Lista de asistencia y verificaci\u00f3n del <em>quorum<\/em>.<\/a><\/li>\n<li><a href=\"https:\/\/organoscolegiados.anuies.mx\/cupia\/wp-content\/uploads\/sites\/6\/2023\/05\/2-Aprobacion-del-Orden-del-Dia-Fusionado-34.pdf\" target=\"_blank\" rel=\"noopener\">Aprobaci\u00f3n del Orden del D\u00eda.<\/a><\/li>\n<li><a href=\"https:\/\/organoscolegiados.anuies.mx\/cupia\/wp-content\/uploads\/sites\/6\/2023\/05\/3-Eleccion-del-Vicepresidente-de-la-Sesion-Fusionado-14.pdf\" target=\"_blank\" rel=\"noopener\">Elecci\u00f3n del Vicepresidente de la Sesi\u00f3n.<\/a><\/li>\n<li><a href=\"https:\/\/organoscolegiados.anuies.mx\/cupia\/wp-content\/uploads\/sites\/6\/2023\/05\/4-Lectura-y-aprobacion-en-su-caso-del-acta-de-la-LVIII-Sesion-Ordinaria-Fusionado.pdf\" target=\"_blank\" rel=\"noopener\">Lectura y aprobaci\u00f3n, en su caso, del acta de la LVIII Sesi\u00f3n Ordinaria.<\/a><\/li>\n<li><a href=\"https:\/\/organoscolegiados.anuies.mx\/cupia\/wp-content\/uploads\/sites\/6\/2023\/05\/5-Compromisos-y-desafios-de-las-instituciones-de-educacion-superior-para-promover-la-igualdad-sustantiva-y-prevenir-la-violencia-de-genero-1.pdf\" target=\"_blank\" rel=\"noopener\">Compromisos y desaf\u00edos de las instituciones de educaci\u00f3n superior para promover la igualdad sustantiva y prevenir la violencia de g\u00e9nero.<\/a><\/li>\n<li><a href=\"https:\/\/organoscolegiados.anuies.mx\/cupia\/wp-content\/uploads\/sites\/6\/2023\/05\/6-Proyecto-del-Corredor-interoceanico-del-Istmo-de-Tehuantepec-Fusionado.pdf\" target=\"_blank\" rel=\"noopener\">Proyecto del Corredor interoce\u00e1nico del Istmo de Tehuantepec.<\/a><\/li>\n<li><a href=\"https:\/\/organoscolegiados.anuies.mx\/cupia\/wp-content\/uploads\/sites\/6\/2023\/05\/7-Problematica-del-Sistema-de-pensiones-y-jubilaciones-Fusionado.pdf\" target=\"_blank\" rel=\"noopener\">Problem\u00e1tica del Sistema de pensiones y jubilaciones.<\/a><\/li>\n<li><a href=\"https:\/\/organoscolegiados.anuies.mx\/cupia\/wp-content\/uploads\/sites\/6\/2023\/05\/8-Importancia-del-ejercicio-responsable-del-gasto-publico-en-las-instituciones-de-educacion-superior-Fusionado.pdf\" target=\"_blank\" rel=\"noopener\">Importancia del ejercicio responsable del gasto p\u00fablico en las instituciones de educaci\u00f3n superior.<\/a><\/li>\n<li><a href=\"https:\/\/organoscolegiados.anuies.mx\/cupia\/wp-content\/uploads\/sites\/6\/2023\/05\/9-Avances-en-el-Programa-de-trabajo-del-Sistema-de-Evaluacion-y-Acreditacion-de-la-Educacion-Superior-Fusionado.pdf\" target=\"_blank\" rel=\"noopener\">Avances en el Programa de trabajo del Sistema de Evaluaci\u00f3n y Acreditaci\u00f3n de la Educaci\u00f3n Superior.<\/a><\/li>\n<li><a href=\"https:\/\/organoscolegiados.anuies.mx\/cupia\/wp-content\/uploads\/sites\/6\/2023\/05\/10-Modelo-educativo-de-la-Universidad-Autonoma-de-Tlaxcala-Fusionado.pdf\" target=\"_blank\" rel=\"noopener\">Modelo educativo de la Universidad Aut\u00f3noma de Tlaxcala.<\/a><\/li>\n<li><a href=\"https:\/\/organoscolegiados.anuies.mx\/cupia\/wp-content\/uploads\/sites\/6\/2023\/05\/11-Uso-del-ChatGPT-en-el-entorno-de-las-universidades-e-instituciones-de-educacion-superior-Fusionado.pdf\" target=\"_blank\" rel=\"noopener\">Uso del ChatGPT en el entorno de las universidades e instituciones de educaci\u00f3n superior.<\/a><\/li>\n<li><a href=\"https:\/\/organoscolegiados.anuies.mx\/cupia\/wp-content\/uploads\/sites\/6\/2023\/05\/12-Agenda-de-cooperacion-internacional-Fusionado-2.pdf\" target=\"_blank\" rel=\"noopener\">Agenda de cooperaci\u00f3n internacional.<\/a><\/li>\n<li><a href=\"https:\/\/organoscolegiados.anuies.mx\/cupia\/wp-content\/uploads\/sites\/6\/2023\/05\/13-Eleccion-del-representante-del-Consejo-de-Universidades-Publicas-e-Instituciones-Afines-CUPIA-ante-el-Consejo-Nacional.pdf\" target=\"_blank\" rel=\"noopener\">Elecci\u00f3n del representante del Consejo de Universidades P\u00fablicas e Instituciones Afines (CUPIA) ante el Consejo Nacional.<\/a><\/li>\n<li><a href=\"https:\/\/organoscolegiados.anuies.mx\/cupia\/wp-content\/uploads\/sites\/6\/2023\/05\/14-Asuntos-generales-1.pdf\" target=\"_blank\" rel=\"noopener\">Asuntos generales.<\/a><\/li>\n<\/ol>\n<\/div>\n<\/div><\/div><\/div><\/div><div id=\"pg-1028-1\"  class=\"panel-grid panel-no-style\" ><div id=\"pgc-1028-1-0\"  class=\"panel-grid-cell\" ><div id=\"panel-1028-1-0-0\" class=\"so-panel widget widget_sow-editor panel-first-child panel-last-child\" data-index=\"1\" ><div\n\t\t\t\n\t\t\tclass=\"so-widget-sow-editor so-widget-sow-editor-base\"\n\t\t\t\n\t\t>\n<div class=\"siteorigin-widget-tinymce textwidget\">\n\t<p style=\"text-align: center;\"><strong>Dr. Alberto Flores Olivas<br \/>\n<\/strong>Rector de la Universidad Aut\u00f3noma Agraria Antonio Narro<br \/>\nPresidente en turno<\/p>\n<\/div>\n<\/div><\/div><\/div><div id=\"pgc-1028-1-1\"  class=\"panel-grid-cell\" ><div id=\"panel-1028-1-1-0\" class=\"so-panel widget widget_sow-editor panel-first-child panel-last-child\" data-index=\"2\" ><div\n\t\t\t\n\t\t\tclass=\"so-widget-sow-editor so-widget-sow-editor-base\"\n\t\t\t\n\t\t>\n<div class=\"siteorigin-widget-tinymce textwidget\">\n\t<p style=\"text-align: center;\"><strong>Dr. Luis Armando Gonz\u00e1lez Placencia<br \/>\n<\/strong>Secretario General Ejecutivo de la ANUIES<br \/>\nSecretario<\/p>\n<\/div>\n<\/div><\/div><\/div><\/div><\/div>","protected":false},"excerpt":{"rendered":"<p>CONVOCATORIA Con fundamento en los art\u00edculos Trig\u00e9simo, Trig\u00e9simo Primero y Trig\u00e9simo Tercero, fracci\u00f3n VI, del Estatuto de la Asociaci\u00f3n Nacional de Universidades e Instituciones de Educaci\u00f3n Superior de la Rep\u00fablica &hellip; <\/p>\n","protected":false},"author":1,"featured_media":0,"parent":0,"menu_order":0,"comment_status":"closed","ping_status":"closed","template":"","meta":{"ngg_post_thumbnail":0,"footnotes":""},"class_list":["post-1028","page","type-page","status-publish","hentry"],"_links":{"self":[{"href":"https:\/\/organoscolegiados.anuies.mx\/cupia\/wp-json\/wp\/v2\/pages\/1028","targetHints":{"allow":["GET"]}}],"collection":[{"href":"https:\/\/organoscolegiados.anuies.mx\/cupia\/wp-json\/wp\/v2\/pages"}],"about":[{"href":"https:\/\/organoscolegiados.anuies.mx\/cupia\/wp-json\/wp\/v2\/types\/page"}],"author":[{"embeddable":true,"href":"https:\/\/organoscolegiados.anuies.mx\/cupia\/wp-json\/wp\/v2\/users\/1"}],"replies":[{"embeddable":true,"href":"https:\/\/organoscolegiados.anuies.mx\/cupia\/wp-json\/wp\/v2\/comments?post=1028"}],"version-history":[{"count":5,"href":"https:\/\/organoscolegiados.anuies.mx\/cupia\/wp-json\/wp\/v2\/pages\/1028\/revisions"}],"predecessor-version":[{"id":1055,"href":"https:\/\/organoscolegiados.anuies.mx\/cupia\/wp-json\/wp\/v2\/pages\/1028\/revisions\/1055"}],"wp:attachment":[{"href":"https:\/\/organoscolegiados.anuies.mx\/cupia\/wp-json\/wp\/v2\/media?parent=1028"}],"curies":[{"name":"wp","href":"https:\/\/api.w.org\/{rel}","templated":true}]}}