{"id":1032,"date":"2023-01-11T20:23:13","date_gmt":"2023-01-11T19:23:13","guid":{"rendered":"https:\/\/organoscolegiados.anuies.mx\/cupia\/?page_id=1032"},"modified":"2023-10-10T19:29:35","modified_gmt":"2023-10-10T17:29:35","slug":"lx","status":"publish","type":"page","link":"https:\/\/organoscolegiados.anuies.mx\/cupia\/lx\/","title":{"rendered":"LX Sesi\u00f3n Ordinaria 13 octubre"},"content":{"rendered":"<div id=\"pl-1032\"  class=\"panel-layout\" ><div id=\"pg-1032-0\"  class=\"panel-grid panel-no-style\" ><div id=\"pgc-1032-0-0\"  class=\"panel-grid-cell\" ><div id=\"panel-1032-0-0-0\" class=\"so-panel widget widget_sow-editor panel-first-child panel-last-child\" data-index=\"0\" ><div\n\t\t\t\n\t\t\tclass=\"so-widget-sow-editor so-widget-sow-editor-base\"\n\t\t\t\n\t\t>\n<div class=\"siteorigin-widget-tinymce textwidget\">\n\t<p><img loading=\"lazy\" decoding=\"async\" class=\"aligncenter size-full wp-image-1033\" src=\"https:\/\/organoscolegiados.anuies.mx\/cupia\/wp-content\/uploads\/sites\/6\/2023\/01\/CUPIA-LX-scaled.jpg\" alt=\"\" width=\"2560\" height=\"221\" srcset=\"https:\/\/organoscolegiados.anuies.mx\/cupia\/wp-content\/uploads\/sites\/6\/2023\/01\/CUPIA-LX-scaled.jpg 2560w, https:\/\/organoscolegiados.anuies.mx\/cupia\/wp-content\/uploads\/sites\/6\/2023\/01\/CUPIA-LX-300x26.jpg 300w, https:\/\/organoscolegiados.anuies.mx\/cupia\/wp-content\/uploads\/sites\/6\/2023\/01\/CUPIA-LX-1024x88.jpg 1024w, https:\/\/organoscolegiados.anuies.mx\/cupia\/wp-content\/uploads\/sites\/6\/2023\/01\/CUPIA-LX-768x66.jpg 768w, https:\/\/organoscolegiados.anuies.mx\/cupia\/wp-content\/uploads\/sites\/6\/2023\/01\/CUPIA-LX-1536x133.jpg 1536w, https:\/\/organoscolegiados.anuies.mx\/cupia\/wp-content\/uploads\/sites\/6\/2023\/01\/CUPIA-LX-2048x177.jpg 2048w\" sizes=\"auto, (max-width: 2560px) 100vw, 2560px\" \/><\/p>\n<p style=\"text-align: center;\"><span style=\"font-family: arial, helvetica, sans-serif; font-size: 14pt;\"><strong>CONVOCATORIA<\/strong><\/span><\/p>\n<p style=\"text-align: center;\"><span style=\"font-size: 14pt;\"><strong>LX SESI\u00d3N ORDINARIA DEL CONSEJO DE UNIVERSIDADES P\u00daBLICAS E INSTITUCIONES AFINES<\/strong><\/span><\/p>\n<p style=\"text-align: justify;\"><span style=\"font-size: 14pt;\">Con fundamento en los art\u00edculos Trig\u00e9simo, Trig\u00e9simo Primero y Trig\u00e9simo Tercero, fracci\u00f3n VI, del Estatuto de la Asociaci\u00f3n Nacional de Universidades e Instituciones de Educaci\u00f3n Superior de la Rep\u00fablica Mexicana, A.C. (ANUIES), convocamos a los titulares de las instituciones que integran el Consejo de Universidades P\u00fablicas e Instituciones Afines (CUPIA), a la LX Sesi\u00f3n Ordinaria que se efectuar\u00e1 en modalidad presencial, en la Biblioteca Universitaria \u201cRa\u00fal Rangel Fr\u00edas\u201d de la Universidad Aut\u00f3noma de Nuevo Le\u00f3n, ubicada en Av. Alfonso Reyes 4000 Norte, Colonia Regina, C.P. 66455, Monterrey, Nuevo Le\u00f3n, a las 11:00 horas del viernes 13 de octubre de 2023, con el siguiente:<\/span><\/p>\n<p style=\"text-align: center;\"><span style=\"font-size: 14pt;\"><strong>ORDEN DEL D\u00cdA<\/strong><\/span><\/p>\n<ol>\n<li><a href=\"https:\/\/organoscolegiados.anuies.mx\/cupia\/wp-content\/uploads\/sites\/6\/2023\/09\/1-Lista-de-asistencia-y-verificacion-del-quorum-Fusionado-45.pdf\" target=\"_blank\" rel=\"noopener\"><span style=\"font-size: 14pt;\">Lista de asistencia y verificaci\u00f3n del <em>quorum<\/em>.<\/span><\/a><\/li>\n<li><a href=\"https:\/\/organoscolegiados.anuies.mx\/cupia\/wp-content\/uploads\/sites\/6\/2023\/09\/2-Aprobacion-del-Orden-del-Dia-Fusionado-40.pdf\" target=\"_blank\" rel=\"noopener\"><span style=\"font-size: 14pt;\">Aprobaci\u00f3n del Orden del D\u00eda.<\/span><\/a><\/li>\n<li><a href=\"https:\/\/organoscolegiados.anuies.mx\/cupia\/wp-content\/uploads\/sites\/6\/2023\/09\/3-Nombramiento-del-Vicepresidente-de-la-Sesion-Fusionado-6.pdf\" target=\"_blank\" rel=\"noopener\"><span style=\"font-size: 14pt;\">Nombramiento del Vicepresidente de la Sesi\u00f3n.<\/span><\/a><\/li>\n<li><a href=\"https:\/\/organoscolegiados.anuies.mx\/cupia\/wp-content\/uploads\/sites\/6\/2023\/09\/4-Lectura-y-aprobacion-en-su-caso-del-acta-de-la-LIX-Sesion-Ordinaria-Fusionado.pdf\" target=\"_blank\" rel=\"noopener\"><span style=\"font-size: 14pt;\">Lectura y aprobaci\u00f3n, en su caso, del Acta de la LIX Sesi\u00f3n Ordinaria.<\/span><\/a><\/li>\n<li><a href=\"https:\/\/organoscolegiados.anuies.mx\/cupia\/wp-content\/uploads\/sites\/6\/2023\/10\/5-Crecimiento-de-matricula-en-las-universidades-publicas-estatales-de-apoyo-solidario-e-interculturales-2.pdf\" target=\"_blank\" rel=\"noopener\"><span style=\"font-size: 14pt;\">Crecimiento de matr\u00edcula en las universidades p\u00fablicas estatales, de apoyo solidario e interculturales.<\/span><\/a><\/li>\n<li><a href=\"https:\/\/organoscolegiados.anuies.mx\/cupia\/wp-content\/uploads\/sites\/6\/2023\/09\/6-Avances-en-la-estrategia-para-elaborar-la-propuesta-de-financiamiento-destinada-a-la-educacion-superior-en-2024.pdf\" target=\"_blank\" rel=\"noopener\"><span style=\"font-size: 14pt;\">Avances en la estrategia para elaborar la propuesta de financiamiento destinada a la educaci\u00f3n superior en 2024.<\/span><\/a><\/li>\n<li><a href=\"https:\/\/organoscolegiados.anuies.mx\/cupia\/wp-content\/uploads\/sites\/6\/2023\/09\/7-Marco-General-del-Sistema-de-Evaluacion-y-Acreditacion-de-la-Educacion-Superior-Fusionado.pdf\" target=\"_blank\" rel=\"noopener\"><span style=\"font-size: 14pt;\">Marco General del Sistema de Evaluaci\u00f3n y Acreditaci\u00f3n de la Educaci\u00f3n Superior.<\/span><\/a><\/li>\n<li><a href=\"https:\/\/organoscolegiados.anuies.mx\/cupia\/wp-content\/uploads\/sites\/6\/2023\/09\/8-Construyendo-espacios-de-paz-Propuestas-para-erradicar-la-violencia-de-genero-en-las-instituciones-de-educacion-superior.pdf\" target=\"_blank\" rel=\"noopener\"><span style=\"font-size: 14pt;\">Construyendo espacios de paz: Propuestas para erradicar la violencia de g\u00e9nero en las instituciones de educaci\u00f3n superior.<\/span><\/a><\/li>\n<li><a href=\"https:\/\/organoscolegiados.anuies.mx\/cupia\/wp-content\/uploads\/sites\/6\/2023\/09\/9-Asuntos-generales-5.pdf\" target=\"_blank\" rel=\"noopener\"><span style=\"font-size: 14pt;\">Asuntos generales.<\/span><\/a><\/li>\n<\/ol>\n<\/div>\n<\/div><\/div><\/div><\/div><div id=\"pg-1032-1\"  class=\"panel-grid panel-no-style\" ><div id=\"pgc-1032-1-0\"  class=\"panel-grid-cell\" ><div id=\"panel-1032-1-0-0\" class=\"so-panel widget widget_sow-editor panel-first-child panel-last-child\" data-index=\"1\" ><div\n\t\t\t\n\t\t\tclass=\"so-widget-sow-editor so-widget-sow-editor-base\"\n\t\t\t\n\t\t>\n<div class=\"siteorigin-widget-tinymce textwidget\">\n\t<p style=\"text-align: center;\"><strong>Dr. med. Santos Guzm\u00e1n L\u00f3pez<br \/>\n<\/strong>Rector de la Universidad Aut\u00f3noma de Nuevo Le\u00f3n<br \/>\nPresidente en turno<\/p>\n<\/div>\n<\/div><\/div><\/div><div id=\"pgc-1032-1-1\"  class=\"panel-grid-cell\" ><div id=\"panel-1032-1-1-0\" class=\"so-panel widget widget_sow-editor panel-first-child panel-last-child\" data-index=\"2\" ><div\n\t\t\t\n\t\t\tclass=\"so-widget-sow-editor so-widget-sow-editor-base\"\n\t\t\t\n\t\t>\n<div class=\"siteorigin-widget-tinymce textwidget\">\n\t<p style=\"text-align: center;\"><strong>Dr. Luis Armando Gonz\u00e1lez Placencia<br \/>\n<\/strong>Secretario General Ejecutivo<br \/>\nSecretario<\/p>\n<\/div>\n<\/div><\/div><\/div><\/div><\/div>","protected":false},"excerpt":{"rendered":"<p>CONVOCATORIA LX SESI\u00d3N ORDINARIA DEL CONSEJO DE UNIVERSIDADES P\u00daBLICAS E INSTITUCIONES AFINES Con fundamento en los art\u00edculos Trig\u00e9simo, Trig\u00e9simo Primero y Trig\u00e9simo Tercero, fracci\u00f3n VI, del Estatuto de la Asociaci\u00f3n &hellip; <\/p>\n","protected":false},"author":1,"featured_media":0,"parent":0,"menu_order":0,"comment_status":"closed","ping_status":"closed","template":"","meta":{"ngg_post_thumbnail":0,"footnotes":""},"class_list":["post-1032","page","type-page","status-publish","hentry"],"_links":{"self":[{"href":"https:\/\/organoscolegiados.anuies.mx\/cupia\/wp-json\/wp\/v2\/pages\/1032","targetHints":{"allow":["GET"]}}],"collection":[{"href":"https:\/\/organoscolegiados.anuies.mx\/cupia\/wp-json\/wp\/v2\/pages"}],"about":[{"href":"https:\/\/organoscolegiados.anuies.mx\/cupia\/wp-json\/wp\/v2\/types\/page"}],"author":[{"embeddable":true,"href":"https:\/\/organoscolegiados.anuies.mx\/cupia\/wp-json\/wp\/v2\/users\/1"}],"replies":[{"embeddable":true,"href":"https:\/\/organoscolegiados.anuies.mx\/cupia\/wp-json\/wp\/v2\/comments?post=1032"}],"version-history":[{"count":6,"href":"https:\/\/organoscolegiados.anuies.mx\/cupia\/wp-json\/wp\/v2\/pages\/1032\/revisions"}],"predecessor-version":[{"id":1072,"href":"https:\/\/organoscolegiados.anuies.mx\/cupia\/wp-json\/wp\/v2\/pages\/1032\/revisions\/1072"}],"wp:attachment":[{"href":"https:\/\/organoscolegiados.anuies.mx\/cupia\/wp-json\/wp\/v2\/media?parent=1032"}],"curies":[{"name":"wp","href":"https:\/\/api.w.org\/{rel}","templated":true}]}}