{"id":1074,"date":"2024-04-19T17:23:04","date_gmt":"2024-04-19T15:23:04","guid":{"rendered":"https:\/\/organoscolegiados.anuies.mx\/cupia\/?page_id=1074"},"modified":"2024-05-21T20:19:24","modified_gmt":"2024-05-21T18:19:24","slug":"lxicupia","status":"publish","type":"page","link":"https:\/\/organoscolegiados.anuies.mx\/cupia\/lxicupia\/","title":{"rendered":"LXI Sesi\u00f3n Ordinaria 24 mayo"},"content":{"rendered":"<div id=\"pl-1074\"  class=\"panel-layout\" ><div id=\"pg-1074-0\"  class=\"panel-grid panel-no-style\" ><div id=\"pgc-1074-0-0\"  class=\"panel-grid-cell\" ><div id=\"panel-1074-0-0-0\" class=\"so-panel widget widget_sow-editor panel-first-child panel-last-child\" data-index=\"0\" ><div\n\t\t\t\n\t\t\tclass=\"so-widget-sow-editor so-widget-sow-editor-base\"\n\t\t\t\n\t\t>\n<div class=\"siteorigin-widget-tinymce textwidget\">\n\t<p><img loading=\"lazy\" decoding=\"async\" class=\"aligncenter wp-image-1075\" src=\"https:\/\/organoscolegiados.anuies.mx\/cupia\/wp-content\/uploads\/sites\/6\/2024\/04\/CABECERA.png\" alt=\"\" width=\"1401\" height=\"159\" srcset=\"https:\/\/organoscolegiados.anuies.mx\/cupia\/wp-content\/uploads\/sites\/6\/2024\/04\/CABECERA.png 1084w, https:\/\/organoscolegiados.anuies.mx\/cupia\/wp-content\/uploads\/sites\/6\/2024\/04\/CABECERA-300x34.png 300w, https:\/\/organoscolegiados.anuies.mx\/cupia\/wp-content\/uploads\/sites\/6\/2024\/04\/CABECERA-1024x116.png 1024w, https:\/\/organoscolegiados.anuies.mx\/cupia\/wp-content\/uploads\/sites\/6\/2024\/04\/CABECERA-768x87.png 768w\" sizes=\"auto, (max-width: 1401px) 100vw, 1401px\" \/><\/p>\n<p style=\"text-align: center;\"><span style=\"font-family: helvetica, arial, sans-serif; font-size: 14pt;\"><strong>CONVOCATORIA<\/strong><\/span><\/p>\n<p style=\"text-align: center;\"><span style=\"font-size: 14pt; font-family: helvetica, arial, sans-serif;\"><strong>LXI SESI\u00d3N ORDINARIA DEL CONSEJO DE UNIVERSIDADES P\u00daBLICAS E INSTITUCIONES AFINES<\/strong><\/span><\/p>\n<p style=\"text-align: justify;\"><span style=\"font-family: helvetica, arial, sans-serif; font-size: 14pt;\">Con fundamento en los art\u00edculos Trig\u00e9simo, Trig\u00e9simo Primero y Trig\u00e9simo Tercero, fracci\u00f3n VI, del Estatuto de la Asociaci\u00f3n Nacional de Universidades e Instituciones de Educaci\u00f3n Superior de la Rep\u00fablica Mexicana, A.C. (ANUIES), convocamos a los titulares de las instituciones que integran el Consejo de Universidades P\u00fablicas e Instituciones Afines (CUPIA), a la LXI Sesi\u00f3n Ordinaria que se efectuar\u00e1 en modalidad presencial, en el Poliforum Ing. Miguel \u00c1ngel Barberena Vega de la Universidad Tecnol\u00f3gica de Aguascalientes, ubicada en Blvd. Juan Pablo II N\u00fam. 1302, Fracc. Ex Hacienda la Cantera, C.P. 20200, Aguascalientes, Ags., a las 11:00 horas del viernes 24 de mayo de 2024, con el siguiente:<\/span><\/p>\n<p style=\"text-align: center;\"><span style=\"font-size: 14pt;\"><strong><span style=\"font-family: helvetica, arial, sans-serif;\">ORDEN DEL D\u00cdA<\/span><\/strong><\/span><\/p>\n<p style=\"text-align: left;\"><span style=\"font-family: helvetica, arial, sans-serif; font-size: 14pt;\">1. <a href=\"https:\/\/organoscolegiados.anuies.mx\/cupia\/wp-content\/uploads\/sites\/6\/2024\/05\/1-Lista-de-asistencia-y-verificacion-del-quorum-1.pdf\" target=\"_blank\" rel=\"noopener\">Lista de asistencia y verificaci\u00f3n del quorum.<\/a><\/span><br \/>\n<span style=\"font-family: helvetica, arial, sans-serif; font-size: 14pt;\">2. <a href=\"https:\/\/organoscolegiados.anuies.mx\/cupia\/wp-content\/uploads\/sites\/6\/2024\/05\/2-Aprobacion-del-Orden-del-Dia-1.pdf\" target=\"_blank\" rel=\"noopener\">Aprobaci\u00f3n del Orden del D\u00eda.<\/a><\/span><br \/>\n<span style=\"font-family: helvetica, arial, sans-serif; font-size: 14pt;\">3. <a href=\"https:\/\/organoscolegiados.anuies.mx\/cupia\/wp-content\/uploads\/sites\/6\/2024\/05\/3-Nombramiento-del-Vicepresidente-de-la-Sesion-1.pdf\" target=\"_blank\" rel=\"noopener\">Nombramiento del Vicepresidente de la Sesi\u00f3n.<\/a><\/span><br \/>\n<span style=\"font-family: helvetica, arial, sans-serif; font-size: 14pt;\">4. <a href=\"https:\/\/organoscolegiados.anuies.mx\/cupia\/wp-content\/uploads\/sites\/6\/2024\/05\/4-Lectura-y-aprobacion-en-su-caso-del-Acta-de-la-LX-Sesion-Ordinaria-final.pdf\" target=\"_blank\" rel=\"noopener\">Lectura y aprobaci\u00f3n, en su caso, del Acta de la LX Sesi\u00f3n Ordinaria.<\/a><\/span><br \/>\n<span style=\"font-family: helvetica, arial, sans-serif; font-size: 14pt;\">5. <a href=\"https:\/\/organoscolegiados.anuies.mx\/cupia\/wp-content\/uploads\/sites\/6\/2024\/05\/5-Alcances-del-Acuerdo-Nacional-por-una-Cultura-de-Paz-y-la-Erradicacion-de-la-Violencia-de-Genero-en-las-IES-en-Mexico-final.pdf\" target=\"_blank\" rel=\"noopener\">Alcances del Acuerdo Nacional por una Cultura de Paz y la Erradicaci\u00f3n de la Violencia de G\u00e9nero en las Instituciones de Educaci\u00f3n Superior en M\u00e9xico.<\/a><\/span><br \/>\n<span style=\"font-family: helvetica, arial, sans-serif; font-size: 14pt;\">6. <a href=\"https:\/\/organoscolegiados.anuies.mx\/cupia\/wp-content\/uploads\/sites\/6\/2024\/05\/6-Diagnostico-de-la-situacion-academico-laboral-del-personal-docente-de-asignatura-en-las-instituciones-de-educacion-superior-publicas.pdf\" target=\"_blank\" rel=\"noopener\">Diagn\u00f3stico de la situaci\u00f3n acad\u00e9mico-laboral del personal docente de asignatura en las instituciones de educaci\u00f3n superior p\u00fablicas.<\/a><\/span><br \/>\n<span style=\"font-family: helvetica, arial, sans-serif; font-size: 14pt;\">7. <a href=\"https:\/\/organoscolegiados.anuies.mx\/cupia\/wp-content\/uploads\/sites\/6\/2024\/05\/7-Proceso-de-innovacion-y-reingenieria-de-la-Direccion-General-de-Profesiones-para-mejorar-sus-servicios-a-las-instituciones-de-educacion-superior.pdf\" target=\"_blank\" rel=\"noopener\">Proceso de innovaci\u00f3n y reingenier\u00eda de la Direcci\u00f3n General de Profesiones para mejorar sus servicios a las instituciones de educaci\u00f3n superior.<\/a><\/span><br \/>\n<span style=\"font-family: helvetica, arial, sans-serif; font-size: 14pt;\">8. <a href=\"https:\/\/organoscolegiados.anuies.mx\/cupia\/wp-content\/uploads\/sites\/6\/2024\/05\/8-Estrategia-de-internacionalizacion-de-la-ANUIES.pdf\" target=\"_blank\" rel=\"noopener\">Estrategia de internacionalizaci\u00f3n de la ANUIES.<\/a><\/span><br \/>\n<span style=\"font-family: helvetica, arial, sans-serif; font-size: 14pt;\">9. <a href=\"https:\/\/organoscolegiados.anuies.mx\/cupia\/wp-content\/uploads\/sites\/6\/2024\/05\/9-Reporte-del-proceso-de-autoevaluacion-de-las-instituciones-de-educacion-superior-realizado-en-el-marco-del-SEAES.pdf\" target=\"_blank\" rel=\"noopener\">Reporte del proceso de autoevaluaci\u00f3n de las instituciones de educaci\u00f3n superior, realizado en el marco del Sistema de Evaluaci\u00f3n y Acreditaci\u00f3n de la Educaci\u00f3n Superior.<\/a><\/span><br \/>\n<span style=\"font-family: helvetica, arial, sans-serif; font-size: 14pt;\">10. <a href=\"https:\/\/organoscolegiados.anuies.mx\/cupia\/wp-content\/uploads\/sites\/6\/2024\/05\/10-Estrategia-para-el-fortalecimiento-academico-en-el-ambito-del-Sistema-de-Evaluacion-y-Acreditacion-de-la-Educacion-Superior.pdf\" target=\"_blank\" rel=\"noopener\">Estrategia para el fortalecimiento acad\u00e9mico en el \u00e1mbito del Sistema de Evaluaci\u00f3n y Acreditaci\u00f3n de la Educaci\u00f3n Superior.<\/a><\/span><br \/>\n<span style=\"font-family: helvetica, arial, sans-serif; font-size: 14pt;\">11. <a href=\"https:\/\/organoscolegiados.anuies.mx\/cupia\/wp-content\/uploads\/sites\/6\/2024\/05\/11-Asuntos-generales-1.pdf\" target=\"_blank\" rel=\"noopener\">Asuntos generales.<\/a><\/span><\/p>\n<\/div>\n<\/div><\/div><\/div><\/div><div id=\"pg-1074-1\"  class=\"panel-grid panel-no-style\" ><div id=\"pgc-1074-1-0\"  class=\"panel-grid-cell\" ><div id=\"panel-1074-1-0-0\" class=\"so-panel widget widget_sow-editor panel-first-child panel-last-child\" data-index=\"1\" ><div\n\t\t\t\n\t\t\tclass=\"so-widget-sow-editor so-widget-sow-editor-base\"\n\t\t\t\n\t\t>\n<div class=\"siteorigin-widget-tinymce textwidget\">\n\t<p style=\"text-align: center;\"><span style=\"font-family: helvetica, arial, sans-serif; font-size: 14pt;\"><strong>Dr. Jes\u00fas Armando L\u00f3pez Velarde Campa<br \/>\n<\/strong>Rector de la Universidad Tecnol\u00f3gica de Aguascalientes<\/span><br \/>\n<span style=\"font-family: helvetica, arial, sans-serif; font-size: 14pt;\">Presidente en turno<\/span><\/p>\n<\/div>\n<\/div><\/div><\/div><div id=\"pgc-1074-1-1\"  class=\"panel-grid-cell\" ><div id=\"panel-1074-1-1-0\" class=\"so-panel widget widget_sow-editor panel-first-child panel-last-child\" data-index=\"2\" ><div\n\t\t\t\n\t\t\tclass=\"so-widget-sow-editor so-widget-sow-editor-base\"\n\t\t\t\n\t\t>\n<div class=\"siteorigin-widget-tinymce textwidget\">\n\t<p style=\"text-align: center;\"><span style=\"font-family: helvetica, arial, sans-serif; font-size: 14pt;\"><strong>Dr. Luis Armando Gonz\u00e1lez Placencia<br \/>\n<\/strong>Secretario General Ejecutivo<\/span><br \/>\n<span style=\"font-family: helvetica, arial, sans-serif; font-size: 14pt;\">Secretario<\/span><\/p>\n<\/div>\n<\/div><\/div><\/div><\/div><\/div>","protected":false},"excerpt":{"rendered":"<p>CONVOCATORIA LXI SESI\u00d3N ORDINARIA DEL CONSEJO DE UNIVERSIDADES P\u00daBLICAS E INSTITUCIONES AFINES Con fundamento en los art\u00edculos Trig\u00e9simo, Trig\u00e9simo Primero y Trig\u00e9simo Tercero, fracci\u00f3n VI, del Estatuto de la Asociaci\u00f3n &hellip; <\/p>\n","protected":false},"author":1,"featured_media":0,"parent":0,"menu_order":0,"comment_status":"closed","ping_status":"closed","template":"","meta":{"ngg_post_thumbnail":0,"footnotes":""},"class_list":["post-1074","page","type-page","status-publish","hentry"],"_links":{"self":[{"href":"https:\/\/organoscolegiados.anuies.mx\/cupia\/wp-json\/wp\/v2\/pages\/1074","targetHints":{"allow":["GET"]}}],"collection":[{"href":"https:\/\/organoscolegiados.anuies.mx\/cupia\/wp-json\/wp\/v2\/pages"}],"about":[{"href":"https:\/\/organoscolegiados.anuies.mx\/cupia\/wp-json\/wp\/v2\/types\/page"}],"author":[{"embeddable":true,"href":"https:\/\/organoscolegiados.anuies.mx\/cupia\/wp-json\/wp\/v2\/users\/1"}],"replies":[{"embeddable":true,"href":"https:\/\/organoscolegiados.anuies.mx\/cupia\/wp-json\/wp\/v2\/comments?post=1074"}],"version-history":[{"count":12,"href":"https:\/\/organoscolegiados.anuies.mx\/cupia\/wp-json\/wp\/v2\/pages\/1074\/revisions"}],"predecessor-version":[{"id":1102,"href":"https:\/\/organoscolegiados.anuies.mx\/cupia\/wp-json\/wp\/v2\/pages\/1074\/revisions\/1102"}],"wp:attachment":[{"href":"https:\/\/organoscolegiados.anuies.mx\/cupia\/wp-json\/wp\/v2\/media?parent=1074"}],"curies":[{"name":"wp","href":"https:\/\/api.w.org\/{rel}","templated":true}]}}