{"id":1104,"date":"2024-10-07T16:53:06","date_gmt":"2024-10-07T14:53:06","guid":{"rendered":"https:\/\/organoscolegiados.anuies.mx\/cupia\/?page_id=1104"},"modified":"2024-10-21T21:12:46","modified_gmt":"2024-10-21T19:12:46","slug":"lxii","status":"publish","type":"page","link":"https:\/\/organoscolegiados.anuies.mx\/cupia\/lxii\/","title":{"rendered":"CUPIA LXII 18 octubre"},"content":{"rendered":"<div id=\"pl-1104\"  class=\"panel-layout\" ><div id=\"pg-1104-0\"  class=\"panel-grid panel-no-style\" ><div id=\"pgc-1104-0-0\"  class=\"panel-grid-cell\" ><div id=\"panel-1104-0-0-0\" class=\"so-panel widget widget_sow-editor panel-first-child panel-last-child\" data-index=\"0\" ><div\n\t\t\t\n\t\t\tclass=\"so-widget-sow-editor so-widget-sow-editor-base\"\n\t\t\t\n\t\t>\n<div class=\"siteorigin-widget-tinymce textwidget\">\n\t<p><img loading=\"lazy\" decoding=\"async\" class=\"aligncenter wp-image-1128\" src=\"https:\/\/organoscolegiados.anuies.mx\/cupia\/wp-content\/uploads\/sites\/6\/2024\/10\/CABECERA.png\" alt=\"\" width=\"1241\" height=\"141\" srcset=\"https:\/\/organoscolegiados.anuies.mx\/cupia\/wp-content\/uploads\/sites\/6\/2024\/10\/CABECERA.png 1364w, https:\/\/organoscolegiados.anuies.mx\/cupia\/wp-content\/uploads\/sites\/6\/2024\/10\/CABECERA-300x34.png 300w, https:\/\/organoscolegiados.anuies.mx\/cupia\/wp-content\/uploads\/sites\/6\/2024\/10\/CABECERA-1024x116.png 1024w, https:\/\/organoscolegiados.anuies.mx\/cupia\/wp-content\/uploads\/sites\/6\/2024\/10\/CABECERA-768x87.png 768w\" sizes=\"auto, (max-width: 1241px) 100vw, 1241px\" \/><\/p>\n<p style=\"text-align: center;\"><strong><span style=\"font-family: helvetica, arial, sans-serif; font-size: 14pt;\">MODIFICACI\u00d3N A LA CONVOCATORIA<\/span><\/strong><\/p>\n<p style=\"text-align: justify;\"><span style=\"font-family: helvetica, arial, sans-serif; font-size: 14pt;\">Con fundamento en los art\u00edculos Trig\u00e9simo, Trig\u00e9simo Primero y Trig\u00e9simo Tercero, fracci\u00f3n VI, del Estatuto de la Asociaci\u00f3n Nacional de Universidades e Instituciones de Educaci\u00f3n Superior de la Rep\u00fablica Mexicana, A.C.(ANUIES), convocamos a las y los titulares de las instituciones que integran el Consejo de Universidades P\u00fablicas e Instituciones Afines (CUPIA), a la LXII Sesi\u00f3n Ordinaria que se efectuar\u00e1 en modalidad presencial, en el Sal\u00f3n <strong>Jes\u00fas Reyes Heroles del Centro de Innovaci\u00f3n y Desarrollo de la ANUIES<\/strong>, ubicado en Miguel Laurent 961, Col. Santa Cruz Atoyac, Alcald\u00eda Benito Ju\u00e1rez, C.P. 03310, Ciudad de M\u00e9xico, a las <strong>11:00 horas del viernes 18 de octubre de 2024<\/strong>, conservando como sede a la <strong>Universidad Aut\u00f3noma de Guerrero<\/strong>, con el siguiente:<\/span><\/p>\n<h1 style=\"text-align: center;\"><span style=\"font-family: helvetica, arial, sans-serif; font-size: 14pt;\">ORDEN DEL DIA<\/span><\/h1>\n<ol>\n<li style=\"text-align: justify;\"><span style=\"color: #000000;\"><a style=\"color: #000000;\" href=\"https:\/\/organoscolegiados.anuies.mx\/cupia\/wp-content\/uploads\/sites\/6\/2024\/10\/1-Lista-de-asistencia-y-verificacion-del-quorum.pdf\" target=\"_blank\" rel=\"noopener\"><span style=\"font-size: 14pt; font-family: helvetica, arial, sans-serif;\">Lista de asistencia y verificaci\u00f3n del <i>quorum<\/i>.<\/span><\/a><\/span><\/li>\n<li style=\"text-align: justify;\"><span style=\"color: #000000;\"><a style=\"color: #000000;\" href=\"https:\/\/organoscolegiados.anuies.mx\/cupia\/wp-content\/uploads\/sites\/6\/2024\/10\/2-Aprobacion-del-Orden-del-Dia.pdf\" target=\"_blank\" rel=\"noopener\"><span style=\"font-size: 14pt; font-family: helvetica, arial, sans-serif;\">Aprobaci\u00f3n del Orden del D\u00eda.<\/span><\/a><\/span><\/li>\n<li style=\"text-align: justify;\"><span style=\"color: #000000;\"><a style=\"color: #000000;\" href=\"https:\/\/organoscolegiados.anuies.mx\/cupia\/wp-content\/uploads\/sites\/6\/2024\/10\/3-Nombramiento-del-Vicepresidente-de-la-Sesion.pdf\" target=\"_blank\" rel=\"noopener\"><span style=\"font-size: 14pt; font-family: helvetica, arial, sans-serif;\">Nombramiento del Vicepresidente de la Sesi\u00f3n.<\/span><\/a><\/span><\/li>\n<li style=\"text-align: justify;\"><span style=\"color: #000000;\"><a style=\"color: #000000;\" href=\"https:\/\/organoscolegiados.anuies.mx\/cupia\/wp-content\/uploads\/sites\/6\/2024\/10\/4-Lectura-y-aprobacion-en-su-caso-del-Acta-de-la-LXI-Sesion-Ordinaria-1.pdf\" target=\"_blank\" rel=\"noopener\"><span style=\"font-size: 14pt; font-family: helvetica, arial, sans-serif;\">Lectura y aprobaci\u00f3n, en su caso, del Acta de la LXI Sesi\u00f3n Ordinaria.<\/span><\/a><\/span><\/li>\n<li style=\"text-align: justify;\"><span style=\"color: #000000;\"><a style=\"color: #000000;\" href=\"https:\/\/organoscolegiados.anuies.mx\/cupia\/wp-content\/uploads\/sites\/6\/2024\/10\/5-Capacidad-de-respuesta-y-solidaridad-de-las-instituciones-afiliadas-en-apoyo-a-Guerrero-por-el-impacto-de-los-huracanes-Otis-y-John.pdf\" target=\"_blank\" rel=\"noopener\"><span style=\"font-size: 14pt; font-family: helvetica, arial, sans-serif;\">Capacidad de respuesta y solidaridad de las instituciones afiliadas en apoyo a Guerrero por el impacto de los huracanes Otis y John.<\/span><\/a><\/span><\/li>\n<li style=\"text-align: justify;\"><span style=\"color: #000000;\"><a style=\"color: #000000;\" href=\"https:\/\/organoscolegiados.anuies.mx\/cupia\/wp-content\/uploads\/sites\/6\/2024\/10\/6-Ampliacion-de-la-cobertura-en-educacion-superior-para-el-cumplimiento-de-la-meta-en-2030-2.pdf\" target=\"_blank\" rel=\"noopener\"><span style=\"font-size: 14pt; font-family: helvetica, arial, sans-serif;\">Ampliaci\u00f3n de la cobertura en educaci\u00f3n superior para el cumplimiento de la meta en 2030.<\/span><\/a><\/span><\/li>\n<li style=\"text-align: justify;\"><span style=\"color: #000000;\"><a style=\"color: #000000;\" href=\"https:\/\/organoscolegiados.anuies.mx\/cupia\/wp-content\/uploads\/sites\/6\/2024\/10\/7-Estrategia-para-el-financiamiento-federal-a-las-instituciones-publicas-de-educacion-superior-rumbo-al-Presupuesto-de-Egresos-de-la-Federacion-2025.pdf\" target=\"_blank\" rel=\"noopener\"><span style=\"font-size: 14pt; font-family: helvetica, arial, sans-serif;\"><b>Estrategia para el financiamiento federal a las instituciones p\u00fablicas de educaci\u00f3n superior rumbo al Presupuesto de Egresos de la Federaci\u00f3n 2025.<\/b><\/span><\/a><\/span><\/li>\n<li style=\"text-align: justify;\"><span style=\"font-size: 14pt; font-family: helvetica, arial, sans-serif; color: #000000;\"><b><\/b><a style=\"color: #000000;\" href=\"https:\/\/organoscolegiados.anuies.mx\/cupia\/wp-content\/uploads\/sites\/6\/2024\/10\/8-Modificaciones-a-los-convenios-de-las-UPES.-Proyectos-de-salud-mental-y-transparencia-en-el-ejercio-del-gasto.pdf\" target=\"_blank\" rel=\"noopener\"><b>Modificaciones a los convenios de las UPES: Proyectos de salud mental y transparencia en el ejercicio del gasto.<\/b><\/a><\/span><\/li>\n<li style=\"text-align: justify;\"><span style=\"font-size: 14pt; font-family: helvetica, arial, sans-serif; color: #000000;\"><b><\/b><a style=\"color: #000000;\" href=\"https:\/\/organoscolegiados.anuies.mx\/cupia\/wp-content\/uploads\/sites\/6\/2024\/10\/9-Mecanismos-de-prevencion-e-instrumentos-de-rendicion-de-cuentas-en-las-instituciones-de-educacion-superior.pdf\" target=\"_blank\" rel=\"noopener\">Mecanismos de prevenci\u00f3n e instrumentos de rendici\u00f3n de cuentas en las instituciones de educaci\u00f3n superior.<\/a><\/span><\/li>\n<li style=\"text-align: justify;\"><span style=\"color: #000000;\"><a style=\"color: #000000;\" href=\"https:\/\/organoscolegiados.anuies.mx\/cupia\/wp-content\/uploads\/sites\/6\/2024\/10\/10-Acciones-de-seguimiento-para-la-entrega-de-de-los-estados-financieros-auditados-e-informes-de-avances-academicos-de-las-universidades-publicas-estatales.pdf\" target=\"_blank\" rel=\"noopener\"><span style=\"font-size: 14pt; font-family: helvetica, arial, sans-serif;\">Acciones de seguimiento para la entrega de los estados financieros auditados e informes de avances acad\u00e9micos de las universidades p\u00fablicas estatales.<\/span><\/a><\/span><\/li>\n<li style=\"text-align: justify;\"><span style=\"font-size: 14pt; font-family: helvetica, arial, sans-serif; color: #000000;\">I<a style=\"color: #000000;\" href=\"https:\/\/organoscolegiados.anuies.mx\/cupia\/wp-content\/uploads\/sites\/6\/2024\/10\/11-Informe-sobre-la-contribucion-de-las-instituciones-de-educacion-superior-al-logro-de-los-Objetivos-de-Desarrollo-Sostenible-y-otras-acciones-de-impacto-social.pdf\" target=\"_blank\" rel=\"noopener\">nforme sobre la contribuci\u00f3n de las instituciones de educaci\u00f3n superior al logro de los Objetivos de Desarrollo Sostenible y otras acciones de impacto social.<\/a><\/span><\/li>\n<li style=\"text-align: justify;\"><span style=\"color: #000000;\"><a style=\"color: #000000;\" href=\"https:\/\/organoscolegiados.anuies.mx\/cupia\/wp-content\/uploads\/sites\/6\/2024\/10\/12-Eleccion-del-representante-del-CUPIA-ante-el-CN-Portada.pdf\" target=\"_blank\" rel=\"noopener\"><span style=\"font-size: 14pt; font-family: helvetica, arial, sans-serif;\">Elecci\u00f3n del representante del Consejo de Universidades P\u00fablicas e Instituciones Afines (CUPIA) ante el Consejo Nacional.<\/span><\/a><\/span><\/li>\n<li style=\"text-align: justify;\"><span style=\"color: #000000; font-family: helvetica, arial, sans-serif; font-size: 14pt;\"><a style=\"color: #000000;\" href=\"https:\/\/organoscolegiados.anuies.mx\/cupia\/wp-content\/uploads\/sites\/6\/2024\/10\/13-Asuntos-generales-Portada.pdf\" target=\"_blank\" rel=\"noopener\">Asuntos generales.<\/a><\/span><\/li>\n<\/ol>\n<\/div>\n<\/div><\/div><\/div><\/div><div id=\"pg-1104-1\"  class=\"panel-grid panel-no-style\" ><div id=\"pgc-1104-1-0\"  class=\"panel-grid-cell\" ><div id=\"panel-1104-1-0-0\" class=\"so-panel widget widget_sow-editor panel-first-child panel-last-child\" data-index=\"1\" ><div\n\t\t\t\n\t\t\tclass=\"so-widget-sow-editor so-widget-sow-editor-base\"\n\t\t\t\n\t\t>\n<div class=\"siteorigin-widget-tinymce textwidget\">\n\t<p style=\"text-align: center;\"><span style=\"font-family: helvetica, arial, sans-serif; font-size: 14pt;\"><strong>Dr. Javier Salda\u00f1a Almaz\u00e1n<\/strong><\/span><br \/>\n<span style=\"font-family: helvetica, arial, sans-serif; font-size: 14pt;\">Rector de la Universidad Aut\u00f3noma de Guerrero<\/span><br \/>\n<span style=\"font-family: helvetica, arial, sans-serif; font-size: 14pt;\"><strong>Presidente en turno<\/strong><\/span><\/p>\n<\/div>\n<\/div><\/div><\/div><div id=\"pgc-1104-1-1\"  class=\"panel-grid-cell\" ><div id=\"panel-1104-1-1-0\" class=\"so-panel widget widget_sow-editor panel-first-child panel-last-child\" data-index=\"2\" ><div\n\t\t\t\n\t\t\tclass=\"so-widget-sow-editor so-widget-sow-editor-base\"\n\t\t\t\n\t\t>\n<div class=\"siteorigin-widget-tinymce textwidget\">\n\t<p style=\"text-align: center;\"><span style=\"font-family: helvetica, arial, sans-serif; font-size: 14pt;\"><strong>Dr. Luis Armando Gonz\u00e1lez Placencia<\/strong><\/span><br \/>\n<span style=\"font-family: helvetica, arial, sans-serif; font-size: 14pt;\">Secretario General Ejecutivo<\/span><br \/>\n<span style=\"font-family: helvetica, arial, sans-serif; font-size: 14pt;\"><strong>Secretario<\/strong><\/span><\/p>\n<\/div>\n<\/div><\/div><\/div><\/div><\/div>","protected":false},"excerpt":{"rendered":"<p>MODIFICACI\u00d3N A LA CONVOCATORIA Con fundamento en los art\u00edculos Trig\u00e9simo, Trig\u00e9simo Primero y Trig\u00e9simo Tercero, fracci\u00f3n VI, del Estatuto de la Asociaci\u00f3n Nacional de Universidades e Instituciones de Educaci\u00f3n Superior &hellip; <\/p>\n","protected":false},"author":1,"featured_media":0,"parent":0,"menu_order":0,"comment_status":"closed","ping_status":"closed","template":"","meta":{"ngg_post_thumbnail":0,"footnotes":""},"class_list":["post-1104","page","type-page","status-publish","hentry"],"_links":{"self":[{"href":"https:\/\/organoscolegiados.anuies.mx\/cupia\/wp-json\/wp\/v2\/pages\/1104","targetHints":{"allow":["GET"]}}],"collection":[{"href":"https:\/\/organoscolegiados.anuies.mx\/cupia\/wp-json\/wp\/v2\/pages"}],"about":[{"href":"https:\/\/organoscolegiados.anuies.mx\/cupia\/wp-json\/wp\/v2\/types\/page"}],"author":[{"embeddable":true,"href":"https:\/\/organoscolegiados.anuies.mx\/cupia\/wp-json\/wp\/v2\/users\/1"}],"replies":[{"embeddable":true,"href":"https:\/\/organoscolegiados.anuies.mx\/cupia\/wp-json\/wp\/v2\/comments?post=1104"}],"version-history":[{"count":18,"href":"https:\/\/organoscolegiados.anuies.mx\/cupia\/wp-json\/wp\/v2\/pages\/1104\/revisions"}],"predecessor-version":[{"id":1193,"href":"https:\/\/organoscolegiados.anuies.mx\/cupia\/wp-json\/wp\/v2\/pages\/1104\/revisions\/1193"}],"wp:attachment":[{"href":"https:\/\/organoscolegiados.anuies.mx\/cupia\/wp-json\/wp\/v2\/media?parent=1104"}],"curies":[{"name":"wp","href":"https:\/\/api.w.org\/{rel}","templated":true}]}}