{"id":1358,"date":"2025-09-12T20:30:25","date_gmt":"2025-09-12T18:30:25","guid":{"rendered":"https:\/\/organoscolegiados.anuies.mx\/cupia\/?page_id=1358"},"modified":"2026-03-20T20:34:44","modified_gmt":"2026-03-20T19:34:44","slug":"cupialxiv","status":"publish","type":"page","link":"https:\/\/organoscolegiados.anuies.mx\/cupia\/cupialxiv\/","title":{"rendered":"CUPIA LXIV 17 octubre de 2025"},"content":{"rendered":"<div id=\"pl-1358\"  class=\"panel-layout\" ><div id=\"pg-1358-0\"  class=\"panel-grid panel-no-style\" ><div id=\"pgc-1358-0-0\"  class=\"panel-grid-cell\" ><div id=\"panel-1358-0-0-0\" class=\"so-panel widget widget_sow-editor panel-first-child panel-last-child\" data-index=\"0\" ><div\n\t\t\t\n\t\t\tclass=\"so-widget-sow-editor so-widget-sow-editor-base\"\n\t\t\t\n\t\t>\n<div class=\"siteorigin-widget-tinymce textwidget\">\n\t<p>&nbsp;<\/p>\n<p><img loading=\"lazy\" decoding=\"async\" class=\"aligncenter size-full wp-image-1360\" src=\"https:\/\/organoscolegiados.anuies.mx\/cupia\/wp-content\/uploads\/sites\/6\/2025\/09\/cabecera.png\" alt=\"\" width=\"1636\" height=\"281\" srcset=\"https:\/\/organoscolegiados.anuies.mx\/cupia\/wp-content\/uploads\/sites\/6\/2025\/09\/cabecera.png 1636w, https:\/\/organoscolegiados.anuies.mx\/cupia\/wp-content\/uploads\/sites\/6\/2025\/09\/cabecera-300x52.png 300w, https:\/\/organoscolegiados.anuies.mx\/cupia\/wp-content\/uploads\/sites\/6\/2025\/09\/cabecera-1024x176.png 1024w, https:\/\/organoscolegiados.anuies.mx\/cupia\/wp-content\/uploads\/sites\/6\/2025\/09\/cabecera-768x132.png 768w, https:\/\/organoscolegiados.anuies.mx\/cupia\/wp-content\/uploads\/sites\/6\/2025\/09\/cabecera-1536x264.png 1536w\" sizes=\"auto, (max-width: 1636px) 100vw, 1636px\" \/><\/p>\n<p style=\"text-align: center;\"><span style=\"font-family: helvetica, arial, sans-serif; font-size: 14pt;\"><strong>CONVOCATORIA<\/strong><\/span><\/p>\n<p style=\"text-align: justify;\"><span style=\"font-family: helvetica, arial, sans-serif; font-size: 14pt;\">Con fundamento en los art\u00edculos Trig\u00e9simo, Trig\u00e9simo Primero y Trig\u00e9simo Tercero, fracci\u00f3n VI, del Estatuto de la Asociaci\u00f3n Nacional de Universidades e Instituciones de Educaci\u00f3n Superior de la Rep\u00fablica Mexicana, A.C. (ANUIES), convocamos a las y los titulares de las instituciones que integran el Consejo de Universidades P\u00fablicas e Instituciones Afines (CUPIA), a la LXIV Sesi\u00f3n Ordinaria que se efectuar\u00e1 en modalidad presencial, en la Universidad Aut\u00f3noma de Tamaulipas, Centro Universitario Tampico Madero S\/N, Universidad Poniente, C.P. 89336, Tampico, Tamaulipas, a las 10:00 horas del viernes 17 de octubre de 2025, con el siguiente::<\/span><\/p>\n<h1 style=\"text-align: center;\"><span style=\"font-family: helvetica, arial, sans-serif; font-size: 14pt;\">ORDEN DEL DIA<\/span><\/h1>\n<ol>\n<li style=\"text-align: justify;\"><span style=\"font-family: helvetica, arial, sans-serif; font-size: 14pt;\"><a href=\"https:\/\/organoscolegiados.anuies.mx\/cupia\/wp-content\/uploads\/sites\/6\/2025\/09\/1-Lista-de-asistencia-y-verificacion-del-quorum.pdf\" target=\"_blank\" rel=\"noopener\">Lista de asistencia y verificaci\u00f3n del <em>quorum<\/em>.<\/a><\/span><\/li>\n<li style=\"text-align: justify;\"><a href=\"https:\/\/organoscolegiados.anuies.mx\/cupia\/wp-content\/uploads\/sites\/6\/2025\/09\/2-Aprobacion-del-Orden-del-Dia.pdf\" target=\"_blank\" rel=\"noopener\"><span style=\"font-family: helvetica, arial, sans-serif; font-size: 14pt;\">Aprobaci\u00f3n del Orden del D\u00eda.<\/span><\/a><\/li>\n<li style=\"text-align: justify;\"><a href=\"https:\/\/organoscolegiados.anuies.mx\/cupia\/wp-content\/uploads\/sites\/6\/2025\/09\/3-Nombramiento-del-Vicepresidente-de-la-Sesion.pdf\" target=\"_blank\" rel=\"noopener\"><span style=\"font-family: helvetica, arial, sans-serif; font-size: 14pt;\">Nombramiento del Vicepresidente de la Sesi\u00f3n.<\/span><\/a>\n<ul style=\"list-style-type: circle;\">\n<li><span style=\"font-size: 14pt; color: #800000;\"><a style=\"color: #800000;\" href=\"https:\/\/youtu.be\/FSSHrV3DT-o\" target=\"_blank\" rel=\"noopener\">Mensaje del Dr. Octavio Castillo Acosta, Rector de la Universidad Aut\u00f3noma del Estado de Hidalgo.<\/a><\/span><\/li>\n<\/ul>\n<\/li>\n<li style=\"text-align: justify;\"><a href=\"https:\/\/organoscolegiados.anuies.mx\/cupia\/wp-content\/uploads\/sites\/6\/2025\/09\/4-Lectura-y-aprobacion-en-su-caso-del-Acta-de-la-LXIII-Sesion-Ordinaria.pdf\" target=\"_blank\" rel=\"noopener\"><span style=\"font-family: helvetica, arial, sans-serif; font-size: 14pt;\">Lectura y aprobaci\u00f3n, en su caso, del Acta de la LXIII Sesi\u00f3n Ordinaria.<\/span><\/a><\/li>\n<li style=\"text-align: justify;\"><a href=\"https:\/\/organoscolegiados.anuies.mx\/cupia\/wp-content\/uploads\/sites\/6\/2025\/10\/5-completo.pdf\" target=\"_blank\" rel=\"noopener\"><span style=\"font-family: helvetica, arial, sans-serif; font-size: 14pt;\">Participaci\u00f3n de las Universidades P\u00fablicas e Instituciones Afines en las \u201cComisiones regionales de Aprendizaje a lo Largo de la Vida\u201d.<\/span><\/a><\/li>\n<li style=\"text-align: justify;\"><a href=\"https:\/\/organoscolegiados.anuies.mx\/cupia\/wp-content\/uploads\/sites\/6\/2025\/10\/6-completa.pdf\" target=\"_blank\" rel=\"noopener\"><span style=\"font-family: helvetica, arial, sans-serif; font-size: 14pt;\">Participaci\u00f3n de las Universidades P\u00fablicas e Instituciones Afines en las Jornadas de Tequios por la Paz.<\/span><\/a><\/li>\n<li style=\"text-align: justify;\"><a href=\"https:\/\/organoscolegiados.anuies.mx\/cupia\/wp-content\/uploads\/sites\/6\/2025\/10\/7-completo.pdf\" target=\"_blank\" rel=\"noopener\"><span style=\"font-family: helvetica, arial, sans-serif; font-size: 14pt;\">Avances del Censo Nacional \u201cUsos y percepciones sobre la Inteligencia Artificial Generativa en la comunidad del sector de educaci\u00f3n superior en M\u00e9xico\u201d.<\/span><\/a><\/li>\n<li style=\"text-align: justify;\"><a href=\"https:\/\/organoscolegiados.anuies.mx\/cupia\/wp-content\/uploads\/sites\/6\/2025\/09\/8-Informe-de-la-Secretaria-General-Ejecutiva-respecto-a-las-gestiones-realizadas-en-el-marco-del-PEF-2026.pdf\" target=\"_blank\" rel=\"noopener\"><span style=\"font-family: helvetica, arial, sans-serif; font-size: 14pt;\">Informe de la Secretar\u00eda General Ejecutiva respecto a las gestiones realizadas en el marco del Presupuesto de Egresos de la Federaci\u00f3n 2026.<\/span><\/a>\n<ul style=\"list-style-type: circle;\">\n<li><span style=\"font-size: 14pt; color: #800000;\"><a style=\"color: #800000;\" href=\"https:\/\/youtu.be\/_iEX7Vu-u9Y\" target=\"_blank\" rel=\"noopener\">Video.<\/a><\/span><\/li>\n<li><span style=\"color: #800000;\"><a style=\"color: #800000;\" href=\"https:\/\/organoscolegiados.anuies.mx\/cupia\/wp-content\/uploads\/sites\/6\/2026\/03\/Comision-de-Financiamiento-OK.pdf\" target=\"_blank\" rel=\"noopener\"><span style=\"font-size: 14pt;\">Descarga del libro de la Comisi\u00f3n Financiera.<\/span><\/a><\/span><\/li>\n<\/ul>\n<\/li>\n<li style=\"text-align: justify;\"><a href=\"https:\/\/organoscolegiados.anuies.mx\/cupia\/wp-content\/uploads\/sites\/6\/2025\/10\/9-completo.pdf\" target=\"_blank\" rel=\"noopener\"><span style=\"font-family: helvetica, arial, sans-serif; font-size: 14pt;\">Informe de avances del Observatorio Interinstitucional de Inteligencia Artificial en la Educaci\u00f3n Superior en M\u00e9xico.<\/span><\/a><\/li>\n<li style=\"text-align: justify;\"><span style=\"font-family: helvetica, arial, sans-serif; font-size: 14pt;\"><a href=\"https:\/\/organoscolegiados.anuies.mx\/cupia\/wp-content\/uploads\/sites\/6\/2025\/10\/10-completo.pdf\" target=\"_blank\" rel=\"noopener\">Presentaci\u00f3n de las acciones de cooperaci\u00f3n internacional de la Secretar\u00eda General Ejecutiva.<\/a><\/span><\/li>\n<li style=\"text-align: justify;\"><a href=\"https:\/\/organoscolegiados.anuies.mx\/cupia\/wp-content\/uploads\/sites\/6\/2025\/09\/11-Asuntos-generales.pdf\" target=\"_blank\" rel=\"noopener\"><span style=\"font-family: helvetica, arial, sans-serif; font-size: 14pt;\">Asuntos generales.<\/span><\/a><\/li>\n<\/ol>\n<p><span style=\"font-size: 14pt; font-family: helvetica, arial, sans-serif;\"><strong>Descarga de Libros<\/strong><\/span><\/p>\n<table style=\"border-collapse: collapse; width: 100%;\" border=\"1\">\n<tbody>\n<tr>\n<td style=\"width: 33.3333%;\"><a href=\"https:\/\/publicacionesdigitales.anuies.mx\/wp-content\/uploads\/2025\/10\/Construyendo-Cultura-de-Paz-completo.pdf\" target=\"_blank\" rel=\"noopener\"><img loading=\"lazy\" decoding=\"async\" class=\"aligncenter wp-image-1389\" src=\"https:\/\/organoscolegiados.anuies.mx\/cupia\/wp-content\/uploads\/sites\/6\/2025\/10\/Libro-Cultura-de-Paz.png\" alt=\"\" width=\"633\" height=\"235\" srcset=\"https:\/\/organoscolegiados.anuies.mx\/cupia\/wp-content\/uploads\/sites\/6\/2025\/10\/Libro-Cultura-de-Paz.png 884w, https:\/\/organoscolegiados.anuies.mx\/cupia\/wp-content\/uploads\/sites\/6\/2025\/10\/Libro-Cultura-de-Paz-300x111.png 300w, https:\/\/organoscolegiados.anuies.mx\/cupia\/wp-content\/uploads\/sites\/6\/2025\/10\/Libro-Cultura-de-Paz-768x285.png 768w\" sizes=\"auto, (max-width: 633px) 100vw, 633px\" \/><\/a><\/td>\n<td style=\"width: 33.3333%;\"><a href=\"https:\/\/publicacionesdigitales.anuies.mx\/wp-content\/uploads\/2025\/10\/Discapacidad-ANUIES.pdf\" target=\"_blank\" rel=\"noopener\"><img loading=\"lazy\" decoding=\"async\" class=\"aligncenter wp-image-1388\" src=\"https:\/\/organoscolegiados.anuies.mx\/cupia\/wp-content\/uploads\/sites\/6\/2025\/10\/Libro-Discapacidad.png\" alt=\"\" width=\"618\" height=\"236\" srcset=\"https:\/\/organoscolegiados.anuies.mx\/cupia\/wp-content\/uploads\/sites\/6\/2025\/10\/Libro-Discapacidad.png 854w, https:\/\/organoscolegiados.anuies.mx\/cupia\/wp-content\/uploads\/sites\/6\/2025\/10\/Libro-Discapacidad-300x115.png 300w, https:\/\/organoscolegiados.anuies.mx\/cupia\/wp-content\/uploads\/sites\/6\/2025\/10\/Libro-Discapacidad-768x293.png 768w\" sizes=\"auto, (max-width: 618px) 100vw, 618px\" \/><\/a><\/td>\n<td style=\"width: 33.3333%;\"><a href=\"https:\/\/organoscolegiados.anuies.mx\/cupia\/wp-content\/uploads\/sites\/6\/2026\/03\/Comision-de-Financiamiento-OK.pdf\" target=\"_blank\" rel=\"noopener\"><img loading=\"lazy\" decoding=\"async\" class=\"aligncenter wp-image-1392\" src=\"https:\/\/organoscolegiados.anuies.mx\/cupia\/wp-content\/uploads\/sites\/6\/2025\/10\/Descaga-Comision-de-Financiamiento.jpeg\" alt=\"\" width=\"337\" height=\"190\" srcset=\"https:\/\/organoscolegiados.anuies.mx\/cupia\/wp-content\/uploads\/sites\/6\/2025\/10\/Descaga-Comision-de-Financiamiento.jpeg 1600w, https:\/\/organoscolegiados.anuies.mx\/cupia\/wp-content\/uploads\/sites\/6\/2025\/10\/Descaga-Comision-de-Financiamiento-300x169.jpeg 300w, https:\/\/organoscolegiados.anuies.mx\/cupia\/wp-content\/uploads\/sites\/6\/2025\/10\/Descaga-Comision-de-Financiamiento-1024x576.jpeg 1024w, https:\/\/organoscolegiados.anuies.mx\/cupia\/wp-content\/uploads\/sites\/6\/2025\/10\/Descaga-Comision-de-Financiamiento-768x432.jpeg 768w, https:\/\/organoscolegiados.anuies.mx\/cupia\/wp-content\/uploads\/sites\/6\/2025\/10\/Descaga-Comision-de-Financiamiento-1536x864.jpeg 1536w\" sizes=\"auto, (max-width: 337px) 100vw, 337px\" \/><\/a><\/td>\n<\/tr>\n<\/tbody>\n<\/table>\n<\/div>\n<\/div><\/div><\/div><\/div><div id=\"pg-1358-1\"  class=\"panel-grid panel-no-style\" ><div id=\"pgc-1358-1-0\"  class=\"panel-grid-cell\" ><div id=\"panel-1358-1-0-0\" class=\"so-panel widget widget_sow-editor panel-first-child panel-last-child\" data-index=\"1\" ><div\n\t\t\t\n\t\t\tclass=\"so-widget-sow-editor so-widget-sow-editor-base\"\n\t\t\t\n\t\t><h3 class=\"widget-title\">La sesi\u00f3n en im\u00e1genes<\/h3>\n<div class=\"siteorigin-widget-tinymce textwidget\">\n\t<p><span data-mce-type=\"bookmark\" style=\"display: inline-block; width: 0px; overflow: hidden; line-height: 0;\" class=\"mce_SELRES_start\">\ufeff<\/span>ngg_shortcode_0_placeholder<span data-mce-type=\"bookmark\" style=\"display: inline-block; width: 0px; overflow: hidden; line-height: 0;\" class=\"mce_SELRES_end\">\ufeff<\/span><\/p><\/div>\n<\/div><\/div><\/div><\/div><div id=\"pg-1358-2\"  class=\"panel-grid panel-no-style\" ><div id=\"pgc-1358-2-0\"  class=\"panel-grid-cell\" ><div id=\"panel-1358-2-0-0\" class=\"so-panel widget widget_sow-editor panel-first-child panel-last-child\" data-index=\"2\" ><div\n\t\t\t\n\t\t\tclass=\"so-widget-sow-editor so-widget-sow-editor-base\"\n\t\t\t\n\t\t>\n<div class=\"siteorigin-widget-tinymce textwidget\">\n\t<p style=\"text-align: center;\"><span style=\"font-family: helvetica, arial, sans-serif; font-size: 14pt;\"><strong>MVZ. MC. D\u00e1maso Leonardo Anaya Alvarado<\/strong><\/span><br \/>\n<span style=\"font-family: helvetica, arial, sans-serif; font-size: 14pt;\">Rector de la Universidad Aut\u00f3noma de Tamaulipas<\/span><br \/>\n<span style=\"font-family: helvetica, arial, sans-serif; font-size: 14pt;\"><strong>Presidente en turno<\/strong><\/span><\/p>\n<\/div>\n<\/div><\/div><\/div><div id=\"pgc-1358-2-1\"  class=\"panel-grid-cell\" ><div id=\"panel-1358-2-1-0\" class=\"so-panel widget widget_sow-editor panel-first-child panel-last-child\" data-index=\"3\" ><div\n\t\t\t\n\t\t\tclass=\"so-widget-sow-editor so-widget-sow-editor-base\"\n\t\t\t\n\t\t>\n<div class=\"siteorigin-widget-tinymce textwidget\">\n\t<p style=\"text-align: center;\"><span style=\"font-family: helvetica, arial, sans-serif; font-size: 14pt;\"><strong>Dr. Luis Armando Gonz\u00e1lez Placencia<\/strong><\/span><br \/>\n<span style=\"font-family: helvetica, arial, sans-serif; font-size: 14pt;\">Secretario General Ejecutivo<\/span><br \/>\n<span style=\"font-family: helvetica, arial, sans-serif; font-size: 14pt;\"><strong>Secretario<\/strong><\/span><\/p>\n<\/div>\n<\/div><\/div><\/div><\/div><\/div>","protected":false},"excerpt":{"rendered":"<p>&nbsp; CONVOCATORIA Con fundamento en los art\u00edculos Trig\u00e9simo, Trig\u00e9simo Primero y Trig\u00e9simo Tercero, fracci\u00f3n VI, del Estatuto de la Asociaci\u00f3n Nacional de Universidades e Instituciones de Educaci\u00f3n Superior de la &hellip; <\/p>\n","protected":false},"author":1,"featured_media":0,"parent":0,"menu_order":0,"comment_status":"closed","ping_status":"closed","template":"","meta":{"ngg_post_thumbnail":0,"footnotes":""},"class_list":["post-1358","page","type-page","status-publish","hentry"],"_links":{"self":[{"href":"https:\/\/organoscolegiados.anuies.mx\/cupia\/wp-json\/wp\/v2\/pages\/1358","targetHints":{"allow":["GET"]}}],"collection":[{"href":"https:\/\/organoscolegiados.anuies.mx\/cupia\/wp-json\/wp\/v2\/pages"}],"about":[{"href":"https:\/\/organoscolegiados.anuies.mx\/cupia\/wp-json\/wp\/v2\/types\/page"}],"author":[{"embeddable":true,"href":"https:\/\/organoscolegiados.anuies.mx\/cupia\/wp-json\/wp\/v2\/users\/1"}],"replies":[{"embeddable":true,"href":"https:\/\/organoscolegiados.anuies.mx\/cupia\/wp-json\/wp\/v2\/comments?post=1358"}],"version-history":[{"count":17,"href":"https:\/\/organoscolegiados.anuies.mx\/cupia\/wp-json\/wp\/v2\/pages\/1358\/revisions"}],"predecessor-version":[{"id":1585,"href":"https:\/\/organoscolegiados.anuies.mx\/cupia\/wp-json\/wp\/v2\/pages\/1358\/revisions\/1585"}],"wp:attachment":[{"href":"https:\/\/organoscolegiados.anuies.mx\/cupia\/wp-json\/wp\/v2\/media?parent=1358"}],"curies":[{"name":"wp","href":"https:\/\/api.w.org\/{rel}","templated":true}]}}