{"id":609,"date":"2019-11-27T18:00:07","date_gmt":"2019-11-27T17:00:07","guid":{"rendered":"https:\/\/organoscolegiados.anuies.mx\/cupia\/?page_id=609"},"modified":"2020-03-19T00:00:56","modified_gmt":"2020-03-18T23:00:56","slug":"l-cupia","status":"publish","type":"page","link":"https:\/\/organoscolegiados.anuies.mx\/cupia\/l-cupia\/","title":{"rendered":"L Sesi\u00f3n Ordinaria del Consejo de Universidades P\u00fablicas e Instituciones Afines (CUPIA)"},"content":{"rendered":"<p align=\"center\"><img loading=\"lazy\" decoding=\"async\" class=\"alignnone size-full wp-image-620\" src=\"https:\/\/organoscolegiados.anuies.mx\/cupia\/wp-content\/uploads\/sites\/6\/2019\/11\/cabezalcupial.png\" alt=\"\" width=\"1245\" height=\"121\" srcset=\"https:\/\/organoscolegiados.anuies.mx\/cupia\/wp-content\/uploads\/sites\/6\/2019\/11\/cabezalcupial.png 1245w, https:\/\/organoscolegiados.anuies.mx\/cupia\/wp-content\/uploads\/sites\/6\/2019\/11\/cabezalcupial-300x29.png 300w, https:\/\/organoscolegiados.anuies.mx\/cupia\/wp-content\/uploads\/sites\/6\/2019\/11\/cabezalcupial-768x75.png 768w, https:\/\/organoscolegiados.anuies.mx\/cupia\/wp-content\/uploads\/sites\/6\/2019\/11\/cabezalcupial-1024x100.png 1024w\" sizes=\"auto, (max-width: 1245px) 100vw, 1245px\" \/><\/p>\n<p style=\"text-align: center\" align=\"center\"><strong>CONVOCATORIA<\/strong><\/p>\n<p style=\"text-align: justify\">Con fundamento en los art\u00edculos Trig\u00e9simo, Trig\u00e9simo Primero y Trig\u00e9simo Tercero, fracci\u00f3n VI, del Estatuto de la Asociaci\u00f3n Nacional de Universidades e Instituciones de Educaci\u00f3n Superior (ANUIES), A.C., se convoca a los titulares de las instituciones que integran el Consejo de Universidades P\u00fablicas e Instituciones Afines (CUPIA) a la<span style=\"color: #000000\">\u00a0<a style=\"color: #000000\" href=\"http:\/\/www.uacj.mx\/cupia\/Paginas\/index.html\" target=\"_blank\" rel=\"noopener noreferrer\">L Sesi\u00f3n Ordinaria<\/a>,<\/span> que se efectuar\u00e1 el 27 de abril de 2018 a partir de las 10:00 horas en las instalaciones del Centro Cultural Univeristario de la Universidad Aut\u00f3noma de Ciudad Ju\u00e1rez, ubicada en Av. Plutarco El\u00edas Calles y Hermanos Escobar, 1210, Fovissste Chamizal, Ciudad Ju\u00e1rez, Chihuahua, M\u00e9xico, C.P. 32310, bajo el siguiente:<\/p>\n<p style=\"text-align: center\"><b>ORDEN DEL D\u00cdA<\/b><\/p>\n<p style=\"text-align: justify\"><span style=\"color: #000000\">1.-\u00a0<a style=\"color: #000000\" href=\"https:\/\/organoscolegiados.anuies.mx\/cupia\/wp-content\/uploads\/sites\/6\/2019\/11\/1.-Miembros-del-CUPIA.pdf\" target=\"_blank\" rel=\"noopener noreferrer\">Lista de asistencia y verificaci\u00f3n de\u00a0<em>qu\u00f3rum<\/em>.<\/a><\/span><\/p>\n<p style=\"text-align: justify\"><span style=\"color: #000000\">2.-\u00a0<a style=\"color: #000000\" href=\"https:\/\/organoscolegiados.anuies.mx\/cupia\/wp-content\/uploads\/sites\/6\/2019\/11\/2.-Convocatoria-L-SO-CUPIA-27-abril.pdf\" target=\"_blank\" rel=\"noopener noreferrer\">Aprobaci\u00f3n del Orden del D\u00eda.<\/a><\/span><\/p>\n<p style=\"text-align: justify\"><a href=\"https:\/\/organoscolegiados.anuies.mx\/cupia\/wp-content\/uploads\/sites\/6\/2020\/03\/3.-Elecci\u00f3n-del-Vicepresidente-de-la-Sesi\u00f3n.-1.pdf\" target=\"_blank\" rel=\"noopener noreferrer\"><span style=\"color: #000000\">3.- Elecci\u00f3n del Vicepresidente de la Sesi\u00f3n.<\/span><\/a><\/p>\n<p style=\"text-align: justify\"><a href=\"https:\/\/organoscolegiados.anuies.mx\/cupia\/wp-content\/uploads\/sites\/6\/2020\/03\/4.-Lectura-y-aprobaci\u00f3n-en-su-caso-del-acta-de-la-XLIX-Sesi\u00f3n-Ordinaria..pdf\" target=\"_blank\" rel=\"noopener noreferrer\"><span style=\"color: #000000\">4.-\u00a0Lectura y aprobaci\u00f3n, en su caso, del acta de la XLIX Sesi\u00f3n Ordinaria.<\/span><\/a><\/p>\n<p style=\"text-align: justify\"><a href=\"https:\/\/organoscolegiados.anuies.mx\/cupia\/wp-content\/uploads\/sites\/6\/2020\/03\/5.-Elecci\u00f3n-del-representante-del-CUPIA-ante-el-Consejo-Nacional-para-el-periodo-2018-\u2013-2020..pdf\" target=\"_blank\" rel=\"noopener noreferrer\"><span style=\"color: #000000\">5.- Elecci\u00f3n del representante del CUPIA ante el Consejo Nacional para el periodo 2018 \u2013 2020.<\/span><\/a><\/p>\n<p style=\"text-align: justify\"><span style=\"color: #000000\">6.- Participaci\u00f3n del Mtro. Miguel Augusto Casta\u00f1eda Fern\u00e1ndez, titular de la Unidad de Asuntos Jur\u00eddicos de la SEP.<\/span><\/p>\n<p style=\"text-align: justify\"><span style=\"color: #000000\">\u00a0 \u00a0\u00a0<a style=\"color: #000000\" href=\"https:\/\/organoscolegiados.anuies.mx\/cupia\/wp-content\/uploads\/sites\/6\/2019\/11\/6.1.-Semblanza-curricular-Miguel-Augusto-Casta\u00f1eda.pdf\" target=\"_blank\" rel=\"noopener noreferrer\">6.1 Semblanza Mtro. Miguel Augusto Casta\u00f1eda Fern\u00e1ndez<\/a><\/span><\/p>\n<p style=\"text-align: justify\"><span style=\"color: #000000\">\u00a0 \u00a0\u00a06.2\u00a0<a style=\"color: #000000\" href=\"https:\/\/organoscolegiados.anuies.mx\/cupia\/wp-content\/uploads\/sites\/6\/2019\/11\/6.2-Innovaciones-REFORMAS-REGLAMENTO-LEY-DE-PROFESIONES.pdf\" target=\"_blank\" rel=\"noopener noreferrer\">Reformas Reglamento Ley de Profesiones<\/a><\/span><\/p>\n<p style=\"text-align: justify\"><span style=\"color: #000000\">\u00a0 \u00a0\u00a0<a style=\"color: #000000\" href=\"https:\/\/www.youtube.com\/watch?v=8D10k4OtaJY&amp;feature=youtu.be\" target=\"_blank\" rel=\"noopener noreferrer\">6.3 C\u00e9dula Profesional Electr\u00f3nica<\/a><\/span><\/p>\n<p style=\"text-align: justify\"><span style=\"color: #000000\">7.- Presentaciones y exposiciones, en su caso, de los invitados especiales.<\/span><\/p>\n<p style=\"text-align: justify\"><span style=\"color: #000000\">\u00a0\u00a0\u00a0 7.1\u00a0<a style=\"color: #000000\" href=\"https:\/\/www.fundacionealyortiz.org\/userfiles\/ealyortiz17\/file\/cno-2018-convocatoria.pdf\" target=\"_blank\" rel=\"noopener noreferrer\">Convocatoria Ealy Ortiz<\/a><\/span><\/p>\n<p style=\"text-align: justify\"><span style=\"color: #000000\">\u00a0 \u00a0\u00a0<a style=\"color: #000000\" href=\"https:\/\/organoscolegiados.anuies.mx\/cupia\/wp-content\/uploads\/sites\/6\/2019\/11\/7.2.-Semblanza-Mari\u0301a-del-Rosario-Novoa-Peniche-1.pdf\" target=\"_blank\" rel=\"noopener noreferrer\">7.2\u00a0Semblanza Mari\u0301a del Rosario Novoa Peniche<\/a><\/span><\/p>\n<p style=\"text-align: justify\"><span style=\"color: #000000\">\u00a0 \u00a0\u00a0<a style=\"color: #000000\" href=\"https:\/\/organoscolegiados.anuies.mx\/cupia\/wp-content\/uploads\/sites\/6\/2019\/11\/7.3.-Semblanza-Ana-Cristina-Hern\u00e1ndez.pdf\" target=\"_blank\" rel=\"noopener noreferrer\">7.3. Semblanza Ana Cristina Hern\u00e1ndez<\/a><\/span><\/p>\n<p style=\"text-align: justify\"><span style=\"color: #000000\">\u00a0 \u00a0\u00a0<a style=\"color: #000000\" href=\"https:\/\/organoscolegiados.anuies.mx\/cupia\/wp-content\/uploads\/sites\/6\/2019\/11\/7.4.-Semblanza-Alfredo-Mart\u00ednez.pdf\" target=\"_blank\" rel=\"noopener noreferrer\">7.4. Semblanza Alfredo Mart\u00ednez<\/a><\/span><\/p>\n<p style=\"text-align: justify\"><a href=\"https:\/\/organoscolegiados.anuies.mx\/cupia\/wp-content\/uploads\/sites\/6\/2020\/03\/8.-FEPADE.pdf\" target=\"_blank\" rel=\"noopener noreferrer\"><span style=\"color: #000000\">8.- Participaci\u00f3n y presentaci\u00f3n, en su caso, de la Fiscalia Especializada para la Atenci\u00f3n de Delitos Electorales (FEPADE).<\/span><\/a><\/p>\n<p style=\"text-align: justify\"><span style=\"color: #000000\">9.- Asuntos generales<\/span><\/p>\n<p style=\"text-align: justify\"><span style=\"color: #000000\"><a style=\"color: #000000\" href=\"https:\/\/organoscolegiados.anuies.mx\/cupia\/wp-content\/uploads\/sites\/6\/2019\/11\/Presentaci\u00f3n-GHD-CUPIA-2018.pdf\" target=\"_blank\" rel=\"noopener noreferrer\">Encuentros de rectores M\u00e9xico-Canad\u00e1 y M\u00e9xico-India<\/a><\/span><\/p>\n","protected":false},"excerpt":{"rendered":"<p>CONVOCATORIA Con fundamento en los art\u00edculos Trig\u00e9simo, Trig\u00e9simo Primero y Trig\u00e9simo Tercero, fracci\u00f3n VI, del Estatuto de la Asociaci\u00f3n Nacional de Universidades e Instituciones de Educaci\u00f3n Superior (ANUIES), A.C., se &hellip; <\/p>\n","protected":false},"author":1,"featured_media":0,"parent":0,"menu_order":0,"comment_status":"closed","ping_status":"closed","template":"","meta":{"ngg_post_thumbnail":0,"footnotes":""},"class_list":["post-609","page","type-page","status-publish","hentry"],"_links":{"self":[{"href":"https:\/\/organoscolegiados.anuies.mx\/cupia\/wp-json\/wp\/v2\/pages\/609","targetHints":{"allow":["GET"]}}],"collection":[{"href":"https:\/\/organoscolegiados.anuies.mx\/cupia\/wp-json\/wp\/v2\/pages"}],"about":[{"href":"https:\/\/organoscolegiados.anuies.mx\/cupia\/wp-json\/wp\/v2\/types\/page"}],"author":[{"embeddable":true,"href":"https:\/\/organoscolegiados.anuies.mx\/cupia\/wp-json\/wp\/v2\/users\/1"}],"replies":[{"embeddable":true,"href":"https:\/\/organoscolegiados.anuies.mx\/cupia\/wp-json\/wp\/v2\/comments?post=609"}],"version-history":[{"count":10,"href":"https:\/\/organoscolegiados.anuies.mx\/cupia\/wp-json\/wp\/v2\/pages\/609\/revisions"}],"predecessor-version":[{"id":846,"href":"https:\/\/organoscolegiados.anuies.mx\/cupia\/wp-json\/wp\/v2\/pages\/609\/revisions\/846"}],"wp:attachment":[{"href":"https:\/\/organoscolegiados.anuies.mx\/cupia\/wp-json\/wp\/v2\/media?parent=609"}],"curies":[{"name":"wp","href":"https:\/\/api.w.org\/{rel}","templated":true}]}}