{"id":646,"date":"2019-11-27T18:53:24","date_gmt":"2019-11-27T17:53:24","guid":{"rendered":"https:\/\/organoscolegiados.anuies.mx\/cupia\/?page_id=646"},"modified":"2022-12-15T17:40:58","modified_gmt":"2022-12-15T16:40:58","slug":"xlviii-cupia","status":"publish","type":"page","link":"https:\/\/organoscolegiados.anuies.mx\/cupia\/xlviii-cupia\/","title":{"rendered":""},"content":{"rendered":"<div id=\"pl-646\"  class=\"panel-layout\" ><div id=\"pg-646-0\"  class=\"panel-grid panel-no-style\" ><div id=\"pgc-646-0-0\"  class=\"panel-grid-cell\" ><div id=\"panel-646-0-0-0\" class=\"so-panel widget widget_sow-editor panel-first-child panel-last-child\" data-index=\"0\" ><div\n\t\t\t\n\t\t\tclass=\"so-widget-sow-editor so-widget-sow-editor-base\"\n\t\t\t\n\t\t>\n<div class=\"siteorigin-widget-tinymce textwidget\">\n\t<p style=\"text-align: center\" align=\"center\"><b style=\"font-size: 1rem\"><img loading=\"lazy\" decoding=\"async\" class=\"alignnone size-full wp-image-647\" src=\"https:\/\/organoscolegiados.anuies.mx\/cupia\/wp-content\/uploads\/sites\/6\/2019\/11\/cabezalcupiaxlviii.png\" alt=\"\" width=\"1245\" height=\"121\" srcset=\"https:\/\/organoscolegiados.anuies.mx\/cupia\/wp-content\/uploads\/sites\/6\/2019\/11\/cabezalcupiaxlviii.png 1245w, https:\/\/organoscolegiados.anuies.mx\/cupia\/wp-content\/uploads\/sites\/6\/2019\/11\/cabezalcupiaxlviii-300x29.png 300w, https:\/\/organoscolegiados.anuies.mx\/cupia\/wp-content\/uploads\/sites\/6\/2019\/11\/cabezalcupiaxlviii-768x75.png 768w, https:\/\/organoscolegiados.anuies.mx\/cupia\/wp-content\/uploads\/sites\/6\/2019\/11\/cabezalcupiaxlviii-1024x100.png 1024w\" sizes=\"auto, (max-width: 1245px) 100vw, 1245px\" \/><\/b><\/p>\n<p style=\"text-align: center\" align=\"center\"><strong>CONVOCATORIA<\/strong><\/p>\n<p style=\"text-align: justify\">Con fundamento en los art\u00edculos Trig\u00e9simo, Trig\u00e9simo Primero y Trig\u00e9simo Tercero, fracci\u00f3n VI, del Estatuto de la Asociaci\u00f3n Nacional de Universidades e Instituciones de Educaci\u00f3n Superior (ANUIES), A.C., se convoca a los titulares de las instituciones que integran el Consejo de Universidades P\u00fablicas e Instituciones Afines (CUPIA) a la XLVIII Sesi\u00f3n Ordinaria, que se efectuar\u00e1 el 12 de mayo de 2017 a partir de las 10:00 horas en las instalaciones de la Universidad Aut\u00f3noma de Coahuila, Campus Arteaga, ubicadas en Carretera 57 km. 13, Ciudad Universitaria, C.P. 25350, Arteaga, Coahuila, bajo el siguiente:<\/p>\n<p style=\"text-align: center\"><b>ORDEN DEL D\u00cdA<\/b><\/p>\n<p style=\"text-align: justify\"><a href=\"https:\/\/organoscolegiados.anuies.mx\/cupia\/wp-content\/uploads\/sites\/6\/2020\/03\/1.-Miembros-del-CUPIA.pdf\" target=\"_blank\" rel=\"noopener\"><span style=\"color: #000000\">1. Lista de asistencia y verificaci\u00f3n de\u00a0<i>qu\u00f3rum<\/i>.<\/span><\/a><\/p>\n<p style=\"text-align: justify\"><span style=\"color: #000000\">2.\u00a0<a style=\"color: #000000\" href=\"http:\/\/citiav.portal.anuies.mx\/wp-content\/blogs.dir\/82\/files\/sites\/82\/2017\/05\/XLVIII_CUPIA.pdf\" target=\"_blank\" rel=\"noopener noreferrer\">Aprobaci\u00f3n del Orden del D\u00eda.<\/a><\/span><\/p>\n<p style=\"text-align: justify\"><a href=\"https:\/\/organoscolegiados.anuies.mx\/cupia\/wp-content\/uploads\/sites\/6\/2020\/03\/3.-Elecci\u00f3n-del-Vicepresidente-de-la-Sesi\u00f3n.pdf\" target=\"_blank\" rel=\"noopener\"><span style=\"color: #000000\">3. Elecci\u00f3n del Vicepresidente de la Sesi\u00f3n.<\/span><\/a><\/p>\n<p style=\"text-align: justify\"><a href=\"https:\/\/organoscolegiados.anuies.mx\/cupia\/wp-content\/uploads\/sites\/6\/2020\/03\/4.-Lectura-y-aprobaci\u00f3n-en-su-caso-del-acta-de-la-XLVII-Sesi\u00f3n-Ordinaria..pdf\" target=\"_blank\" rel=\"noopener\"><span style=\"color: #000000\">4. Lectura y aprobaci\u00f3n, en su caso, del acta de la XLVII Sesi\u00f3n Ordinaria.<\/span><\/a><\/p>\n<p style=\"text-align: justify\"><span style=\"color: #000000\">5. Presentaciones y exposiciones, en su caso, de los invitados especiales.<\/span><\/p>\n<p style=\"padding-left: 40px\"><span style=\"color: #000000\">5.1 <a style=\"color: #000000\" href=\"https:\/\/organoscolegiados.anuies.mx\/cupia\/wp-content\/uploads\/sites\/6\/2019\/11\/5.1PPT_EducacionSinFronteras_CUPIA_Gabriela_Oceguera.pdf\" target=\"_blank\" rel=\"noopener noreferrer\">Educaci\u00f3n sin fronteras<\/a><\/span><\/p>\n<p style=\"padding-left: 40px\"><span style=\"color: #000000\">5.2 <a style=\"color: #000000\" href=\"https:\/\/organoscolegiados.anuies.mx\/cupia\/wp-content\/uploads\/sites\/6\/2019\/11\/5.2Jose-Franco-ANUIES-Coahuila-12-05-2017.pdf\" target=\"_blank\" rel=\"noopener noreferrer\">Presentaci\u00f3n Dr. Jos\u00e9 Franco<\/a><\/span><\/p>\n<p style=\"padding-left: 40px\"><span style=\"color: #000000\">5.3 <a style=\"color: #000000\" href=\"https:\/\/organoscolegiados.anuies.mx\/cupia\/wp-content\/uploads\/sites\/6\/2019\/11\/5.3CONACYT-Cupia-mayo-2017_Mtra-Dolores-S\u00e1nchez.pdf\" target=\"_blank\" rel=\"noopener noreferrer\">CONACYT Mtra. Dolores S\u00e1nchez Soler<\/a><\/span><\/p>\n<p style=\"text-align: justify\"><span style=\"color: #000000\">6.\u00a0<a style=\"color: #000000\" href=\"https:\/\/www.youtube.com\/watch?v=9sHQk7WwlEE&amp;feature=youtu.be\" target=\"_blank\" rel=\"noopener noreferrer\">Presentaci\u00f3n del Programa Indicativo de Desarrollo de la Educaci\u00f3n Superior a Distancia.<\/a><\/span><\/p>\n<p style=\"text-align: justify\"><span style=\"color: #000000\">7.\u00a0<a style=\"color: #000000\" href=\"https:\/\/organoscolegiados.anuies.mx\/cupia\/wp-content\/uploads\/sites\/6\/2019\/11\/7Punto-7Foro-SNEA_-CUPIA_120517.pdf\" target=\"_blank\" rel=\"noopener noreferrer\">Informe del Foro Internacional para la Evaluaci\u00f3n y Acreditaci\u00f3n de la Educaci\u00f3n Superior.<\/a><\/span><\/p>\n<p style=\"text-align: justify\"><a href=\"https:\/\/organoscolegiados.anuies.mx\/cupia\/wp-content\/uploads\/sites\/6\/2020\/03\/8.-Asuntos-generales.pdf\" target=\"_blank\" rel=\"noopener\"><span style=\"color: #000000\">8. Asuntos generales.<\/span><\/a><\/p>\n<\/div>\n<\/div><\/div><\/div><\/div><div id=\"pg-646-1\"  class=\"panel-grid panel-no-style\" ><div id=\"pgc-646-1-0\"  class=\"panel-grid-cell\" ><div id=\"panel-646-1-0-0\" class=\"so-panel widget widget_sow-editor panel-first-child panel-last-child\" data-index=\"1\" ><div\n\t\t\t\n\t\t\tclass=\"so-widget-sow-editor so-widget-sow-editor-base\"\n\t\t\t\n\t\t>\n<div class=\"siteorigin-widget-tinymce textwidget\">\n\t<p style=\"text-align: center;\"><strong>Dr. Blas Jos\u00e9 Flores D\u00e1vila<\/strong><br \/>\nRector de la Universidad Aut\u00f3noma de Coahuila<br \/>\nPresidente en turno<\/p>\n<\/div>\n<\/div><\/div><\/div><div id=\"pgc-646-1-1\"  class=\"panel-grid-cell\" ><div id=\"panel-646-1-1-0\" class=\"so-panel widget widget_sow-editor panel-first-child panel-last-child\" data-index=\"2\" ><div\n\t\t\t\n\t\t\tclass=\"so-widget-sow-editor so-widget-sow-editor-base\"\n\t\t\t\n\t\t>\n<div class=\"siteorigin-widget-tinymce textwidget\">\n\t<p style=\"text-align: center;\"><strong>Mtro. Jaime Valls Esponda<\/strong><br \/>\nSecretario General Ejecutivo<br \/>\nSecretario<\/p>\n<\/div>\n<\/div><\/div><\/div><\/div><\/div>","protected":false},"excerpt":{"rendered":"<p>CONVOCATORIA Con fundamento en los art\u00edculos Trig\u00e9simo, Trig\u00e9simo Primero y Trig\u00e9simo Tercero, fracci\u00f3n VI, del Estatuto de la Asociaci\u00f3n Nacional de Universidades e Instituciones de Educaci\u00f3n Superior (ANUIES), A.C., se &hellip; <\/p>\n","protected":false},"author":1,"featured_media":0,"parent":0,"menu_order":0,"comment_status":"closed","ping_status":"closed","template":"","meta":{"ngg_post_thumbnail":0,"footnotes":""},"class_list":["post-646","page","type-page","status-publish","hentry"],"_links":{"self":[{"href":"https:\/\/organoscolegiados.anuies.mx\/cupia\/wp-json\/wp\/v2\/pages\/646","targetHints":{"allow":["GET"]}}],"collection":[{"href":"https:\/\/organoscolegiados.anuies.mx\/cupia\/wp-json\/wp\/v2\/pages"}],"about":[{"href":"https:\/\/organoscolegiados.anuies.mx\/cupia\/wp-json\/wp\/v2\/types\/page"}],"author":[{"embeddable":true,"href":"https:\/\/organoscolegiados.anuies.mx\/cupia\/wp-json\/wp\/v2\/users\/1"}],"replies":[{"embeddable":true,"href":"https:\/\/organoscolegiados.anuies.mx\/cupia\/wp-json\/wp\/v2\/comments?post=646"}],"version-history":[{"count":11,"href":"https:\/\/organoscolegiados.anuies.mx\/cupia\/wp-json\/wp\/v2\/pages\/646\/revisions"}],"predecessor-version":[{"id":1018,"href":"https:\/\/organoscolegiados.anuies.mx\/cupia\/wp-json\/wp\/v2\/pages\/646\/revisions\/1018"}],"wp:attachment":[{"href":"https:\/\/organoscolegiados.anuies.mx\/cupia\/wp-json\/wp\/v2\/media?parent=646"}],"curies":[{"name":"wp","href":"https:\/\/api.w.org\/{rel}","templated":true}]}}