{"id":658,"date":"2019-11-27T19:04:09","date_gmt":"2019-11-27T18:04:09","guid":{"rendered":"https:\/\/organoscolegiados.anuies.mx\/cupia\/?page_id=658"},"modified":"2022-12-15T17:41:24","modified_gmt":"2022-12-15T16:41:24","slug":"xlix-cupia","status":"publish","type":"page","link":"https:\/\/organoscolegiados.anuies.mx\/cupia\/xlix-cupia\/","title":{"rendered":""},"content":{"rendered":"<div id=\"pl-658\"  class=\"panel-layout\" ><div id=\"pg-658-0\"  class=\"panel-grid panel-no-style\" ><div id=\"pgc-658-0-0\"  class=\"panel-grid-cell\" ><div id=\"panel-658-0-0-0\" class=\"so-panel widget widget_sow-editor panel-first-child panel-last-child\" data-index=\"0\" ><div\n\t\t\t\n\t\t\tclass=\"so-widget-sow-editor so-widget-sow-editor-base\"\n\t\t\t\n\t\t>\n<div class=\"siteorigin-widget-tinymce textwidget\">\n\t<p><img loading=\"lazy\" decoding=\"async\" class=\"alignnone size-full wp-image-659\" src=\"https:\/\/organoscolegiados.anuies.mx\/cupia\/wp-content\/uploads\/sites\/6\/2019\/11\/cabezalcupiaxlix.png\" alt=\"\" width=\"1245\" height=\"121\" srcset=\"https:\/\/organoscolegiados.anuies.mx\/cupia\/wp-content\/uploads\/sites\/6\/2019\/11\/cabezalcupiaxlix.png 1245w, https:\/\/organoscolegiados.anuies.mx\/cupia\/wp-content\/uploads\/sites\/6\/2019\/11\/cabezalcupiaxlix-300x29.png 300w, https:\/\/organoscolegiados.anuies.mx\/cupia\/wp-content\/uploads\/sites\/6\/2019\/11\/cabezalcupiaxlix-768x75.png 768w, https:\/\/organoscolegiados.anuies.mx\/cupia\/wp-content\/uploads\/sites\/6\/2019\/11\/cabezalcupiaxlix-1024x100.png 1024w\" sizes=\"auto, (max-width: 1245px) 100vw, 1245px\" \/><\/p>\n<p style=\"text-align: center\" align=\"center\"><strong>CONVOCATORIA<\/strong><\/p>\n<p style=\"text-align: justify\">Con fundamento en los art\u00edculos Trig\u00e9simo, Trig\u00e9simo Primero y Trig\u00e9simo Tercero, fracci\u00f3n VI, del Estatuto de la Asociaci\u00f3n Nacional de Universidades e Instituciones de Educaci\u00f3n Superior (ANUIES), A.C., se convoca a los titulares de las instituciones que integran el Consejo de Universidades P\u00fablicas e Instituciones Afines (CUPIA) a la XLIX Sesi\u00f3n Ordinaria, que se efectuar\u00e1 el 8 de septiembre de 2017 a partir de las 10:00 horas en las instalaciones de la Universidad Michoacana de San Nicol\u00e1s de Hidalgo, ubicadas en Avenida Francisco J. Mujica S\/N, D\u00edaz Ordaz, C.P. 58030 Morelia, Michoac\u00e1n, bajo el siguiente:<\/p>\n<p style=\"text-align: center\"><b>ORDEN DEL D\u00cdA<\/b><\/p>\n<p style=\"text-align: justify\"><a href=\"https:\/\/organoscolegiados.anuies.mx\/cupia\/wp-content\/uploads\/sites\/6\/2019\/11\/1.-Miembros-del-CUPIA-2.pdf\" target=\"_blank\" rel=\"noopener\">1. Lista de asistencia y verificaci\u00f3n de\u00a0<em>qu\u00f3rum<\/em>.<\/a><\/p>\n<p style=\"text-align: justify\"><a href=\"https:\/\/organoscolegiados.anuies.mx\/cupia\/wp-content\/uploads\/sites\/6\/2019\/11\/2.-Convocatoria-XLIX-SO-CUPIA.pdf\" target=\"_blank\" rel=\"noopener\">2. Aprobaci\u00f3n del Orden del D\u00eda.<\/a><\/p>\n<p style=\"text-align: justify\"><a href=\"https:\/\/organoscolegiados.anuies.mx\/cupia\/wp-content\/uploads\/sites\/6\/2020\/03\/3.-Elecci\u00f3n-del-Vicepresidente-de-la-Sesi\u00f3n.-2.pdf\" target=\"_blank\" rel=\"noopener\">3. Elecci\u00f3n del Vicepresidente de la Sesi\u00f3n<\/a>.<\/p>\n<p style=\"text-align: justify\"><a href=\"https:\/\/organoscolegiados.anuies.mx\/cupia\/wp-content\/uploads\/sites\/6\/2020\/03\/4.-Lectura-y-aprobaci\u00f3n-en-su-caso-del-acta-de-la-XLVIII-Sesi\u00f3n-Ordinaria..pdf\" target=\"_blank\" rel=\"noopener\">4. Lectura y aprobaci\u00f3n, en su caso, del acta de la XLVIII Sesi\u00f3n Ordinaria.<\/a><\/p>\n<p style=\"text-align: justify\">5. Presentaciones y exposiciones, en su caso, de los invitados especiales.<\/p>\n<p style=\"text-align: justify\"><a href=\"https:\/\/organoscolegiados.anuies.mx\/cupia\/wp-content\/uploads\/sites\/6\/2019\/11\/5.1.-Semblanza-C.P.-Juan-Javier-P\u00e9rez-Saavedra.pdf\" target=\"_blank\" rel=\"noopener\">5.1. Semblanza C.P. Juan Javier P\u00e9rez Saavedra<\/a><\/p>\n<p style=\"text-align: justify\"><a href=\"https:\/\/organoscolegiados.anuies.mx\/cupia\/wp-content\/uploads\/sites\/6\/2019\/11\/5.2.-Semblanza-Dr.-Francisco-Javier-Mendieta-Jim\u00e9nez-1.pdf\" target=\"_blank\" rel=\"noopener\">5.2. Semblanza Dr. Francisco Javier Mendieta Jim\u00e9nez<\/a><\/p>\n<p style=\"text-align: justify\"><a href=\"https:\/\/organoscolegiados.anuies.mx\/cupia\/wp-content\/uploads\/sites\/6\/2019\/11\/5.3.-Semblanza-Dr.-Juan-M\u00e9ndez-Nonell.pdf\" target=\"_blank\" rel=\"noopener\">5.3. Semblanza Dr. Juan M\u00e9ndez Nonell<\/a><\/p>\n<p style=\"text-align: justify\"><a href=\"https:\/\/organoscolegiados.anuies.mx\/cupia\/wp-content\/uploads\/sites\/6\/2019\/11\/5.4.-Semblanza-Lic.-Luis-Fernando-Alv\u00eddrez-D\u00edaz.pdf\" target=\"_blank\" rel=\"noopener\">5.4. Semblanza Lic. Luis Fernando Alv\u00eddrez D\u00edaz<\/a><\/p>\n<p style=\"text-align: justify\"><a href=\"https:\/\/organoscolegiados.anuies.mx\/cupia\/wp-content\/uploads\/sites\/6\/2019\/11\/6.ANUIES_Vision_y_Accion_2030.pdf\" target=\"_blank\" rel=\"noopener\">6. Presentaci\u00f3n de la versi\u00f3n preliminar del documento \u201cVisi\u00f3n y acci\u00f3n 2030. Una propuesta de la ANUIES para la renovaci\u00f3n de la educaci\u00f3n superior en M\u00e9xico\u201d.<\/a><\/p>\n<p style=\"text-align: justify\"><a href=\"https:\/\/organoscolegiados.anuies.mx\/cupia\/wp-content\/uploads\/sites\/6\/2020\/03\/7.-Presentaci\u00f3n-paquete-econ\u00f3mico-2018-.pdf\" target=\"_blank\" rel=\"noopener\">7. Presentaci\u00f3n del informe de las gestiones de la Secretar\u00eda General Ejecutiva en relaci\u00f3n con el presupuesto 2018 para las instituciones p\u00fablicas de educaci\u00f3n superior.<\/a><\/p>\n<p style=\"text-align: justify\"><a href=\"https:\/\/organoscolegiados.anuies.mx\/cupia\/wp-content\/uploads\/sites\/6\/2020\/03\/8.-Presentaci\u00f3n-resultados-ODS.-080917.pdf\" target=\"_blank\" rel=\"noopener\">8. Informe de avance del proyecto Contribuciones de las IES mexicanas a los Objetivos de Desarrollo Sostenible de la Organizaci\u00f3n de las Naciones Unidas.<\/a><\/p>\n<p style=\"text-align: justify\"><a href=\"https:\/\/organoscolegiados.anuies.mx\/cupia\/wp-content\/uploads\/sites\/6\/2020\/03\/9.-Asuntos-generales..pdf\" target=\"_blank\" rel=\"noopener\">9. Asuntos generales.<\/a><\/p>\n<\/div>\n<\/div><\/div><\/div><\/div><div id=\"pg-658-1\"  class=\"panel-grid panel-no-style\" ><div id=\"pgc-658-1-0\"  class=\"panel-grid-cell\" ><div id=\"panel-658-1-0-0\" class=\"so-panel widget widget_sow-editor panel-first-child panel-last-child\" data-index=\"1\" ><div\n\t\t\t\n\t\t\tclass=\"so-widget-sow-editor so-widget-sow-editor-base\"\n\t\t\t\n\t\t>\n<div class=\"siteorigin-widget-tinymce textwidget\">\n\t<p style=\"text-align: center;\"><strong>Dr. Medardo Serna Gonz\u00e1lez<\/strong><br \/>\nRector de la Universidad Michoacana de San Nicol\u00e1s de Hidalgo<br \/>\nPresidente en turno<\/p>\n<\/div>\n<\/div><\/div><\/div><div id=\"pgc-658-1-1\"  class=\"panel-grid-cell\" ><div id=\"panel-658-1-1-0\" class=\"so-panel widget widget_sow-editor panel-first-child panel-last-child\" data-index=\"2\" ><div\n\t\t\t\n\t\t\tclass=\"so-widget-sow-editor so-widget-sow-editor-base\"\n\t\t\t\n\t\t>\n<div class=\"siteorigin-widget-tinymce textwidget\">\n\t<p style=\"text-align: center;\"><strong>Mtro. Jaime Valls Esponda<\/strong><br \/>\nSecretario General Ejecutivo<br \/>\nSecretario<\/p>\n<\/div>\n<\/div><\/div><\/div><\/div><\/div>","protected":false},"excerpt":{"rendered":"<p>CONVOCATORIA Con fundamento en los art\u00edculos Trig\u00e9simo, Trig\u00e9simo Primero y Trig\u00e9simo Tercero, fracci\u00f3n VI, del Estatuto de la Asociaci\u00f3n Nacional de Universidades e Instituciones de Educaci\u00f3n Superior (ANUIES), A.C., se &hellip; <\/p>\n","protected":false},"author":1,"featured_media":0,"parent":0,"menu_order":0,"comment_status":"closed","ping_status":"closed","template":"","meta":{"ngg_post_thumbnail":0,"footnotes":""},"class_list":["post-658","page","type-page","status-publish","hentry"],"_links":{"self":[{"href":"https:\/\/organoscolegiados.anuies.mx\/cupia\/wp-json\/wp\/v2\/pages\/658","targetHints":{"allow":["GET"]}}],"collection":[{"href":"https:\/\/organoscolegiados.anuies.mx\/cupia\/wp-json\/wp\/v2\/pages"}],"about":[{"href":"https:\/\/organoscolegiados.anuies.mx\/cupia\/wp-json\/wp\/v2\/types\/page"}],"author":[{"embeddable":true,"href":"https:\/\/organoscolegiados.anuies.mx\/cupia\/wp-json\/wp\/v2\/users\/1"}],"replies":[{"embeddable":true,"href":"https:\/\/organoscolegiados.anuies.mx\/cupia\/wp-json\/wp\/v2\/comments?post=658"}],"version-history":[{"count":4,"href":"https:\/\/organoscolegiados.anuies.mx\/cupia\/wp-json\/wp\/v2\/pages\/658\/revisions"}],"predecessor-version":[{"id":1019,"href":"https:\/\/organoscolegiados.anuies.mx\/cupia\/wp-json\/wp\/v2\/pages\/658\/revisions\/1019"}],"wp:attachment":[{"href":"https:\/\/organoscolegiados.anuies.mx\/cupia\/wp-json\/wp\/v2\/media?parent=658"}],"curies":[{"name":"wp","href":"https:\/\/api.w.org\/{rel}","templated":true}]}}