{"id":669,"date":"2019-11-27T19:07:22","date_gmt":"2019-11-27T18:07:22","guid":{"rendered":"https:\/\/organoscolegiados.anuies.mx\/cupia\/?page_id=669"},"modified":"2022-12-15T17:42:29","modified_gmt":"2022-12-15T16:42:29","slug":"xlvi-cupia","status":"publish","type":"page","link":"https:\/\/organoscolegiados.anuies.mx\/cupia\/xlvi-cupia\/","title":{"rendered":""},"content":{"rendered":"<div id=\"pl-669\"  class=\"panel-layout\" ><div id=\"pg-669-0\"  class=\"panel-grid panel-no-style\" ><div id=\"pgc-669-0-0\"  class=\"panel-grid-cell\" ><div id=\"panel-669-0-0-0\" class=\"so-panel widget widget_sow-editor panel-first-child panel-last-child\" data-index=\"0\" ><div\n\t\t\t\n\t\t\tclass=\"so-widget-sow-editor so-widget-sow-editor-base\"\n\t\t\t\n\t\t>\n<div class=\"siteorigin-widget-tinymce textwidget\">\n\t<p align=\"center\"><img loading=\"lazy\" decoding=\"async\" class=\"alignnone size-full wp-image-672\" src=\"https:\/\/organoscolegiados.anuies.mx\/cupia\/wp-content\/uploads\/sites\/6\/2019\/11\/cabezalcupiaxlvi1.png\" alt=\"\" width=\"1245\" height=\"121\" data-mce-src=\"https:\/\/organoscolegiados.anuies.mx\/cupia\/wp-content\/uploads\/sites\/6\/2019\/11\/cabezalcupiaxlvi1.png\" srcset=\"https:\/\/organoscolegiados.anuies.mx\/cupia\/wp-content\/uploads\/sites\/6\/2019\/11\/cabezalcupiaxlvi1.png 1245w, https:\/\/organoscolegiados.anuies.mx\/cupia\/wp-content\/uploads\/sites\/6\/2019\/11\/cabezalcupiaxlvi1-300x29.png 300w, https:\/\/organoscolegiados.anuies.mx\/cupia\/wp-content\/uploads\/sites\/6\/2019\/11\/cabezalcupiaxlvi1-768x75.png 768w, https:\/\/organoscolegiados.anuies.mx\/cupia\/wp-content\/uploads\/sites\/6\/2019\/11\/cabezalcupiaxlvi1-1024x100.png 1024w\" sizes=\"auto, (max-width: 1245px) 100vw, 1245px\" \/><\/p>\n<p style=\"text-align: center\" align=\"center\" data-mce-style=\"text-align: center;\"><span style=\"color: #000000\" data-mce-style=\"color: #000000;\"><strong>CONVOCATORIA<\/strong><\/span><\/p>\n<p style=\"text-align: justify\" data-mce-style=\"text-align: justify;\"><span style=\"color: #000000\" data-mce-style=\"color: #000000;\">Con fundamento en los art\u00edculos Trig\u00e9simo, Trig\u00e9simo Primero y Trig\u00e9simo Tercero, fracci\u00f3n VI, del Estatuto de la Asociaci\u00f3n Nacional de Universidades e Instituciones de Educaci\u00f3n Superior (ANUIES), A.C., se convoca a los titulares de las instituciones que integran el Consejo de Universidades P\u00fablicas e Instituciones Afines (CUPIA) a la XLVI Sesi\u00f3n Ordinaria que se efectuar\u00e1 el 15 de abril de 2016 a partir de las 10:00 horas, en el Auditorio Pedro Ram\u00edrez V\u00e1zquez de la Universidad Aut\u00f3noma Metropolitana, ubicado en Prolongaci\u00f3n Canal de Miramontes 3855, Col. Ex-Hacienda San Juan de Dios, C.P. 14387, Tlalpan, Ciudad de M\u00e9xico, bajo el siguiente:<\/span><\/p>\n<p style=\"text-align: center\" data-mce-style=\"text-align: center;\"><span style=\"color: #000000\" data-mce-style=\"color: #000000;\"><b>ORDEN DEL D\u00cdA<\/b><b><\/b><\/span><\/p>\n<p><a data-mce-href=\"https:\/\/organoscolegiados.anuies.mx\/cupia\/wp-content\/uploads\/sites\/6\/2020\/03\/1.-Titulares-que-asisten-al-CUPIA.pdf\" href=\"https:\/\/organoscolegiados.anuies.mx\/cupia\/wp-content\/uploads\/sites\/6\/2020\/03\/1.-Titulares-que-asisten-al-CUPIA.pdf\" target=\"_blank\" rel=\"noopener\"><span style=\"color: #000000\" data-mce-style=\"color: #000000;\">1 . Lista de asistencia y verificaci\u00f3n de <i>qu\u00f3rum<\/i><\/span><\/a><\/p>\n<p><a style=\"color: #000000\" href=\"https:\/\/organoscolegiados.anuies.mx\/cupia\/wp-content\/uploads\/sites\/6\/2019\/11\/2.-Convocatoria-XLVI-SO-CUPIA.pdf\" target=\"_blank\" rel=\"noopener noreferrer\" data-mce-href=\"https:\/\/organoscolegiados.anuies.mx\/cupia\/wp-content\/uploads\/sites\/6\/2019\/11\/2.-Convocatoria-XLVI-SO-CUPIA.pdf\" data-mce-style=\"color: #000000;\">2 . Aprobaci\u00f3n del Orden del D\u00eda.<\/a><\/p>\n<p><a style=\"background-color: white;font-size: 1rem\" href=\"https:\/\/organoscolegiados.anuies.mx\/cupia\/wp-content\/uploads\/sites\/6\/2020\/03\/3.-Invitados-especiales-XLVI-CUPIA.pdf\" target=\"_blank\" rel=\"noopener\" data-mce-href=\"https:\/\/organoscolegiados.anuies.mx\/cupia\/wp-content\/uploads\/sites\/6\/2020\/03\/3.-Invitados-especiales-XLVI-CUPIA.pdf\" data-mce-style=\"background-color: white; font-size: 1rem;\">3.&nbsp; Presentaciones y exposiciones, en su caso, de los invitados especiales.<\/a><\/p>\n<p style=\"padding-left: 40px\" data-mce-style=\"padding-left: 40px;\"><a style=\"font-size: 1rem;background-color: white\" href=\"https:\/\/organoscolegiados.anuies.mx\/cupia\/wp-content\/uploads\/sites\/6\/2020\/03\/3.-PTT-ANUIES-CRF.pdf\" target=\"_blank\" rel=\"noopener\" data-mce-href=\"https:\/\/organoscolegiados.anuies.mx\/cupia\/wp-content\/uploads\/sites\/6\/2020\/03\/3.-PTT-ANUIES-CRF.pdf\" data-mce-style=\"font-size: 1rem; background-color: white;\">3.1 Mtro. Carlos Ram\u00edrez Fuentes, Presidente de la Comisi\u00f3n Nacional del Sistema de Ahorro para el Retiro (CONSAR).<\/a><\/p>\n<p style=\"padding-left: 40px\" data-mce-style=\"padding-left: 40px;\"><a href=\"https:\/\/organoscolegiados.anuies.mx\/cupia\/wp-content\/uploads\/sites\/6\/2020\/03\/3.-Presentacion-CUPIA-ANUIES-160414.pdf\" target=\"_blank\" rel=\"noopener\" data-mce-href=\"https:\/\/organoscolegiados.anuies.mx\/cupia\/wp-content\/uploads\/sites\/6\/2020\/03\/3.-Presentacion-CUPIA-ANUIES-160414.pdf\"> <span style=\"font-size: 1rem\" data-mce-style=\"font-size: 1rem;\">3.2 Dr. Luis Fernando P\u00e9rez Hurtado, Director General del Centro de Estudios sobre la Ense\u00f1anza y el Aprendizaje del Derecho, A.C., (CEEAD).<\/span><\/a><\/p>\n<p><a data-mce-href=\"https:\/\/organoscolegiados.anuies.mx\/cupia\/wp-content\/uploads\/sites\/6\/2020\/03\/4.-Mesas-de-debate.-La-legislaci\u00f3n-mexicana-de-educaci\u00f3n-superior.pdf\" href=\"https:\/\/organoscolegiados.anuies.mx\/cupia\/wp-content\/uploads\/sites\/6\/2020\/03\/4.-Mesas-de-debate.-La-legislaci\u00f3n-mexicana-de-educaci\u00f3n-superior.pdf\" target=\"_blank\" rel=\"noopener\"><span style=\"font-size: 1rem\" data-mce-style=\"font-size: 1rem;\">4.&nbsp; Informe sobre las mesas de debate en materia de legislaci\u00f3n mexicana de educaci\u00f3n superior, celebradas el 2 y 9 de marzo en el Senado de la Rep\u00fablica.<\/span><\/a><\/p>\n<p><a data-mce-href=\"https:\/\/organoscolegiados.anuies.mx\/cupia\/wp-content\/uploads\/sites\/6\/2020\/03\/5.-Nombramiento-del-Vicepresidente-de-la-Sesi\u00f3n..pdf\" href=\"https:\/\/organoscolegiados.anuies.mx\/cupia\/wp-content\/uploads\/sites\/6\/2020\/03\/5.-Nombramiento-del-Vicepresidente-de-la-Sesi\u00f3n..pdf\" target=\"_blank\" rel=\"noopener\">5.&nbsp; Nombramiento del Vicepresidente de la Sesi\u00f3n.<\/a><\/p>\n<p><a data-mce-href=\"https:\/\/organoscolegiados.anuies.mx\/cupia\/wp-content\/uploads\/sites\/6\/2020\/03\/6.-Elecci\u00f3n-del-representante-del-CUPIA-ante-el-Consejo-Nacional..pdf\" href=\"https:\/\/organoscolegiados.anuies.mx\/cupia\/wp-content\/uploads\/sites\/6\/2020\/03\/6.-Elecci\u00f3n-del-representante-del-CUPIA-ante-el-Consejo-Nacional..pdf\" target=\"_blank\" rel=\"noopener\">6.&nbsp; Elecci\u00f3n del representante del CUPIA ante el Consejo Nacional.<\/a><\/p>\n<p><a data-mce-href=\"https:\/\/organoscolegiados.anuies.mx\/cupia\/wp-content\/uploads\/sites\/6\/2020\/03\/7.-Lectura-y-aprobaci\u00f3n-en-su-caso-del-acta-de-la-XLV-Sesi\u00f3n-Ordinaria..pdf\" href=\"https:\/\/organoscolegiados.anuies.mx\/cupia\/wp-content\/uploads\/sites\/6\/2020\/03\/7.-Lectura-y-aprobaci\u00f3n-en-su-caso-del-acta-de-la-XLV-Sesi\u00f3n-Ordinaria..pdf\" target=\"_blank\" rel=\"noopener\">7.&nbsp; Lectura y aprobaci\u00f3n, en su caso, del acta de la XLV Sesi\u00f3n Ordinaria realizada en las instalaciones de la Universidad Aut\u00f3noma de Aguascalientes, el d\u00eda 16 de octubre de 2015.<\/a><\/p>\n<p>8 Presentaci\u00f3n del Programa General de la II Conferencia Internacional de Educaci\u00f3n Superior de la ANUIES.<\/p>\n<p><a data-mce-href=\"https:\/\/organoscolegiados.anuies.mx\/cupia\/wp-content\/uploads\/sites\/6\/2020\/03\/9.-Ratificaci\u00f3n-en-su-caso-de-los-representantes-del-CUPIA-ante-la-Junta-de-Rectores-del-CONDDE.pdf\" href=\"https:\/\/organoscolegiados.anuies.mx\/cupia\/wp-content\/uploads\/sites\/6\/2020\/03\/9.-Ratificaci\u00f3n-en-su-caso-de-los-representantes-del-CUPIA-ante-la-Junta-de-Rectores-del-CONDDE.pdf\" target=\"_blank\" rel=\"noopener\">9 Ratificaci\u00f3n, en su caso, de los representantes del CUPIA ante la Junta de Rectores del CONDDE.<\/a><\/p>\n<p style=\"text-align: justify\" data-mce-style=\"text-align: justify;\"><a data-mce-href=\"https:\/\/organoscolegiados.anuies.mx\/cupia\/wp-content\/uploads\/sites\/6\/2020\/03\/10.-Asuntos-generales.pdf\" href=\"https:\/\/organoscolegiados.anuies.mx\/cupia\/wp-content\/uploads\/sites\/6\/2020\/03\/10.-Asuntos-generales.pdf\" target=\"_blank\" rel=\"noopener\"><span style=\"color: #000000\" data-mce-style=\"color: #000000;\">10. Asuntos generales.<\/span><\/a><\/p>\n<\/div>\n<\/div><\/div><\/div><\/div><div id=\"pg-669-1\"  class=\"panel-grid panel-no-style\" ><div id=\"pgc-669-1-0\"  class=\"panel-grid-cell\" ><div id=\"panel-669-1-0-0\" class=\"so-panel widget widget_sow-editor panel-first-child panel-last-child\" data-index=\"1\" ><div\n\t\t\t\n\t\t\tclass=\"so-widget-sow-editor so-widget-sow-editor-base\"\n\t\t\t\n\t\t>\n<div class=\"siteorigin-widget-tinymce textwidget\">\n\t<p style=\"text-align: center;\"><strong>Dr. Salvador Vega y Le\u00f3n<\/strong><br \/>\nRector General de la Universidad Aut\u00f3noma Metropolitana<br \/>\nPresidente en turno<\/p>\n<\/div>\n<\/div><\/div><\/div><div id=\"pgc-669-1-1\"  class=\"panel-grid-cell\" ><div id=\"panel-669-1-1-0\" class=\"so-panel widget widget_sow-editor panel-first-child panel-last-child\" data-index=\"2\" ><div\n\t\t\t\n\t\t\tclass=\"so-widget-sow-editor so-widget-sow-editor-base\"\n\t\t\t\n\t\t>\n<div class=\"siteorigin-widget-tinymce textwidget\">\n\t<p style=\"text-align: center;\"><strong>Mtro. Jaime Valls Esponda<\/strong><br \/>\nSecretario General Ejecutivo<br \/>\nSecretario<\/p>\n<\/div>\n<\/div><\/div><\/div><\/div><\/div>","protected":false},"excerpt":{"rendered":"<p>CONVOCATORIA Con fundamento en los art\u00edculos Trig\u00e9simo, Trig\u00e9simo Primero y Trig\u00e9simo Tercero, fracci\u00f3n VI, del Estatuto de la Asociaci\u00f3n Nacional de Universidades e Instituciones de Educaci\u00f3n Superior (ANUIES), A.C., se &hellip; <\/p>\n","protected":false},"author":1,"featured_media":0,"parent":0,"menu_order":0,"comment_status":"closed","ping_status":"closed","template":"","meta":{"ngg_post_thumbnail":0,"footnotes":""},"class_list":["post-669","page","type-page","status-publish","hentry"],"_links":{"self":[{"href":"https:\/\/organoscolegiados.anuies.mx\/cupia\/wp-json\/wp\/v2\/pages\/669","targetHints":{"allow":["GET"]}}],"collection":[{"href":"https:\/\/organoscolegiados.anuies.mx\/cupia\/wp-json\/wp\/v2\/pages"}],"about":[{"href":"https:\/\/organoscolegiados.anuies.mx\/cupia\/wp-json\/wp\/v2\/types\/page"}],"author":[{"embeddable":true,"href":"https:\/\/organoscolegiados.anuies.mx\/cupia\/wp-json\/wp\/v2\/users\/1"}],"replies":[{"embeddable":true,"href":"https:\/\/organoscolegiados.anuies.mx\/cupia\/wp-json\/wp\/v2\/comments?post=669"}],"version-history":[{"count":17,"href":"https:\/\/organoscolegiados.anuies.mx\/cupia\/wp-json\/wp\/v2\/pages\/669\/revisions"}],"predecessor-version":[{"id":1020,"href":"https:\/\/organoscolegiados.anuies.mx\/cupia\/wp-json\/wp\/v2\/pages\/669\/revisions\/1020"}],"wp:attachment":[{"href":"https:\/\/organoscolegiados.anuies.mx\/cupia\/wp-json\/wp\/v2\/media?parent=669"}],"curies":[{"name":"wp","href":"https:\/\/api.w.org\/{rel}","templated":true}]}}