{"id":674,"date":"2019-11-27T19:09:42","date_gmt":"2019-11-27T18:09:42","guid":{"rendered":"https:\/\/organoscolegiados.anuies.mx\/cupia\/?page_id=674"},"modified":"2022-12-15T17:42:57","modified_gmt":"2022-12-15T16:42:57","slug":"xlvii-cupia","status":"publish","type":"page","link":"https:\/\/organoscolegiados.anuies.mx\/cupia\/xlvii-cupia\/","title":{"rendered":""},"content":{"rendered":"<div id=\"pl-674\"  class=\"panel-layout\" ><div id=\"pg-674-0\"  class=\"panel-grid panel-no-style\" ><div id=\"pgc-674-0-0\"  class=\"panel-grid-cell\" ><div id=\"panel-674-0-0-0\" class=\"so-panel widget widget_sow-editor panel-first-child panel-last-child\" data-index=\"0\" ><div\n\t\t\t\n\t\t\tclass=\"so-widget-sow-editor so-widget-sow-editor-base\"\n\t\t\t\n\t\t>\n<div class=\"siteorigin-widget-tinymce textwidget\">\n\t<p align=\"center\"><img loading=\"lazy\" decoding=\"async\" class=\"alignnone size-full wp-image-675\" src=\"https:\/\/organoscolegiados.anuies.mx\/cupia\/wp-content\/uploads\/sites\/6\/2019\/11\/cabezalcupiaxlvii.png\" alt=\"\" width=\"1245\" height=\"121\" srcset=\"https:\/\/organoscolegiados.anuies.mx\/cupia\/wp-content\/uploads\/sites\/6\/2019\/11\/cabezalcupiaxlvii.png 1245w, https:\/\/organoscolegiados.anuies.mx\/cupia\/wp-content\/uploads\/sites\/6\/2019\/11\/cabezalcupiaxlvii-300x29.png 300w, https:\/\/organoscolegiados.anuies.mx\/cupia\/wp-content\/uploads\/sites\/6\/2019\/11\/cabezalcupiaxlvii-768x75.png 768w, https:\/\/organoscolegiados.anuies.mx\/cupia\/wp-content\/uploads\/sites\/6\/2019\/11\/cabezalcupiaxlvii-1024x100.png 1024w\" sizes=\"auto, (max-width: 1245px) 100vw, 1245px\" \/><\/p>\n<p style=\"text-align: center\" align=\"center\"><strong>CONVOCATORIA<\/strong><\/p>\n<p style=\"text-align: justify\">Con fundamento en los art\u00edculos Trig\u00e9simo, Trig\u00e9simo Primero y Trig\u00e9simo Tercero, fracci\u00f3n VI, del Estatuto de la Asociaci\u00f3n Nacional de Universidades e Instituciones de Educaci\u00f3n Superior (ANUIES), A.C., se convoca a los titulares de las instituciones que integran el Consejo de Universidades P\u00fablicas e Instituciones Afines (CUPIA) a la XLVII Sesi\u00f3n Ordinaria, que se efectuar\u00e1 el 8 de septiembre de 2016 a partir de las 10:00 horas en el Aula Magna de la Universidad Aut\u00f3noma del Carmen, ubicada en Calle 31 por 56, sin n\u00famero, Col. Petrolera, C.P. 24180, Ciudad del Carmen, Campeche, bajo el siguiente:<\/p>\n<p style=\"text-align: center\"><b>ORDEN DEL D\u00cdA<\/b><\/p>\n<p style=\"text-align: justify\"><a href=\"https:\/\/organoscolegiados.anuies.mx\/cupia\/wp-content\/uploads\/sites\/6\/2020\/03\/1.-Miembros-CUPIA-PDF.pdf\" target=\"_blank\" rel=\"noopener\">1.- Lista de asistencia y verificaci\u00f3n de\u00a0<i>qu\u00f3rum<\/i>.<\/a><\/p>\n<p style=\"text-align: justify\"><a href=\"https:\/\/organoscolegiados.anuies.mx\/cupia\/wp-content\/uploads\/sites\/6\/2020\/03\/2.-Convocatoria-XLVII-SO-CUPIA.pdf\" target=\"_blank\" rel=\"noopener\">2.- Aprobaci\u00f3n del Orden del D\u00eda.<\/a><\/p>\n<p style=\"text-align: justify\"><a href=\"https:\/\/organoscolegiados.anuies.mx\/cupia\/wp-content\/uploads\/sites\/6\/2020\/03\/3.-Nombramiento-del-Vicepresidente-de-la-Sesi\u00f3n..pdf\" target=\"_blank\" rel=\"noopener\">3.- Nombramiento del Vicepresidente de la Sesi\u00f3n.<\/a><\/p>\n<p style=\"text-align: justify\"><a href=\"https:\/\/organoscolegiados.anuies.mx\/cupia\/wp-content\/uploads\/sites\/6\/2020\/03\/4.-Lectura-y-aprobaci\u00f3n-en-su-caso-del-acta-de-la-XLVI-Sesi\u00f3n-Ordinaria..pdf\" target=\"_blank\" rel=\"noopener\">4.- Lectura y aprobaci\u00f3n, en su caso, del acta de la XLVI Sesi\u00f3n Ordinaria.<\/a><\/p>\n<p style=\"text-align: justify\"><a href=\"https:\/\/organoscolegiados.anuies.mx\/cupia\/wp-content\/uploads\/sites\/6\/2020\/03\/5.-Semblanza-invitados-especiales.pdf\" target=\"_blank\" rel=\"noopener\">5.- Presentaciones y exposiciones, en su caso, de los invitados especiales.<\/a><\/p>\n<p style=\"text-align: justify\"><a href=\"https:\/\/organoscolegiados.anuies.mx\/cupia\/wp-content\/uploads\/sites\/6\/2020\/03\/6.-Elecci\u00f3n-o-ratificaci\u00f3n-en-su-caso-del-representante-del-CUPIA-ante-el-Consejo-Nacional..pdf\" target=\"_blank\" rel=\"noopener\">6.- Elecci\u00f3n o ratificaci\u00f3n, en su caso, del representante del CUPIA ante el Consejo Nacional.<\/a><\/p>\n<p style=\"text-align: justify\"><a href=\"https:\/\/organoscolegiados.anuies.mx\/cupia\/wp-content\/uploads\/sites\/6\/2020\/03\/7-Presentaci\u00f3n-CUPIA-080916-Presupuesto.pdf\" target=\"_blank\" rel=\"noopener\">7.- Presentaci\u00f3n de los ajustes al Presupuesto de Egresos de la Federaci\u00f3n 2016 para la educaci\u00f3n superior y propuesta 2017.<\/a><\/p>\n<p style=\"text-align: justify\"><a href=\"https:\/\/organoscolegiados.anuies.mx\/cupia\/wp-content\/uploads\/sites\/6\/2020\/03\/8.-Asuntos-generales-1.pdf\" target=\"_blank\" rel=\"noopener\">8.-\u00a0Asuntos generales.<\/a><\/p>\n<\/div>\n<\/div><\/div><\/div><\/div><div id=\"pg-674-1\"  class=\"panel-grid panel-no-style\" ><div id=\"pgc-674-1-0\"  class=\"panel-grid-cell\" ><div id=\"panel-674-1-0-0\" class=\"so-panel widget widget_sow-editor panel-first-child panel-last-child\" data-index=\"1\" ><div\n\t\t\t\n\t\t\tclass=\"so-widget-sow-editor so-widget-sow-editor-base\"\n\t\t\t\n\t\t>\n<div class=\"siteorigin-widget-tinymce textwidget\">\n\t<p style=\"text-align: center;\"><strong>Dr. Jos\u00e9 Antonio Ruz Hern\u00e1ndez<\/strong><br \/>\nRector de la Universidad\u00a0Aut\u00f3noma del Carmen<br \/>\nPresidente en turno<\/p>\n<\/div>\n<\/div><\/div><\/div><div id=\"pgc-674-1-1\"  class=\"panel-grid-cell\" ><div id=\"panel-674-1-1-0\" class=\"so-panel widget widget_sow-editor panel-first-child panel-last-child\" data-index=\"2\" ><div\n\t\t\t\n\t\t\tclass=\"so-widget-sow-editor so-widget-sow-editor-base\"\n\t\t\t\n\t\t>\n<div class=\"siteorigin-widget-tinymce textwidget\">\n\t<p style=\"text-align: center;\"><strong>Mtro. Jaime Valls Esponda<\/strong><br \/>\nSecretario General Ejecutivo<br \/>\nSecretario<\/p>\n<\/div>\n<\/div><\/div><\/div><\/div><\/div>","protected":false},"excerpt":{"rendered":"<p>CONVOCATORIA Con fundamento en los art\u00edculos Trig\u00e9simo, Trig\u00e9simo Primero y Trig\u00e9simo Tercero, fracci\u00f3n VI, del Estatuto de la Asociaci\u00f3n Nacional de Universidades e Instituciones de Educaci\u00f3n Superior (ANUIES), A.C., se &hellip; <\/p>\n","protected":false},"author":1,"featured_media":0,"parent":0,"menu_order":0,"comment_status":"closed","ping_status":"closed","template":"","meta":{"ngg_post_thumbnail":0,"footnotes":""},"class_list":["post-674","page","type-page","status-publish","hentry"],"_links":{"self":[{"href":"https:\/\/organoscolegiados.anuies.mx\/cupia\/wp-json\/wp\/v2\/pages\/674","targetHints":{"allow":["GET"]}}],"collection":[{"href":"https:\/\/organoscolegiados.anuies.mx\/cupia\/wp-json\/wp\/v2\/pages"}],"about":[{"href":"https:\/\/organoscolegiados.anuies.mx\/cupia\/wp-json\/wp\/v2\/types\/page"}],"author":[{"embeddable":true,"href":"https:\/\/organoscolegiados.anuies.mx\/cupia\/wp-json\/wp\/v2\/users\/1"}],"replies":[{"embeddable":true,"href":"https:\/\/organoscolegiados.anuies.mx\/cupia\/wp-json\/wp\/v2\/comments?post=674"}],"version-history":[{"count":6,"href":"https:\/\/organoscolegiados.anuies.mx\/cupia\/wp-json\/wp\/v2\/pages\/674\/revisions"}],"predecessor-version":[{"id":1021,"href":"https:\/\/organoscolegiados.anuies.mx\/cupia\/wp-json\/wp\/v2\/pages\/674\/revisions\/1021"}],"wp:attachment":[{"href":"https:\/\/organoscolegiados.anuies.mx\/cupia\/wp-json\/wp\/v2\/media?parent=674"}],"curies":[{"name":"wp","href":"https:\/\/api.w.org\/{rel}","templated":true}]}}