{"id":687,"date":"2019-11-27T19:22:12","date_gmt":"2019-11-27T18:22:12","guid":{"rendered":"https:\/\/organoscolegiados.anuies.mx\/cupia\/?page_id=687"},"modified":"2022-12-15T17:44:20","modified_gmt":"2022-12-15T16:44:20","slug":"xlv-cupia","status":"publish","type":"page","link":"https:\/\/organoscolegiados.anuies.mx\/cupia\/xlv-cupia\/","title":{"rendered":""},"content":{"rendered":"<div id=\"pl-687\"  class=\"panel-layout\" ><div id=\"pg-687-0\"  class=\"panel-grid panel-no-style\" ><div id=\"pgc-687-0-0\"  class=\"panel-grid-cell\" ><div id=\"panel-687-0-0-0\" class=\"so-panel widget widget_sow-editor panel-first-child panel-last-child\" data-index=\"0\" ><div\n\t\t\t\n\t\t\tclass=\"so-widget-sow-editor so-widget-sow-editor-base\"\n\t\t\t\n\t\t>\n<div class=\"siteorigin-widget-tinymce textwidget\">\n\t<p style=\"text-align: center\" align=\"center\"><span style=\"color: #000000\"><strong><img loading=\"lazy\" decoding=\"async\" class=\"alignnone size-full wp-image-693\" src=\"https:\/\/organoscolegiados.anuies.mx\/cupia\/wp-content\/uploads\/sites\/6\/2019\/11\/BannerCUPIAOct.jpg\" alt=\"\" width=\"2021\" height=\"251\" srcset=\"https:\/\/organoscolegiados.anuies.mx\/cupia\/wp-content\/uploads\/sites\/6\/2019\/11\/BannerCUPIAOct.jpg 2021w, https:\/\/organoscolegiados.anuies.mx\/cupia\/wp-content\/uploads\/sites\/6\/2019\/11\/BannerCUPIAOct-300x37.jpg 300w, https:\/\/organoscolegiados.anuies.mx\/cupia\/wp-content\/uploads\/sites\/6\/2019\/11\/BannerCUPIAOct-768x95.jpg 768w, https:\/\/organoscolegiados.anuies.mx\/cupia\/wp-content\/uploads\/sites\/6\/2019\/11\/BannerCUPIAOct-1024x127.jpg 1024w\" sizes=\"auto, (max-width: 2021px) 100vw, 2021px\" \/><\/strong><\/span><\/p>\n<p style=\"text-align: center\" align=\"center\"><span style=\"color: #000000\"><strong>CONVOCATORIA<\/strong><\/span><\/p>\n<p style=\"text-align: justify\"><span style=\"color: #000000\">Con fundamento en los art\u00edculos Trig\u00e9simo, Trig\u00e9simo Primero y Trig\u00e9simo Tercero, fracci\u00f3n VI, del Estatuto de la Asociaci\u00f3n Nacional de Universidades e Instituciones de Educaci\u00f3n Superior, ANUIES, se convoca a los titulares de las instituciones que integran el Consejo de Universidades P\u00fablicas e Instituciones Afines, CUPIA, a la Cuadrag\u00e9sima Quinta Sesi\u00f3n Ordinaria que se efectuar\u00e1 el 16 de octubre de 2015 a partir de las 10:00 horas en las instalaciones del Campus Sur de la Universidad Aut\u00f3noma de Aguascalientes, ubicado en Prolongaci\u00f3n Av. Mahatma Gandhi S\/N, Col. San Francisco del Arenal, C.P. 20280, Aguascalientes, Ags., bajo el siguiente:<\/span><\/p>\n<p style=\"text-align: center\"><span style=\"color: #000000\"><b>ORDEN DEL D\u00cdA<\/b><b><\/b><\/span><\/p>\n<ol>\n<li style=\"text-align: justify\"><span style=\"color: #000000\"><a style=\"color: #000000\" href=\"https:\/\/organoscolegiados.anuies.mx\/cupia\/wp-content\/uploads\/sites\/6\/2019\/11\/1.-Miembros-del-CUPIA-3.pdf\" target=\"_blank\" rel=\"noopener noreferrer\">Lista de asistencia y verificaci\u00f3n de qu\u00f3rum.<\/a><\/span><\/li>\n<li style=\"text-align: justify\"><a href=\"https:\/\/organoscolegiados.anuies.mx\/cupia\/wp-content\/uploads\/sites\/6\/2020\/03\/2.-Convocatoria-XLV-Sesi\u00f3n-Ordinaria-CUPIA.pdf\" target=\"_blank\" rel=\"noopener\"><span style=\"color: #000000\">Aprobaci\u00f3n del Orden del D\u00eda.<\/span><\/a><\/li>\n<li style=\"text-align: justify\"><a href=\"https:\/\/organoscolegiados.anuies.mx\/cupia\/wp-content\/uploads\/sites\/6\/2020\/03\/3.-Nombramiento-del-Vicepresidente-de-la-Sesi\u00f3n.pdf\" target=\"_blank\" rel=\"noopener\"><span style=\"color: #000000\">Nombramiento del Vicepresidente de la Sesi\u00f3n.<\/span><\/a><\/li>\n<li style=\"text-align: justify\"><a href=\"https:\/\/organoscolegiados.anuies.mx\/cupia\/wp-content\/uploads\/sites\/6\/2020\/03\/4.-Lectura-y-aprobaci\u00f3n-en-su-caso-del-acta-de-la-XLIV-Sesi\u00f3n-Ordinaria..pdf\" target=\"_blank\" rel=\"noopener\"><span style=\"color: #000000\">Lectura y aprobaci\u00f3n, en su caso, del acta de la XLIV Sesi\u00f3n Ordinaria.<\/span><\/a><\/li>\n<li style=\"text-align: justify\"><span style=\"color: #000000\"><a href=\"https:\/\/organoscolegiados.anuies.mx\/cupia\/wp-content\/uploads\/sites\/6\/2020\/03\/5.-Semblanzas-invitados-especiales.pdf\" target=\"_blank\" rel=\"noopener\">Presentaciones y exposiciones, en su caso, de los invitados especiales.\u00a0<\/a><br \/>\n<a href=\"https:\/\/organoscolegiados.anuies.mx\/cupia\/wp-content\/uploads\/sites\/6\/2020\/03\/5.1-Defensor\u00edas-universitarias.pdf\" target=\"_blank\" rel=\"noopener\">5.1 Defensor\u00edas Universitarias\u00a0<\/a><\/span><\/li>\n<li style=\"text-align: justify\"><a href=\"https:\/\/organoscolegiados.anuies.mx\/cupia\/wp-content\/uploads\/sites\/6\/2020\/03\/6.-Descripci\u00f3n-PPEF-2016-12102015.pdf\" target=\"_blank\" rel=\"noopener\"><span style=\"color: #000000\">Informe del Proyecto de Presupuesto de Egresos de la Federaci\u00f3n 2016 para la educaci\u00f3n superior.<\/span><\/a><\/li>\n<li style=\"text-align: justify\"><span style=\"color: #000000\"><a style=\"color: #000000\" href=\"https:\/\/organoscolegiados.anuies.mx\/cupia\/wp-content\/uploads\/sites\/6\/2019\/11\/7.-Presentacion-del-libro-1.pdf\" target=\"_blank\" rel=\"noopener noreferrer\">Presentaci\u00f3n del libro \u201cLa transferencia de I+D, la innovaci\u00f3n y el emprendimiento en las universidades. Educaci\u00f3n superior en Iberoam\u00e9rica. Informe 2015.\u201d<\/a><\/span><\/li>\n<li>\n<p style=\"text-align: justify\"><a href=\"https:\/\/organoscolegiados.anuies.mx\/cupia\/wp-content\/uploads\/sites\/6\/2020\/03\/8.-ASUNTOS-GENERALES.pdf\" target=\"_blank\" rel=\"noopener\"><span style=\"color: #000000\">Asuntos generales.<\/span><\/a><\/p>\n<\/li>\n<\/ol>\n<\/div>\n<\/div><\/div><\/div><\/div><div id=\"pg-687-1\"  class=\"panel-grid panel-no-style\" ><div id=\"pgc-687-1-0\"  class=\"panel-grid-cell\" ><div id=\"panel-687-1-0-0\" class=\"so-panel widget widget_sow-editor panel-first-child panel-last-child\" data-index=\"1\" ><div\n\t\t\t\n\t\t\tclass=\"so-widget-sow-editor so-widget-sow-editor-base\"\n\t\t\t\n\t\t>\n<div class=\"siteorigin-widget-tinymce textwidget\">\n\t<p style=\"text-align: center;\"><strong>Mtro. Mario Andrade Cervantes<\/strong><br \/>\nRector de la Universidad Aut\u00f3noma de Aguascalientes<br \/>\nPresidente en turno<\/p>\n<\/div>\n<\/div><\/div><\/div><div id=\"pgc-687-1-1\"  class=\"panel-grid-cell\" ><div id=\"panel-687-1-1-0\" class=\"so-panel widget widget_sow-editor panel-first-child panel-last-child\" data-index=\"2\" ><div\n\t\t\t\n\t\t\tclass=\"so-widget-sow-editor so-widget-sow-editor-base\"\n\t\t\t\n\t\t>\n<div class=\"siteorigin-widget-tinymce textwidget\">\n\t<p style=\"text-align: center;\"><strong>Mtro. Jaime Valls Esponda<\/strong><br \/>\nSecretario General Ejecutivo<br \/>\nSecretario<\/p>\n<\/div>\n<\/div><\/div><\/div><\/div><\/div>","protected":false},"excerpt":{"rendered":"<p>CONVOCATORIA Con fundamento en los art\u00edculos Trig\u00e9simo, Trig\u00e9simo Primero y Trig\u00e9simo Tercero, fracci\u00f3n VI, del Estatuto de la Asociaci\u00f3n Nacional de Universidades e Instituciones de Educaci\u00f3n Superior, ANUIES, se convoca &hellip; <\/p>\n","protected":false},"author":1,"featured_media":0,"parent":0,"menu_order":0,"comment_status":"closed","ping_status":"closed","template":"","meta":{"ngg_post_thumbnail":0,"footnotes":""},"class_list":["post-687","page","type-page","status-publish","hentry"],"_links":{"self":[{"href":"https:\/\/organoscolegiados.anuies.mx\/cupia\/wp-json\/wp\/v2\/pages\/687","targetHints":{"allow":["GET"]}}],"collection":[{"href":"https:\/\/organoscolegiados.anuies.mx\/cupia\/wp-json\/wp\/v2\/pages"}],"about":[{"href":"https:\/\/organoscolegiados.anuies.mx\/cupia\/wp-json\/wp\/v2\/types\/page"}],"author":[{"embeddable":true,"href":"https:\/\/organoscolegiados.anuies.mx\/cupia\/wp-json\/wp\/v2\/users\/1"}],"replies":[{"embeddable":true,"href":"https:\/\/organoscolegiados.anuies.mx\/cupia\/wp-json\/wp\/v2\/comments?post=687"}],"version-history":[{"count":10,"href":"https:\/\/organoscolegiados.anuies.mx\/cupia\/wp-json\/wp\/v2\/pages\/687\/revisions"}],"predecessor-version":[{"id":1023,"href":"https:\/\/organoscolegiados.anuies.mx\/cupia\/wp-json\/wp\/v2\/pages\/687\/revisions\/1023"}],"wp:attachment":[{"href":"https:\/\/organoscolegiados.anuies.mx\/cupia\/wp-json\/wp\/v2\/media?parent=687"}],"curies":[{"name":"wp","href":"https:\/\/api.w.org\/{rel}","templated":true}]}}