{"id":698,"date":"2019-11-27T19:38:22","date_gmt":"2019-11-27T18:38:22","guid":{"rendered":"https:\/\/organoscolegiados.anuies.mx\/cupia\/?page_id=698"},"modified":"2022-12-15T17:44:53","modified_gmt":"2022-12-15T16:44:53","slug":"xlii-cupia","status":"publish","type":"page","link":"https:\/\/organoscolegiados.anuies.mx\/cupia\/xlii-cupia\/","title":{"rendered":""},"content":{"rendered":"<div id=\"pl-698\"  class=\"panel-layout\" ><div id=\"pg-698-0\"  class=\"panel-grid panel-no-style\" ><div id=\"pgc-698-0-0\"  class=\"panel-grid-cell\" ><div id=\"panel-698-0-0-0\" class=\"so-panel widget widget_sow-editor panel-first-child panel-last-child\" data-index=\"0\" ><div\n\t\t\t\n\t\t\tclass=\"so-widget-sow-editor so-widget-sow-editor-base\"\n\t\t\t\n\t\t>\n<div class=\"siteorigin-widget-tinymce textwidget\">\n\t<p align=\"center\"><img loading=\"lazy\" decoding=\"async\" class=\"alignnone size-full wp-image-711\" src=\"https:\/\/organoscolegiados.anuies.mx\/cupia\/wp-content\/uploads\/sites\/6\/2019\/11\/cabecera-2.jpg\" alt=\"\" width=\"970\" height=\"120\" srcset=\"https:\/\/organoscolegiados.anuies.mx\/cupia\/wp-content\/uploads\/sites\/6\/2019\/11\/cabecera-2.jpg 970w, https:\/\/organoscolegiados.anuies.mx\/cupia\/wp-content\/uploads\/sites\/6\/2019\/11\/cabecera-2-300x37.jpg 300w, https:\/\/organoscolegiados.anuies.mx\/cupia\/wp-content\/uploads\/sites\/6\/2019\/11\/cabecera-2-768x95.jpg 768w\" sizes=\"auto, (max-width: 970px) 100vw, 970px\" \/><\/p>\n<p style=\"text-align: center\" align=\"center\"><span style=\"color: #000000\"><strong>CONVOCATORIA<br \/>\n<\/strong><\/span><\/p>\n<p style=\"text-align: justify\"><span style=\"color: #000000\">Con fundamento en los art\u00edculos Trig\u00e9simo, Trig\u00e9simo Primero y Trig\u00e9simo Tercero, Fracci\u00f3n VI, del Estatuto de la Asociaci\u00f3n Nacional de Universidades e Instituciones de Educaci\u00f3n Superior, ANUIES, se convoca a los titulares de las instituciones que integran el Consejo de Universidades P\u00fablicas e Instituciones Afines, CUPIA, a la<b>\u00a0<\/b>XLII Sesi\u00f3n Ordinaria que se efectuar\u00e1 el 30 de mayo de 2014 a partir de las 10:00 horas, en las instalaciones de la Universidad de Guadalajara ubicadas en la Avenida Ju\u00e1rez No. 976, Colonia Centro, C.P. 44100, Guadalajara, Jal., bajo el siguiente:\u00a0<\/span><\/p>\n<p style=\"text-align: justify\" align=\"center\"><span style=\"color: #000000\"><b>ORDEN DEL D\u00cdA<\/b><\/span><\/p>\n<p style=\"text-align: justify\" align=\"center\"><span style=\"color: #000000\">1. <a style=\"color: #000000\" href=\"https:\/\/organoscolegiados.anuies.mx\/cupia\/wp-content\/uploads\/sites\/6\/2019\/11\/1-Miembros-del-CUPIA.pdf\" target=\"_blank\" rel=\"noopener\">Lista de asistencia y verificaci\u00f3n de <i>qu\u00f3rum<\/i>.<\/a><b><br \/>\n<\/b><\/span><\/p>\n<p><span style=\"color: #000000\">2. <a style=\"color: #000000\" href=\"https:\/\/organoscolegiados.anuies.mx\/cupia\/wp-content\/uploads\/sites\/6\/2019\/11\/2.-Convocatoria-CUPIA-30-5.pdf\" target=\"_blank\" rel=\"noopener\">Aprobaci\u00f3n del Orden del D\u00eda<\/a>.<\/span><\/p>\n<p><a href=\"https:\/\/organoscolegiados.anuies.mx\/cupia\/wp-content\/uploads\/sites\/6\/2020\/03\/3.-Nombramiento-del-Vicepresidente-de-la-Sesi\u00f3n.-1.pdf\" target=\"_blank\" rel=\"noopener\"><span style=\"color: #000000\">3. Nombramiento del Vicepresidente de la Sesi\u00f3n.<\/span><\/a><\/p>\n<p><a href=\"https:\/\/organoscolegiados.anuies.mx\/cupia\/wp-content\/uploads\/sites\/6\/2020\/03\/4.-Lectura-y-aprobaci\u00f3n-del-acta-de-la-XLI-Sesi\u00f3n-Ordinaria-realizada-en-las-instalaciones-de-la-Universidad-Aut\u00f3noma-de-San-Luis-Potos\u00ed..pdf\" target=\"_blank\" rel=\"noopener\"><span style=\"color: #000000\">4. Lectura y aprobaci\u00f3n, en su caso, del acta de la XLI Sesi\u00f3n Ordinaria realizada en las instalaciones de la Universidad Aut\u00f3noma de San Luis Potos\u00ed, el d\u00eda 8 de noviembre de 2013.<\/span><\/a><\/p>\n<p><span style=\"color: #000000\">5. <a style=\"color: #000000\" href=\"https:\/\/organoscolegiados.anuies.mx\/cupia\/wp-content\/uploads\/sites\/6\/2019\/11\/5.-Semblanzas-Invitados-especiales.pdf\" target=\"_blank\" rel=\"noopener\">Presentaciones y exposiciones, en su caso, de los invitados especiales.<\/a><br \/>\n<a href=\"https:\/\/organoscolegiados.anuies.mx\/cupia\/wp-content\/uploads\/sites\/6\/2020\/03\/5.1-SMalo_CUPIA_MAYO2014f2.pdf\" target=\"_blank\" rel=\"noopener\">5.1 Dr. Salvador Malo \u00c1lvarez, Director General de Educaci\u00f3n Superior Universitaria de la SEP.<\/a><\/span><\/p>\n<p><span style=\"color: #000000\">6. Presentaci\u00f3n de la iniciativa de Ley General de Bibliotecas a cargo del Mtro. Sa\u00fal H. Soto Fuentes, Presidente del CONPAB-IES.<\/span><\/p>\n<p style=\"text-align: justify;padding-left: 40px\"><span style=\"color: #000000\"><a style=\"color: #000000\" href=\"https:\/\/organoscolegiados.anuies.mx\/cupia\/wp-content\/uploads\/sites\/6\/2019\/11\/6.1.-OFICIO-CONPAB-ANUIES-tema-para-cupia.pdf\" target=\"_blank\" rel=\"noopener\">6.1 Oficio CONPAB-ANUIES<\/a><\/span><br \/>\n<span style=\"color: #000000\"><a style=\"color: #000000\" href=\"https:\/\/organoscolegiados.anuies.mx\/cupia\/wp-content\/uploads\/sites\/6\/2019\/11\/6.2.-OFICIO-SECRETARIO-GRAL.-ANUIES-3.pdf\" target=\"_blank\" rel=\"noopener\">6.2 Oficio Secretario General ANUIES 3<\/a><\/span><br \/>\n<span style=\"color: #000000\"><a style=\"color: #000000\" href=\"https:\/\/organoscolegiados.anuies.mx\/cupia\/wp-content\/uploads\/sites\/6\/2019\/11\/6.3.-OFICIO-SECRETARIO-GRAL.-ANUIES-4.pdf\" target=\"_blank\" rel=\"noopener\">6.3 Oficio Secretario General ANUIES 4<\/a><\/span><br \/>\n<span style=\"color: #000000\"><a style=\"color: #000000\" href=\"https:\/\/organoscolegiados.anuies.mx\/cupia\/wp-content\/uploads\/sites\/6\/2019\/11\/6.4.-DOCUMENTO-PARA-RECTORES.pdf\" target=\"_blank\" rel=\"noopener\">6.4 Documento para rectores<\/a><\/span><br \/>\n<span style=\"color: #000000\"><a style=\"color: #000000\" href=\"https:\/\/organoscolegiados.anuies.mx\/cupia\/wp-content\/uploads\/sites\/6\/2019\/11\/6.5.-Introducci\u00f3n-LGB.pdf\" target=\"_blank\" rel=\"noopener\">6.5 Introducci\u00f3n LGB<\/a><\/span><br \/>\n<span style=\"color: #000000\"><a style=\"color: #000000\" href=\"https:\/\/organoscolegiados.anuies.mx\/cupia\/wp-content\/uploads\/sites\/6\/2019\/11\/6.6.-Ley-General-de-Bibliotecas.pdf\" target=\"_blank\" rel=\"noopener\">6.6 Ley General de Bibliotecas<\/a><br \/>\n<a href=\"https:\/\/organoscolegiados.anuies.mx\/cupia\/wp-content\/uploads\/sites\/6\/2020\/03\/6.7-Normatividad_Bibliotecaria_en_Mexico_CONPAB-IES_Mayo_29_2014.pdf\" target=\"_blank\" rel=\"noopener\">6.7 Normatividad Bibliotecaria en M\u00e9xico<\/a><\/span><\/p>\n<p><span style=\"color: #000000\">7. <a style=\"color: #000000\" href=\"https:\/\/organoscolegiados.anuies.mx\/cupia\/wp-content\/uploads\/sites\/6\/2019\/11\/Presentacio\u0301n-reunio\u0301n-financiamiento-2.0.pdf\" target=\"_blank\" rel=\"noopener\">Financiamiento de la educaci\u00f3n superior para el Ejercicio Fiscal 2015.<\/a><\/span><\/p>\n<p><span style=\"color: #000000\">8. <a style=\"color: #000000\" href=\"https:\/\/organoscolegiados.anuies.mx\/cupia\/wp-content\/uploads\/sites\/6\/2019\/11\/f1.-Propuesta-profesores-de-asignatura-UASLP.pdf\" target=\"_blank\" rel=\"noopener\">Integraci\u00f3n de una comisi\u00f3n interinstitucional que analice la problem\u00e1tica de los profesores de asignatura en las instituciones de educaci\u00f3n superior.<\/a><\/span><\/p>\n<p><a href=\"https:\/\/organoscolegiados.anuies.mx\/cupia\/wp-content\/uploads\/sites\/6\/2020\/03\/9.-Asuntos-generales.-1.pdf\" target=\"_blank\" rel=\"noopener\"><span style=\"color: #000000\">9. Asuntos generales.<\/span><\/a><\/p>\n<\/div>\n<\/div><\/div><\/div><\/div><div id=\"pg-698-1\"  class=\"panel-grid panel-no-style\" ><div id=\"pgc-698-1-0\"  class=\"panel-grid-cell\" ><div id=\"panel-698-1-0-0\" class=\"so-panel widget widget_sow-editor panel-first-child panel-last-child\" data-index=\"1\" ><div\n\t\t\t\n\t\t\tclass=\"so-widget-sow-editor so-widget-sow-editor-base\"\n\t\t\t\n\t\t>\n<div class=\"siteorigin-widget-tinymce textwidget\">\n\t<p style=\"text-align: center;\"><strong>Mtro. Itzc\u00f3atl Tonatiuh Bravo Padilla<\/strong><br \/>\nRector de la Universidad de Guadalajara<br \/>\nPresidente en turno<\/p>\n<\/div>\n<\/div><\/div><\/div><div id=\"pgc-698-1-1\"  class=\"panel-grid-cell\" ><div id=\"panel-698-1-1-0\" class=\"so-panel widget widget_sow-editor panel-first-child panel-last-child\" data-index=\"2\" ><div\n\t\t\t\n\t\t\tclass=\"so-widget-sow-editor so-widget-sow-editor-base\"\n\t\t\t\n\t\t>\n<div class=\"siteorigin-widget-tinymce textwidget\">\n\t<p style=\"text-align: center;\"><strong>Dr. Enrique Fern\u00e1ndez Fassnacht<\/strong><br \/>\nSecretario General Ejecutivo<br \/>\nSecretario<\/p>\n<\/div>\n<\/div><\/div><\/div><\/div><\/div>","protected":false},"excerpt":{"rendered":"<p>CONVOCATORIA Con fundamento en los art\u00edculos Trig\u00e9simo, Trig\u00e9simo Primero y Trig\u00e9simo Tercero, Fracci\u00f3n VI, del Estatuto de la Asociaci\u00f3n Nacional de Universidades e Instituciones de Educaci\u00f3n Superior, ANUIES, se convoca &hellip; <\/p>\n","protected":false},"author":1,"featured_media":0,"parent":0,"menu_order":0,"comment_status":"closed","ping_status":"closed","template":"","meta":{"ngg_post_thumbnail":0,"footnotes":""},"class_list":["post-698","page","type-page","status-publish","hentry"],"_links":{"self":[{"href":"https:\/\/organoscolegiados.anuies.mx\/cupia\/wp-json\/wp\/v2\/pages\/698","targetHints":{"allow":["GET"]}}],"collection":[{"href":"https:\/\/organoscolegiados.anuies.mx\/cupia\/wp-json\/wp\/v2\/pages"}],"about":[{"href":"https:\/\/organoscolegiados.anuies.mx\/cupia\/wp-json\/wp\/v2\/types\/page"}],"author":[{"embeddable":true,"href":"https:\/\/organoscolegiados.anuies.mx\/cupia\/wp-json\/wp\/v2\/users\/1"}],"replies":[{"embeddable":true,"href":"https:\/\/organoscolegiados.anuies.mx\/cupia\/wp-json\/wp\/v2\/comments?post=698"}],"version-history":[{"count":8,"href":"https:\/\/organoscolegiados.anuies.mx\/cupia\/wp-json\/wp\/v2\/pages\/698\/revisions"}],"predecessor-version":[{"id":1024,"href":"https:\/\/organoscolegiados.anuies.mx\/cupia\/wp-json\/wp\/v2\/pages\/698\/revisions\/1024"}],"wp:attachment":[{"href":"https:\/\/organoscolegiados.anuies.mx\/cupia\/wp-json\/wp\/v2\/media?parent=698"}],"curies":[{"name":"wp","href":"https:\/\/api.w.org\/{rel}","templated":true}]}}