{"id":873,"date":"2020-10-07T17:40:49","date_gmt":"2020-10-07T15:40:49","guid":{"rendered":"https:\/\/organoscolegiados.anuies.mx\/cupia\/?page_id=873"},"modified":"2020-10-23T02:46:42","modified_gmt":"2020-10-23T00:46:42","slug":"liv-cupia","status":"publish","type":"page","link":"https:\/\/organoscolegiados.anuies.mx\/cupia\/liv-cupia\/","title":{"rendered":"LIV Sesi\u00f3n Ordinaria"},"content":{"rendered":"<div id=\"pl-873\"  class=\"panel-layout\" ><div id=\"pg-873-0\"  class=\"panel-grid panel-no-style\" ><div id=\"pgc-873-0-0\"  class=\"panel-grid-cell\" ><div id=\"panel-873-0-0-0\" class=\"so-panel widget widget_sow-editor panel-first-child panel-last-child\" data-index=\"0\" ><div\n\t\t\t\n\t\t\tclass=\"so-widget-sow-editor so-widget-sow-editor-base\"\n\t\t\t\n\t\t>\n<div class=\"siteorigin-widget-tinymce textwidget\">\n\t<p><img loading=\"lazy\" decoding=\"async\" class=\"alignnone size-full wp-image-874\" src=\"https:\/\/organoscolegiados.anuies.mx\/cupia\/wp-content\/uploads\/sites\/6\/2020\/10\/CabeceraLIV.png\" alt=\"\" width=\"2000\" height=\"170\" srcset=\"https:\/\/organoscolegiados.anuies.mx\/cupia\/wp-content\/uploads\/sites\/6\/2020\/10\/CabeceraLIV.png 2000w, https:\/\/organoscolegiados.anuies.mx\/cupia\/wp-content\/uploads\/sites\/6\/2020\/10\/CabeceraLIV-300x26.png 300w, https:\/\/organoscolegiados.anuies.mx\/cupia\/wp-content\/uploads\/sites\/6\/2020\/10\/CabeceraLIV-1024x87.png 1024w, https:\/\/organoscolegiados.anuies.mx\/cupia\/wp-content\/uploads\/sites\/6\/2020\/10\/CabeceraLIV-768x65.png 768w, https:\/\/organoscolegiados.anuies.mx\/cupia\/wp-content\/uploads\/sites\/6\/2020\/10\/CabeceraLIV-1536x131.png 1536w\" sizes=\"auto, (max-width: 2000px) 100vw, 2000px\" \/><\/p>\n<p style=\"text-align: center;\"><strong>CONVOCATORIA<\/strong><\/p>\n<p style=\"text-align: justify;\">Con fundamento en los art\u00edculos Trig\u00e9simo, Trig\u00e9simo Primero y Trig\u00e9simo Tercero, fracci\u00f3n VI, del Estatuto de la Asociaci\u00f3n Nacional de Universidades e Instituciones de Educaci\u00f3n Superior de la Rep\u00fablica Mexicana A.C. (ANUIES), convocamos a los titulares de las instituciones que integran el Consejo de Universidades P\u00fablicas e Instituciones Afines (CUPIA), a la LIV Sesi\u00f3n Ordinaria que se efectuar\u00e1 de forma virtual, debido a la contingencia sanitaria ocasionada por el COVID-19, a las 11:00 horas del 23 de octubre de 2020, con el siguiente:<\/p>\n<p><strong>\u00a0<\/strong><\/p>\n<p style=\"text-align: center;\"><strong>ORDEN DEL D\u00cdA<\/strong><\/p>\n<p><strong>\u00a0<\/strong><\/p>\n<ol>\n<li><span style=\"color: #000000;\"><a style=\"color: #000000;\" href=\"https:\/\/organoscolegiados.anuies.mx\/cupia\/wp-content\/uploads\/sites\/6\/2020\/10\/1-Lista-de-asistencia-y-verificacio_n-del-quorum.pdf\" target=\"_blank\" rel=\"noopener\">Lista de asistencia y verificaci\u00f3n del <em>quorum<\/em>.<\/a><\/span><\/li>\n<li><span style=\"color: #000000;\"><a style=\"color: #000000;\" href=\"https:\/\/organoscolegiados.anuies.mx\/cupia\/wp-content\/uploads\/sites\/6\/2020\/10\/2-Aprobacio_n-del-Orden-del-Di_a-Fusionado.pdf\" target=\"_blank\" rel=\"noopener\">Aprobaci\u00f3n del Orden del D\u00eda.<\/a><\/span><\/li>\n<li><span style=\"color: #000000;\"><a style=\"color: #000000;\" href=\"https:\/\/organoscolegiados.anuies.mx\/cupia\/wp-content\/uploads\/sites\/6\/2020\/10\/3-Eleccio_n-del-Vicepresidente-de-la-Sesio_n.pdf\" target=\"_blank\" rel=\"noopener\">Elecci\u00f3n del Vicepresidente de la Sesi\u00f3n.<\/a><\/span><\/li>\n<li><span style=\"color: #000000;\"><a style=\"color: #000000;\" href=\"http:\/\/www.anuies.mx\/media\/docs\/4.pdf\" target=\"_blank\" rel=\"noopener\">Lectura y aprobaci\u00f3n, en su caso, del Acta de la LIII Sesi\u00f3n Ordinaria.<\/a><\/span><\/li>\n<li><span style=\"color: #000000;\"><a style=\"color: #000000;\" href=\"https:\/\/organoscolegiados.anuies.mx\/cupia\/wp-content\/uploads\/sites\/6\/2020\/10\/5-Presentacio\u0301n-del-Proyecto-de-Presupuesto-de-Egresos-de-la-Federacio\u0301n-2021-para-la-educacio\u0301n-superior-pu\u0301blica-Fusionado-1.pdf\" target=\"_blank\" rel=\"noopener\">Presentaci\u00f3n del Proyecto de Presupuesto de Egresos de la Federaci\u00f3n 2021 para la educaci\u00f3n superior p\u00fablica.<\/a><\/span><\/li>\n<li><span style=\"color: #000000;\"><a style=\"color: #000000;\" href=\"https:\/\/organoscolegiados.anuies.mx\/cupia\/wp-content\/uploads\/sites\/6\/2020\/10\/6.pdf\" target=\"_blank\" rel=\"noopener\">Presentaci\u00f3n de las acciones realizadas por las IES p\u00fablicas y particulares durante la emergencia sanitaria provocada por el COVID-19 y la planeaci\u00f3n del regreso seguro y paulatino a las actividades presenciales.<\/a><\/span><\/li>\n<li><span style=\"color: #000000;\"><a style=\"color: #000000;\" href=\"http:\/\/www.anuies.mx\/media\/docs\/7.pdf\" target=\"_blank\" rel=\"noopener\">Participaciones de invitados especiales.<\/a><\/span><\/li>\n<li><span style=\"color: #000000;\"><a style=\"color: #000000;\" href=\"https:\/\/organoscolegiados.anuies.mx\/cupia\/wp-content\/uploads\/sites\/6\/2020\/10\/8-Eleccio_n-de-los-representantes-del-CUPIA-ante-el-CN.pdf\" target=\"_blank\" rel=\"noopener\">Elecci\u00f3n de los representantes del Consejo de Universidades P\u00fablicas e Instituciones Afines (CUPIA) ante el Consejo Nacional.<\/a><\/span><\/li>\n<li><span style=\"color: #000000;\"><a style=\"color: #000000;\" href=\"https:\/\/organoscolegiados.anuies.mx\/cupia\/wp-content\/uploads\/sites\/6\/2020\/10\/9-Asuntos-generales.pdf\" target=\"_blank\" rel=\"noopener\">Asuntos generales.<\/a><\/span><\/li>\n<\/ol>\n<\/div>\n<\/div><\/div><\/div><\/div><div id=\"pg-873-1\"  class=\"panel-grid panel-no-style\" ><div id=\"pgc-873-1-0\"  class=\"panel-grid-cell\" ><div id=\"panel-873-1-0-0\" class=\"so-panel widget widget_sow-editor panel-first-child panel-last-child\" data-index=\"1\" ><div\n\t\t\t\n\t\t\tclass=\"so-widget-sow-editor so-widget-sow-editor-base\"\n\t\t\t\n\t\t>\n<div class=\"siteorigin-widget-tinymce textwidget\">\n\t<p style=\"text-align: center;\"><strong>Dr. Jos\u00e9 Mustre de Le\u00f3n<\/strong><\/p>\n<p style=\"text-align: center;\"><strong>Director General del CINVESTAV<\/strong><\/p>\n<p style=\"text-align: center;\"><strong>Presidente<\/strong><\/p>\n<\/div>\n<\/div><\/div><\/div><div id=\"pgc-873-1-1\"  class=\"panel-grid-cell\" ><div id=\"panel-873-1-1-0\" class=\"so-panel widget widget_sow-editor panel-first-child panel-last-child\" data-index=\"2\" ><div\n\t\t\t\n\t\t\tclass=\"so-widget-sow-editor so-widget-sow-editor-base\"\n\t\t\t\n\t\t>\n<div class=\"siteorigin-widget-tinymce textwidget\">\n\t<p style=\"text-align: center;\"><strong>Mtro. Jaime Valls Esponda<\/strong><\/p>\n<p style=\"text-align: center;\"><strong>Secretario General Ejecutivo de la ANUIES<\/strong><\/p>\n<p style=\"text-align: center;\"><strong>Secretario<\/strong><\/p>\n<\/div>\n<\/div><\/div><\/div><\/div><\/div>","protected":false},"excerpt":{"rendered":"<p>CONVOCATORIA Con fundamento en los art\u00edculos Trig\u00e9simo, Trig\u00e9simo Primero y Trig\u00e9simo Tercero, fracci\u00f3n VI, del Estatuto de la Asociaci\u00f3n Nacional de Universidades e Instituciones de Educaci\u00f3n Superior de la Rep\u00fablica &hellip; <\/p>\n","protected":false},"author":1,"featured_media":0,"parent":0,"menu_order":0,"comment_status":"closed","ping_status":"closed","template":"","meta":{"ngg_post_thumbnail":0,"footnotes":""},"class_list":["post-873","page","type-page","status-publish","hentry"],"_links":{"self":[{"href":"https:\/\/organoscolegiados.anuies.mx\/cupia\/wp-json\/wp\/v2\/pages\/873","targetHints":{"allow":["GET"]}}],"collection":[{"href":"https:\/\/organoscolegiados.anuies.mx\/cupia\/wp-json\/wp\/v2\/pages"}],"about":[{"href":"https:\/\/organoscolegiados.anuies.mx\/cupia\/wp-json\/wp\/v2\/types\/page"}],"author":[{"embeddable":true,"href":"https:\/\/organoscolegiados.anuies.mx\/cupia\/wp-json\/wp\/v2\/users\/1"}],"replies":[{"embeddable":true,"href":"https:\/\/organoscolegiados.anuies.mx\/cupia\/wp-json\/wp\/v2\/comments?post=873"}],"version-history":[{"count":6,"href":"https:\/\/organoscolegiados.anuies.mx\/cupia\/wp-json\/wp\/v2\/pages\/873\/revisions"}],"predecessor-version":[{"id":891,"href":"https:\/\/organoscolegiados.anuies.mx\/cupia\/wp-json\/wp\/v2\/pages\/873\/revisions\/891"}],"wp:attachment":[{"href":"https:\/\/organoscolegiados.anuies.mx\/cupia\/wp-json\/wp\/v2\/media?parent=873"}],"curies":[{"name":"wp","href":"https:\/\/api.w.org\/{rel}","templated":true}]}}