{"id":893,"date":"2021-05-14T18:34:48","date_gmt":"2021-05-14T16:34:48","guid":{"rendered":"https:\/\/organoscolegiados.anuies.mx\/cupia\/?page_id=893"},"modified":"2021-05-24T15:40:48","modified_gmt":"2021-05-24T13:40:48","slug":"lv-sesion-ordinaria","status":"publish","type":"page","link":"https:\/\/organoscolegiados.anuies.mx\/cupia\/lv-sesion-ordinaria\/","title":{"rendered":"LV Sesi\u00f3n Ordinaria"},"content":{"rendered":"<div id=\"pl-893\"  class=\"panel-layout\" ><div id=\"pg-893-0\"  class=\"panel-grid panel-no-style\" ><div id=\"pgc-893-0-0\"  class=\"panel-grid-cell\" ><div id=\"panel-893-0-0-0\" class=\"so-panel widget widget_sow-editor panel-first-child panel-last-child\" data-index=\"0\" ><div\n\t\t\t\n\t\t\tclass=\"so-widget-sow-editor so-widget-sow-editor-base\"\n\t\t\t\n\t\t>\n<div class=\"siteorigin-widget-tinymce textwidget\">\n\t<p><img loading=\"lazy\" decoding=\"async\" class=\"aligncenter size-full wp-image-898\" src=\"https:\/\/organoscolegiados.anuies.mx\/cupia\/wp-content\/uploads\/sites\/6\/2021\/05\/CabeceraCUPIALV_v2.png\" alt=\"\" width=\"2000\" height=\"170\" srcset=\"https:\/\/organoscolegiados.anuies.mx\/cupia\/wp-content\/uploads\/sites\/6\/2021\/05\/CabeceraCUPIALV_v2.png 2000w, https:\/\/organoscolegiados.anuies.mx\/cupia\/wp-content\/uploads\/sites\/6\/2021\/05\/CabeceraCUPIALV_v2-300x26.png 300w, https:\/\/organoscolegiados.anuies.mx\/cupia\/wp-content\/uploads\/sites\/6\/2021\/05\/CabeceraCUPIALV_v2-1024x87.png 1024w, https:\/\/organoscolegiados.anuies.mx\/cupia\/wp-content\/uploads\/sites\/6\/2021\/05\/CabeceraCUPIALV_v2-768x65.png 768w, https:\/\/organoscolegiados.anuies.mx\/cupia\/wp-content\/uploads\/sites\/6\/2021\/05\/CabeceraCUPIALV_v2-1536x131.png 1536w\" sizes=\"auto, (max-width: 2000px) 100vw, 2000px\" \/><\/p>\n<p style=\"text-align: center;\"><strong>CONVOCATORIA<\/strong><\/p>\n<p style=\"text-align: justify;\">Con fundamento en los art\u00edculos Trig\u00e9simo, Trig\u00e9simo Primero y Trig\u00e9simo Tercero, fracci\u00f3n VI, del Estatuto de la Asociaci\u00f3n Nacional de Universidades e Instituciones de Educaci\u00f3n Superior de la Rep\u00fablica Mexicana A.C. (ANUIES), convocamos a los titulares de las instituciones que integran el Consejo de Universidades P\u00fablicas e Instituciones Afines (CUPIA), a la LV Sesi\u00f3n Ordinaria que se efectuar\u00e1 en modalidad mixta o h\u00edbrida*, a las 11:00 horas del 25 de mayo de 2021, con el siguiente:<\/p>\n<p style=\"text-align: justify;\"><strong>\u00a0<\/strong><strong>ORDEN DEL D\u00cdA<\/strong><\/p>\n<ol style=\"text-align: justify;\">\n<li><a href=\"https:\/\/organoscolegiados.anuies.mx\/cupia\/wp-content\/uploads\/sites\/6\/2021\/05\/1-Lista-de-asistencia-y-verificacion-del-quorum-1.pdf\" target=\"_blank\" rel=\"noopener\">Lista de asistencia y verificaci\u00f3n del <em>quorum<\/em>.<\/a><\/li>\n<li><a href=\"https:\/\/organoscolegiados.anuies.mx\/cupia\/wp-content\/uploads\/sites\/6\/2021\/05\/2-Aprobacion-del-Orden-del-Dia.pdf\" target=\"_blank\" rel=\"noopener\">Aprobaci\u00f3n del Orden del D\u00eda.<\/a><\/li>\n<li><a href=\"https:\/\/organoscolegiados.anuies.mx\/cupia\/wp-content\/uploads\/sites\/6\/2021\/05\/3-Eleccion-del-Vicepresidente-de-la-Sesion.pdf\" target=\"_blank\" rel=\"noopener\">Elecci\u00f3n del Vicepresidente de la Sesi\u00f3n.<\/a><\/li>\n<li><a href=\"https:\/\/organoscolegiados.anuies.mx\/cupia\/wp-content\/uploads\/sites\/6\/2021\/05\/4-Lectura-y-aprobacion-en-su-caso-del-Acta-de-la-LIV-Sesion-Ordinaria.pdf\" target=\"_blank\" rel=\"noopener\">Lectura y aprobaci\u00f3n, en su caso, del Acta de la LIV Sesi\u00f3n Ordinaria.<\/a><\/li>\n<li><a href=\"https:\/\/organoscolegiados.anuies.mx\/cupia\/wp-content\/uploads\/sites\/6\/2021\/05\/5-Presentacion-de-la-Ley-General-de-Educacion-Superior-y-su-impacto-en-las-instituciones-de-educacion-superior-publicas-1.pdf\" target=\"_blank\" rel=\"noopener\">Presentaci\u00f3n de la Ley General de Educaci\u00f3n Superior y su impacto en las instituciones de educaci\u00f3n superior p\u00fablicas.<\/a><\/li>\n<li><a href=\"https:\/\/organoscolegiados.anuies.mx\/cupia\/wp-content\/uploads\/sites\/6\/2021\/05\/6-Presentacion-del-Plan-de-retorno-a-las-actividades-academicas.-El-caso-de-la-Universidad-de-Guanajuato.pdf\" target=\"_blank\" rel=\"noopener\">Presentaci\u00f3n del Plan de retorno a las actividades acad\u00e9micas. (El caso de la Universidad de Guanajuato).<\/a><\/li>\n<li><a href=\"https:\/\/organoscolegiados.anuies.mx\/cupia\/wp-content\/uploads\/sites\/6\/2021\/05\/7-Presentacion-del-Informe-sobre-el-apoyo-que-las-instituciones-de-educacion-superior-publicas-y-particulares-han-brindado-a-la-campana-nacional-de-vacunacion_final.pdf\" target=\"_blank\" rel=\"noopener\">Presentaci\u00f3n del Informe sobre el apoyo que las instituciones de educaci\u00f3n superior p\u00fablicas y particulares han brindado a la campa\u00f1a nacional de vacunaci\u00f3n.<\/a><\/li>\n<li><a href=\"https:\/\/organoscolegiados.anuies.mx\/cupia\/wp-content\/uploads\/sites\/6\/2021\/05\/8-Eleccion-del-representante-del-CUPIA-ante-el-CN-para-el-periodo-2021-2023.pdf\" target=\"_blank\" rel=\"noopener\">Elecci\u00f3n del representante del Consejo de Universidades P\u00fablicas e Instituciones Afines ante el Consejo Nacional para el periodo 2021-2023.<\/a><\/li>\n<li><a href=\"https:\/\/organoscolegiados.anuies.mx\/cupia\/wp-content\/uploads\/sites\/6\/2021\/05\/9-Presentacion-del-calendario-de-eventos-internacionales-en-2021.pdf\" target=\"_blank\" rel=\"noopener\">Presentaci\u00f3n del calendario de eventos internacionales en 2021.<\/a><\/li>\n<li><a href=\"https:\/\/organoscolegiados.anuies.mx\/cupia\/wp-content\/uploads\/sites\/6\/2021\/05\/10-Asuntos-generales.pdf\" target=\"_blank\" rel=\"noopener\">Asuntos generales.<\/a><\/li>\n<\/ol>\n<\/div>\n<\/div><\/div><\/div><\/div><div id=\"pg-893-1\"  class=\"panel-grid panel-no-style\" ><div id=\"pgc-893-1-0\"  class=\"panel-grid-cell\" ><div id=\"panel-893-1-0-0\" class=\"so-panel widget widget_sow-editor panel-first-child panel-last-child\" data-index=\"1\" ><div\n\t\t\t\n\t\t\tclass=\"so-widget-sow-editor so-widget-sow-editor-base\"\n\t\t\t\n\t\t>\n<div class=\"siteorigin-widget-tinymce textwidget\">\n\t<p style=\"text-align: center;\"><strong>Dr. Luis Felipe Guerrero Agripino<br \/>\nRector General de la Universidad de Guanajuato<br \/>\nPresidente<\/strong><\/p>\n<\/div>\n<\/div><\/div><\/div><div id=\"pgc-893-1-1\"  class=\"panel-grid-cell\" ><div id=\"panel-893-1-1-0\" class=\"so-panel widget widget_sow-editor panel-first-child panel-last-child\" data-index=\"2\" ><div\n\t\t\t\n\t\t\tclass=\"so-widget-sow-editor so-widget-sow-editor-base\"\n\t\t\t\n\t\t>\n<div class=\"siteorigin-widget-tinymce textwidget\">\n\t<p style=\"text-align: center;\"><strong>Mtro. Jaime Valls Esponda<br \/>\nSecretario General Ejecutivo de la ANUIES<br \/>\nSecretario<\/strong><\/p>\n<\/div>\n<\/div><\/div><\/div><\/div><div id=\"pg-893-2\"  class=\"panel-grid panel-no-style\" ><div id=\"pgc-893-2-0\"  class=\"panel-grid-cell\" ><div id=\"panel-893-2-0-0\" class=\"so-panel widget widget_sow-editor panel-first-child panel-last-child\" data-index=\"3\" ><div\n\t\t\t\n\t\t\tclass=\"so-widget-sow-editor so-widget-sow-editor-base\"\n\t\t\t\n\t\t>\n<div class=\"siteorigin-widget-tinymce textwidget\">\n\t<p style=\"text-align: justify;\">*Modalidad mixta o h\u00edbrida se refiere al desarrollo de la sesi\u00f3n en la que una cantidad de integrantes del \u00f3rgano colegiado participa v\u00eda plataforma inform\u00e1tica y otra acude a las instalaciones de la instituci\u00f3n sede.<\/p>\n<\/div>\n<\/div><\/div><\/div><\/div><\/div>","protected":false},"excerpt":{"rendered":"<p>CONVOCATORIA Con fundamento en los art\u00edculos Trig\u00e9simo, Trig\u00e9simo Primero y Trig\u00e9simo Tercero, fracci\u00f3n VI, del Estatuto de la Asociaci\u00f3n Nacional de Universidades e Instituciones de Educaci\u00f3n Superior de la Rep\u00fablica &hellip; <\/p>\n","protected":false},"author":1,"featured_media":0,"parent":0,"menu_order":0,"comment_status":"closed","ping_status":"closed","template":"","meta":{"ngg_post_thumbnail":0,"footnotes":""},"class_list":["post-893","page","type-page","status-publish","hentry"],"_links":{"self":[{"href":"https:\/\/organoscolegiados.anuies.mx\/cupia\/wp-json\/wp\/v2\/pages\/893","targetHints":{"allow":["GET"]}}],"collection":[{"href":"https:\/\/organoscolegiados.anuies.mx\/cupia\/wp-json\/wp\/v2\/pages"}],"about":[{"href":"https:\/\/organoscolegiados.anuies.mx\/cupia\/wp-json\/wp\/v2\/types\/page"}],"author":[{"embeddable":true,"href":"https:\/\/organoscolegiados.anuies.mx\/cupia\/wp-json\/wp\/v2\/users\/1"}],"replies":[{"embeddable":true,"href":"https:\/\/organoscolegiados.anuies.mx\/cupia\/wp-json\/wp\/v2\/comments?post=893"}],"version-history":[{"count":9,"href":"https:\/\/organoscolegiados.anuies.mx\/cupia\/wp-json\/wp\/v2\/pages\/893\/revisions"}],"predecessor-version":[{"id":917,"href":"https:\/\/organoscolegiados.anuies.mx\/cupia\/wp-json\/wp\/v2\/pages\/893\/revisions\/917"}],"wp:attachment":[{"href":"https:\/\/organoscolegiados.anuies.mx\/cupia\/wp-json\/wp\/v2\/media?parent=893"}],"curies":[{"name":"wp","href":"https:\/\/api.w.org\/{rel}","templated":true}]}}