{"id":919,"date":"2021-10-05T22:41:36","date_gmt":"2021-10-05T20:41:36","guid":{"rendered":"https:\/\/organoscolegiados.anuies.mx\/cupia\/?page_id=919"},"modified":"2021-10-14T20:55:23","modified_gmt":"2021-10-14T18:55:23","slug":"lvi-cupia","status":"publish","type":"page","link":"https:\/\/organoscolegiados.anuies.mx\/cupia\/lvi-cupia\/","title":{"rendered":"LVI Sesi\u00f3n Ordinaria"},"content":{"rendered":"<div id=\"pl-919\"  class=\"panel-layout\" ><div id=\"pg-919-0\"  class=\"panel-grid panel-no-style\" ><div id=\"pgc-919-0-0\"  class=\"panel-grid-cell\" ><div id=\"panel-919-0-0-0\" class=\"so-panel widget widget_sow-editor panel-first-child panel-last-child\" data-index=\"0\" ><div\n\t\t\t\n\t\t\tclass=\"so-widget-sow-editor so-widget-sow-editor-base\"\n\t\t\t\n\t\t>\n<div class=\"siteorigin-widget-tinymce textwidget\">\n\t<p><img loading=\"lazy\" decoding=\"async\" class=\"aligncenter size-full wp-image-921\" src=\"https:\/\/organoscolegiados.anuies.mx\/cupia\/wp-content\/uploads\/sites\/6\/2021\/10\/CabeceraCUPIALVI.png\" alt=\"\" width=\"2000\" height=\"170\" srcset=\"https:\/\/organoscolegiados.anuies.mx\/cupia\/wp-content\/uploads\/sites\/6\/2021\/10\/CabeceraCUPIALVI.png 2000w, https:\/\/organoscolegiados.anuies.mx\/cupia\/wp-content\/uploads\/sites\/6\/2021\/10\/CabeceraCUPIALVI-300x26.png 300w, https:\/\/organoscolegiados.anuies.mx\/cupia\/wp-content\/uploads\/sites\/6\/2021\/10\/CabeceraCUPIALVI-1024x87.png 1024w, https:\/\/organoscolegiados.anuies.mx\/cupia\/wp-content\/uploads\/sites\/6\/2021\/10\/CabeceraCUPIALVI-768x65.png 768w, https:\/\/organoscolegiados.anuies.mx\/cupia\/wp-content\/uploads\/sites\/6\/2021\/10\/CabeceraCUPIALVI-1536x131.png 1536w\" sizes=\"auto, (max-width: 2000px) 100vw, 2000px\" \/><\/p>\n<p style=\"text-align: center;\"><strong>CONVOCATORIA<\/strong><\/p>\n<p style=\"text-align: justify;\">Con fundamento en los art\u00edculos Trig\u00e9simo, Trig\u00e9simo Primero y Trig\u00e9simo Tercero, fracci\u00f3n VI, del Estatuto de la Asociaci\u00f3n Nacional de Universidades e Instituciones de Educaci\u00f3n Superior de la Rep\u00fablica Mexicana, A.C. (ANUIES), convocamos a los titulares de las instituciones que integran el Consejo de Universidades P\u00fablicas e Instituciones Afines (CUPIA), a la LVI Sesi\u00f3n Ordinaria que se efectuar\u00e1 en modalidad mixta o h\u00edbrida*, con sede en la Universidad Aut\u00f3noma de San Luis Potos\u00ed, a las 11:00 horas del 15 de octubre de 2021, con el siguiente:<\/p>\n<p style=\"text-align: justify;\"><strong>\u00a0<\/strong><strong>ORDEN DEL D\u00cdA<\/strong><\/p>\n<ol>\n<li><a href=\"https:\/\/organoscolegiados.anuies.mx\/cupia\/wp-content\/uploads\/sites\/6\/2021\/10\/1-Lista-de-asistencia-y-verificacion-del-quorum.pdf\" target=\"_blank\" rel=\"noopener\">Lista de asistencia y verificaci\u00f3n del <em>quorum<\/em>.<\/a><\/li>\n<li><a href=\"https:\/\/organoscolegiados.anuies.mx\/cupia\/wp-content\/uploads\/sites\/6\/2021\/10\/2-Aprobacion-del-Orden-del-Dia.pdf\" target=\"_blank\" rel=\"noopener\">Aprobaci\u00f3n del Orden del D\u00eda.<\/a><\/li>\n<li><a href=\"https:\/\/organoscolegiados.anuies.mx\/cupia\/wp-content\/uploads\/sites\/6\/2021\/10\/3-Eleccion-del-Vicepresidente-de-la-Sesion.pdf\" target=\"_blank\" rel=\"noopener\">Elecci\u00f3n del Vicepresidente de la Sesi\u00f3n.<\/a><\/li>\n<li><a href=\"https:\/\/organoscolegiados.anuies.mx\/cupia\/wp-content\/uploads\/sites\/6\/2021\/10\/4-Lectura-y-aprobacion-en-su-caso-del-Acta-de-la-LV-Sesion-Ordinaria.pdf\" target=\"_blank\" rel=\"noopener\">Lectura y aprobaci\u00f3n, en su caso, del Acta de la LV Sesi\u00f3n Ordinaria.<\/a><\/li>\n<li><a href=\"https:\/\/organoscolegiados.anuies.mx\/cupia\/wp-content\/uploads\/sites\/6\/2021\/10\/5-Presentacion-de-la-Propuesta-del-Marco-Curricular-Comun-para-la-Educacion-Media-Superior.pdf\" target=\"_blank\" rel=\"noopener\">Presentaci\u00f3n de la Propuesta del Marco Curricular Com\u00fan para la Educaci\u00f3n Media Superior.<\/a><\/li>\n<li><a href=\"https:\/\/organoscolegiados.anuies.mx\/cupia\/wp-content\/uploads\/sites\/6\/2021\/10\/6-Presentacion-de-los-avances-del-analisis-del-Marco-Curricular-Comun-para-la-EMS-de-la-SEP.-El-caso-de-las-IES-asociadas-a-la-ANUIES.pdf\" target=\"_blank\" rel=\"noopener\">Presentaci\u00f3n de los avances del an\u00e1lisis del Marco Curricular Com\u00fan para la Educaci\u00f3n Media Superior de la SEP. El caso de las IES asociadas a la ANUIES.<\/a><\/li>\n<li><a href=\"https:\/\/organoscolegiados.anuies.mx\/cupia\/wp-content\/uploads\/sites\/6\/2021\/10\/7-Presentacion-del-Proyecto-de-Presupuesto-de-Egresos-de-la-Federacion-2022.pdf\" target=\"_blank\" rel=\"noopener\">Presentaci\u00f3n del Proyecto de Presupuesto de Egresos de la Federaci\u00f3n 2022.<\/a><\/li>\n<li><a href=\"https:\/\/organoscolegiados.anuies.mx\/cupia\/wp-content\/uploads\/sites\/6\/2021\/10\/8-Exposicion-sobre-el-Ejercicio-de-los-recursos-publicos-en-las-universidades-publicas-estatales-para-el-ano-2022.pdf\" target=\"_blank\" rel=\"noopener\">Exposici\u00f3n sobre el Ejercicio de los recursos p\u00fablicos en las universidades p\u00fablicas estatales para el a\u00f1o 2022.<\/a><\/li>\n<li><a href=\"https:\/\/organoscolegiados.anuies.mx\/cupia\/wp-content\/uploads\/sites\/6\/2021\/10\/9-Presentacion-sobre-la-importancia-de-las-auditorias-y-sus-retos-en-un-escenario-anticorrupcion-1.pdf\" target=\"_blank\" rel=\"noopener\">Presentaci\u00f3n sobre la importancia de las auditor\u00edas y sus retos en un escenario anticorrupci\u00f3n.<\/a><\/li>\n<li><a href=\"https:\/\/organoscolegiados.anuies.mx\/cupia\/wp-content\/uploads\/sites\/6\/2021\/10\/10-Presentacion-de-la-internacionalizacion-de-la-educacion-superior-evaluacion-i.pdf\" target=\"_blank\" rel=\"noopener\">Presentaci\u00f3n de la internacionalizaci\u00f3n de la educaci\u00f3n superior: evaluaci\u00f3n institucional, preparaci\u00f3n a la movilidad y doble diplomaci\u00f3n.<\/a><\/li>\n<li><a href=\"https:\/\/organoscolegiados.anuies.mx\/cupia\/wp-content\/uploads\/sites\/6\/2021\/10\/11-Exposicion-sobre-los-campus-de-profesiones-y-cualificaciones-de-excelencia-hacia-un-sistema-territorial-de-formacion-laboral.pdf\" target=\"_blank\" rel=\"noopener\">Exposici\u00f3n sobre los campus de profesiones y cualificaciones de excelencia: hacia un sistema territorial de formaci\u00f3n laboral.<\/a><\/li>\n<li><a href=\"https:\/\/organoscolegiados.anuies.mx\/cupia\/wp-content\/uploads\/sites\/6\/2021\/10\/12-Presentacion-de-la-Red-de-Oficinas-de-Transferencia-de-Tecnologia-a-la-ANUIES.pdf\" target=\"_blank\" rel=\"noopener\">Presentaci\u00f3n de la Red de Oficinas de Transferencia de Tecnolog\u00eda a la ANUIES.<\/a><\/li>\n<li><a href=\"https:\/\/organoscolegiados.anuies.mx\/cupia\/wp-content\/uploads\/sites\/6\/2021\/10\/13-Presentacion-de-la-Estrategia-para-el-desarrollo-de-competencias-transversales-en-modalidad-hibrida-en-la-UASLP-1.pdf\" target=\"_blank\" rel=\"noopener\">Presentaci\u00f3n de la Estrategia para el desarrollo de competencias transversales en modalidad h\u00edbrida en la Universidad Aut\u00f3noma de San Luis Potos\u00ed.<\/a><\/li>\n<li><a href=\"https:\/\/organoscolegiados.anuies.mx\/cupia\/wp-content\/uploads\/sites\/6\/2021\/10\/14-Presentacion-del-Campus-Virtual-ANUIES.pdf\" target=\"_blank\" rel=\"noopener\">Presentaci\u00f3n del Campus Virtual ANUIES.<\/a><\/li>\n<li><a href=\"https:\/\/organoscolegiados.anuies.mx\/cupia\/wp-content\/uploads\/sites\/6\/2021\/10\/15-Presentacion-de-los-Programas-de-Formacion-de-la-ANUIES.pdf\" target=\"_blank\" rel=\"noopener\">Presentaci\u00f3n de los Programas de formaci\u00f3n de la ANUIES.<\/a><\/li>\n<li><a href=\"https:\/\/organoscolegiados.anuies.mx\/cupia\/wp-content\/uploads\/sites\/6\/2021\/10\/16-Asuntos-generales-Portada.pdf\" target=\"_blank\" rel=\"noopener\">Asuntos generales.<\/a><\/li>\n<\/ol>\n<\/div>\n<\/div><\/div><\/div><\/div><div id=\"pg-919-1\"  class=\"panel-grid panel-no-style\" ><div id=\"pgc-919-1-0\"  class=\"panel-grid-cell\" ><div id=\"panel-919-1-0-0\" class=\"so-panel widget widget_sow-editor panel-first-child panel-last-child\" data-index=\"1\" ><div\n\t\t\t\n\t\t\tclass=\"so-widget-sow-editor so-widget-sow-editor-base\"\n\t\t\t\n\t\t>\n<div class=\"siteorigin-widget-tinymce textwidget\">\n\t<p style=\"text-align: center;\"><strong>Dr. Alejandro Javier Zerme\u00f1o Guerra<br \/>\nRector de la Universidad Aut\u00f3noma de San Luis Potos\u00ed<br \/>\nPresidente<\/strong><\/p>\n<\/div>\n<\/div><\/div><\/div><div id=\"pgc-919-1-1\"  class=\"panel-grid-cell\" ><div id=\"panel-919-1-1-0\" class=\"so-panel widget widget_sow-editor panel-first-child panel-last-child\" data-index=\"2\" ><div\n\t\t\t\n\t\t\tclass=\"so-widget-sow-editor so-widget-sow-editor-base\"\n\t\t\t\n\t\t>\n<div class=\"siteorigin-widget-tinymce textwidget\">\n\t<p style=\"text-align: center;\"><strong>Mtro. Jaime Valls Esponda<br \/>\nSecretario General Ejecutivo de la ANUIES<br \/>\nSecretario<\/strong><\/p>\n<\/div>\n<\/div><\/div><\/div><\/div><div id=\"pg-919-2\"  class=\"panel-grid panel-no-style\" ><div id=\"pgc-919-2-0\"  class=\"panel-grid-cell\" ><div id=\"panel-919-2-0-0\" class=\"so-panel widget widget_sow-editor panel-first-child panel-last-child\" data-index=\"3\" ><div\n\t\t\t\n\t\t\tclass=\"so-widget-sow-editor so-widget-sow-editor-base\"\n\t\t\t\n\t\t>\n<div class=\"siteorigin-widget-tinymce textwidget\">\n\t<p style=\"text-align: justify;\">*Modalidad mixta o h\u00edbrida se refiere al desarrollo de la sesi\u00f3n en la que una cantidad de integrantes del \u00f3rgano colegiado participa v\u00eda plataforma inform\u00e1tica y otra acude al Centro Cultural Universitario Bicentenario de la Universidad Aut\u00f3noma de San Luis Potos\u00ed, ubicado en: Av. Sierra Leona 550, Col. Lomas, 2da. Secci\u00f3n, San Luis Potos\u00ed, 78210, SLP.<\/p>\n<\/div>\n<\/div><\/div><\/div><\/div><\/div>","protected":false},"excerpt":{"rendered":"<p>CONVOCATORIA Con fundamento en los art\u00edculos Trig\u00e9simo, Trig\u00e9simo Primero y Trig\u00e9simo Tercero, fracci\u00f3n VI, del Estatuto de la Asociaci\u00f3n Nacional de Universidades e Instituciones de Educaci\u00f3n Superior de la Rep\u00fablica &hellip; <\/p>\n","protected":false},"author":1,"featured_media":0,"parent":0,"menu_order":0,"comment_status":"closed","ping_status":"closed","template":"","meta":{"ngg_post_thumbnail":0,"footnotes":""},"class_list":["post-919","page","type-page","status-publish","hentry"],"_links":{"self":[{"href":"https:\/\/organoscolegiados.anuies.mx\/cupia\/wp-json\/wp\/v2\/pages\/919","targetHints":{"allow":["GET"]}}],"collection":[{"href":"https:\/\/organoscolegiados.anuies.mx\/cupia\/wp-json\/wp\/v2\/pages"}],"about":[{"href":"https:\/\/organoscolegiados.anuies.mx\/cupia\/wp-json\/wp\/v2\/types\/page"}],"author":[{"embeddable":true,"href":"https:\/\/organoscolegiados.anuies.mx\/cupia\/wp-json\/wp\/v2\/users\/1"}],"replies":[{"embeddable":true,"href":"https:\/\/organoscolegiados.anuies.mx\/cupia\/wp-json\/wp\/v2\/comments?post=919"}],"version-history":[{"count":6,"href":"https:\/\/organoscolegiados.anuies.mx\/cupia\/wp-json\/wp\/v2\/pages\/919\/revisions"}],"predecessor-version":[{"id":946,"href":"https:\/\/organoscolegiados.anuies.mx\/cupia\/wp-json\/wp\/v2\/pages\/919\/revisions\/946"}],"wp:attachment":[{"href":"https:\/\/organoscolegiados.anuies.mx\/cupia\/wp-json\/wp\/v2\/media?parent=919"}],"curies":[{"name":"wp","href":"https:\/\/api.w.org\/{rel}","templated":true}]}}