{"id":980,"date":"2022-09-14T19:32:36","date_gmt":"2022-09-14T17:32:36","guid":{"rendered":"https:\/\/organoscolegiados.anuies.mx\/cupia\/?page_id=980"},"modified":"2022-10-11T16:10:30","modified_gmt":"2022-10-11T14:10:30","slug":"lviii-sesion-ordinaria","status":"publish","type":"page","link":"https:\/\/organoscolegiados.anuies.mx\/cupia\/lviii-sesion-ordinaria\/","title":{"rendered":"LVIII Sesi\u00f3n Ordinaria"},"content":{"rendered":"<div id=\"pl-980\"  class=\"panel-layout\" ><div id=\"pg-980-0\"  class=\"panel-grid panel-no-style\" ><div id=\"pgc-980-0-0\"  class=\"panel-grid-cell\" ><div id=\"panel-980-0-0-0\" class=\"so-panel widget widget_sow-editor panel-first-child panel-last-child\" data-index=\"0\" ><div\n\t\t\t\n\t\t\tclass=\"so-widget-sow-editor so-widget-sow-editor-base\"\n\t\t\t\n\t\t>\n<div class=\"siteorigin-widget-tinymce textwidget\">\n\t<p><img loading=\"lazy\" decoding=\"async\" class=\"aligncenter wp-image-989 size-full\" src=\"https:\/\/organoscolegiados.anuies.mx\/cupia\/wp-content\/uploads\/sites\/6\/2022\/09\/cabeceracupIA-LVIII-2.png\" alt=\"\" width=\"2000\" height=\"171\" srcset=\"https:\/\/organoscolegiados.anuies.mx\/cupia\/wp-content\/uploads\/sites\/6\/2022\/09\/cabeceracupIA-LVIII-2.png 2000w, https:\/\/organoscolegiados.anuies.mx\/cupia\/wp-content\/uploads\/sites\/6\/2022\/09\/cabeceracupIA-LVIII-2-300x26.png 300w, https:\/\/organoscolegiados.anuies.mx\/cupia\/wp-content\/uploads\/sites\/6\/2022\/09\/cabeceracupIA-LVIII-2-1024x88.png 1024w, https:\/\/organoscolegiados.anuies.mx\/cupia\/wp-content\/uploads\/sites\/6\/2022\/09\/cabeceracupIA-LVIII-2-768x66.png 768w, https:\/\/organoscolegiados.anuies.mx\/cupia\/wp-content\/uploads\/sites\/6\/2022\/09\/cabeceracupIA-LVIII-2-1536x131.png 1536w\" sizes=\"auto, (max-width: 2000px) 100vw, 2000px\" \/><\/p>\n<p style=\"text-align: center;\"><span style=\"font-family: arial, helvetica, sans-serif;\"><strong>CONVOCATORIA<\/strong><\/span><\/p>\n<p style=\"text-align: justify;\"><span style=\"font-family: arial, helvetica, sans-serif;\">Con fundamento en los art\u00edculos Trig\u00e9simo, Trig\u00e9simo Primero y Trig\u00e9simo Tercero, fracci\u00f3n VI, del Estatuto de la Asociaci\u00f3n Nacional de Universidades e Instituciones de Educaci\u00f3n Superior de la Rep\u00fablica Mexicana, A.C. (ANUIES), convocamos a los titulares de las instituciones\u00a0 que integran\u00a0 el Consejo de Universidades P\u00fablicas e Instituciones Afines (CUPIA), a la LVIII Sesi\u00f3n Ordinaria que se efectuar\u00e1 en modalidad mixta con sede en la Universidad de Guadalajara, Conjunto de Artes Esc\u00e9nicas, Sala Pl\u00e1cido Domingo, Anillo Perif\u00e9rico Norte 1695, Rinconada de la Azalea, Belenes Norte. 45150 Zapopan, Jalisco, a las 11:00 horas del 14 de octubre de 2022, con el siguiente:<\/span><\/p>\n<p>&nbsp;<\/p>\n<p style=\"text-align: center;\"><span style=\"font-family: arial, helvetica, sans-serif;\"><strong>\u00a0<\/strong><strong>ORDEN DEL D\u00cdA<\/strong><\/span><\/p>\n<ol>\n<li><a href=\"https:\/\/organoscolegiados.anuies.mx\/cupia\/wp-content\/uploads\/sites\/6\/2022\/10\/1-Lista-de-asistencia-y-verificacion-del-quorum-Fusionado.pdf\" target=\"_blank\" rel=\"noopener\">Lista de asistencia y verificaci\u00f3n del <em>quorum<\/em>.<\/a><\/li>\n<li><a href=\"https:\/\/organoscolegiados.anuies.mx\/cupia\/wp-content\/uploads\/sites\/6\/2022\/10\/2-Aprobacion-del-Orden-del-Dia-Fusionado-24.pdf\" target=\"_blank\" rel=\"noopener\">Aprobaci\u00f3n del Orden del D\u00eda.<\/a><\/li>\n<li><a href=\"https:\/\/organoscolegiados.anuies.mx\/cupia\/wp-content\/uploads\/sites\/6\/2022\/10\/3-Eleccion-del-Vicepresidente-de-la-Sesion-Portada-4.pdf\" target=\"_blank\" rel=\"noopener\">Elecci\u00f3n del Vicepresidente de la Sesi\u00f3n.<\/a><\/li>\n<li><a href=\"https:\/\/organoscolegiados.anuies.mx\/cupia\/wp-content\/uploads\/sites\/6\/2022\/10\/4-Lectura-y-aprobacion-en-su-caso-del-Acta-de-la-LVII-Sesion-Ordinaria-Fusionado.pdf\" target=\"_blank\" rel=\"noopener\">Lectura y aprobaci\u00f3n, en su caso, del Acta de la LVII Sesi\u00f3n Ordinaria.<\/a><\/li>\n<li><a href=\"https:\/\/organoscolegiados.anuies.mx\/cupia\/wp-content\/uploads\/sites\/6\/2022\/10\/5-Presentacion-del-nuevo-Marco-Curricular-Comun-de-la-Educacion-Media-Superior-ok.pdf\" target=\"_blank\" rel=\"noopener\">Presentaci\u00f3n del nuevo Marco Curricular Com\u00fan de la Educaci\u00f3n Media Superior.<\/a><\/li>\n<li><a href=\"https:\/\/organoscolegiados.anuies.mx\/cupia\/wp-content\/uploads\/sites\/6\/2022\/10\/6-Presentacion-de-la-Propuesta-2023-para-el-cierre-de-brechas-presupuestales.pdf\" target=\"_blank\" rel=\"noopener\">Presentaci\u00f3n de la Propuesta 2023 para el cierre de brechas presupuestales.<\/a><\/li>\n<li><a href=\"https:\/\/organoscolegiados.anuies.mx\/cupia\/wp-content\/uploads\/sites\/6\/2022\/10\/7-Presentacion-del-Proyecto-de-Presupuesto-de-Egresos-de-la-Federacion-2023.pdf\" target=\"_blank\" rel=\"noopener\">Presentaci\u00f3n del Proyecto de Presupuesto de Egresos de la Federaci\u00f3n 2023.<\/a><\/li>\n<li><a href=\"https:\/\/organoscolegiados.anuies.mx\/cupia\/wp-content\/uploads\/sites\/6\/2022\/10\/8-Presentacion-de-la-labor-de-las-universidades-en-la-implementacion-de-la-nueva-agenda-urbana-de-ONU-Habitat-para-lograr-ciudades-sustentables-1.pdf\" target=\"_blank\" rel=\"noopener\">Presentaci\u00f3n de la labor de las universidades en la implementaci\u00f3n de la nueva agenda urbana de ONU-H\u00e1bitat para lograr ciudades sustentables.<\/a><\/li>\n<li><a href=\"https:\/\/organoscolegiados.anuies.mx\/cupia\/wp-content\/uploads\/sites\/6\/2022\/10\/9-Presentacion-de-la-Declaracion-de-Guadalajara-por-el-Medio-Ambiente-Fusionado.pdf\" target=\"_blank\" rel=\"noopener\">Presentaci\u00f3n de la Declaraci\u00f3n de Guadalajara por el Medio Ambiente.<\/a><\/li>\n<li><a href=\"https:\/\/organoscolegiados.anuies.mx\/cupia\/wp-content\/uploads\/sites\/6\/2022\/10\/10-Eleccion-del-representante-del-CUPIA-ante-el-Consejo-Nacional-para-el-periodo-2022-2024.pdf\" target=\"_blank\" rel=\"noopener\">Elecci\u00f3n del representante del Consejo de Universidades P\u00fablicas e Instituciones Afines (CUPIA) ante el Consejo Nacional para el periodo 2022-2024.<\/a><\/li>\n<li><a href=\"https:\/\/organoscolegiados.anuies.mx\/cupia\/wp-content\/uploads\/sites\/6\/2022\/10\/11-Presentacion-de-la-oferta-de-cursos-virtuales-ANUIES-FESE-Santander-Universidades-2022-2023-Fusionado.pdf\" target=\"_blank\" rel=\"noopener\">Presentaci\u00f3n de la oferta de cursos virtuales ANUIES-FESE-Santander Universidades 2022-2023.<\/a><\/li>\n<li><a href=\"https:\/\/organoscolegiados.anuies.mx\/cupia\/wp-content\/uploads\/sites\/6\/2022\/10\/12-Firma-de-convenio-entre-la-Procuraduria-Agraria-y-la-ANUIES-1.pdf\" target=\"_blank\" rel=\"noopener\">Firma de convenio entre la Procuradur\u00eda Agraria y la ANUIES.<\/a><\/li>\n<li><a href=\"https:\/\/organoscolegiados.anuies.mx\/cupia\/wp-content\/uploads\/sites\/6\/2022\/10\/13-Asuntos-generales-Fusionado.pdf\" target=\"_blank\" rel=\"noopener\">Asuntos Generales.<\/a><\/li>\n<\/ol>\n<\/div>\n<\/div><\/div><\/div><\/div><div id=\"pg-980-1\"  class=\"panel-grid panel-no-style\" ><div id=\"pgc-980-1-0\"  class=\"panel-grid-cell\" ><div id=\"panel-980-1-0-0\" class=\"so-panel widget widget_sow-editor panel-first-child panel-last-child\" data-index=\"1\" ><div\n\t\t\t\n\t\t\tclass=\"so-widget-sow-editor so-widget-sow-editor-base\"\n\t\t\t\n\t\t>\n<div class=\"siteorigin-widget-tinymce textwidget\">\n\t<p style=\"text-align: center;\"><strong>Dr. Ricardo Villanueva Lomel\u00ed<br \/>\nRector General de la Universidad de Guadalajara<br \/>\nPresidente en turno<\/strong><\/p>\n<\/div>\n<\/div><\/div><\/div><div id=\"pgc-980-1-1\"  class=\"panel-grid-cell\" ><div id=\"panel-980-1-1-0\" class=\"so-panel widget widget_sow-editor panel-first-child panel-last-child\" data-index=\"2\" ><div\n\t\t\t\n\t\t\tclass=\"so-widget-sow-editor so-widget-sow-editor-base\"\n\t\t\t\n\t\t>\n<div class=\"siteorigin-widget-tinymce textwidget\">\n\t<p style=\"text-align: center;\"><strong>Mtro. Jaime Valls Esponda<br \/>\nSecretario General Ejecutivo de la ANUIES<br \/>\nSecretario<\/strong><\/p>\n<\/div>\n<\/div><\/div><\/div><\/div><\/div>","protected":false},"excerpt":{"rendered":"<p>CONVOCATORIA Con fundamento en los art\u00edculos Trig\u00e9simo, Trig\u00e9simo Primero y Trig\u00e9simo Tercero, fracci\u00f3n VI, del Estatuto de la Asociaci\u00f3n Nacional de Universidades e Instituciones de Educaci\u00f3n Superior de la Rep\u00fablica &hellip; <\/p>\n","protected":false},"author":1,"featured_media":0,"parent":0,"menu_order":0,"comment_status":"closed","ping_status":"closed","template":"","meta":{"ngg_post_thumbnail":0,"footnotes":""},"class_list":["post-980","page","type-page","status-publish","hentry"],"_links":{"self":[{"href":"https:\/\/organoscolegiados.anuies.mx\/cupia\/wp-json\/wp\/v2\/pages\/980","targetHints":{"allow":["GET"]}}],"collection":[{"href":"https:\/\/organoscolegiados.anuies.mx\/cupia\/wp-json\/wp\/v2\/pages"}],"about":[{"href":"https:\/\/organoscolegiados.anuies.mx\/cupia\/wp-json\/wp\/v2\/types\/page"}],"author":[{"embeddable":true,"href":"https:\/\/organoscolegiados.anuies.mx\/cupia\/wp-json\/wp\/v2\/users\/1"}],"replies":[{"embeddable":true,"href":"https:\/\/organoscolegiados.anuies.mx\/cupia\/wp-json\/wp\/v2\/comments?post=980"}],"version-history":[{"count":10,"href":"https:\/\/organoscolegiados.anuies.mx\/cupia\/wp-json\/wp\/v2\/pages\/980\/revisions"}],"predecessor-version":[{"id":1011,"href":"https:\/\/organoscolegiados.anuies.mx\/cupia\/wp-json\/wp\/v2\/pages\/980\/revisions\/1011"}],"wp:attachment":[{"href":"https:\/\/organoscolegiados.anuies.mx\/cupia\/wp-json\/wp\/v2\/media?parent=980"}],"curies":[{"name":"wp","href":"https:\/\/api.w.org\/{rel}","templated":true}]}}