{"id":372,"date":"2019-11-22T21:22:28","date_gmt":"2019-11-22T20:22:28","guid":{"rendered":"https:\/\/organoscolegiados.anuies.mx\/cupria\/?page_id=372"},"modified":"2020-03-25T02:55:53","modified_gmt":"2020-03-25T01:55:53","slug":"xlviii-cupria","status":"publish","type":"page","link":"https:\/\/organoscolegiados.anuies.mx\/cupria\/xlviii-cupria\/","title":{"rendered":"XLVIII Sesi\u00f3n Ordinaria CUPRIA"},"content":{"rendered":"<p><img loading=\"lazy\" decoding=\"async\" class=\"aligncenter wp-image-373 size-full\" src=\"https:\/\/organoscolegiados.anuies.mx\/cupria\/wp-content\/uploads\/sites\/4\/2019\/11\/cabeceracupriaxlviii1.png\" alt=\"\" width=\"1024\" height=\"137\" srcset=\"https:\/\/organoscolegiados.anuies.mx\/cupria\/wp-content\/uploads\/sites\/4\/2019\/11\/cabeceracupriaxlviii1.png 1024w, https:\/\/organoscolegiados.anuies.mx\/cupria\/wp-content\/uploads\/sites\/4\/2019\/11\/cabeceracupriaxlviii1-300x40.png 300w, https:\/\/organoscolegiados.anuies.mx\/cupria\/wp-content\/uploads\/sites\/4\/2019\/11\/cabeceracupriaxlviii1-768x103.png 768w\" sizes=\"auto, (max-width: 1024px) 100vw, 1024px\" \/><\/p>\n<p style=\"text-align: center\"><strong>CONVOCATORIA<\/strong><\/p>\n<p style=\"text-align: justify\">Con fundamento en los art\u00edculos Trig\u00e9simo, Trig\u00e9simo Primero y Trig\u00e9simo Tercero, fracci\u00f3n VI, del Estatuto de la Asociaci\u00f3n Nacional de Universidades e Instituciones de Educaci\u00f3n Superior de la Rep\u00fablica Mexicana A.C. (ANUIES), se convoca a los titulares de las instituciones que integran el Consejo de Universidades Particulares e Instituciones Afines (CUPRIA), a la XLVIII Sesi\u00f3n Ordinaria que se celebrar\u00e1 el d\u00eda mi\u00e9rcoles 29 de mayo de 2019 a partir de las 10:00 horas en \u00a0el auditorio del edificio de Comunicaci\u00f3n, Arquitectura y Dise\u00f1o de la Universidad An\u00e1huac, Campus Norte, ubicado en Av. Universidad An\u00e1huac 46, Col. Lomas An\u00e1huac Huixquilucan, Estado de M\u00e9xico, C.P. 52786, bajo el siguiente:<\/p>\n<p style=\"text-align: center\"><strong>ORDEN DEL D\u00cdA<\/strong><\/p>\n<p style=\"text-align: justify\"><span style=\"color: #333333\">\u00a01.\u00a0<a style=\"color: #333333\" href=\"https:\/\/organoscolegiados.anuies.mx\/cupria\/wp-content\/uploads\/sites\/4\/2019\/11\/1.-Lista-de-miembros-del-CUPRIA.pdf\" target=\"_blank\" rel=\"noopener noreferrer\">Lista de asistencia y verificaci\u00f3n de\u00a0<em>qu\u00f3rum<\/em>.<\/a><\/span><\/p>\n<p style=\"text-align: justify\"><span style=\"color: #333333\">2.\u00a0<a style=\"color: #333333\" href=\"https:\/\/organoscolegiados.anuies.mx\/cupria\/wp-content\/uploads\/sites\/4\/2019\/11\/2.-Convocatoria-XLVIII-SO-CUPRIA-290519.pdf\" target=\"_blank\" rel=\"noopener noreferrer\">Aprobaci\u00f3n del Orden del D\u00eda.<\/a><\/span><\/p>\n<p style=\"text-align: justify\"><a href=\"https:\/\/organoscolegiados.anuies.mx\/cupria\/wp-content\/uploads\/sites\/4\/2020\/03\/3.-Elecci\u00f3n-del-Vicepresidente-de-la-Sesi\u00f3n.pdf\" target=\"_blank\" rel=\"noopener noreferrer\"><span style=\"color: #333333\">3. Elecci\u00f3n del Vicepresidente de la Sesi\u00f3n.<\/span><\/a><\/p>\n<p style=\"text-align: justify\"><a href=\"https:\/\/organoscolegiados.anuies.mx\/cupria\/wp-content\/uploads\/sites\/4\/2020\/03\/4.-Lectura-y-aprobaci\u00f3n-en-su-caso-del-Acta-de-la-XLVII-Sesi\u00f3n-Ordinaria..pdf\" target=\"_blank\" rel=\"noopener noreferrer\"><span style=\"color: #333333\">4.\u00a0Lectura y aprobaci\u00f3n, en su caso, del Acta de la XLVII Sesi\u00f3n Ordinaria.<\/span><\/a><\/p>\n<p style=\"text-align: justify\"><span style=\"color: #333333\">5. Presentaciones y exposiciones, en su caso, de invitados especiales.<\/span><\/p>\n<p style=\"text-align: justify\"><span style=\"color: #333333\">5.1.1.\u00a0<a style=\"color: #333333\" href=\"https:\/\/organoscolegiados.anuies.mx\/cupria\/wp-content\/uploads\/sites\/4\/2019\/11\/5.1.1-Presentaci\u00f3n-CIEES.pdf\" target=\"_blank\" rel=\"noopener noreferrer\">Presentacion CIEES.<\/a><\/span><\/p>\n<p style=\"text-align: justify\"><span style=\"color: #333333\">5.1.2.\u00a0<a style=\"color: #333333\" href=\"https:\/\/organoscolegiados.anuies.mx\/cupria\/wp-content\/uploads\/sites\/4\/2019\/11\/5.1.2.-Semblanza-Mtro.-Miguel-\u00c1ngel-Tamayo-Taype.pdf\" target=\"_blank\" rel=\"noopener noreferrer\">Semblanza Mtro. Miguel \u00c1ngel Tamayo Taype<\/a>.<\/span><\/p>\n<p style=\"text-align: justify\"><span style=\"color: #333333\">5.2.1.\u00a0<a style=\"color: #333333\" href=\"https:\/\/organoscolegiados.anuies.mx\/cupria\/wp-content\/uploads\/sites\/4\/2019\/11\/5.2.1.-Red-Nacional-de-Generacio\u0301n-de-Recursos-para-ES.pdf\" target=\"_blank\" rel=\"noopener noreferrer\">Red Nacional de Generacio\u0301n de Recursos para ES.<\/a><\/span><\/p>\n<p style=\"text-align: justify\"><span style=\"color: #333333\">5.2.2.\u00a0<a style=\"color: #333333\" href=\"https:\/\/organoscolegiados.anuies.mx\/cupria\/wp-content\/uploads\/sites\/4\/2019\/11\/5.2.2.-Semblanza-Mtro.-Pedro-Castillo-Novoa.pdf\" target=\"_blank\" rel=\"noopener noreferrer\">Semblanza Mtro. Pedro Castillo Novoa.<\/a><\/span><\/p>\n<p style=\"text-align: justify\"><span style=\"color: #333333\">5.3.1.\u00a0<a style=\"color: #333333\" href=\"https:\/\/organoscolegiados.anuies.mx\/cupria\/wp-content\/uploads\/sites\/4\/2019\/11\/5.3.1.-Presentaci\u00f3n-Alianza-FiiDEM.pdf\" target=\"_blank\" rel=\"noopener noreferrer\">Presentaci\u00f3n Alianza FiiDEM.<\/a><\/span><\/p>\n<p style=\"text-align: justify\"><span style=\"color: #333333\">5.3.2.\u00a0<a style=\"color: #333333\" href=\"https:\/\/organoscolegiados.anuies.mx\/cupria\/wp-content\/uploads\/sites\/4\/2019\/11\/5.3.2.-Semblanza-Ing.-Alfonso-Ram\u00edrez-Lav\u00edn.pdf\" target=\"_blank\" rel=\"noopener noreferrer\">Semblanza Ing. Alfonso Ram\u00edrez Lav\u00edn.<\/a><\/span><\/p>\n<p style=\"text-align: justify\"><span style=\"color: #333333\">5.4.1.\u00a0<a style=\"color: #333333\" href=\"https:\/\/organoscolegiados.anuies.mx\/cupria\/wp-content\/uploads\/sites\/4\/2019\/11\/5.4.1.-Presentaci\u00f3n-XVI-Concurso-FCE.pdf\" target=\"_blank\" rel=\"noopener noreferrer\">Presentaci\u00f3n XVI Concurso FCE.<\/a><\/span><\/p>\n<p style=\"text-align: justify\"><span style=\"color: #333333\">5.4.2.\u00a0<a style=\"color: #333333\" href=\"https:\/\/organoscolegiados.anuies.mx\/cupria\/wp-content\/uploads\/sites\/4\/2019\/11\/5.4.2.-Semblanza-Mtra.-Laura-Gonz\u00e1lez-Dur\u00e1n.pdf\" target=\"_blank\" rel=\"noopener noreferrer\">Semblanza Mtra. Laura Gonz\u00e1lez Dur\u00e1n.<\/a><\/span><\/p>\n<p style=\"text-align: justify\"><span style=\"color: #333333\">6.\u00a0<a style=\"color: #333333\" href=\"https:\/\/organoscolegiados.anuies.mx\/cupria\/wp-content\/uploads\/sites\/4\/2019\/11\/6.-Presentaci\u00f3n-Manual-de-Seguridad.pdf\" target=\"_blank\" rel=\"noopener noreferrer\">Presentaci\u00f3n de los resultados de la actualizaci\u00f3n del Manual de Seguridad para Instituciones de Educaci\u00f3n Superior de la ANUIES.<\/a><\/span><\/p>\n<p style=\"text-align: justify\"><span style=\"color: #333333\">7.\u00a0<a style=\"color: #333333\" href=\"https:\/\/organoscolegiados.anuies.mx\/cupria\/wp-content\/uploads\/sites\/4\/2019\/11\/7.1.-Conferencia-Internacional-ANUIES-2019.pdf\" target=\"_blank\" rel=\"noopener noreferrer\">Presentaci\u00f3n de avances en la organizaci\u00f3n de la Conferencia Internacional ANUIES 2019.<\/a><\/span><\/p>\n<p style=\"text-align: justify\"><span style=\"color: #333333\">8. Asuntos generales.<\/span><\/p>\n<p style=\"text-align: justify\"><span style=\"color: #333333\">8.1.\u00a0<a style=\"color: #333333\" href=\"https:\/\/organoscolegiados.anuies.mx\/cupria\/wp-content\/uploads\/sites\/4\/2019\/11\/8.1.-Premio-ANUIES-2019.pdf\" target=\"_blank\" rel=\"noopener noreferrer\">Premio ANUIES 2019.<\/a><\/span><\/p>\n<p style=\"text-align: justify\"><span style=\"color: #333333\">8.2.\u00a0<a style=\"color: #333333\" href=\"https:\/\/organoscolegiados.anuies.mx\/cupria\/wp-content\/uploads\/sites\/4\/2019\/11\/8.2.-Curso-IGLU-2019.pdf\" target=\"_blank\" rel=\"noopener noreferrer\">Curso IGLU 2019.<\/a><\/span><\/p>\n<p style=\"text-align: justify\"><span style=\"color: #333333\">8.4.\u00a0<a style=\"color: #333333\" href=\"https:\/\/organoscolegiados.anuies.mx\/cupria\/wp-content\/uploads\/sites\/4\/2019\/11\/8.4.-FESE.pdf\" target=\"_blank\" rel=\"noopener noreferrer\">FESE.<\/a><\/span><\/p>\n","protected":false},"excerpt":{"rendered":"<p>CONVOCATORIA Con fundamento en los art\u00edculos Trig\u00e9simo, Trig\u00e9simo Primero y Trig\u00e9simo Tercero, fracci\u00f3n VI, del Estatuto de la Asociaci\u00f3n Nacional de Universidades e Instituciones de Educaci\u00f3n Superior de la Rep\u00fablica &hellip; <\/p>\n","protected":false},"author":1,"featured_media":0,"parent":0,"menu_order":0,"comment_status":"closed","ping_status":"closed","template":"","meta":{"footnotes":""},"class_list":["post-372","page","type-page","status-publish","hentry"],"_links":{"self":[{"href":"https:\/\/organoscolegiados.anuies.mx\/cupria\/wp-json\/wp\/v2\/pages\/372","targetHints":{"allow":["GET"]}}],"collection":[{"href":"https:\/\/organoscolegiados.anuies.mx\/cupria\/wp-json\/wp\/v2\/pages"}],"about":[{"href":"https:\/\/organoscolegiados.anuies.mx\/cupria\/wp-json\/wp\/v2\/types\/page"}],"author":[{"embeddable":true,"href":"https:\/\/organoscolegiados.anuies.mx\/cupria\/wp-json\/wp\/v2\/users\/1"}],"replies":[{"embeddable":true,"href":"https:\/\/organoscolegiados.anuies.mx\/cupria\/wp-json\/wp\/v2\/comments?post=372"}],"version-history":[{"count":6,"href":"https:\/\/organoscolegiados.anuies.mx\/cupria\/wp-json\/wp\/v2\/pages\/372\/revisions"}],"predecessor-version":[{"id":667,"href":"https:\/\/organoscolegiados.anuies.mx\/cupria\/wp-json\/wp\/v2\/pages\/372\/revisions\/667"}],"wp:attachment":[{"href":"https:\/\/organoscolegiados.anuies.mx\/cupria\/wp-json\/wp\/v2\/media?parent=372"}],"curies":[{"name":"wp","href":"https:\/\/api.w.org\/{rel}","templated":true}]}}