{"id":393,"date":"2019-11-22T21:28:32","date_gmt":"2019-11-22T20:28:32","guid":{"rendered":"https:\/\/organoscolegiados.anuies.mx\/cupria\/?page_id=393"},"modified":"2022-12-15T17:57:01","modified_gmt":"2022-12-15T16:57:01","slug":"xlix-cupria","status":"publish","type":"page","link":"https:\/\/organoscolegiados.anuies.mx\/cupria\/xlix-cupria\/","title":{"rendered":"cupria"},"content":{"rendered":"<div id=\"pl-393\"  class=\"panel-layout\" ><div id=\"pg-393-0\"  class=\"panel-grid panel-no-style\" ><div id=\"pgc-393-0-0\"  class=\"panel-grid-cell\" ><div id=\"panel-393-0-0-0\" class=\"so-panel widget widget_sow-editor panel-first-child panel-last-child\" data-index=\"0\" ><div\n\t\t\t\n\t\t\tclass=\"so-widget-sow-editor so-widget-sow-editor-base\"\n\t\t\t\n\t\t>\n<div class=\"siteorigin-widget-tinymce textwidget\">\n\t<p><img loading=\"lazy\" decoding=\"async\" class=\"size-full wp-image-412 aligncenter\" src=\"https:\/\/organoscolegiados.anuies.mx\/cupria\/wp-content\/uploads\/sites\/4\/2019\/11\/cabecera.png\" alt=\"\" width=\"1024\" height=\"137\" srcset=\"https:\/\/organoscolegiados.anuies.mx\/cupria\/wp-content\/uploads\/sites\/4\/2019\/11\/cabecera.png 1024w, https:\/\/organoscolegiados.anuies.mx\/cupria\/wp-content\/uploads\/sites\/4\/2019\/11\/cabecera-300x40.png 300w, https:\/\/organoscolegiados.anuies.mx\/cupria\/wp-content\/uploads\/sites\/4\/2019\/11\/cabecera-768x103.png 768w\" sizes=\"auto, (max-width: 1024px) 100vw, 1024px\" \/><\/p>\n<p style=\"text-align: center\"><strong>CONVOCATORIA<\/strong><\/p>\n<p style=\"text-align: justify\">Con fundamento en los art\u00edculos Trig\u00e9simo, Trig\u00e9simo Primero y Trig\u00e9simo Tercero, fracci\u00f3n VI, del Estatuto de la Asociaci\u00f3n Nacional de Universidades e Instituciones de Educaci\u00f3n Superior de la Rep\u00fablica Mexicana A.C. (ANUIES), se convoca a los titulares de las instituciones que integran el Consejo de Universidades Particulares e Instituciones Afines (CUPRIA), a la XLIX Sesi\u00f3n Ordinaria que se celebrar\u00e1 el d\u00eda viernes 27 de septiembre de 2019 a partir de las 10:00 horas en el Centro de Innovaci\u00f3n y Desarrollo de la ANUIES \u201cAlfonso Rangel Guerra\u201d, ubicado en Miguel Laurent 961, Col. Santa Cruz Atoyac, Alcald\u00eda Benito Ju\u00e1rez, C.P. 03310, Ciudad de M\u00e9xico, bajo el siguiente:<\/p>\n<p style=\"text-align: center\"><strong>ORDEN DEL D\u00cdA<\/strong><\/p>\n<p>1.<a href=\"https:\/\/organoscolegiados.anuies.mx\/cupria\/wp-content\/uploads\/sites\/4\/2019\/11\/1.-Lista-de-miembros-del-CUPRIA-1.pdf\" target=\"_blank\" rel=\"noopener\">\u00a0Lista de asistencia y verificaci\u00f3n de\u00a0<em>qu\u00f3rum<\/em>.<\/a><\/p>\n<p>2.<a href=\"https:\/\/organoscolegiados.anuies.mx\/cupria\/wp-content\/uploads\/sites\/4\/2019\/11\/2.-Convocatoria-XLIX-SO-CUPRIA-270919.pdf\" target=\"_blank\" rel=\"noopener\">\u00a0Aprobaci\u00f3n del Orden del D\u00eda.<\/a><\/p>\n<p><a href=\"https:\/\/organoscolegiados.anuies.mx\/cupria\/wp-content\/uploads\/sites\/4\/2020\/03\/3.-Elecci\u00f3n-del-Vicepresidente-de-la-Sesi\u00f3n.-2.pdf\" target=\"_blank\" rel=\"noopener\">3.\u00a0Elecci\u00f3n del Vicepresidente de la Sesi\u00f3n.<\/a><\/p>\n<p><a href=\"https:\/\/organoscolegiados.anuies.mx\/cupria\/wp-content\/uploads\/sites\/4\/2020\/03\/4.-Lectura-y-aprobaci\u00f3n-en-su-caso-del-Acta-de-la-XLVIII-Sesi\u00f3n-Ordinaria..pdf\" target=\"_blank\" rel=\"noopener\">4. Lectura y aprobaci\u00f3n, en su caso, del Acta de la XLVIII Sesi\u00f3n Ordinaria.<\/a><\/p>\n<p>5. Presentaciones y exposiciones, en su caso, de invitados especiales.<\/p>\n<p style=\"padding-left: 40px\">5.1.1 <a href=\"https:\/\/organoscolegiados.anuies.mx\/cupria\/wp-content\/uploads\/sites\/4\/2019\/11\/5.1.1.-Semblanza-Dr.-Francisco-Mois\u00e9s-Mendoza-Escobar.pdf\" target=\"_blank\" rel=\"noopener\">Semblanza Dr. Francisco Mois\u00e9s Mendoza Escobar<\/a><\/p>\n<p style=\"padding-left: 40px\">5.1.2\u00a0<a href=\"https:\/\/organoscolegiados.anuies.mx\/cupria\/wp-content\/uploads\/sites\/4\/2019\/11\/5.1.2.-Presentaci\u00f3n-U.-Celaya.pdf\" target=\"_blank\" rel=\"noopener\">Presentaci\u00f3n de la Universidad de Celaya<\/a><\/p>\n<p style=\"padding-left: 40px\">5.2.1\u00a0<a href=\"https:\/\/organoscolegiados.anuies.mx\/cupria\/wp-content\/uploads\/sites\/4\/2019\/11\/5.2.1.-Semblanza-Lic.-Francisco-Javier-Gonz\u00e1lez-Garza.pdf\" target=\"_blank\" rel=\"noopener\">Semblanza Lic. Francisco Javier Gonz\u00e1lez Garza<\/a><\/p>\n<p style=\"padding-left: 40px\">5.2.2\u00a0<a href=\"https:\/\/organoscolegiados.anuies.mx\/cupria\/wp-content\/uploads\/sites\/4\/2019\/11\/5.2.2.-Campa\u00f1a-YoCreoUnM\u00e9xicoMejor.pdf\" target=\"_blank\" rel=\"noopener\">Campa\u00f1a YoCreoUnM\u00e9xicoMejor<\/a><\/p>\n<p style=\"padding-left: 40px\">5.3.1\u00a0<a href=\"https:\/\/organoscolegiados.anuies.mx\/cupria\/wp-content\/uploads\/sites\/4\/2019\/11\/5.3.1.-Semblanza-Lic.-Ivonne-L\u00f3pez-Hern\u00e1ndez.pdf\" target=\"_blank\" rel=\"noopener\">Semblanza Lic. Ivonne L\u00f3pez Hern\u00e1ndez<\/a><\/p>\n<p style=\"padding-left: 40px\">5.3.2.\u00a0<a href=\"https:\/\/organoscolegiados.anuies.mx\/cupria\/wp-content\/uploads\/sites\/4\/2019\/11\/5.3.2.-Presentaci\u00f3n-OCDE.pdf\" target=\"_blank\" rel=\"noopener\">Presentaci\u00f3n OCDE<\/a><\/p>\n<p>6.\u00a0<a href=\"https:\/\/organoscolegiados.anuies.mx\/cupria\/wp-content\/uploads\/sites\/4\/2019\/11\/6.-Presentaci\u00f3n-M\u00e9xico-Eval\u00faa.pdf\" target=\"_blank\" rel=\"noopener\">Presentaci\u00f3n del documento\u00a0 Hallazgos 2018: seguimiento y evaluaci\u00f3n del sistema de justicia penal en M\u00e9xico, a cargo de la Mtra. Mar\u00eda del Carmen Novoa Cancela,\u00a0 Coordinadora del Programa de Justicia de M\u00e9xico Eval\u00faa.<\/a><\/p>\n<p style=\"padding-left: 40px\">6.1.\u00a0<a href=\"https:\/\/organoscolegiados.anuies.mx\/cupria\/wp-content\/uploads\/sites\/4\/2019\/11\/6.1.-Semblanza-Mtra.-Mar\u00eda-del-Carmen-Novoa-Cancela.pdf\" target=\"_blank\" rel=\"noopener\">Semblanza Mtra. Mar\u00eda del Carmen Novoa Cancela<\/a><\/p>\n<p>7.\u00a0<a href=\"https:\/\/organoscolegiados.anuies.mx\/cupria\/wp-content\/uploads\/sites\/4\/2019\/11\/7.-Protocolo-interinstitucional-PGJCDMX.pdf\" target=\"_blank\" rel=\"noopener\">Presentaci\u00f3n del Protocolo interinstitucional para la atenci\u00f3n de la violencia de g\u00e9nero en las IES, a cargo de la Mtra. Rosario Novoa Peniche, Directora del Instituto de Formaci\u00f3n Profesional de la PGJCDMX<\/a>.<\/p>\n<p style=\"padding-left: 40px\">7.1. <a href=\"https:\/\/organoscolegiados.anuies.mx\/cupria\/wp-content\/uploads\/sites\/4\/2019\/11\/7.1.-Semblanza-Mtra.-Mar\u00eda-del-Rosario-Novoa-Peniche.pdf\" target=\"_blank\" rel=\"noopener\">Semblanza Mtra. Mar\u00eda del Rosario Novoa Peniche<\/a><\/p>\n<p>8.\u00a0<a href=\"https:\/\/organoscolegiados.anuies.mx\/cupria\/wp-content\/uploads\/sites\/4\/2019\/11\/8.-Presentaci\u00f3n-Nom035-STPS.pdf\" target=\"_blank\" rel=\"noopener\">Presentaci\u00f3n del tema Aplicaci\u00f3n de la Norma Oficial Mexicana 035 de la Secretar\u00eda del Trabajo y Previsi\u00f3n Social y propuesta de cursos de capacitaci\u00f3n para el manejo del estr\u00e9s y el autocuidado laboral.<\/a><\/p>\n<p style=\"padding-left: 40px\">8.1.\u00a0<a href=\"https:\/\/organoscolegiados.anuies.mx\/cupria\/wp-content\/uploads\/sites\/4\/2019\/11\/8.1.-Semblanza-Mtra.-Hortensia-Sierra-Hern\u00e1ndez.pdf\" target=\"_blank\" rel=\"noopener\">Semblanza Mtra. Hortensia Sierra Hern\u00e1ndez<\/a><\/p>\n<p><a href=\"https:\/\/organoscolegiados.anuies.mx\/cupria\/wp-content\/uploads\/sites\/4\/2020\/03\/9.-Elecci\u00f3n-del-representante-del-CUPRIA-ante-el-Consejo-Nacional-para-el-periodo-comprendido-entre-el-30-de-septiembre-de-2019-y-el-29-de-septiembre-de-2021..pdf\" target=\"_blank\" rel=\"noopener\">9. Elecci\u00f3n o reelecci\u00f3n, en su caso, del representante del Consejo de Universidades Particulares e Instituciones Afines (CUPRIA) ante el Consejo Nacional, para el periodo comprendido entre el 30 de septiembre de 2019 y el 29 de septiembre de 2021.<\/a><\/p>\n<p><a href=\"https:\/\/organoscolegiados.anuies.mx\/cupria\/wp-content\/uploads\/sites\/4\/2020\/03\/10.-Asuntos-Generales.pdf\" target=\"_blank\" rel=\"noopener\">10. Asuntos generales.<\/a><\/p>\n<p><a href=\"https:\/\/youtu.be\/t6FmGlqXuuA\" target=\"_blank\" rel=\"noopener\">Video de la Universidad de Celaya<\/a><\/p>\n<\/div>\n<\/div><\/div><\/div><\/div><div id=\"pg-393-1\"  class=\"panel-grid panel-no-style\" ><div id=\"pgc-393-1-0\"  class=\"panel-grid-cell\" ><div id=\"panel-393-1-0-0\" class=\"so-panel widget widget_sow-editor panel-first-child panel-last-child\" data-index=\"1\" ><div\n\t\t\t\n\t\t\tclass=\"so-widget-sow-editor so-widget-sow-editor-base\"\n\t\t\t\n\t\t>\n<div class=\"siteorigin-widget-tinymce textwidget\">\n\t<p style=\"text-align: center;\"><strong>Dra. Martha Aguilar Trejo<\/strong><\/p>\n<p style=\"text-align: center;\">Rectora de la Universidad de Celaya<\/p>\n<p style=\"text-align: center;\">Presidenta<\/p>\n<\/div>\n<\/div><\/div><\/div><div id=\"pgc-393-1-1\"  class=\"panel-grid-cell\" ><div id=\"panel-393-1-1-0\" class=\"so-panel widget widget_sow-editor panel-first-child panel-last-child\" data-index=\"2\" ><div\n\t\t\t\n\t\t\tclass=\"so-widget-sow-editor so-widget-sow-editor-base\"\n\t\t\t\n\t\t>\n<div class=\"siteorigin-widget-tinymce textwidget\">\n\t<p style=\"text-align: center;\"><strong style=\"font-size: 1rem;\">Mtro. Jaime Valls Esponda<\/strong><\/p>\n<p style=\"text-align: center;\">Secretario General Ejecutivo<\/p>\n<p style=\"text-align: center;\">Secretario<\/p>\n<\/div>\n<\/div><\/div><\/div><\/div><\/div>","protected":false},"excerpt":{"rendered":"<p>CONVOCATORIA Con fundamento en los art\u00edculos Trig\u00e9simo, Trig\u00e9simo Primero y Trig\u00e9simo Tercero, fracci\u00f3n VI, del Estatuto de la Asociaci\u00f3n Nacional de Universidades e Instituciones de Educaci\u00f3n Superior de la Rep\u00fablica &hellip; <\/p>\n","protected":false},"author":1,"featured_media":0,"parent":0,"menu_order":0,"comment_status":"closed","ping_status":"closed","template":"","meta":{"footnotes":""},"class_list":["post-393","page","type-page","status-publish","hentry"],"_links":{"self":[{"href":"https:\/\/organoscolegiados.anuies.mx\/cupria\/wp-json\/wp\/v2\/pages\/393","targetHints":{"allow":["GET"]}}],"collection":[{"href":"https:\/\/organoscolegiados.anuies.mx\/cupria\/wp-json\/wp\/v2\/pages"}],"about":[{"href":"https:\/\/organoscolegiados.anuies.mx\/cupria\/wp-json\/wp\/v2\/types\/page"}],"author":[{"embeddable":true,"href":"https:\/\/organoscolegiados.anuies.mx\/cupria\/wp-json\/wp\/v2\/users\/1"}],"replies":[{"embeddable":true,"href":"https:\/\/organoscolegiados.anuies.mx\/cupria\/wp-json\/wp\/v2\/comments?post=393"}],"version-history":[{"count":13,"href":"https:\/\/organoscolegiados.anuies.mx\/cupria\/wp-json\/wp\/v2\/pages\/393\/revisions"}],"predecessor-version":[{"id":863,"href":"https:\/\/organoscolegiados.anuies.mx\/cupria\/wp-json\/wp\/v2\/pages\/393\/revisions\/863"}],"wp:attachment":[{"href":"https:\/\/organoscolegiados.anuies.mx\/cupria\/wp-json\/wp\/v2\/media?parent=393"}],"curies":[{"name":"wp","href":"https:\/\/api.w.org\/{rel}","templated":true}]}}