{"id":416,"date":"2019-11-25T19:42:08","date_gmt":"2019-11-25T18:42:08","guid":{"rendered":"https:\/\/organoscolegiados.anuies.mx\/cupria\/?page_id=416"},"modified":"2022-12-15T17:56:07","modified_gmt":"2022-12-15T16:56:07","slug":"xlvi-cupria","status":"publish","type":"page","link":"https:\/\/organoscolegiados.anuies.mx\/cupria\/xlvi-cupria\/","title":{"rendered":""},"content":{"rendered":"<div id=\"pl-416\"  class=\"panel-layout\" ><div id=\"pg-416-0\"  class=\"panel-grid panel-no-style\" ><div id=\"pgc-416-0-0\"  class=\"panel-grid-cell\" ><div id=\"panel-416-0-0-0\" class=\"so-panel widget widget_sow-editor panel-first-child panel-last-child\" data-index=\"0\" ><div\n\t\t\t\n\t\t\tclass=\"so-widget-sow-editor so-widget-sow-editor-base\"\n\t\t\t\n\t\t>\n<div class=\"siteorigin-widget-tinymce textwidget\">\n\t<p align=\"center\"><img loading=\"lazy\" decoding=\"async\" class=\"alignnone size-full wp-image-433\" src=\"https:\/\/organoscolegiados.anuies.mx\/cupria\/wp-content\/uploads\/sites\/4\/2019\/11\/cabezalxlvicupria2.png\" alt=\"\" width=\"1245\" height=\"121\" srcset=\"https:\/\/organoscolegiados.anuies.mx\/cupria\/wp-content\/uploads\/sites\/4\/2019\/11\/cabezalxlvicupria2.png 1245w, https:\/\/organoscolegiados.anuies.mx\/cupria\/wp-content\/uploads\/sites\/4\/2019\/11\/cabezalxlvicupria2-300x29.png 300w, https:\/\/organoscolegiados.anuies.mx\/cupria\/wp-content\/uploads\/sites\/4\/2019\/11\/cabezalxlvicupria2-768x75.png 768w, https:\/\/organoscolegiados.anuies.mx\/cupria\/wp-content\/uploads\/sites\/4\/2019\/11\/cabezalxlvicupria2-1024x100.png 1024w\" sizes=\"auto, (max-width: 1245px) 100vw, 1245px\" \/><\/p>\n<p align=\"center\"><strong>CONVOCATORIA<\/strong><\/p>\n<p style=\"text-align: justify\">Con fundamento en los art\u00edculos Vig\u00e9simo Octavo, Trig\u00e9simo, Trig\u00e9simo Primero y Trig\u00e9simo Tercero, fracci\u00f3n VI, del Estatuto de la Asociaci\u00f3n Nacional de Universidades e Instituciones de Educaci\u00f3n Superior (ANUIES), se convoca a los titulares de las instituciones que integran el Consejo de Universidades Particulares e Instituciones Afines (CUPRIA), a la\u00a0<a href=\"https:\/\/upaep.mx\/cupria\/\" target=\"_blank\" rel=\"noopener\">XLVI Sesi\u00f3n Ordinaria<\/a>\u00a0que se celebrar\u00e1 el 10 de abril de 2018 a partir de las 09:30 horas en las instalaciones de la Universidad Popular Aut\u00f3noma del Estado de Puebla, ubicada en 21 Sur 1103, Barrio Santiago, C.P. 72410, Puebla, bajo el siguiente:<\/p>\n<p style=\"text-align: center\"><b>ORDEN DEL D\u00cdA<\/b><b>\u00a0<\/b><\/p>\n<p>1.-\u00a0<a href=\"https:\/\/organoscolegiados.anuies.mx\/cupria\/wp-content\/uploads\/sites\/4\/2019\/11\/1.-Miembros-del-CUPRIA.pdf\" target=\"_blank\" rel=\"noopener\">Lista de asistencia y verificaci\u00f3n de\u00a0<em>qu\u00f3rum<\/em>.<\/a><\/p>\n<p><a href=\"https:\/\/organoscolegiados.anuies.mx\/cupria\/wp-content\/uploads\/sites\/4\/2020\/03\/2.-Convocatoria-XLVI-SO-CUPRIA.pdf\" target=\"_blank\" rel=\"noopener\">2.- Aprobaci\u00f3n del Orden del D\u00eda.<\/a><\/p>\n<p><a href=\"https:\/\/organoscolegiados.anuies.mx\/cupria\/wp-content\/uploads\/sites\/4\/2020\/03\/3.-Elecci\u00f3n-del-Vicepresidente-de-la-Sesi\u00f3n..pdf\" target=\"_blank\" rel=\"noopener\">3.- Elecci\u00f3n del Vicepresidente de la Sesi\u00f3n.<\/a><\/p>\n<p><a href=\"https:\/\/organoscolegiados.anuies.mx\/cupria\/wp-content\/uploads\/sites\/4\/2020\/03\/4.-Lectura-y-aprobaci\u00f3n-en-su-caso-del-acta-de-la-XLV-Sesi\u00f3n-Ordinaria.-1.pdf\" target=\"_blank\" rel=\"noopener\">4.-\u00a0Lectura y aprobaci\u00f3n, en su caso, del acta de la XLV Sesi\u00f3n Ordinaria.<\/a><\/p>\n<p><a href=\"https:\/\/organoscolegiados.anuies.mx\/cupria\/wp-content\/uploads\/sites\/4\/2020\/03\/5.-REFORMAS-REGLAMENTO-LEY-DE-PROFESIONES.pdf\" target=\"_blank\" rel=\"noopener\">5.-\u00a0Participaci\u00f3n del Mtro. Miguel Augusto Casta\u00f1eda Fern\u00e1ndez, Titular de la Unidad de Asuntos Jur\u00eddicos de la SEP.<\/a><\/p>\n<p>5.1.-\u00a0<a href=\"https:\/\/organoscolegiados.anuies.mx\/cupria\/wp-content\/uploads\/sites\/4\/2019\/11\/5.1-SGE092-Decreto-relativo-al-Ejercicio-de-las-Profesiones-en-el-Distrito-Federal.pdf\" target=\"_blank\" rel=\"noopener\">Decreto relativo al ejercicio de las profesiones<\/a>\u00a0 \/\u00a0<a href=\"https:\/\/organoscolegiados.anuies.mx\/cupria\/wp-content\/uploads\/sites\/4\/2019\/11\/DOF.pdf\" target=\"_blank\" rel=\"noopener\">Diario Oficial de la Federaci\u00f3n<\/a><\/p>\n<p>6.- Participaci\u00f3n de la Dra. Julia Carabias Lillo, Profesora Investigadora de la Universidad Nacional Aut\u00f3noma de M\u00e9xico.<\/p>\n<p>7.-\u00a0<a href=\"https:\/\/organoscolegiados.anuies.mx\/cupria\/wp-content\/uploads\/sites\/4\/2019\/11\/7.-Panel-de-expertos.pdf\" target=\"_blank\" rel=\"noopener\">Panel de expertos: \u00abLa universidad como promotora de una nueva sociedad\u00bb.<\/a><\/p>\n<p><a href=\"https:\/\/organoscolegiados.anuies.mx\/cupria\/wp-content\/uploads\/sites\/4\/2019\/11\/Ponencia1-Antonio-Argando\u00f1a-1.pdf\" target=\"_blank\" rel=\"noopener\">Ponencia 1 Antonio Argando\u00f1a<\/a><\/p>\n<p><a href=\"https:\/\/organoscolegiados.anuies.mx\/cupria\/wp-content\/uploads\/sites\/4\/2019\/11\/Ponencia2-Fernando-Zepeda-1.pdf\" target=\"_blank\" rel=\"noopener\">Ponencia 2 Fernando Zepeda<\/a><\/p>\n<p><a href=\"https:\/\/organoscolegiados.anuies.mx\/cupria\/wp-content\/uploads\/sites\/4\/2019\/11\/Ponencia3-Walter-Redmond.pdf\" target=\"_blank\" rel=\"noopener\">Ponencia 3 Walter Redmond<\/a><\/p>\n<p><a href=\"https:\/\/organoscolegiados.anuies.mx\/cupria\/wp-content\/uploads\/sites\/4\/2019\/11\/Ponencia4-Nathaniel-R.-Racine.pdf\" target=\"_blank\" rel=\"noopener\">Ponencia 4 Nathaniel R. Racine<\/a><\/p>\n<p>8.-\u00a0<a href=\"https:\/\/organoscolegiados.anuies.mx\/cupria\/wp-content\/uploads\/sites\/4\/2019\/11\/8.-Presentaci\u00f3n-Reformas-constitucionales-SJP-y-DH.pdf\" target=\"_blank\" rel=\"noopener\">Presentaci\u00f3n de las acciones de la ANUIES derivadas de las reformas constitucionales de 2008 y 2011 en materia de justicia penal, seguridad p\u00fablica y derechos humanos.<\/a><\/p>\n<p>9.-\u00a0<a href=\"https:\/\/organoscolegiados.anuies.mx\/cupria\/wp-content\/uploads\/sites\/4\/2019\/11\/9.-Carta-Universal-de-Deberes-y-Obligaciones-de-las-Personas.pdf\" target=\"_blank\" rel=\"noopener\">Presentaci\u00f3n de la Carta Universal de los Deberes y Obligaciones de las Personas.<\/a><\/p>\n<p>9.1.-\u00a0<a href=\"https:\/\/organoscolegiados.anuies.mx\/cupria\/wp-content\/uploads\/sites\/4\/2019\/11\/9.1.-Carta-de-Deberes-Fichas-Bibliogr\u00e1ficas.pdf\" target=\"_blank\" rel=\"noopener\">Carta de Deberes \u2013 Fichas Bibliogr\u00e1ficas.<\/a><\/p>\n<p><a href=\"https:\/\/organoscolegiados.anuies.mx\/cupria\/wp-content\/uploads\/sites\/4\/2020\/03\/10.-asuntos-generales.pdf\" target=\"_blank\" rel=\"noopener\">10.- Asuntos generales.<\/a><\/p>\n<p>10.1.-\u00a0<a href=\"https:\/\/organoscolegiados.anuies.mx\/cupria\/wp-content\/uploads\/sites\/4\/2019\/11\/Leamoslacienciaparatodos.pdf\" target=\"_blank\" rel=\"noopener\">Leamos la ciencia para todos<\/a><\/p>\n<\/div>\n<\/div><\/div><\/div><\/div><div id=\"pg-416-1\"  class=\"panel-grid panel-no-style\" ><div id=\"pgc-416-1-0\"  class=\"panel-grid-cell\" ><div id=\"panel-416-1-0-0\" class=\"so-panel widget widget_sow-editor panel-first-child panel-last-child\" data-index=\"1\" ><div\n\t\t\t\n\t\t\tclass=\"so-widget-sow-editor so-widget-sow-editor-base\"\n\t\t\t\n\t\t>\n<div class=\"siteorigin-widget-tinymce textwidget\">\n\t<p align=\"center\"><b>Dr. Emilio Ba\u00f1os Ardavin<\/b><\/p>\n<p align=\"center\">Rector de la Universidad Popular Aut\u00f3noma del Estado de Puebla<\/p>\n<p align=\"center\">Presidente en turno<\/p>\n<\/div>\n<\/div><\/div><\/div><div id=\"pgc-416-1-1\"  class=\"panel-grid-cell\" ><div id=\"panel-416-1-1-0\" class=\"so-panel widget widget_sow-editor panel-first-child panel-last-child\" data-index=\"2\" ><div\n\t\t\t\n\t\t\tclass=\"so-widget-sow-editor so-widget-sow-editor-base\"\n\t\t\t\n\t\t>\n<div class=\"siteorigin-widget-tinymce textwidget\">\n\t<p align=\"center\"><b>Mtro. Jaime Valls Esponda<\/b><\/p>\n<p align=\"center\">Secretario General Ejecutivo<b><\/b><\/p>\n<p align=\"center\">Secretario<\/p>\n<\/div>\n<\/div><\/div><\/div><\/div><\/div>","protected":false},"excerpt":{"rendered":"<p>CONVOCATORIA Con fundamento en los art\u00edculos Vig\u00e9simo Octavo, Trig\u00e9simo, Trig\u00e9simo Primero y Trig\u00e9simo Tercero, fracci\u00f3n VI, del Estatuto de la Asociaci\u00f3n Nacional de Universidades e Instituciones de Educaci\u00f3n Superior (ANUIES), &hellip; <\/p>\n","protected":false},"author":1,"featured_media":0,"parent":0,"menu_order":0,"comment_status":"closed","ping_status":"closed","template":"","meta":{"footnotes":""},"class_list":["post-416","page","type-page","status-publish","hentry"],"_links":{"self":[{"href":"https:\/\/organoscolegiados.anuies.mx\/cupria\/wp-json\/wp\/v2\/pages\/416","targetHints":{"allow":["GET"]}}],"collection":[{"href":"https:\/\/organoscolegiados.anuies.mx\/cupria\/wp-json\/wp\/v2\/pages"}],"about":[{"href":"https:\/\/organoscolegiados.anuies.mx\/cupria\/wp-json\/wp\/v2\/types\/page"}],"author":[{"embeddable":true,"href":"https:\/\/organoscolegiados.anuies.mx\/cupria\/wp-json\/wp\/v2\/users\/1"}],"replies":[{"embeddable":true,"href":"https:\/\/organoscolegiados.anuies.mx\/cupria\/wp-json\/wp\/v2\/comments?post=416"}],"version-history":[{"count":10,"href":"https:\/\/organoscolegiados.anuies.mx\/cupria\/wp-json\/wp\/v2\/pages\/416\/revisions"}],"predecessor-version":[{"id":861,"href":"https:\/\/organoscolegiados.anuies.mx\/cupria\/wp-json\/wp\/v2\/pages\/416\/revisions\/861"}],"wp:attachment":[{"href":"https:\/\/organoscolegiados.anuies.mx\/cupria\/wp-json\/wp\/v2\/media?parent=416"}],"curies":[{"name":"wp","href":"https:\/\/api.w.org\/{rel}","templated":true}]}}