{"id":438,"date":"2019-11-25T19:50:53","date_gmt":"2019-11-25T18:50:53","guid":{"rendered":"https:\/\/organoscolegiados.anuies.mx\/cupria\/?page_id=438"},"modified":"2022-12-15T17:56:26","modified_gmt":"2022-12-15T16:56:26","slug":"xlvii-cupria","status":"publish","type":"page","link":"https:\/\/organoscolegiados.anuies.mx\/cupria\/xlvii-cupria\/","title":{"rendered":""},"content":{"rendered":"<div id=\"pl-438\"  class=\"panel-layout\" ><div id=\"pg-438-0\"  class=\"panel-grid panel-no-style\" ><div id=\"pgc-438-0-0\"  class=\"panel-grid-cell\" ><div id=\"panel-438-0-0-0\" class=\"so-panel widget widget_sow-editor panel-first-child panel-last-child\" data-index=\"0\" ><div\n\t\t\t\n\t\t\tclass=\"so-widget-sow-editor so-widget-sow-editor-base\"\n\t\t\t\n\t\t>\n<div class=\"siteorigin-widget-tinymce textwidget\">\n\t<p align=\"center\"><img loading=\"lazy\" decoding=\"async\" class=\"alignnone size-full wp-image-460\" src=\"https:\/\/organoscolegiados.anuies.mx\/cupria\/wp-content\/uploads\/sites\/4\/2019\/11\/cabeceracupriaxlvii.png\" alt=\"\" width=\"1024\" height=\"137\" srcset=\"https:\/\/organoscolegiados.anuies.mx\/cupria\/wp-content\/uploads\/sites\/4\/2019\/11\/cabeceracupriaxlvii.png 1024w, https:\/\/organoscolegiados.anuies.mx\/cupria\/wp-content\/uploads\/sites\/4\/2019\/11\/cabeceracupriaxlvii-300x40.png 300w, https:\/\/organoscolegiados.anuies.mx\/cupria\/wp-content\/uploads\/sites\/4\/2019\/11\/cabeceracupriaxlvii-768x103.png 768w\" sizes=\"auto, (max-width: 1024px) 100vw, 1024px\" \/><\/p>\n<p align=\"center\"><strong>CONVOCATORIA<\/strong><\/p>\n<p style=\"text-align: justify\">Con fundamento en los art\u00edculos Vig\u00e9simo Octavo, Trig\u00e9simo, Trig\u00e9simo Primero y Trig\u00e9simo Tercero, fracci\u00f3n VI, del Estatuto de la Asociaci\u00f3n Nacional de Universidades e Instituciones de Educaci\u00f3n Superior (ANUIES), se convoca a los titulares de las instituciones que integran el Consejo de Universidades Particulares e Instituciones Afines (CUPRIA), a la XLVII Sesi\u00f3n Ordinaria que se celebrar\u00e1 el 7 de septiembre de 2018 a partir de las 10:00 horas en el Auditorio Fray Bartolom\u00e9 de las Casas de la Universidad Intercontinental, ubicada en Av. Insurgentes Sur 4135, Col. Santa \u00darsula Xitla, Delegaci\u00f3n Tlalpan, C.P. 14420, Cuidad de M\u00e9xico, bajo el siguiente:<\/p>\n<p><b>ORDEN DEL D\u00cdA<\/b><\/p>\n<p><a href=\"https:\/\/organoscolegiados.anuies.mx\/cupria\/wp-content\/uploads\/sites\/4\/2019\/11\/1.-Listado-miembros-del-CUPRIA.pdf\" target=\"_blank\" rel=\"noopener\">1.- Lista de asistencia y verificaci\u00f3n de\u00a0<em>qu\u00f3rum<\/em>.<\/a><\/p>\n<p><a href=\"https:\/\/organoscolegiados.anuies.mx\/cupria\/wp-content\/uploads\/sites\/4\/2019\/11\/2.-Convocatoria-XLVII-SO-CUPRIA-070918_final.pdf\" target=\"_blank\" rel=\"noopener\">2.- Aprobaci\u00f3n del Orden del D\u00eda.<\/a><\/p>\n<p><a href=\"https:\/\/organoscolegiados.anuies.mx\/cupria\/wp-content\/uploads\/sites\/4\/2020\/03\/3.-Elecci\u00f3n-del-Vicepresidente-de-la-Sesi\u00f3n-1.pdf\" target=\"_blank\" rel=\"noopener\">3.- Elecci\u00f3n del Vicepresidente de la Sesi\u00f3n.<\/a><\/p>\n<p><a href=\"https:\/\/organoscolegiados.anuies.mx\/cupria\/wp-content\/uploads\/sites\/4\/2020\/03\/4.-Lectura-y-aprobaci\u00f3n-en-su-caso-del-acta-de-la-XLVI-Sesi\u00f3n-Ordinaria..pdf\" target=\"_blank\" rel=\"noopener\">4.- Lectura y aprobaci\u00f3n, en su caso, del acta de la XLVI Sesi\u00f3n Ordinaria.<\/a><\/p>\n<p><a href=\"https:\/\/organoscolegiados.anuies.mx\/cupria\/wp-content\/uploads\/sites\/4\/2020\/03\/5.-Elecci\u00f3n-del-Consejo-de-Universidades-Particulares-e-Instituciones-Afines-ante-el-CN.pdf\" target=\"_blank\" rel=\"noopener\">5.- Elecci\u00f3n o reelecci\u00f3n, en su caso, del representante del Consejo de Universidades Particulares e Instituciones Afines \u00a0ante el Consejo Nacional, para el periodo comprendido entre el 12 de noviembre de 2018 y el 11 de noviembre de 2020.<\/a><\/p>\n<p>6.- Presentaciones y exposiciones, en su caso, de los invitados especiales.<\/p>\n<p style=\"padding-left: 40px\"><a href=\"https:\/\/organoscolegiados.anuies.mx\/cupria\/wp-content\/uploads\/sites\/4\/2019\/11\/5.1.-Semblanza-Dra.-Ang\u00e9lica-Buend\u00eda-Espinosa.pdf\" target=\"_blank\" rel=\"noopener\">6.1.- Semblanza Dra. Ang\u00e9lica Buend\u00eda Espinosa<\/a><\/p>\n<p style=\"padding-left: 80px\"><a href=\"https:\/\/organoscolegiados.anuies.mx\/cupria\/wp-content\/uploads\/sites\/4\/2019\/11\/6.1.1.-Presentaci\u00f3n-Ang\u00e9lica-Buend\u00eda.pdf\" target=\"_blank\" rel=\"noopener\">6.1.1. Presentaci\u00f3n<\/a><\/p>\n<p style=\"padding-left: 40px\"><a href=\"https:\/\/organoscolegiados.anuies.mx\/cupria\/wp-content\/uploads\/sites\/4\/2019\/11\/5.2.-Semblanza-Dr.-Francisco-Javier-Mendieta-Jim\u00e9nez.pdf\" target=\"_blank\" rel=\"noopener\">\u00a06.2.- Semblanza Dr. Francisco Javier Mendieta Jim\u00e9nez<\/a><\/p>\n<p style=\"padding-left: 80px\"><a href=\"https:\/\/organoscolegiados.anuies.mx\/cupria\/wp-content\/uploads\/sites\/4\/2019\/11\/6.2.1.-Presentaci\u00f3n-Francisco-Mendoza.pdf\" target=\"_blank\" rel=\"noopener\">6.2.1. Presentaci\u00f3n<\/a><\/p>\n<p style=\"padding-left: 40px\"><a href=\"https:\/\/organoscolegiados.anuies.mx\/cupria\/wp-content\/uploads\/sites\/4\/2019\/11\/5.3.-Semblanza-Ing.-Alfonso-Ram\u00edrez-Lav\u00edn.pdf\" target=\"_blank\" rel=\"noopener\">6.3.- Semblanza Ing. Alfonso Ram\u00edrez Lav\u00edn<\/a><\/p>\n<p style=\"padding-left: 80px\"><a href=\"https:\/\/organoscolegiados.anuies.mx\/cupria\/wp-content\/uploads\/sites\/4\/2019\/11\/6.3.1.-Presentaci\u00f3n-FiiDEM.pdf\" target=\"_blank\" rel=\"noopener\">6.3.1. Presentaci\u00f3n<\/a><\/p>\n<p style=\"padding-left: 40px\"><a href=\"https:\/\/organoscolegiados.anuies.mx\/cupria\/wp-content\/uploads\/sites\/4\/2019\/11\/5.4.-Semblanza-Dr.-Jos\u00e9-Mustre-de-Le\u00f3n_final.pdf\" target=\"_blank\" rel=\"noopener\">6.4.-\u00a0Semblanza Dr. Jos\u00e9 Mustre de Le\u00f3n<\/a><\/p>\n<p style=\"padding-left: 80px\"><a href=\"https:\/\/organoscolegiados.anuies.mx\/cupria\/wp-content\/uploads\/sites\/4\/2019\/11\/6.4.1.-Presentaci\u00f3n-Jos\u00e9-Mustre.pdf\" target=\"_blank\" rel=\"noopener\">6.4.1. Presentaci\u00f3n<\/a><\/p>\n<p style=\"padding-left: 40px\"><a href=\"https:\/\/organoscolegiados.anuies.mx\/cupria\/wp-content\/uploads\/sites\/4\/2019\/11\/5.5.-Semblanza-Dr.-Gerhard-Loecken-Flum_final.pdf\" target=\"_blank\" rel=\"noopener\">6.5.-\u00a0Semblanza Dr. Gerhard Loecken Flum<\/a><\/p>\n<p style=\"padding-left: 80px\"><a href=\"https:\/\/organoscolegiados.anuies.mx\/cupria\/wp-content\/uploads\/sites\/4\/2019\/11\/6.5.1.-Presentaci\u00f3n-SES.pdf\" target=\"_blank\" rel=\"noopener\">6.5.1. Presentaci\u00f3n<\/a><\/p>\n<p><a href=\"https:\/\/organoscolegiados.anuies.mx\/cupria\/wp-content\/uploads\/sites\/4\/2019\/11\/7.-AGS_Presentacio\u0301n_Manual-IES.pdf\" target=\"_blank\" rel=\"noopener\">7.- Informe de los avances de la actualizaci\u00f3n del\u00a0<em>Manual de Seguridad para Instituciones de Educaci\u00f3n Superior\u00a0<\/em>de la ANUIES.<\/a><\/p>\n<p>8.- Presentaci\u00f3n de la Condusef sobre la Semana Nacional de Educaci\u00f3n Financiera.<\/p>\n<p style=\"padding-left: 40px\"><a href=\"https:\/\/organoscolegiados.anuies.mx\/cupria\/wp-content\/uploads\/sites\/4\/2019\/11\/8.1.-Educaci\u00f3n-Financiera-CONDUSEF.pdf\" target=\"_blank\" rel=\"noopener\">8.1.- Educaci\u00f3n Financiera CONDUSEF<\/a><\/p>\n<p style=\"padding-left: 40px\"><a href=\"https:\/\/organoscolegiados.anuies.mx\/cupria\/wp-content\/uploads\/sites\/4\/2019\/11\/7.2.-Cartel-SNEF-2018_Sede-Central.pdf\" target=\"_blank\" rel=\"noopener\">8.2.-\u00a0Cartel SNEF 2018_Sede Central\u00a0<\/a><\/p>\n<p>9.- Asuntos generales.<\/p>\n<p style=\"padding-left: 40px\"><a href=\"https:\/\/organoscolegiados.anuies.mx\/cupria\/wp-content\/uploads\/sites\/4\/2019\/11\/9.1.-FESE.pdf\" target=\"_blank\" rel=\"noopener\">9.1. FESE<\/a><\/p>\n<p style=\"padding-left: 40px\"><a href=\"https:\/\/organoscolegiados.anuies.mx\/cupria\/wp-content\/uploads\/sites\/4\/2019\/11\/9.2.-Presentaci\u00f3n-Guillermo-Hern\u00e1ndez.pdf\" target=\"_blank\" rel=\"noopener\">9.2. Presentaci\u00f3n Guillermo Hern\u00e1ndez<\/a><\/p>\n<p style=\"padding-left: 40px\"><a href=\"https:\/\/organoscolegiados.anuies.mx\/cupria\/wp-content\/uploads\/sites\/4\/2019\/11\/9.3.-D\u00edptico_Diplomado_Saberes_Digitales.pdf\" target=\"_blank\" rel=\"noopener\">9.3. D\u00edptico_Diplomado_Saberes_Digitales<\/a><\/p>\n<\/div>\n<\/div><\/div><\/div><\/div><div id=\"pg-438-1\"  class=\"panel-grid panel-no-style\" ><div id=\"pgc-438-1-0\"  class=\"panel-grid-cell\" ><div id=\"panel-438-1-0-0\" class=\"so-panel widget widget_sow-editor panel-first-child panel-last-child\" data-index=\"1\" ><div\n\t\t\t\n\t\t\tclass=\"so-widget-sow-editor so-widget-sow-editor-base\"\n\t\t\t\n\t\t>\n<div class=\"siteorigin-widget-tinymce textwidget\">\n\t<p align=\"center\"><b>Mtro. Bernardo Ardav\u00edn Migoni<\/b><\/p>\n<p align=\"center\">Rector de la Universidad Intercontinental<\/p>\n<p align=\"center\">Presidente en turno<\/p>\n<\/div>\n<\/div><\/div><\/div><div id=\"pgc-438-1-1\"  class=\"panel-grid-cell\" ><div id=\"panel-438-1-1-0\" class=\"so-panel widget widget_sow-editor panel-first-child panel-last-child\" data-index=\"2\" ><div\n\t\t\t\n\t\t\tclass=\"so-widget-sow-editor so-widget-sow-editor-base\"\n\t\t\t\n\t\t>\n<div class=\"siteorigin-widget-tinymce textwidget\">\n\t<p align=\"center\"><b>Mtro. Jaime Valls Esponda<\/b><\/p>\n<p align=\"center\">Secretario General Ejecutivo<b><\/b><\/p>\n<p align=\"center\">Secretario<\/p>\n<\/div>\n<\/div><\/div><\/div><\/div><\/div>","protected":false},"excerpt":{"rendered":"<p>CONVOCATORIA Con fundamento en los art\u00edculos Vig\u00e9simo Octavo, Trig\u00e9simo, Trig\u00e9simo Primero y Trig\u00e9simo Tercero, fracci\u00f3n VI, del Estatuto de la Asociaci\u00f3n Nacional de Universidades e Instituciones de Educaci\u00f3n Superior (ANUIES), &hellip; <\/p>\n","protected":false},"author":1,"featured_media":0,"parent":0,"menu_order":0,"comment_status":"closed","ping_status":"closed","template":"","meta":{"footnotes":""},"class_list":["post-438","page","type-page","status-publish","hentry"],"_links":{"self":[{"href":"https:\/\/organoscolegiados.anuies.mx\/cupria\/wp-json\/wp\/v2\/pages\/438","targetHints":{"allow":["GET"]}}],"collection":[{"href":"https:\/\/organoscolegiados.anuies.mx\/cupria\/wp-json\/wp\/v2\/pages"}],"about":[{"href":"https:\/\/organoscolegiados.anuies.mx\/cupria\/wp-json\/wp\/v2\/types\/page"}],"author":[{"embeddable":true,"href":"https:\/\/organoscolegiados.anuies.mx\/cupria\/wp-json\/wp\/v2\/users\/1"}],"replies":[{"embeddable":true,"href":"https:\/\/organoscolegiados.anuies.mx\/cupria\/wp-json\/wp\/v2\/comments?post=438"}],"version-history":[{"count":7,"href":"https:\/\/organoscolegiados.anuies.mx\/cupria\/wp-json\/wp\/v2\/pages\/438\/revisions"}],"predecessor-version":[{"id":862,"href":"https:\/\/organoscolegiados.anuies.mx\/cupria\/wp-json\/wp\/v2\/pages\/438\/revisions\/862"}],"wp:attachment":[{"href":"https:\/\/organoscolegiados.anuies.mx\/cupria\/wp-json\/wp\/v2\/media?parent=438"}],"curies":[{"name":"wp","href":"https:\/\/api.w.org\/{rel}","templated":true}]}}