{"id":468,"date":"2019-11-25T20:11:36","date_gmt":"2019-11-25T19:11:36","guid":{"rendered":"https:\/\/organoscolegiados.anuies.mx\/cupria\/?page_id=468"},"modified":"2022-12-15T17:31:20","modified_gmt":"2022-12-15T16:31:20","slug":"xlv-cupria","status":"publish","type":"page","link":"https:\/\/organoscolegiados.anuies.mx\/cupria\/xlv-cupria\/","title":{"rendered":""},"content":{"rendered":"<div id=\"pl-468\"  class=\"panel-layout\" ><div id=\"pg-468-0\"  class=\"panel-grid panel-no-style\" ><div id=\"pgc-468-0-0\"  class=\"panel-grid-cell\" ><div id=\"panel-468-0-0-0\" class=\"so-panel widget widget_sow-editor panel-first-child panel-last-child\" data-index=\"0\" ><div\n\t\t\t\n\t\t\tclass=\"so-widget-sow-editor so-widget-sow-editor-base\"\n\t\t\t\n\t\t>\n<div class=\"siteorigin-widget-tinymce textwidget\">\n\t<p><img loading=\"lazy\" decoding=\"async\" class=\"alignnone size-full wp-image-475\" src=\"https:\/\/organoscolegiados.anuies.mx\/cupria\/wp-content\/uploads\/sites\/4\/2019\/11\/cabezalxlvcupria.png\" alt=\"\" width=\"1245\" height=\"121\" srcset=\"https:\/\/organoscolegiados.anuies.mx\/cupria\/wp-content\/uploads\/sites\/4\/2019\/11\/cabezalxlvcupria.png 1245w, https:\/\/organoscolegiados.anuies.mx\/cupria\/wp-content\/uploads\/sites\/4\/2019\/11\/cabezalxlvcupria-300x29.png 300w, https:\/\/organoscolegiados.anuies.mx\/cupria\/wp-content\/uploads\/sites\/4\/2019\/11\/cabezalxlvcupria-768x75.png 768w, https:\/\/organoscolegiados.anuies.mx\/cupria\/wp-content\/uploads\/sites\/4\/2019\/11\/cabezalxlvcupria-1024x100.png 1024w\" sizes=\"auto, (max-width: 1245px) 100vw, 1245px\" \/><\/p>\n<p style=\"text-align: center\"><strong>CONVOCATORIA<\/strong><\/p>\n<p style=\"text-align: justify\">Con fundamento en los art\u00edculos Vig\u00e9simo Octavo, Trig\u00e9simo, Trig\u00e9simo Primero y Trig\u00e9simo Tercero, fracci\u00f3n VI, del Estatuto de la Asociaci\u00f3n Nacional de Universidades e Instituciones de Educaci\u00f3n Superior (ANUIES), se convoca a los titulares de las instituciones que integran el Consejo de Universidades Particulares e Instituciones Afines (CUPRIA), a la XLV Sesi\u00f3n Ordinaria que se celebrar\u00e1 el 29 de septiembre de 2017 a partir de las 10:00 horas en las instalaciones de la Universidad de Monterrey, ubicadas en Avenida Ignacio Morones Prieto 4500 Pte., Jes\u00fas M. Garza, C.P. 66238, San Pedro Garza Garc\u00eda, N.L., bajo el siguiente:<\/p>\n<p style=\"text-align: center\"><b>ORDEN DEL D\u00cdA<\/b><\/p>\n<p><b><br \/>\n<\/b>1.-\u00a0<a href=\"https:\/\/organoscolegiados.anuies.mx\/cupria\/wp-content\/uploads\/sites\/4\/2019\/11\/1.-Miembros-del-CUPRIA-1.pdf\" target=\"_blank\" rel=\"noopener noreferrer\">Lista de asistencia y verificaci\u00f3n de\u00a0<em>qu\u00f3rum<\/em>.<\/a><\/p>\n<p>2.-\u00a0<a href=\"https:\/\/organoscolegiados.anuies.mx\/cupria\/wp-content\/uploads\/sites\/4\/2019\/11\/2.-Convocatoria-XLV-SO-CUPRIA-29-Septiembre.pdf\" target=\"_blank\" rel=\"noopener noreferrer\">Aprobaci\u00f3n del Orden del D\u00eda.<\/a><\/p>\n<p><a href=\"https:\/\/organoscolegiados.anuies.mx\/cupria\/wp-content\/uploads\/sites\/4\/2020\/03\/3.-Elecci\u00f3n-del-Vicepresidente-de-la-Sesi\u00f3n-3.pdf\" target=\"_blank\" rel=\"noopener\">3.- Elecci\u00f3n del Vicepresidente de la Sesi\u00f3n.\u00a0<\/a><\/p>\n<p><a href=\"https:\/\/organoscolegiados.anuies.mx\/cupria\/wp-content\/uploads\/sites\/4\/2020\/03\/4.-Elecci\u00f3n-del-representante-del-CUPRIA-ante-el-Consejo-Nacional-para-el-periodo-2017-2019.pdf\" target=\"_blank\" rel=\"noopener\">4.- Elecci\u00f3n del representante del CUPRIA ante el Consejo Nacional para el periodo 2017 \u2013 2019.<\/a><\/p>\n<p><a href=\"https:\/\/organoscolegiados.anuies.mx\/cupria\/wp-content\/uploads\/sites\/4\/2020\/03\/5.-Lectura-y-aprobaci\u00f3n-en-su-caso-del-acta-de-la-XLIV-Sesi\u00f3n-Ordinaria..pdf\" target=\"_blank\" rel=\"noopener\">5.-\u00a0Lectura y aprobaci\u00f3n, en su caso, del acta de la XLIV Sesi\u00f3n Ordinaria.<\/a><\/p>\n<p>6.- Presentaciones y exposiciones, en su caso, de los invitados especiales.<\/p>\n<p style=\"padding-left: 40px\">6.1 <a href=\"https:\/\/organoscolegiados.anuies.mx\/cupria\/wp-content\/uploads\/sites\/4\/2019\/11\/6.1.-Invitada-especial-Mtra.-Laura-Villavicencio-P\u00e9rez.pdf\" target=\"_blank\" rel=\"noopener noreferrer\">Invitada especial Mtra. Laura Villavicencio P\u00e9rez<\/a><br \/>\n<a href=\"https:\/\/organoscolegiados.anuies.mx\/cupria\/wp-content\/uploads\/sites\/4\/2020\/03\/6.2-Presentaci\u00f3n-FCCyT-Pepe-MTY-28Sept17.pdf\" target=\"_blank\" rel=\"noopener\">6.2 Dr. Jos\u00e9 Franco L\u00f3pez, Coordinador General del Foro Consultivo, Cient\u00edfico y Tecnol\u00f3gico<\/a><br \/>\n<a href=\"https:\/\/organoscolegiados.anuies.mx\/cupria\/wp-content\/uploads\/sites\/4\/2020\/03\/6.3-ANUIES-GHD_CUPRIA-2017.pdf\" target=\"_blank\" rel=\"noopener\">6.3 Dr. Guillermo Hern\u00e1ndez Duque, Director General de Vinculaci\u00f3n Estrat\u00e9gica de la ANUIES<\/a><\/p>\n<p><a href=\"https:\/\/organoscolegiados.anuies.mx\/cupria\/wp-content\/uploads\/sites\/4\/2020\/03\/7.-Acciones-de-IES-ante-contingencia-270917.pdf\" target=\"_blank\" rel=\"noopener\">7.- Propuestas de acci\u00f3n frente a los sismos en M\u00e9xico.<\/a><\/p>\n<p><a href=\"https:\/\/organoscolegiados.anuies.mx\/cupria\/wp-content\/uploads\/sites\/4\/2020\/03\/8.-Presentaci\u00f3n-V2030-290917-CUPRIA-Monterrey-.pdf\" target=\"_blank\" rel=\"noopener\">8.- Presentaci\u00f3n de la versi\u00f3n preliminar del documento \u201cVisi\u00f3n y acci\u00f3n 2030. Una propuesta de la ANUIES para la renovaci\u00f3n de la educaci\u00f3n superior en M\u00e9xico\u201d.<\/a><\/p>\n<p><a href=\"https:\/\/organoscolegiados.anuies.mx\/cupria\/wp-content\/uploads\/sites\/4\/2020\/03\/9.-Presentaci\u00f3n-resultados-ODS.-290917.pdf\" target=\"_blank\" rel=\"noopener\">9.- Informe del proyecto Contribuciones de las IES mexicanas a los Objetivos de Desarrollo Sostenible de la Organizaci\u00f3n de las Naciones Unidas.<\/a><\/p>\n<p><a href=\"https:\/\/organoscolegiados.anuies.mx\/cupria\/wp-content\/uploads\/sites\/4\/2020\/03\/10.-Seguimiento-del-acuerdo-relacionado-con-el-informe-de-la-Comisi\u00f3n-encargada-de-identificar-las-principales-problem\u00e1ticas-de-las-IES.pdf\" target=\"_blank\" rel=\"noopener\">10.- Seguimiento del acuerdo relacionado con el informe de la Comisi\u00f3n encargada de identificar las principales problem\u00e1ticas de las instituciones de educaci\u00f3n superior particulares y proponer soluciones.<\/a><\/p>\n<p><a href=\"https:\/\/organoscolegiados.anuies.mx\/cupria\/wp-content\/uploads\/sites\/4\/2020\/03\/11.-Asuntos-generales.pdf\" target=\"_blank\" rel=\"noopener\">11.- Asuntos generales.<\/a><\/p>\n<\/div>\n<\/div><\/div><\/div><\/div><div id=\"pg-468-1\"  class=\"panel-grid panel-no-style\" ><div id=\"pgc-468-1-0\"  class=\"panel-grid-cell\" ><div id=\"panel-468-1-0-0\" class=\"so-panel widget widget_sow-editor panel-first-child panel-last-child\" data-index=\"1\" ><div\n\t\t\t\n\t\t\tclass=\"so-widget-sow-editor so-widget-sow-editor-base\"\n\t\t\t\n\t\t>\n<div class=\"siteorigin-widget-tinymce textwidget\">\n\t<p style=\"text-align: center;\"><strong>Dr. Antonio Jos\u00e9 Dieck Assad<\/strong><br \/>\nRector de la Universidad de Monterrey<br \/>\nPresidente en turno<\/p>\n<\/div>\n<\/div><\/div><\/div><div id=\"pgc-468-1-1\"  class=\"panel-grid-cell\" ><div id=\"panel-468-1-1-0\" class=\"so-panel widget widget_sow-editor panel-first-child panel-last-child\" data-index=\"2\" ><div\n\t\t\t\n\t\t\tclass=\"so-widget-sow-editor so-widget-sow-editor-base\"\n\t\t\t\n\t\t>\n<div class=\"siteorigin-widget-tinymce textwidget\">\n\t<p style=\"text-align: center;\"><strong>Mtro. Jaime Valls Esponda<\/strong><br \/>\nSecretario General Ejecutivo<br \/>\nSecretario<\/p>\n<\/div>\n<\/div><\/div><\/div><\/div><\/div>","protected":false},"excerpt":{"rendered":"<p>CONVOCATORIA Con fundamento en los art\u00edculos Vig\u00e9simo Octavo, Trig\u00e9simo, Trig\u00e9simo Primero y Trig\u00e9simo Tercero, fracci\u00f3n VI, del Estatuto de la Asociaci\u00f3n Nacional de Universidades e Instituciones de Educaci\u00f3n Superior (ANUIES), &hellip; <\/p>\n","protected":false},"author":1,"featured_media":0,"parent":0,"menu_order":0,"comment_status":"closed","ping_status":"closed","template":"","meta":{"footnotes":""},"class_list":["post-468","page","type-page","status-publish","hentry"],"_links":{"self":[{"href":"https:\/\/organoscolegiados.anuies.mx\/cupria\/wp-json\/wp\/v2\/pages\/468","targetHints":{"allow":["GET"]}}],"collection":[{"href":"https:\/\/organoscolegiados.anuies.mx\/cupria\/wp-json\/wp\/v2\/pages"}],"about":[{"href":"https:\/\/organoscolegiados.anuies.mx\/cupria\/wp-json\/wp\/v2\/types\/page"}],"author":[{"embeddable":true,"href":"https:\/\/organoscolegiados.anuies.mx\/cupria\/wp-json\/wp\/v2\/users\/1"}],"replies":[{"embeddable":true,"href":"https:\/\/organoscolegiados.anuies.mx\/cupria\/wp-json\/wp\/v2\/comments?post=468"}],"version-history":[{"count":9,"href":"https:\/\/organoscolegiados.anuies.mx\/cupria\/wp-json\/wp\/v2\/pages\/468\/revisions"}],"predecessor-version":[{"id":854,"href":"https:\/\/organoscolegiados.anuies.mx\/cupria\/wp-json\/wp\/v2\/pages\/468\/revisions\/854"}],"wp:attachment":[{"href":"https:\/\/organoscolegiados.anuies.mx\/cupria\/wp-json\/wp\/v2\/media?parent=468"}],"curies":[{"name":"wp","href":"https:\/\/api.w.org\/{rel}","templated":true}]}}