{"id":478,"date":"2019-11-25T20:17:33","date_gmt":"2019-11-25T19:17:33","guid":{"rendered":"https:\/\/organoscolegiados.anuies.mx\/cupria\/?page_id=478"},"modified":"2022-12-15T17:32:07","modified_gmt":"2022-12-15T16:32:07","slug":"xlii-cupria","status":"publish","type":"page","link":"https:\/\/organoscolegiados.anuies.mx\/cupria\/xlii-cupria\/","title":{"rendered":""},"content":{"rendered":"<div id=\"pl-478\"  class=\"panel-layout\" ><div id=\"pg-478-0\"  class=\"panel-grid panel-no-style\" ><div id=\"pgc-478-0-0\"  class=\"panel-grid-cell\" ><div id=\"panel-478-0-0-0\" class=\"so-panel widget widget_sow-editor panel-first-child panel-last-child\" data-index=\"0\" ><div\n\t\t\t\n\t\t\tclass=\"so-widget-sow-editor so-widget-sow-editor-base\"\n\t\t\t\n\t\t>\n<div class=\"siteorigin-widget-tinymce textwidget\">\n\t<p align=\"center\"><img loading=\"lazy\" decoding=\"async\" class=\"alignnone size-full wp-image-479\" src=\"https:\/\/organoscolegiados.anuies.mx\/cupria\/wp-content\/uploads\/sites\/4\/2019\/11\/cabezalxliicupria_xlii.png\" alt=\"\" width=\"1245\" height=\"121\" srcset=\"https:\/\/organoscolegiados.anuies.mx\/cupria\/wp-content\/uploads\/sites\/4\/2019\/11\/cabezalxliicupria_xlii.png 1245w, https:\/\/organoscolegiados.anuies.mx\/cupria\/wp-content\/uploads\/sites\/4\/2019\/11\/cabezalxliicupria_xlii-300x29.png 300w, https:\/\/organoscolegiados.anuies.mx\/cupria\/wp-content\/uploads\/sites\/4\/2019\/11\/cabezalxliicupria_xlii-768x75.png 768w, https:\/\/organoscolegiados.anuies.mx\/cupria\/wp-content\/uploads\/sites\/4\/2019\/11\/cabezalxliicupria_xlii-1024x100.png 1024w\" sizes=\"auto, (max-width: 1245px) 100vw, 1245px\" \/><\/p>\n<p align=\"center\"><strong>CONVOCATORIA<\/strong><\/p>\n<p style=\"text-align: justify\">Con fundamento en los art\u00edculos Vig\u00e9simo Octavo, Trig\u00e9simo, Trig\u00e9simo Primero y Trig\u00e9simo Tercero, fracci\u00f3n VI, del Estatuto de la Asociaci\u00f3n Nacional de Universidades e Instituciones de Educaci\u00f3n Superior (ANUIES), se convoca a los titulares de las instituciones que integran el Consejo de Universidades Particulares e Instituciones Afines (CUPRIA), a la XLII Sesi\u00f3n Ordinaria que se celebrar\u00e1 el 25 de mayo de 2016 a partir de las 11:00 horas en la Sala de Consejo del Edificio CEDES del Instituto Tecnol\u00f3gico y de Estudios Superiores de Monterrey, ubicado en Av. Eugenio Garza Sada 2501 Sur, Col. Tecnol\u00f3gico, Monterrey, N.L., C.P. 64849, bajo el siguiente:<\/p>\n<p style=\"text-align: center\"><b>ORDEN DEL D\u00cdA<\/b><\/p>\n<p><a href=\"https:\/\/organoscolegiados.anuies.mx\/cupria\/wp-content\/uploads\/sites\/4\/2020\/03\/1.-Miembros-del-CUPRIA-290416.pdf\" target=\"_blank\" rel=\"noopener\"><b><br \/>\n<\/b>1.\u00a0Lista de asistencia y verificaci\u00f3n de\u00a0<em>qu\u00f3rum<\/em>.<\/a><\/p>\n<p><a href=\"https:\/\/organoscolegiados.anuies.mx\/cupria\/wp-content\/uploads\/sites\/4\/2020\/03\/2.-Convocatoria-CUPRIA-25-mayo.pdf\" target=\"_blank\" rel=\"noopener\">2.\u00a0Aprobaci\u00f3n del Orden del D\u00eda.<\/a><\/p>\n<p><a href=\"https:\/\/organoscolegiados.anuies.mx\/cupria\/wp-content\/uploads\/sites\/4\/2020\/03\/3.-Elecci\u00f3n-del-Vicepresidente-de-la-Sesi\u00f3n-4.pdf\" target=\"_blank\" rel=\"noopener\">3. Elecci\u00f3n del Vicepresidente de la Sesi\u00f3n.<\/a><\/p>\n<p><a href=\"https:\/\/organoscolegiados.anuies.mx\/cupria\/wp-content\/uploads\/sites\/4\/2020\/03\/4.-Lectura-y-aprobaci\u00f3n-en-su-caso-del-acta-de-la-XLI-Sesi\u00f3n-Ordinaria..pdf\" target=\"_blank\" rel=\"noopener\">4.\u00a0Lectura y aprobaci\u00f3n, en su caso, del acta de la\u00a0XLI Sesi\u00f3n Ordinaria.<\/a><\/p>\n<p><a href=\"https:\/\/organoscolegiados.anuies.mx\/cupria\/wp-content\/uploads\/sites\/4\/2020\/03\/5.-Invitados-especiales.pdf\" target=\"_blank\" rel=\"noopener\">5. Presentaciones y exposiciones, en su caso, de los invitados especiales.<\/a><br \/>\n<a href=\"https:\/\/organoscolegiados.anuies.mx\/cupria\/wp-content\/uploads\/sites\/4\/2020\/03\/5.1-Documento-M\u00e9xico.pdf\" target=\"_blank\" rel=\"noopener\">5.1 Dr. Ricardo Israel Zipper, Vicepresidente Ejecutivo de la Corporaci\u00f3n de Universidades Privadas de Chile (CUP).<\/a><br \/>\n<a href=\"https:\/\/organoscolegiados.anuies.mx\/cupria\/wp-content\/uploads\/sites\/4\/2020\/03\/5.2-Acta-Red-Latinoamericana-Ed.-Sup..pdf\" target=\"_blank\" rel=\"noopener\">5.2 Acta Red Latinoamericana\u00a0<\/a><br \/>\n<a href=\"https:\/\/organoscolegiados.anuies.mx\/cupria\/wp-content\/uploads\/sites\/4\/2020\/03\/5.3-7mo-Encuentro-de-Redes.-M\u00e9xico.pdf\" target=\"_blank\" rel=\"noopener\">5.3 7mo Encuentro de Redes. M\u00e9xico<\/a><br \/>\n<a href=\"https:\/\/organoscolegiados.anuies.mx\/cupria\/wp-content\/uploads\/sites\/4\/2020\/03\/5.4-Presentaci\u00f3n-ANUIES-2016-RED-GLOBAL-MX-snp-1.pdf\" target=\"_blank\" rel=\"noopener\">5.4 Dra. Eunice Rend\u00f3n C\u00e1rdenas, Titular del Instituto de los Mexicanos en el Exterior<\/a><br \/>\n<a href=\"https:\/\/organoscolegiados.anuies.mx\/cupria\/wp-content\/uploads\/sites\/4\/2020\/03\/5.5-Presentacio\u0301n-Modelo-Nacional-para-la-Competitividad-Fernando-Glz.-1.pdf\" target=\"_blank\" rel=\"noopener\">5.5 Mtro. Fernando Gonz\u00e1lez Gonz\u00e1lez, Coordinador del Consorcio de Investigaci\u00f3n e Innovaci\u00f3n Internacional del\u00a0Instituto para el Fomento a la Calidad Total, A.C.\u00a0<\/a><\/p>\n<p><a href=\"https:\/\/organoscolegiados.anuies.mx\/cupria\/wp-content\/uploads\/sites\/4\/2020\/03\/6.-Presentaci\u00f3n-del-Programa-General-de-la-II-Conferencia-Internacional-de-Educaci\u00f3n-Superior-de-la-ANUIES.pdf\" target=\"_blank\" rel=\"noopener\">6. Presentaci\u00f3n del Programa General de la II Conferencia Internacional de Educaci\u00f3n Superior de la ANUIES.<\/a><\/p>\n<p><a href=\"https:\/\/organoscolegiados.anuies.mx\/cupria\/wp-content\/uploads\/sites\/4\/2020\/03\/7.-Asuntos-generales.pdf\" target=\"_blank\" rel=\"noopener\">7. Asuntos generales.<\/a><\/p>\n<\/div>\n<\/div><\/div><\/div><\/div><div id=\"pg-478-1\"  class=\"panel-grid panel-no-style\" ><div id=\"pgc-478-1-0\"  class=\"panel-grid-cell\" ><div id=\"panel-478-1-0-0\" class=\"so-panel widget widget_sow-editor panel-first-child panel-last-child\" data-index=\"1\" ><div\n\t\t\t\n\t\t\tclass=\"so-widget-sow-editor so-widget-sow-editor-base\"\n\t\t\t\n\t\t>\n<div class=\"siteorigin-widget-tinymce textwidget\">\n\t<p style=\"text-align: center;\"><strong>Mtro. David Noel Ram\u00edrez Padilla<\/strong><br \/>\nRector del Instituto Tecnol\u00f3gico y de Estudios Superiores de Monterrey<br \/>\nPresidente en turno<\/p>\n<\/div>\n<\/div><\/div><\/div><div id=\"pgc-478-1-1\"  class=\"panel-grid-cell\" ><div id=\"panel-478-1-1-0\" class=\"so-panel widget widget_sow-editor panel-first-child panel-last-child\" data-index=\"2\" ><div\n\t\t\t\n\t\t\tclass=\"so-widget-sow-editor so-widget-sow-editor-base\"\n\t\t\t\n\t\t>\n<div class=\"siteorigin-widget-tinymce textwidget\">\n\t<p style=\"text-align: center;\"><strong>Mtro. jaime Valls Esponda<\/strong><br \/>\nSecretario General Ejecutivo<br \/>\nSecretario<\/p>\n<\/div>\n<\/div><\/div><\/div><\/div><\/div>","protected":false},"excerpt":{"rendered":"<p>CONVOCATORIA Con fundamento en los art\u00edculos Vig\u00e9simo Octavo, Trig\u00e9simo, Trig\u00e9simo Primero y Trig\u00e9simo Tercero, fracci\u00f3n VI, del Estatuto de la Asociaci\u00f3n Nacional de Universidades e Instituciones de Educaci\u00f3n Superior (ANUIES), &hellip; <\/p>\n","protected":false},"author":1,"featured_media":0,"parent":0,"menu_order":0,"comment_status":"closed","ping_status":"closed","template":"","meta":{"footnotes":""},"class_list":["post-478","page","type-page","status-publish","hentry"],"_links":{"self":[{"href":"https:\/\/organoscolegiados.anuies.mx\/cupria\/wp-json\/wp\/v2\/pages\/478","targetHints":{"allow":["GET"]}}],"collection":[{"href":"https:\/\/organoscolegiados.anuies.mx\/cupria\/wp-json\/wp\/v2\/pages"}],"about":[{"href":"https:\/\/organoscolegiados.anuies.mx\/cupria\/wp-json\/wp\/v2\/types\/page"}],"author":[{"embeddable":true,"href":"https:\/\/organoscolegiados.anuies.mx\/cupria\/wp-json\/wp\/v2\/users\/1"}],"replies":[{"embeddable":true,"href":"https:\/\/organoscolegiados.anuies.mx\/cupria\/wp-json\/wp\/v2\/comments?post=478"}],"version-history":[{"count":7,"href":"https:\/\/organoscolegiados.anuies.mx\/cupria\/wp-json\/wp\/v2\/pages\/478\/revisions"}],"predecessor-version":[{"id":855,"href":"https:\/\/organoscolegiados.anuies.mx\/cupria\/wp-json\/wp\/v2\/pages\/478\/revisions\/855"}],"wp:attachment":[{"href":"https:\/\/organoscolegiados.anuies.mx\/cupria\/wp-json\/wp\/v2\/media?parent=478"}],"curies":[{"name":"wp","href":"https:\/\/api.w.org\/{rel}","templated":true}]}}