{"id":486,"date":"2019-11-25T20:29:38","date_gmt":"2019-11-25T19:29:38","guid":{"rendered":"https:\/\/organoscolegiados.anuies.mx\/cupria\/?page_id=486"},"modified":"2022-12-15T17:33:59","modified_gmt":"2022-12-15T16:33:59","slug":"xl-cupria","status":"publish","type":"page","link":"https:\/\/organoscolegiados.anuies.mx\/cupria\/xl-cupria\/","title":{"rendered":""},"content":{"rendered":"<div id=\"pl-486\"  class=\"panel-layout\" ><div id=\"pg-486-0\"  class=\"panel-grid panel-no-style\" ><div id=\"pgc-486-0-0\"  class=\"panel-grid-cell\" ><div id=\"panel-486-0-0-0\" class=\"so-panel widget widget_sow-editor panel-first-child panel-last-child\" data-index=\"0\" ><div\n\t\t\t\n\t\t\tclass=\"so-widget-sow-editor so-widget-sow-editor-base\"\n\t\t\t\n\t\t>\n<div class=\"siteorigin-widget-tinymce textwidget\">\n\t<p align=\"center\"><img loading=\"lazy\" decoding=\"async\" class=\"alignnone size-full wp-image-487\" src=\"https:\/\/organoscolegiados.anuies.mx\/cupria\/wp-content\/uploads\/sites\/4\/2019\/11\/CUPRIAxl.jpg\" alt=\"\" width=\"970\" height=\"120\" srcset=\"https:\/\/organoscolegiados.anuies.mx\/cupria\/wp-content\/uploads\/sites\/4\/2019\/11\/CUPRIAxl.jpg 970w, https:\/\/organoscolegiados.anuies.mx\/cupria\/wp-content\/uploads\/sites\/4\/2019\/11\/CUPRIAxl-300x37.jpg 300w, https:\/\/organoscolegiados.anuies.mx\/cupria\/wp-content\/uploads\/sites\/4\/2019\/11\/CUPRIAxl-768x95.jpg 768w\" sizes=\"auto, (max-width: 970px) 100vw, 970px\" \/><\/p>\n<p align=\"center\"><strong>CONVOCATORIA<\/strong><\/p>\n<p style=\"text-align: justify\">Con fundamento en los art\u00edculos Trig\u00e9simo, Trig\u00e9simo Primero y Trig\u00e9simo Tercero, Fracci\u00f3n VI, del Estatuto de la Asociaci\u00f3n Nacional de Universidades e Instituciones de Educaci\u00f3n Superior, ANUIES, se convoca a los titulares de las instituciones que integran el Consejo de Universidades Particulares e Instituciones Afines, CUPRIA, a la XL Sesi\u00f3n Ordinaria que se celebrar\u00e1 el 29 de mayo de 2015 a partir de las 11:00 horas en las instalaciones del Instituto Tecnol\u00f3gico Aut\u00f3nomo de M\u00e9xico ubicadas en R\u00edo Hondo No. 1, Col. Progreso Tizap\u00e1n, C.P. 01080, M\u00e9xico, D.F., bajo el siguiente:<\/p>\n<p style=\"text-align: center\"><b>ORDEN DEL D\u00cdA<\/b><b>\u00a0<\/b><\/p>\n<p><a href=\"https:\/\/organoscolegiados.anuies.mx\/cupria\/wp-content\/uploads\/sites\/4\/2019\/11\/1.-MIEMBROS-DEL-CUPRIA.pdf\" target=\"_blank\" rel=\"noopener noreferrer\">1. Lista de asistencia y verificaci\u00f3n de\u00a0<i>qu\u00f3rum<\/i>.<\/a><\/p>\n<p><a href=\"https:\/\/organoscolegiados.anuies.mx\/cupria\/wp-content\/uploads\/sites\/4\/2019\/11\/2.-CONVOCATORIA1.pdf\" target=\"_blank\" rel=\"noopener noreferrer\">2. Aprobaci\u00f3n del Orden del D\u00eda.<\/a><\/p>\n<p><a href=\"https:\/\/organoscolegiados.anuies.mx\/cupria\/wp-content\/uploads\/sites\/4\/2020\/03\/3.-Elecci\u00f3n-del-Vicepresidente-de-la-Sesi\u00f3n-6.pdf\" target=\"_blank\" rel=\"noopener\">3. Elecci\u00f3n del Vicepresidente de la Sesi\u00f3n.<\/a><\/p>\n<p><a href=\"https:\/\/organoscolegiados.anuies.mx\/cupria\/wp-content\/uploads\/sites\/4\/2020\/03\/4.-Lectura-y-aprobaci\u00f3n-en-su-caso-del-acta-de-la-XXXIX-Sesi\u00f3n-Ordinaria..pdf\" target=\"_blank\" rel=\"noopener\">4. Lectura y aprobaci\u00f3n, en su caso, del acta de la XXXIX Sesi\u00f3n Ordinaria.<\/a><\/p>\n<p><a href=\"https:\/\/organoscolegiados.anuies.mx\/cupria\/wp-content\/uploads\/sites\/4\/2019\/11\/5.-PRESENTACI\u00d3N-INVITADOS-ESPECIALES.pdf\" target=\"_blank\" rel=\"noopener noreferrer\">5. Presentaciones y exposiciones, en su caso, de los invitados especiales.<\/a><br \/>\n<a href=\"https:\/\/organoscolegiados.anuies.mx\/cupria\/wp-content\/uploads\/sites\/4\/2020\/03\/5.1-Programa-Peraj-ANUIES-2015-2.pdf\" target=\"_blank\" rel=\"noopener\">5.1 Programa Peraj-M\u00e9xico.<\/a><\/p>\n<p>6. Asuntos generales.<\/p>\n<p><a href=\"https:\/\/organoscolegiados.anuies.mx\/cupria\/wp-content\/uploads\/sites\/4\/2019\/11\/Comunicado-1.pdf\" target=\"_blank\" rel=\"noopener\">Comunicado<\/a><\/p>\n<\/div>\n<\/div><\/div><\/div><\/div><div id=\"pg-486-1\"  class=\"panel-grid panel-no-style\" ><div id=\"pgc-486-1-0\"  class=\"panel-grid-cell\" ><div id=\"panel-486-1-0-0\" class=\"so-panel widget widget_sow-editor panel-first-child panel-last-child\" data-index=\"1\" ><div\n\t\t\t\n\t\t\tclass=\"so-widget-sow-editor so-widget-sow-editor-base\"\n\t\t\t\n\t\t>\n<div class=\"siteorigin-widget-tinymce textwidget\">\n\t<p style=\"text-align: center;\"><strong>Dr. Arturo Fern\u00e1ndez P\u00e9rez<\/strong><\/p>\n<p style=\"text-align: center;\" align=\"center\">Rector del Instituto Tecnol\u00f3gico Aut\u00f3nomo\u00a0de M\u00e9xico<\/p>\n<\/div>\n<\/div><\/div><\/div><div id=\"pgc-486-1-1\"  class=\"panel-grid-cell\" ><div id=\"panel-486-1-1-0\" class=\"so-panel widget widget_sow-editor panel-first-child panel-last-child\" data-index=\"2\" ><div\n\t\t\t\n\t\t\tclass=\"so-widget-sow-editor so-widget-sow-editor-base\"\n\t\t\t\n\t\t>\n<div class=\"siteorigin-widget-tinymce textwidget\">\n\t<p style=\"text-align: center;\"><strong>Mtro. Jaime Valls Esponda<\/strong><\/p>\n<p style=\"text-align: center;\" align=\"center\">Secretario General Ejcutivo<\/p>\n<\/div>\n<\/div><\/div><\/div><\/div><\/div>","protected":false},"excerpt":{"rendered":"<p>CONVOCATORIA Con fundamento en los art\u00edculos Trig\u00e9simo, Trig\u00e9simo Primero y Trig\u00e9simo Tercero, Fracci\u00f3n VI, del Estatuto de la Asociaci\u00f3n Nacional de Universidades e Instituciones de Educaci\u00f3n Superior, ANUIES, se convoca &hellip; <\/p>\n","protected":false},"author":1,"featured_media":0,"parent":0,"menu_order":0,"comment_status":"closed","ping_status":"closed","template":"","meta":{"footnotes":""},"class_list":["post-486","page","type-page","status-publish","hentry"],"_links":{"self":[{"href":"https:\/\/organoscolegiados.anuies.mx\/cupria\/wp-json\/wp\/v2\/pages\/486","targetHints":{"allow":["GET"]}}],"collection":[{"href":"https:\/\/organoscolegiados.anuies.mx\/cupria\/wp-json\/wp\/v2\/pages"}],"about":[{"href":"https:\/\/organoscolegiados.anuies.mx\/cupria\/wp-json\/wp\/v2\/types\/page"}],"author":[{"embeddable":true,"href":"https:\/\/organoscolegiados.anuies.mx\/cupria\/wp-json\/wp\/v2\/users\/1"}],"replies":[{"embeddable":true,"href":"https:\/\/organoscolegiados.anuies.mx\/cupria\/wp-json\/wp\/v2\/comments?post=486"}],"version-history":[{"count":9,"href":"https:\/\/organoscolegiados.anuies.mx\/cupria\/wp-json\/wp\/v2\/pages\/486\/revisions"}],"predecessor-version":[{"id":857,"href":"https:\/\/organoscolegiados.anuies.mx\/cupria\/wp-json\/wp\/v2\/pages\/486\/revisions\/857"}],"wp:attachment":[{"href":"https:\/\/organoscolegiados.anuies.mx\/cupria\/wp-json\/wp\/v2\/media?parent=486"}],"curies":[{"name":"wp","href":"https:\/\/api.w.org\/{rel}","templated":true}]}}