{"id":501,"date":"2019-11-25T20:45:07","date_gmt":"2019-11-25T19:45:07","guid":{"rendered":"https:\/\/organoscolegiados.anuies.mx\/cupria\/?page_id=501"},"modified":"2022-12-15T17:35:30","modified_gmt":"2022-12-15T16:35:30","slug":"xli-cupria","status":"publish","type":"page","link":"https:\/\/organoscolegiados.anuies.mx\/cupria\/xli-cupria\/","title":{"rendered":""},"content":{"rendered":"<div id=\"pl-501\"  class=\"panel-layout\" ><div id=\"pg-501-0\"  class=\"panel-grid panel-no-style\" ><div id=\"pgc-501-0-0\"  class=\"panel-grid-cell\" ><div id=\"panel-501-0-0-0\" class=\"so-panel widget widget_sow-editor panel-first-child panel-last-child\" data-index=\"0\" ><div\n\t\t\t\n\t\t\tclass=\"so-widget-sow-editor so-widget-sow-editor-base\"\n\t\t\t\n\t\t>\n<div class=\"siteorigin-widget-tinymce textwidget\">\n\t<p align=\"center\"><img loading=\"lazy\" decoding=\"async\" class=\"alignnone size-full wp-image-502\" src=\"https:\/\/organoscolegiados.anuies.mx\/cupria\/wp-content\/uploads\/sites\/4\/2019\/11\/CUPRIAxli.png\" alt=\"\" width=\"2021\" height=\"251\" srcset=\"https:\/\/organoscolegiados.anuies.mx\/cupria\/wp-content\/uploads\/sites\/4\/2019\/11\/CUPRIAxli.png 2021w, https:\/\/organoscolegiados.anuies.mx\/cupria\/wp-content\/uploads\/sites\/4\/2019\/11\/CUPRIAxli-300x37.png 300w, https:\/\/organoscolegiados.anuies.mx\/cupria\/wp-content\/uploads\/sites\/4\/2019\/11\/CUPRIAxli-768x95.png 768w, https:\/\/organoscolegiados.anuies.mx\/cupria\/wp-content\/uploads\/sites\/4\/2019\/11\/CUPRIAxli-1024x127.png 1024w\" sizes=\"auto, (max-width: 2021px) 100vw, 2021px\" \/><\/p>\n<p align=\"center\"><strong>CONVOCATORIA<\/strong><\/p>\n<p style=\"text-align: justify\">Con fundamento en los art\u00edculos Trig\u00e9simo, Trig\u00e9simo Primero y Trig\u00e9simo Tercero, fracci\u00f3n VI, del Estatuto de la Asociaci\u00f3n Nacional de Universidades e Instituciones de Educaci\u00f3n Superior, ANUIES, se convoca a los titulares de las instituciones que integran el Consejo de Universidades Particulares e Instituciones Afines, CUPRIA, a la XLI Sesi\u00f3n Ordinaria que se celebrar\u00e1 el 30 de octubre de 2015 a partir de las 10:00 horas, en las instalaciones de la Universidad Aut\u00f3noma de La Laguna, ubicadas en Av. Universidad s\/n, Col. El Tajito, C.P. 27100, Torre\u00f3n, Coah., bajo el siguiente:<\/p>\n<p style=\"text-align: center\"><b>ORDEN DEL D\u00cdA<\/b><b><\/b><\/p>\n<ol>\n<li>\u00a0<a href=\"https:\/\/organoscolegiados.anuies.mx\/cupria\/wp-content\/uploads\/sites\/4\/2019\/11\/1.-Miembros-del-CUPRIA-2.pdf\" target=\"_blank\" rel=\"noopener\">Lista de asistencia y verificaci\u00f3n de\u00a0<i>qu\u00f3rum.<\/i><\/a><\/li>\n<li><a href=\"https:\/\/organoscolegiados.anuies.mx\/cupria\/wp-content\/uploads\/sites\/4\/2019\/11\/2.-Convocatoria-CUPRIA-XLI.pdf\" target=\"_blank\" rel=\"noopener\">Aprobaci\u00f3n del Orden del D\u00eda.<\/a><\/li>\n<li><a href=\"https:\/\/organoscolegiados.anuies.mx\/cupria\/wp-content\/uploads\/sites\/4\/2020\/03\/3.-Elecci\u00f3n-o-ratificaci\u00f3n-en-su-caso-del-representante-del-CUPRIA-ante-el-Consejo-Nacional..pdf\" target=\"_blank\" rel=\"noopener\">Elecci\u00f3n o ratificaci\u00f3n, en su caso, del representante del CUPRIA ante el Consejo Nacional.<\/a><\/li>\n<li><a href=\"https:\/\/organoscolegiados.anuies.mx\/cupria\/wp-content\/uploads\/sites\/4\/2020\/03\/4.-Elecci\u00f3n-del-Vicepresidente-de-la-Sesi\u00f3n.pdf\" target=\"_blank\" rel=\"noopener\">Elecci\u00f3n del Vicepresidente de la Sesi\u00f3n.<\/a><\/li>\n<li><a href=\"https:\/\/organoscolegiados.anuies.mx\/cupria\/wp-content\/uploads\/sites\/4\/2020\/03\/5.-Lectura-y-aprobaci\u00f3n-en-su-caso-del-acta-de-la-XL-Sesi\u00f3n-Ordinaria..pdf\" target=\"_blank\" rel=\"noopener\">Lectura y aprobaci\u00f3n, en su caso, del acta de la XL Sesi\u00f3n Ordinaria.<\/a><\/li>\n<li>Presentaciones y exposiciones, en su caso, de los invitados especiales.<br \/>\n<a href=\"https:\/\/organoscolegiados.anuies.mx\/cupria\/wp-content\/uploads\/sites\/4\/2020\/03\/6.1-CIC.pdf\" target=\"_blank\" rel=\"noopener\">6.1 Dr. Harold V. Hartley III, Vicepresidente del Consejo de Colegios Independientes de Estados Unidos (CIC).<\/a><br \/>\n<a href=\"https:\/\/organoscolegiados.anuies.mx\/cupria\/wp-content\/uploads\/sites\/4\/2020\/03\/6.2-CONACYT.pdf\" target=\"_blank\" rel=\"noopener\">6.2 Dr. Eugenio Cetina Vadillo, Director del Sistema Nacional de Investigadores (SNI) del CONACyT.<\/a><br \/>\n<a href=\"https:\/\/organoscolegiados.anuies.mx\/cupria\/wp-content\/uploads\/sites\/4\/2020\/03\/6.3-CEED.pdf\" target=\"_blank\" rel=\"noopener\">6.3 Dr. Luis Fernando P\u00e9rez Hurtado, Director General del CEEAD.<\/a><\/li>\n<li><a href=\"https:\/\/organoscolegiados.anuies.mx\/cupria\/wp-content\/uploads\/sites\/4\/2019\/11\/7.-Presentacion-del-libro.pdf\" target=\"_blank\" rel=\"noopener\">Presentaci\u00f3n del libro \u00abLa transferencia de I+D, la Innovaci\u00f3n y\u00a0el emprendimiento en las universidades.\u00a0Educaci\u00f3n\u00a0superior\u00a0en\u00a0Iberoam\u00e9rica.\u00a0Informe 2015.\u00bb<\/a><\/li>\n<li><a href=\"https:\/\/organoscolegiados.anuies.mx\/cupria\/wp-content\/uploads\/sites\/4\/2020\/03\/8.-Asuntos-generales..pdf\" target=\"_blank\" rel=\"noopener\">Asuntos generales.<\/a><\/li>\n<\/ol>\n<\/div>\n<\/div><\/div><\/div><\/div><div id=\"pg-501-1\"  class=\"panel-grid panel-no-style\" ><div id=\"pgc-501-1-0\"  class=\"panel-grid-cell\" ><div id=\"panel-501-1-0-0\" class=\"so-panel widget widget_sow-editor panel-first-child panel-last-child\" data-index=\"1\" ><div\n\t\t\t\n\t\t\tclass=\"so-widget-sow-editor so-widget-sow-editor-base\"\n\t\t\t\n\t\t>\n<div class=\"siteorigin-widget-tinymce textwidget\">\n\t<p align=\"center\"><b>Mtro. Omar Lozano Cant\u00fa<\/b><\/p>\n<p align=\"center\">Rector de la Universidad Aut\u00f3noma de\u00a0La Laguna<\/p>\n<p align=\"center\">Presidente en turno<\/p>\n<\/div>\n<\/div><\/div><\/div><div id=\"pgc-501-1-1\"  class=\"panel-grid-cell\" ><div id=\"panel-501-1-1-0\" class=\"so-panel widget widget_sow-editor panel-first-child panel-last-child\" data-index=\"2\" ><div\n\t\t\t\n\t\t\tclass=\"so-widget-sow-editor so-widget-sow-editor-base\"\n\t\t\t\n\t\t>\n<div class=\"siteorigin-widget-tinymce textwidget\">\n\t<p align=\"center\"><b>Mtro. Jaime Valls Esponda<\/b><\/p>\n<p align=\"center\">Secretario General Ejecutivo<\/p>\n<p align=\"center\">Secretario<\/p>\n<\/div>\n<\/div><\/div><\/div><\/div><\/div>","protected":false},"excerpt":{"rendered":"<p>CONVOCATORIA Con fundamento en los art\u00edculos Trig\u00e9simo, Trig\u00e9simo Primero y Trig\u00e9simo Tercero, fracci\u00f3n VI, del Estatuto de la Asociaci\u00f3n Nacional de Universidades e Instituciones de Educaci\u00f3n Superior, ANUIES, se convoca &hellip; <\/p>\n","protected":false},"author":1,"featured_media":0,"parent":0,"menu_order":0,"comment_status":"closed","ping_status":"closed","template":"","meta":{"footnotes":""},"class_list":["post-501","page","type-page","status-publish","hentry"],"_links":{"self":[{"href":"https:\/\/organoscolegiados.anuies.mx\/cupria\/wp-json\/wp\/v2\/pages\/501","targetHints":{"allow":["GET"]}}],"collection":[{"href":"https:\/\/organoscolegiados.anuies.mx\/cupria\/wp-json\/wp\/v2\/pages"}],"about":[{"href":"https:\/\/organoscolegiados.anuies.mx\/cupria\/wp-json\/wp\/v2\/types\/page"}],"author":[{"embeddable":true,"href":"https:\/\/organoscolegiados.anuies.mx\/cupria\/wp-json\/wp\/v2\/users\/1"}],"replies":[{"embeddable":true,"href":"https:\/\/organoscolegiados.anuies.mx\/cupria\/wp-json\/wp\/v2\/comments?post=501"}],"version-history":[{"count":5,"href":"https:\/\/organoscolegiados.anuies.mx\/cupria\/wp-json\/wp\/v2\/pages\/501\/revisions"}],"predecessor-version":[{"id":858,"href":"https:\/\/organoscolegiados.anuies.mx\/cupria\/wp-json\/wp\/v2\/pages\/501\/revisions\/858"}],"wp:attachment":[{"href":"https:\/\/organoscolegiados.anuies.mx\/cupria\/wp-json\/wp\/v2\/media?parent=501"}],"curies":[{"name":"wp","href":"https:\/\/api.w.org\/{rel}","templated":true}]}}