{"id":525,"date":"2019-11-25T21:21:14","date_gmt":"2019-11-25T20:21:14","guid":{"rendered":"https:\/\/organoscolegiados.anuies.mx\/cupria\/?page_id=525"},"modified":"2020-03-25T03:33:24","modified_gmt":"2020-03-25T02:33:24","slug":"xxxix-cupria","status":"publish","type":"page","link":"https:\/\/organoscolegiados.anuies.mx\/cupria\/xxxix-cupria\/","title":{"rendered":"XXXIX Sesi\u00f3n Ordinaria CUPRIA"},"content":{"rendered":"<p align=\"center\"><img loading=\"lazy\" decoding=\"async\" class=\"size-full wp-image-544 aligncenter\" src=\"https:\/\/organoscolegiados.anuies.mx\/cupria\/wp-content\/uploads\/sites\/4\/2019\/11\/MicrositioCUPRIA-Monterrey.jpg\" alt=\"\" width=\"970\" height=\"120\" srcset=\"https:\/\/organoscolegiados.anuies.mx\/cupria\/wp-content\/uploads\/sites\/4\/2019\/11\/MicrositioCUPRIA-Monterrey.jpg 970w, https:\/\/organoscolegiados.anuies.mx\/cupria\/wp-content\/uploads\/sites\/4\/2019\/11\/MicrositioCUPRIA-Monterrey-300x37.jpg 300w, https:\/\/organoscolegiados.anuies.mx\/cupria\/wp-content\/uploads\/sites\/4\/2019\/11\/MicrositioCUPRIA-Monterrey-768x95.jpg 768w\" sizes=\"auto, (max-width: 970px) 100vw, 970px\" \/><\/p>\n<p align=\"center\"><strong>CONVOCATORIA<\/strong><\/p>\n<p style=\"text-align: justify\">Con fundamento en los art\u00edculos Trig\u00e9simo, Trig\u00e9simo Primero y Trig\u00e9simo Tercero, Fracci\u00f3n VI, del Estatuto de la Asociaci\u00f3n Nacional de Universidades e Instituciones de Educaci\u00f3n Superior, ANUIES, se convoca a los titulares de las instituciones que integran el Consejo de Universidades Particulares e Instituciones Afines, CUPRIA, a la XXXIX Sesi\u00f3n Ordinaria que se celebrar\u00e1 el 11 de noviembre de 2014 a partir de las 10:00 horas en las instalaciones del Instituto Tecnol\u00f3gico y de Estudios Superiores de Monterrey, ubicadas en Avenida Eugenio Garza Sada 2501 Sur, Col. Tecnol\u00f3gico, Monterrey, N.L., bajo el siguiente:<\/p>\n<p style=\"text-align: center\"><b>ORDEN DEL D\u00cdA<\/b><b>\u00a0<\/b><\/p>\n<p><span style=\"color: #000000\">1.<a style=\"color: #000000\" href=\"https:\/\/organoscolegiados.anuies.mx\/cupria\/wp-content\/uploads\/sites\/4\/2019\/11\/1.-MIEMBROS-DEL-CUPRIA-XXXVIII-Sesi\u00f3n-Ordinaria.pdf\" target=\"_blank\" rel=\"noopener noreferrer\">Lista de asistencia y verificaci\u00f3n de <em>qu\u00f3rum.<\/em><\/a><\/span><\/p>\n<p><span style=\"color: #000000\">2. <a style=\"color: #000000\" href=\"https:\/\/organoscolegiados.anuies.mx\/cupria\/wp-content\/uploads\/sites\/4\/2019\/11\/2.-CONVOCATORIA-XXXIX-SO-CUPRIA.pdf\" target=\"_blank\" rel=\"noopener noreferrer\">Aprobaci\u00f3n del Orden del D\u00eda.<\/a><\/span><\/p>\n<p><a href=\"https:\/\/organoscolegiados.anuies.mx\/cupria\/wp-content\/uploads\/sites\/4\/2020\/03\/3.-Elecci\u00f3n-del-Vicepresidente-de-la-Sesi\u00f3n.-1.pdf\" target=\"_blank\" rel=\"noopener noreferrer\"><span style=\"color: #000000\">3. Elecci\u00f3n del Vicepresidente de la Sesi\u00f3n.<\/span><\/a><\/p>\n<p><a href=\"https:\/\/organoscolegiados.anuies.mx\/cupria\/wp-content\/uploads\/sites\/4\/2020\/03\/4.-Lectura-y-aprobaci\u00f3n-en-su-caso-del-acta-de-la-XXXVIII-Sesi\u00f3n-Ordinaria..pdf\" target=\"_blank\" rel=\"noopener noreferrer\"><span style=\"color: #000000\">4. Lectura y aprobaci\u00f3n, en su caso, del acta de la XXXVIII Sesi\u00f3n Ordinaria.<\/span><\/a><\/p>\n<p><span style=\"color: #000000\">5. Presentaciones y exposiciones, en su caso, de los invitados especiales.<\/span><\/p>\n<p style=\"padding-left: 40px\"><span style=\"color: #000000\"><a style=\"color: #000000\" href=\"https:\/\/organoscolegiados.anuies.mx\/cupria\/wp-content\/uploads\/sites\/4\/2019\/11\/CUPRIA-Monterrey-11-Nov-2012.pdf\" target=\"_blank\" rel=\"noopener noreferrer\">5.1 Dr. V\u00edctor Gerardo Carre\u00f3n Rodr\u00edguez, Director Adjunto de Planeaci\u00f3n y Cooperaci\u00f3n Internacional del CONACYT .<\/a><\/span><\/p>\n<p><span style=\"color: #000000\">6. <a style=\"color: #000000\" href=\"http:\/\/cupriaxxxix.portal.anuies.mx\/wp-content\/blogs.dir\/26\/files\/sites\/26\/2014\/11\/6.-SEGUIMIENTO-ACUERDOS-XXXVIII-SO.pdf\" target=\"_blank\" rel=\"noopener noreferrer\">Seguimiento de los acuerdos de la XXXVIII Sesi\u00f3n Ordinaria del CUPRIA.<\/a><\/span><\/p>\n<p style=\"padding-left: 40px\"><span style=\"color: #000000\">6.1 <a style=\"color: #000000\" href=\"https:\/\/organoscolegiados.anuies.mx\/cupria\/wp-content\/uploads\/sites\/4\/2019\/11\/6.1.-CONVENIO-MARCO-DE-COLABORACI\u00d3N.pdf\" target=\"_blank\" rel=\"noopener noreferrer\">Convenio marco de colaboraci\u00f3n<\/a><\/span><\/p>\n<p style=\"padding-left: 80px\"><span style=\"color: #000000\"><a style=\"color: #000000\" href=\"https:\/\/organoscolegiados.anuies.mx\/cupria\/wp-content\/uploads\/sites\/4\/2019\/11\/6.1.1.-CONVENIO-MARCO-SEP-ANUIES-FIMPES.pdf\" target=\"_blank\" rel=\"noopener noreferrer\">6.1.1.-Convenio marco SEP-ANUIES-FIMPES<\/a><\/span><\/p>\n<p style=\"padding-left: 40px\"><span style=\"color: #000000\">6.2 <a style=\"color: #000000\" href=\"https:\/\/organoscolegiados.anuies.mx\/cupria\/wp-content\/uploads\/sites\/4\/2019\/11\/6.2.-CONVENIO-RVOES.pdf\" target=\"_blank\" rel=\"noopener noreferrer\">Convenio RVOES<\/a><\/span><\/p>\n<p style=\"padding-left: 80px\"><span style=\"color: #000000\">6.2.1 <a style=\"color: #000000\" href=\"https:\/\/organoscolegiados.anuies.mx\/cupria\/wp-content\/uploads\/sites\/4\/2019\/11\/6.2.1.-CONVENIO-RVOES-SEP-ANUIES-FIMPES.pdf\" target=\"_blank\" rel=\"noopener noreferrer\">Convenio RVOES-SEP-ANUIES-FIMPES<\/a><\/span><\/p>\n<p style=\"padding-left: 40px\"><span style=\"color: #000000\">6.3 <a style=\"color: #000000\" href=\"https:\/\/organoscolegiados.anuies.mx\/cupria\/wp-content\/uploads\/sites\/4\/2019\/11\/6.3.-ACUERDO-DE-CONCERTACI\u00d3N-COBERTURA.pdf\" target=\"_blank\" rel=\"noopener noreferrer\">Acuerdo de concertaci\u00f3n- cobertura<\/a><\/span><\/p>\n<p style=\"padding-left: 80px\"><span style=\"color: #000000\">6.3.1 <a style=\"color: #000000\" href=\"https:\/\/organoscolegiados.anuies.mx\/cupria\/wp-content\/uploads\/sites\/4\/2019\/11\/6.3.1.-ACUERDO-DE-CONCERTACI\u00d3N-COBERTURA.pdf\" target=\"_blank\" rel=\"noopener noreferrer\">Acuerdo de concertaci\u00f3n-cobertura<\/a><\/span><\/p>\n<p style=\"padding-left: 40px\"><span style=\"color: #000000\">6.4 <a style=\"color: #000000\" href=\"https:\/\/organoscolegiados.anuies.mx\/cupria\/wp-content\/uploads\/sites\/4\/2019\/11\/6.4.-LCFEES.pdf\" target=\"_blank\" rel=\"noopener noreferrer\">LCFEES<\/a><\/span><\/p>\n<p><a href=\"https:\/\/organoscolegiados.anuies.mx\/cupria\/wp-content\/uploads\/sites\/4\/2020\/03\/7.-Elecci\u00f3n-del-representante-del-CUPRIA-ante-Consejo-Nacional.pdf\" target=\"_blank\" rel=\"noopener noreferrer\"><span style=\"color: #000000\">7. Elecci\u00f3n del representante del CUPRIA ante Consejo Nacional.<\/span><\/a><\/p>\n<p><span style=\"color: #000000\">8.\u00a0Asuntos generales.<\/span><\/p>\n<p style=\"padding-left: 40px\"><span style=\"color: #000000\">8.1 <a style=\"color: #000000\" href=\"https:\/\/organoscolegiados.anuies.mx\/cupria\/wp-content\/uploads\/sites\/4\/2019\/11\/AG-1-REUNI\u00d3N-ANUAL-CIC.pdf\" target=\"_blank\" rel=\"noopener noreferrer\">Reuni\u00f3n anual del CIC<\/a><\/span><\/p>\n<p style=\"padding-left: 40px\"><span style=\"color: #000000\">8.2 <a style=\"color: #000000\" href=\"https:\/\/organoscolegiados.anuies.mx\/cupria\/wp-content\/uploads\/sites\/4\/2019\/11\/AG-2-CONSULTA-ESTATUTO.pdf\" target=\"_blank\" rel=\"noopener noreferrer\">Consulta de los estatutos<\/a><\/span><\/p>\n<p><span style=\"color: #000000\"><a style=\"color: #000000\" href=\"https:\/\/organoscolegiados.anuies.mx\/cupria\/wp-content\/uploads\/sites\/4\/2019\/11\/Comunicado-3.pdf\" target=\"_blank\" rel=\"noopener noreferrer\">Comunicado<\/a><\/span><\/p>\n","protected":false},"excerpt":{"rendered":"<p>CONVOCATORIA Con fundamento en los art\u00edculos Trig\u00e9simo, Trig\u00e9simo Primero y Trig\u00e9simo Tercero, Fracci\u00f3n VI, del Estatuto de la Asociaci\u00f3n Nacional de Universidades e Instituciones de Educaci\u00f3n Superior, ANUIES, se convoca &hellip; <\/p>\n","protected":false},"author":1,"featured_media":0,"parent":0,"menu_order":0,"comment_status":"closed","ping_status":"closed","template":"","meta":{"footnotes":""},"class_list":["post-525","page","type-page","status-publish","hentry"],"_links":{"self":[{"href":"https:\/\/organoscolegiados.anuies.mx\/cupria\/wp-json\/wp\/v2\/pages\/525","targetHints":{"allow":["GET"]}}],"collection":[{"href":"https:\/\/organoscolegiados.anuies.mx\/cupria\/wp-json\/wp\/v2\/pages"}],"about":[{"href":"https:\/\/organoscolegiados.anuies.mx\/cupria\/wp-json\/wp\/v2\/types\/page"}],"author":[{"embeddable":true,"href":"https:\/\/organoscolegiados.anuies.mx\/cupria\/wp-json\/wp\/v2\/users\/1"}],"replies":[{"embeddable":true,"href":"https:\/\/organoscolegiados.anuies.mx\/cupria\/wp-json\/wp\/v2\/comments?post=525"}],"version-history":[{"count":10,"href":"https:\/\/organoscolegiados.anuies.mx\/cupria\/wp-json\/wp\/v2\/pages\/525\/revisions"}],"predecessor-version":[{"id":686,"href":"https:\/\/organoscolegiados.anuies.mx\/cupria\/wp-json\/wp\/v2\/pages\/525\/revisions\/686"}],"wp:attachment":[{"href":"https:\/\/organoscolegiados.anuies.mx\/cupria\/wp-json\/wp\/v2\/media?parent=525"}],"curies":[{"name":"wp","href":"https:\/\/api.w.org\/{rel}","templated":true}]}}