{"id":725,"date":"2021-04-29T02:57:41","date_gmt":"2021-04-29T00:57:41","guid":{"rendered":"https:\/\/organoscolegiados.anuies.mx\/cupria\/?page_id=725"},"modified":"2021-05-10T20:11:14","modified_gmt":"2021-05-10T18:11:14","slug":"li-cupria","status":"publish","type":"page","link":"https:\/\/organoscolegiados.anuies.mx\/cupria\/li-cupria\/","title":{"rendered":"LI Sesi\u00f3n Ordinaria CUPRIA"},"content":{"rendered":"<div id=\"pl-725\"  class=\"panel-layout\" ><div id=\"pg-725-0\"  class=\"panel-grid panel-no-style\" ><div id=\"pgc-725-0-0\"  class=\"panel-grid-cell\" ><div id=\"panel-725-0-0-0\" class=\"so-panel widget widget_sow-editor panel-first-child panel-last-child\" data-index=\"0\" ><div\n\t\t\t\n\t\t\tclass=\"so-widget-sow-editor so-widget-sow-editor-base\"\n\t\t\t\n\t\t>\n<div class=\"siteorigin-widget-tinymce textwidget\">\n\t<p><img loading=\"lazy\" decoding=\"async\" class=\"aligncenter size-full wp-image-727\" src=\"https:\/\/organoscolegiados.anuies.mx\/cupria\/wp-content\/uploads\/sites\/4\/2021\/04\/cabeceracupriaLI.png\" alt=\"\" width=\"2000\" height=\"170\" srcset=\"https:\/\/organoscolegiados.anuies.mx\/cupria\/wp-content\/uploads\/sites\/4\/2021\/04\/cabeceracupriaLI.png 2000w, https:\/\/organoscolegiados.anuies.mx\/cupria\/wp-content\/uploads\/sites\/4\/2021\/04\/cabeceracupriaLI-300x26.png 300w, https:\/\/organoscolegiados.anuies.mx\/cupria\/wp-content\/uploads\/sites\/4\/2021\/04\/cabeceracupriaLI-1024x87.png 1024w, https:\/\/organoscolegiados.anuies.mx\/cupria\/wp-content\/uploads\/sites\/4\/2021\/04\/cabeceracupriaLI-768x65.png 768w, https:\/\/organoscolegiados.anuies.mx\/cupria\/wp-content\/uploads\/sites\/4\/2021\/04\/cabeceracupriaLI-1536x131.png 1536w\" sizes=\"auto, (max-width: 2000px) 100vw, 2000px\" \/><\/p>\n<p style=\"text-align: center;\"><strong>CONVOCATORIA<\/strong><\/p>\n<p style=\"text-align: justify;\">Con fundamento en los art\u00edculos Trig\u00e9simo, Trig\u00e9simo Primero y Trig\u00e9simo Tercero, fracci\u00f3n VI, del Estatuto de la Asociaci\u00f3n Nacional de Universidades e Instituciones de Educaci\u00f3n Superior de la Rep\u00fablica Mexicana A.C. (ANUIES), convocamos a los titulares de las instituciones que integran el Consejo de Universidades Particulares e Instituciones Afines (CUPRIA), a la Ll Sesi\u00f3n Ordinaria que se efectuar\u00e1 de forma virtual, debido a la contingencia sanitaria ocasionada por el COVID-19, a las 11:00 horas del 11 de mayo de 2021, con el siguiente:<\/p>\n<p style=\"text-align: center;\"><strong>ORDEN DEL D\u00cdA<\/strong><\/p>\n<ol>\n<li style=\"text-align: justify;\"><span style=\"color: #000000;\"><a style=\"color: #000000;\" href=\"https:\/\/organoscolegiados.anuies.mx\/cupria\/wp-content\/uploads\/sites\/4\/2021\/04\/1-Lista-de-asistencia-y-verificacion-del-quorum.pdf\" target=\"_blank\" rel=\"noopener\">Lista de asistencia y verificaci\u00f3n del <em>quorum<\/em><\/a>.<\/span><\/li>\n<li style=\"text-align: justify;\"><span style=\"color: #000000;\"><a style=\"color: #000000;\" href=\"https:\/\/organoscolegiados.anuies.mx\/cupria\/wp-content\/uploads\/sites\/4\/2021\/04\/2-Aprobacion-del-Orden-del-Dia.pdf\" target=\"_blank\" rel=\"noopener\">Aprobaci\u00f3n del Orden del D\u00eda.<\/a><\/span><\/li>\n<li style=\"text-align: justify;\"><span style=\"color: #000000;\"><a style=\"color: #000000;\" href=\"https:\/\/organoscolegiados.anuies.mx\/cupria\/wp-content\/uploads\/sites\/4\/2021\/04\/3-Eleccion-del-Vicepresidente-de-la-Sesion-Portada-2.pdf\" target=\"_blank\" rel=\"noopener\">Elecci\u00f3n del Vicepresidente de la Sesi\u00f3n.<\/a><\/span><\/li>\n<li style=\"text-align: justify;\"><span style=\"color: #000000;\"><a style=\"color: #000000;\" href=\"https:\/\/organoscolegiados.anuies.mx\/cupria\/wp-content\/uploads\/sites\/4\/2021\/04\/4-Lectura-y-aprobacion-en-su-caso-del-Acta-de-la-L-Sesion-Ordinaria.pdf\" target=\"_blank\" rel=\"noopener\">Lectura y aprobaci\u00f3n, en su caso, del Acta de la L Sesi\u00f3n Ordinaria.<\/a><\/span><\/li>\n<li style=\"text-align: justify;\"><a href=\"https:\/\/organoscolegiados.anuies.mx\/cupria\/wp-content\/uploads\/sites\/4\/2021\/05\/5-Presentacion-de-la-Ley-General-de-Educacion-Superior-y-su-impacto-en-las-instituciones-particulares-de-educacion-superior.pdf\" target=\"_blank\" rel=\"noopener\"><span style=\"color: #000000;\">Presentaci\u00f3n de la Ley General de Educaci\u00f3n Superior y su impacto en las instituciones particulares de educaci\u00f3n superior.<\/span><\/a><\/li>\n<li style=\"text-align: justify;\"><a href=\"https:\/\/organoscolegiados.anuies.mx\/cupria\/wp-content\/uploads\/sites\/4\/2021\/05\/6-Presentacion-de-los-resultados-del-servicio-educativo-a-un-ano-del-confinamiento-por-el-COVID-19-y-los-retos-para-la-reapaertura-segura-de-las-IES-particulares-3.pdf\" target=\"_blank\" rel=\"noopener\"><span style=\"color: #000000;\">Presentaci\u00f3n de los resultados del servicio educativo a un a\u00f1o del confinamiento por el COVID-19 y los retos para la reapertura segura de las instituciones particulares de educaci\u00f3n superior.<\/span><\/a><\/li>\n<li style=\"text-align: justify;\"><a href=\"https:\/\/organoscolegiados.anuies.mx\/cupria\/wp-content\/uploads\/sites\/4\/2021\/05\/7-Presentacion-del-Informe-sobre-el-apoyo-que-las-IES-particulares-han-brindado-a-la-campana-nacional-de-vacunacion-2.pdf\" target=\"_blank\" rel=\"noopener\"><span style=\"color: #000000;\">Presentaci\u00f3n del Informe sobre el apoyo que las instituciones particulares de educaci\u00f3n superior han brindado a la campa\u00f1a nacional de vacunaci\u00f3n.<\/span><\/a><\/li>\n<li style=\"text-align: justify;\"><a href=\"https:\/\/organoscolegiados.anuies.mx\/cupria\/wp-content\/uploads\/sites\/4\/2021\/05\/8-Presentacion-del-Perfil-sociodemografico-de-los-jovenes-en-Mexico-a-cargo-del-Dr.-Julio-Alfonso-Santaella-Castell-Presidente-de-la-Junta-de-Gobierno-del-INEGI_ppt.pdf\" target=\"_blank\" rel=\"noopener\"><span style=\"color: #000000;\">Presentaci\u00f3n del Perfil sociodemogr\u00e1fico de los j\u00f3venes en M\u00e9xico, a cargo del Julio Alfonso Santaella Castell, Presidente de la Junta de Gobierno del Instituto Nacional de Estad\u00edstica y Geograf\u00eda<strong>.<\/strong><\/span><\/a><\/li>\n<li style=\"text-align: justify;\"><span style=\"color: #000000;\"><a style=\"color: #000000;\" href=\"https:\/\/organoscolegiados.anuies.mx\/cupria\/wp-content\/uploads\/sites\/4\/2021\/04\/9-Asuntos-generales-1.pdf\" target=\"_blank\" rel=\"noopener\">Asuntos generales.<\/a><\/span><\/li>\n<\/ol>\n<\/div>\n<\/div><\/div><\/div><\/div><div id=\"pg-725-1\"  class=\"panel-grid panel-no-style\" ><div id=\"pgc-725-1-0\"  class=\"panel-grid-cell\" ><div id=\"panel-725-1-0-0\" class=\"so-panel widget widget_sow-editor panel-first-child panel-last-child\" data-index=\"1\" ><div\n\t\t\t\n\t\t\tclass=\"so-widget-sow-editor so-widget-sow-editor-base\"\n\t\t\t\n\t\t>\n<div class=\"siteorigin-widget-tinymce textwidget\">\n\t<p style=\"text-align: center;\"><strong>Dr. Bernardo Gonz\u00e1lez-Ar\u00e9chiga Ram\u00edrez-Wiella<\/strong><br \/>\nRector de la Universidad del Valle de M\u00e9xico<br \/>\nPresidente<\/p>\n<\/div>\n<\/div><\/div><\/div><div id=\"pgc-725-1-1\"  class=\"panel-grid-cell\" ><div id=\"panel-725-1-1-0\" class=\"so-panel widget widget_sow-editor panel-first-child panel-last-child\" data-index=\"2\" ><div\n\t\t\t\n\t\t\tclass=\"so-widget-sow-editor so-widget-sow-editor-base\"\n\t\t\t\n\t\t>\n<div class=\"siteorigin-widget-tinymce textwidget\">\n\t<p style=\"text-align: center;\"><strong style=\"font-size: 1rem;\">Mtro. Jaime Valls Esponda<\/strong><br \/>\nSecretario General Ejecutivo<br \/>\nSecretario<\/p>\n<\/div>\n<\/div><\/div><\/div><\/div><\/div>","protected":false},"excerpt":{"rendered":"<p>CONVOCATORIA Con fundamento en los art\u00edculos Trig\u00e9simo, Trig\u00e9simo Primero y Trig\u00e9simo Tercero, fracci\u00f3n VI, del Estatuto de la Asociaci\u00f3n Nacional de Universidades e Instituciones de Educaci\u00f3n Superior de la Rep\u00fablica &hellip; <\/p>\n","protected":false},"author":1,"featured_media":0,"parent":0,"menu_order":0,"comment_status":"closed","ping_status":"closed","template":"","meta":{"footnotes":""},"class_list":["post-725","page","type-page","status-publish","hentry"],"_links":{"self":[{"href":"https:\/\/organoscolegiados.anuies.mx\/cupria\/wp-json\/wp\/v2\/pages\/725","targetHints":{"allow":["GET"]}}],"collection":[{"href":"https:\/\/organoscolegiados.anuies.mx\/cupria\/wp-json\/wp\/v2\/pages"}],"about":[{"href":"https:\/\/organoscolegiados.anuies.mx\/cupria\/wp-json\/wp\/v2\/types\/page"}],"author":[{"embeddable":true,"href":"https:\/\/organoscolegiados.anuies.mx\/cupria\/wp-json\/wp\/v2\/users\/1"}],"replies":[{"embeddable":true,"href":"https:\/\/organoscolegiados.anuies.mx\/cupria\/wp-json\/wp\/v2\/comments?post=725"}],"version-history":[{"count":9,"href":"https:\/\/organoscolegiados.anuies.mx\/cupria\/wp-json\/wp\/v2\/pages\/725\/revisions"}],"predecessor-version":[{"id":746,"href":"https:\/\/organoscolegiados.anuies.mx\/cupria\/wp-json\/wp\/v2\/pages\/725\/revisions\/746"}],"wp:attachment":[{"href":"https:\/\/organoscolegiados.anuies.mx\/cupria\/wp-json\/wp\/v2\/media?parent=725"}],"curies":[{"name":"wp","href":"https:\/\/api.w.org\/{rel}","templated":true}]}}