{"id":748,"date":"2021-09-17T20:21:06","date_gmt":"2021-09-17T18:21:06","guid":{"rendered":"https:\/\/organoscolegiados.anuies.mx\/cupria\/?page_id=748"},"modified":"2021-09-28T18:01:00","modified_gmt":"2021-09-28T16:01:00","slug":"lii-cupria","status":"publish","type":"page","link":"https:\/\/organoscolegiados.anuies.mx\/cupria\/lii-cupria\/","title":{"rendered":"LII Sesi\u00f3n Ordinaria CUPRIA"},"content":{"rendered":"<div id=\"pl-748\"  class=\"panel-layout\" ><div id=\"pg-748-0\"  class=\"panel-grid panel-no-style\" ><div id=\"pgc-748-0-0\"  class=\"panel-grid-cell\" ><div id=\"panel-748-0-0-0\" class=\"so-panel widget widget_sow-editor panel-first-child panel-last-child\" data-index=\"0\" ><div\n\t\t\t\n\t\t\tclass=\"so-widget-sow-editor so-widget-sow-editor-base\"\n\t\t\t\n\t\t>\n<div class=\"siteorigin-widget-tinymce textwidget\">\n\t<p><img loading=\"lazy\" decoding=\"async\" class=\"aligncenter size-full wp-image-755\" src=\"https:\/\/organoscolegiados.anuies.mx\/cupria\/wp-content\/uploads\/sites\/4\/2021\/09\/cabeceracupriaLII-3-1.png\" alt=\"\" width=\"2000\" height=\"171\" srcset=\"https:\/\/organoscolegiados.anuies.mx\/cupria\/wp-content\/uploads\/sites\/4\/2021\/09\/cabeceracupriaLII-3-1.png 2000w, https:\/\/organoscolegiados.anuies.mx\/cupria\/wp-content\/uploads\/sites\/4\/2021\/09\/cabeceracupriaLII-3-1-300x26.png 300w, https:\/\/organoscolegiados.anuies.mx\/cupria\/wp-content\/uploads\/sites\/4\/2021\/09\/cabeceracupriaLII-3-1-1024x88.png 1024w, https:\/\/organoscolegiados.anuies.mx\/cupria\/wp-content\/uploads\/sites\/4\/2021\/09\/cabeceracupriaLII-3-1-768x66.png 768w, https:\/\/organoscolegiados.anuies.mx\/cupria\/wp-content\/uploads\/sites\/4\/2021\/09\/cabeceracupriaLII-3-1-1536x131.png 1536w\" sizes=\"auto, (max-width: 2000px) 100vw, 2000px\" \/><\/p>\n<p style=\"text-align: center;\"><strong>CONVOCATORIA<\/strong><\/p>\n<p style=\"text-align: justify;\">Con fundamento en los art\u00edculos Trig\u00e9simo, Trig\u00e9simo Primero y Trig\u00e9simo Tercero, fracci\u00f3n VI, del Estatuto de la Asociaci\u00f3n Nacional de Universidades e Instituciones de Educaci\u00f3n Superior de la Rep\u00fablica Mexicana, A.C. (ANUIES), convocamos a los titulares de las instituciones que integran el Consejo de Universidades Particulares e Instituciones Afines (CUPRIA), a la LII Sesi\u00f3n Ordinaria que se efectuar\u00e1 de forma virtual, debido a la contingencia sanitaria ocasionada por el COVID-19, a las 11:00 horas del 28 de septiembre de 2021, con el siguiente:<\/p>\n<p style=\"text-align: center;\"><strong>ORDEN DEL D\u00cdA<\/strong><\/p>\n<ol>\n<li style=\"text-align: justify;\"><a href=\"https:\/\/organoscolegiados.anuies.mx\/cupria\/wp-content\/uploads\/sites\/4\/2021\/09\/1-Lista-de-asistencia-y-verificacion-del-quorum.pdf\" target=\"_blank\" rel=\"noopener\">Lista de asistencia y verificaci\u00f3n del <em>quorum<\/em>.<\/a><\/li>\n<li><a href=\"https:\/\/organoscolegiados.anuies.mx\/cupria\/wp-content\/uploads\/sites\/4\/2021\/09\/2-Aprobacion-del-Orden-del-Dia.pdf\" target=\"_blank\" rel=\"noopener\">Aprobaci\u00f3n del Orden del D\u00eda.<\/a><\/li>\n<li><a href=\"https:\/\/organoscolegiados.anuies.mx\/cupria\/wp-content\/uploads\/sites\/4\/2021\/09\/3-Eleccion-del-Vicepresidente-de-la-Sesion.pdf\" target=\"_blank\" rel=\"noopener\">Elecci\u00f3n del Vicepresidente de la Sesi\u00f3n.<\/a><\/li>\n<li><a href=\"https:\/\/organoscolegiados.anuies.mx\/cupria\/wp-content\/uploads\/sites\/4\/2021\/09\/4-Lectura-y-aprobacion-en-su-caso-del-Acta-de-la-LI-Sesion-Ordinaria.pdf\" target=\"_blank\" rel=\"noopener\">Lectura y aprobaci\u00f3n, en su caso, del Acta de la LI Sesi\u00f3n Ordinaria.<\/a><\/li>\n<li><a href=\"https:\/\/organoscolegiados.anuies.mx\/cupria\/wp-content\/uploads\/sites\/4\/2021\/09\/5-Presentacion-del-estado-actual-del-vinculo-de-las-universidades-particulares-con-el-CONACyT-1.pdf\" target=\"_blank\" rel=\"noopener\">Presentaci\u00f3n del estado actual del v\u00ednculo de las universidades particulares con el Consejo Nacional de Ciencia y Tecnolog\u00eda.<\/a><\/li>\n<li><a href=\"https:\/\/organoscolegiados.anuies.mx\/cupria\/wp-content\/uploads\/sites\/4\/2021\/09\/6-Informe-sobre-el-programa-de-vacunacion-realidades-y-retos-1.pdf\" target=\"_blank\" rel=\"noopener\">Informe sobre el programa de vacunaci\u00f3n: realidades y retos.<\/a><\/li>\n<li><a href=\"https:\/\/organoscolegiados.anuies.mx\/cupria\/wp-content\/uploads\/sites\/4\/2021\/09\/7-Exposicion-de-experiencias-de-la-UAG-UdeM-y-UP-en-relacion-con-el-regreso-fusionado-1.pdf\" target=\"_blank\" rel=\"noopener\">Exposici\u00f3n de experiencias de la Universidad Aut\u00f3noma de Guadalajara, Universidad de Monterrey y Universidad Panamericana en relaci\u00f3n con el regreso seguro a clases.<\/a><\/li>\n<li><a href=\"https:\/\/organoscolegiados.anuies.mx\/cupria\/wp-content\/uploads\/sites\/4\/2021\/09\/8-Informe-sobre-el-proceso-para-obtener-la-autorizacion-de-Opiniones-Tecnicas-Academicas-para-renovar-o-emitir-nuevos-RVOE-1.pdf\" target=\"_blank\" rel=\"noopener\">Informe sobre el proceso para obtener la autorizaci\u00f3n de Opiniones T\u00e9cnicas Acad\u00e9micas para renovar o emitir nuevos Reconocimientos de Validez Oficial de Estudios.<\/a><\/li>\n<li><a href=\"https:\/\/organoscolegiados.anuies.mx\/cupria\/wp-content\/uploads\/sites\/4\/2021\/09\/9-Presentacion-del-Reporte-de-las-contribuciones-de-las-IES-asociadas-en-las-consultas-del-anteproyecto-de-la-LGHCTI.pdf\" target=\"_blank\" rel=\"noopener\">Presentaci\u00f3n del Reporte de las contribuciones de las IES asociadas en las consultas del anteproyecto de la Ley General de Humanidades, Ciencias, Tecnolog\u00edas e Innovaci\u00f3n.<\/a><\/li>\n<li><a href=\"https:\/\/organoscolegiados.anuies.mx\/cupria\/wp-content\/uploads\/sites\/4\/2021\/09\/10-Presentacion-del-campus-virtual-ANUIES.pdf\" target=\"_blank\" rel=\"noopener\">Presentaci\u00f3n del Campus Virtual ANUIES.<\/a><\/li>\n<li><a href=\"https:\/\/organoscolegiados.anuies.mx\/cupria\/wp-content\/uploads\/sites\/4\/2021\/09\/11-Presentacion-del-Informe-de-avances-en-los-proyectos-SES-ANUIES-sobre-la-implementacion-de-la-LGES-Invitacion-Foros-Regionales.pdf\" target=\"_blank\" rel=\"noopener\">Presentaci\u00f3n del Informe de avances en los proyectos SES-ANUIES sobre la implementaci\u00f3n de la Ley General de Educaci\u00f3n Superior.<\/a><\/li>\n<li><a href=\"https:\/\/organoscolegiados.anuies.mx\/cupria\/wp-content\/uploads\/sites\/4\/2021\/09\/12-Eleccion-del-representante-del-CUPRIA-ante-el-Consejo-Nacional-para-el-periodo-2021-2023.pdf\" target=\"_blank\" rel=\"noopener\">Elecci\u00f3n del representante del Consejo de Universidades Particulares e Instituciones Afines (CUPRIA) ante el Consejo Nacional para el periodo 2021-2023.<\/a><\/li>\n<li><a href=\"https:\/\/organoscolegiados.anuies.mx\/cupria\/wp-content\/uploads\/sites\/4\/2021\/09\/13-Asuntos-generales.pdf\" target=\"_blank\" rel=\"noopener\">Asuntos generales.<\/a><\/li>\n<\/ol>\n<\/div>\n<\/div><\/div><\/div><\/div><div id=\"pg-748-1\"  class=\"panel-grid panel-no-style\" ><div id=\"pgc-748-1-0\"  class=\"panel-grid-cell\" ><div id=\"panel-748-1-0-0\" class=\"so-panel widget widget_sow-editor panel-first-child panel-last-child\" data-index=\"1\" ><div\n\t\t\t\n\t\t\tclass=\"so-widget-sow-editor so-widget-sow-editor-base\"\n\t\t\t\n\t\t>\n<div class=\"siteorigin-widget-tinymce textwidget\">\n\t<p style=\"text-align: center;\"><strong>Dra. Fernanda Llergo Bay<\/strong><br \/>\nRectora General de la Universidad Panamericana-IPADE<br \/>\nPresidenta en turno<\/p>\n<\/div>\n<\/div><\/div><\/div><div id=\"pgc-748-1-1\"  class=\"panel-grid-cell\" ><div id=\"panel-748-1-1-0\" class=\"so-panel widget widget_sow-editor panel-first-child panel-last-child\" data-index=\"2\" ><div\n\t\t\t\n\t\t\tclass=\"so-widget-sow-editor so-widget-sow-editor-base\"\n\t\t\t\n\t\t>\n<div class=\"siteorigin-widget-tinymce textwidget\">\n\t<p style=\"text-align: center;\"><strong style=\"font-size: 1rem;\">Mtro. Jaime Valls Esponda<\/strong><br \/>\nSecretario General Ejecutivo<br \/>\nSecretario<\/p>\n<\/div>\n<\/div><\/div><\/div><\/div><\/div>","protected":false},"excerpt":{"rendered":"<p>CONVOCATORIA Con fundamento en los art\u00edculos Trig\u00e9simo, Trig\u00e9simo Primero y Trig\u00e9simo Tercero, fracci\u00f3n VI, del Estatuto de la Asociaci\u00f3n Nacional de Universidades e Instituciones de Educaci\u00f3n Superior de la Rep\u00fablica &hellip; <\/p>\n","protected":false},"author":1,"featured_media":0,"parent":0,"menu_order":0,"comment_status":"closed","ping_status":"closed","template":"","meta":{"footnotes":""},"class_list":["post-748","page","type-page","status-publish","hentry"],"_links":{"self":[{"href":"https:\/\/organoscolegiados.anuies.mx\/cupria\/wp-json\/wp\/v2\/pages\/748","targetHints":{"allow":["GET"]}}],"collection":[{"href":"https:\/\/organoscolegiados.anuies.mx\/cupria\/wp-json\/wp\/v2\/pages"}],"about":[{"href":"https:\/\/organoscolegiados.anuies.mx\/cupria\/wp-json\/wp\/v2\/types\/page"}],"author":[{"embeddable":true,"href":"https:\/\/organoscolegiados.anuies.mx\/cupria\/wp-json\/wp\/v2\/users\/1"}],"replies":[{"embeddable":true,"href":"https:\/\/organoscolegiados.anuies.mx\/cupria\/wp-json\/wp\/v2\/comments?post=748"}],"version-history":[{"count":17,"href":"https:\/\/organoscolegiados.anuies.mx\/cupria\/wp-json\/wp\/v2\/pages\/748\/revisions"}],"predecessor-version":[{"id":789,"href":"https:\/\/organoscolegiados.anuies.mx\/cupria\/wp-json\/wp\/v2\/pages\/748\/revisions\/789"}],"wp:attachment":[{"href":"https:\/\/organoscolegiados.anuies.mx\/cupria\/wp-json\/wp\/v2\/media?parent=748"}],"curies":[{"name":"wp","href":"https:\/\/api.w.org\/{rel}","templated":true}]}}