{"id":825,"date":"2022-09-19T20:31:43","date_gmt":"2022-09-19T18:31:43","guid":{"rendered":"https:\/\/organoscolegiados.anuies.mx\/cupria\/?page_id=825"},"modified":"2023-04-18T23:00:22","modified_gmt":"2023-04-18T21:00:22","slug":"lv","status":"publish","type":"page","link":"https:\/\/organoscolegiados.anuies.mx\/cupria\/lv\/","title":{"rendered":"LV Sesi\u00f3n Ordinaria CUPRIA 27 abril"},"content":{"rendered":"<div id=\"pl-825\"  class=\"panel-layout\" ><div id=\"pg-825-0\"  class=\"panel-grid panel-no-style\" ><div id=\"pgc-825-0-0\"  class=\"panel-grid-cell\" ><div id=\"panel-825-0-0-0\" class=\"so-panel widget widget_sow-editor panel-first-child panel-last-child\" data-index=\"0\" ><div\n\t\t\t\n\t\t\tclass=\"so-widget-sow-editor so-widget-sow-editor-base\"\n\t\t\t\n\t\t>\n<div class=\"siteorigin-widget-tinymce textwidget\">\n\t<p style=\"text-align: center;\"><span style=\"font-family: helvetica, arial, sans-serif;\"><strong><img loading=\"lazy\" decoding=\"async\" class=\"aligncenter size-full wp-image-866\" src=\"https:\/\/organoscolegiados.anuies.mx\/cupria\/wp-content\/uploads\/sites\/4\/2023\/01\/CUPRIA-LV-scaled.jpg\" alt=\"\" width=\"2560\" height=\"221\" srcset=\"https:\/\/organoscolegiados.anuies.mx\/cupria\/wp-content\/uploads\/sites\/4\/2023\/01\/CUPRIA-LV-scaled.jpg 2560w, https:\/\/organoscolegiados.anuies.mx\/cupria\/wp-content\/uploads\/sites\/4\/2023\/01\/CUPRIA-LV-300x26.jpg 300w, https:\/\/organoscolegiados.anuies.mx\/cupria\/wp-content\/uploads\/sites\/4\/2023\/01\/CUPRIA-LV-1024x88.jpg 1024w, https:\/\/organoscolegiados.anuies.mx\/cupria\/wp-content\/uploads\/sites\/4\/2023\/01\/CUPRIA-LV-768x66.jpg 768w, https:\/\/organoscolegiados.anuies.mx\/cupria\/wp-content\/uploads\/sites\/4\/2023\/01\/CUPRIA-LV-1536x133.jpg 1536w, https:\/\/organoscolegiados.anuies.mx\/cupria\/wp-content\/uploads\/sites\/4\/2023\/01\/CUPRIA-LV-2048x177.jpg 2048w\" sizes=\"auto, (max-width: 2560px) 100vw, 2560px\" \/><\/strong><\/span><\/p>\n<p style=\"text-align: center;\"><span style=\"font-family: helvetica, arial, sans-serif;\"><strong>CONVOCATORIA<\/strong><\/span><\/p>\n<p style=\"text-align: justify;\">Con fundamento en los art\u00edculos Trig\u00e9simo, Trig\u00e9simo Primero y Trig\u00e9simo Tercero, fracci\u00f3n VI, del Estatuto de la Asociaci\u00f3n Nacional de Universidades e Instituciones de Educaci\u00f3n Superior de la Rep\u00fablica Mexicana, A.C. (ANUIES), convocamos a los titulares de las instituciones que integran el Consejo de Universidades Particulares e Instituciones Afines (CUPRIA), a la LV Sesi\u00f3n Ordinaria que se efectuar\u00e1 en modalidad mixta con sede en la Universidad de Celaya, ubicada en Carretera Panamericana Km. 269, Col. Rancho Pinto, C.P. 38080, Celaya Guanajuato, a las 11:00\u00a0 horas del jueves 27 de abril de 2023, con el siguiente:<\/p>\n<p style=\"text-align: center;\"><span style=\"font-family: helvetica, arial, sans-serif;\"><strong>ORDEN DEL D\u00cdA<\/strong><\/span><\/p>\n<ol>\n<li><a href=\"https:\/\/organoscolegiados.anuies.mx\/cupria\/wp-content\/uploads\/sites\/4\/2023\/04\/1-Lista-de-asistencia-y-verificacion-del-quorum-Fusionado-38.pdf\" target=\"_blank\" rel=\"noopener\">Lista de asistencia y verificaci\u00f3n del <em>quorum<\/em>.<\/a><\/li>\n<li><a href=\"https:\/\/organoscolegiados.anuies.mx\/cupria\/wp-content\/uploads\/sites\/4\/2023\/04\/2-Aprobacion-del-Orden-del-Dia-Fusionado-33.pdf\" target=\"_blank\" rel=\"noopener\">Aprobaci\u00f3n del Orden del D\u00eda.<\/a><\/li>\n<li><a href=\"https:\/\/organoscolegiados.anuies.mx\/cupria\/wp-content\/uploads\/sites\/4\/2023\/04\/3-Eleccion-del-Vicepresidente-de-la-Sesion-Fusionado-13.pdf\" target=\"_blank\" rel=\"noopener\">Elecci\u00f3n del Vicepresidente de la Sesi\u00f3n.<\/a><\/li>\n<li><a href=\"https:\/\/organoscolegiados.anuies.mx\/cupria\/wp-content\/uploads\/sites\/4\/2023\/04\/4-Lectura-y-aprobacion-en-su-caso-del-Acta-de-la-LIV-Sesion-Ordinaria-Fusionado.pdf\" target=\"_blank\" rel=\"noopener\">Lectura y aprobaci\u00f3n, en su caso, del acta de la LIV Sesi\u00f3n Ordinaria.<\/a><\/li>\n<li><a href=\"https:\/\/organoscolegiados.anuies.mx\/cupria\/wp-content\/uploads\/sites\/4\/2023\/04\/5-Como-integrar-un-Nodo-de-Impulso-a-la-Economia-Social-y-Solidaria-NODESS-para-lograr-una-vinculacion-e-impacto-con-el-entorno-de-la-universidad.pdf\" target=\"_blank\" rel=\"noopener\">\u00bfC\u00f3mo integrar un Nodo de Impulso a la Econom\u00eda Social y Solidaria (NODESS) para lograr una vinculaci\u00f3n e impacto con el entorno de la universidad?<\/a><\/li>\n<li><a href=\"https:\/\/organoscolegiados.anuies.mx\/cupria\/wp-content\/uploads\/sites\/4\/2023\/04\/6-Importancia-de-la-procuracion-de-fondos-en-el-marco-de-la-sostenibilidad-Fusionado.pdf\" target=\"_blank\" rel=\"noopener\">Importancia de la procuraci\u00f3n de fondos en el marco de la sostenibilidad.<\/a><\/li>\n<li><a href=\"http:\/\/www.anuies.mx\/media\/docs\/7ProyectodelCorredorInteroceanicodelIstmodeTehuantepec.pdf\" target=\"_blank\" rel=\"noopener\">Proyecto del Corredor Interoce\u00e1nico del Istmo de Tehuantepec.<\/a><\/li>\n<li><a href=\"http:\/\/www.anuies.mx\/media\/docs\/8AvancesenelProgramadeTrabajodelSEAE.pdf\" target=\"_blank\" rel=\"noopener\">Avances en el Programa de Trabajo del Sistema de Evaluaci\u00f3n y Acreditaci\u00f3n de la Educaci\u00f3n Superior.<\/a><\/li>\n<li><a href=\"https:\/\/organoscolegiados.anuies.mx\/cupria\/wp-content\/uploads\/sites\/4\/2023\/04\/9-Proceso-legislativo-de-las-iniciativas-en-materia-de-legislacion-sobre-humanidades-ciencias-tecnologias-e-innovacion-2.pdf\" target=\"_blank\" rel=\"noopener\">Proceso legislativo de las iniciativas en materia de legislaci\u00f3n sobre humanidades, ciencias, tecnolog\u00edas e innovaci\u00f3n.<\/a><\/li>\n<li><a href=\"https:\/\/organoscolegiados.anuies.mx\/cupria\/wp-content\/uploads\/sites\/4\/2023\/04\/10-Agenda-de-cooperacion-internacional.pdf\" target=\"_blank\" rel=\"noopener\">Agenda de cooperaci\u00f3n internacional.<\/a><\/li>\n<li><a href=\"https:\/\/organoscolegiados.anuies.mx\/cupria\/wp-content\/uploads\/sites\/4\/2023\/04\/11-Asuntos-generales-2.pdf\" target=\"_blank\" rel=\"noopener\">Asuntos generales.<\/a><\/li>\n<\/ol>\n<\/div>\n<\/div><\/div><\/div><\/div><div id=\"pg-825-1\"  class=\"panel-grid panel-no-style\" ><div id=\"pgc-825-1-0\"  class=\"panel-grid-cell\" ><div id=\"panel-825-1-0-0\" class=\"so-panel widget widget_sow-editor panel-first-child panel-last-child\" data-index=\"1\" ><div\n\t\t\t\n\t\t\tclass=\"so-widget-sow-editor so-widget-sow-editor-base\"\n\t\t\t\n\t\t>\n<div class=\"siteorigin-widget-tinymce textwidget\">\n\t<p style=\"text-align: center;\"><strong>Dra. Martha Aguilar Trejo<\/strong><br \/>\nRectora de la Universidad de Celaya<br \/>\nPresidenta en turno<\/p>\n<\/div>\n<\/div><\/div><\/div><div id=\"pgc-825-1-1\"  class=\"panel-grid-cell\" ><div id=\"panel-825-1-1-0\" class=\"so-panel widget widget_sow-editor panel-first-child panel-last-child\" data-index=\"2\" ><div\n\t\t\t\n\t\t\tclass=\"so-widget-sow-editor so-widget-sow-editor-base\"\n\t\t\t\n\t\t>\n<div class=\"siteorigin-widget-tinymce textwidget\">\n\t<p style=\"text-align: center;\"><strong style=\"font-size: 1rem;\">Dr. Luis Armando Gonz\u00e1lez Placencia<\/strong><br \/>\nSecretario General Ejecutivo<br \/>\nSecretario<\/p>\n<\/div>\n<\/div><\/div><\/div><\/div><\/div>","protected":false},"excerpt":{"rendered":"<p>CONVOCATORIA Con fundamento en los art\u00edculos Trig\u00e9simo, Trig\u00e9simo Primero y Trig\u00e9simo Tercero, fracci\u00f3n VI, del Estatuto de la Asociaci\u00f3n Nacional de Universidades e Instituciones de Educaci\u00f3n Superior de la Rep\u00fablica &hellip; <\/p>\n","protected":false},"author":1,"featured_media":0,"parent":0,"menu_order":0,"comment_status":"closed","ping_status":"closed","template":"","meta":{"footnotes":""},"class_list":["post-825","page","type-page","status-publish","hentry"],"_links":{"self":[{"href":"https:\/\/organoscolegiados.anuies.mx\/cupria\/wp-json\/wp\/v2\/pages\/825","targetHints":{"allow":["GET"]}}],"collection":[{"href":"https:\/\/organoscolegiados.anuies.mx\/cupria\/wp-json\/wp\/v2\/pages"}],"about":[{"href":"https:\/\/organoscolegiados.anuies.mx\/cupria\/wp-json\/wp\/v2\/types\/page"}],"author":[{"embeddable":true,"href":"https:\/\/organoscolegiados.anuies.mx\/cupria\/wp-json\/wp\/v2\/users\/1"}],"replies":[{"embeddable":true,"href":"https:\/\/organoscolegiados.anuies.mx\/cupria\/wp-json\/wp\/v2\/comments?post=825"}],"version-history":[{"count":17,"href":"https:\/\/organoscolegiados.anuies.mx\/cupria\/wp-json\/wp\/v2\/pages\/825\/revisions"}],"predecessor-version":[{"id":905,"href":"https:\/\/organoscolegiados.anuies.mx\/cupria\/wp-json\/wp\/v2\/pages\/825\/revisions\/905"}],"wp:attachment":[{"href":"https:\/\/organoscolegiados.anuies.mx\/cupria\/wp-json\/wp\/v2\/media?parent=825"}],"curies":[{"name":"wp","href":"https:\/\/api.w.org\/{rel}","templated":true}]}}