{"id":961,"date":"2024-07-08T22:56:51","date_gmt":"2024-07-08T20:56:51","guid":{"rendered":"https:\/\/organoscolegiados.anuies.mx\/cupria\/?page_id=961"},"modified":"2024-08-29T23:37:29","modified_gmt":"2024-08-29T21:37:29","slug":"lviiicupria","status":"publish","type":"page","link":"https:\/\/organoscolegiados.anuies.mx\/cupria\/lviiicupria\/","title":{"rendered":"LVIII Sesi\u00f3n Ordinaria CUPRIA 3 de septiembre 2024"},"content":{"rendered":"<div id=\"pl-961\"  class=\"panel-layout\" ><div id=\"pg-961-0\"  class=\"panel-grid panel-no-style\" ><div id=\"pgc-961-0-0\"  class=\"panel-grid-cell\" ><div id=\"panel-961-0-0-0\" class=\"so-panel widget widget_sow-editor panel-first-child panel-last-child\" data-index=\"0\" ><div\n\t\t\t\n\t\t\tclass=\"so-widget-sow-editor so-widget-sow-editor-base\"\n\t\t\t\n\t\t>\n<div class=\"siteorigin-widget-tinymce textwidget\">\n\t<p>&nbsp;<\/p>\n<p style=\"text-align: center;\"><span style=\"font-family: helvetica, arial, sans-serif;\"><strong><img loading=\"lazy\" decoding=\"async\" class=\"aligncenter wp-image-962\" src=\"https:\/\/organoscolegiados.anuies.mx\/cupria\/wp-content\/uploads\/sites\/4\/2024\/07\/CABECERA.png\" alt=\"\" width=\"1442\" height=\"164\" srcset=\"https:\/\/organoscolegiados.anuies.mx\/cupria\/wp-content\/uploads\/sites\/4\/2024\/07\/CABECERA.png 1402w, https:\/\/organoscolegiados.anuies.mx\/cupria\/wp-content\/uploads\/sites\/4\/2024\/07\/CABECERA-300x34.png 300w, https:\/\/organoscolegiados.anuies.mx\/cupria\/wp-content\/uploads\/sites\/4\/2024\/07\/CABECERA-1024x116.png 1024w, https:\/\/organoscolegiados.anuies.mx\/cupria\/wp-content\/uploads\/sites\/4\/2024\/07\/CABECERA-768x87.png 768w\" sizes=\"auto, (max-width: 1442px) 100vw, 1442px\" \/><\/strong><\/span><\/p>\n<p style=\"text-align: center;\"><span style=\"font-family: helvetica, arial, sans-serif; font-size: 16pt;\"><strong>CONVOCATORIA<\/strong><\/span><\/p>\n<p style=\"text-align: justify;\"><span style=\"font-family: helvetica, arial, sans-serif; font-size: 16pt;\">Con fundamento en los art\u00edculos Trig\u00e9simo, Trig\u00e9simo Primero y Trig\u00e9simo Tercero, fracci\u00f3n VI, del Estatuto de la Asociaci\u00f3n Nacional de Universidades e Instituciones de Educaci\u00f3n Superior de la Rep\u00fablica Mexicana, A.C. (ANUIES), convocamos a los titulares de las instituciones que integran el Consejo de Universidades Particulares e Instituciones Afines (CUPRIA), a la LVIII Sesi\u00f3n Ordinaria que se efectuar\u00e1 en modalidad presencial en la Sala \u201cSan Juan Pablo II\u201d, de la Universidad An\u00e1huac M\u00e9xico, ubicada en Av. Universidad An\u00e1huac 46, Col. Lomas An\u00e1huac, C.P. 52786, Huixquilucan, Estado de M\u00e9xico, a las 11:00 horas del martes 3 de septiembre de 2024, con el siguiente:<\/span><\/p>\n<p style=\"text-align: center;\"><span style=\"font-family: helvetica, arial, sans-serif; font-size: 16pt;\"><strong>ORDEN DEL D\u00cdA<\/strong><\/span><\/p>\n<p style=\"text-align: justify;\"><span style=\"color: #000000;\"><a style=\"color: #000000;\" href=\"https:\/\/organoscolegiados.anuies.mx\/cupria\/wp-content\/uploads\/sites\/4\/2024\/08\/1-Lista-de-asistencia-y-verificacion-del-quorum-Material.pdf\" target=\"_blank\" rel=\"noopener\"><span style=\"font-family: helvetica, arial, sans-serif; font-size: 16pt;\">1. Lista de asistencia y verificaci\u00f3n del <em>quorum<\/em>.<\/span><\/a><\/span><br \/>\n<span style=\"color: #000000;\"><a style=\"color: #000000;\" href=\"https:\/\/organoscolegiados.anuies.mx\/cupria\/wp-content\/uploads\/sites\/4\/2024\/08\/2-Aprobacion-del-Orden-del-Dia-1.pdf\" target=\"_blank\" rel=\"noopener\"><span style=\"font-family: helvetica, arial, sans-serif; font-size: 16pt;\">2. Aprobaci\u00f3n del Orden del D\u00eda.<\/span><\/a><\/span><br \/>\n<span style=\"color: #000000;\"><a style=\"color: #000000;\" href=\"https:\/\/organoscolegiados.anuies.mx\/cupria\/wp-content\/uploads\/sites\/4\/2024\/08\/3-Nombramiento-del-Vicepresidente-de-la-Sesion-1.pdf\" target=\"_blank\" rel=\"noopener\"><span style=\"font-family: helvetica, arial, sans-serif; font-size: 16pt;\">3. Nombramiento del Vicepresidente de la Sesi\u00f3n.<\/span><\/a><\/span><br \/>\n<span style=\"color: #000000;\"><a style=\"color: #000000;\" href=\"https:\/\/organoscolegiados.anuies.mx\/cupria\/wp-content\/uploads\/sites\/4\/2024\/08\/4-Lectura-y-aprobacion-en-su-caso-del-Acta-de-la-LVII-Sesion-Ordinaria.pdf\" target=\"_blank\" rel=\"noopener\"><span style=\"font-family: helvetica, arial, sans-serif; font-size: 16pt;\">4. Lectura y aprobaci\u00f3n, en su caso, del Acta de la LVII Sesi\u00f3n Ordinaria.<\/span><\/a><\/span><br \/>\n<span style=\"color: #000000;\"><a style=\"color: #000000;\" href=\"https:\/\/organoscolegiados.anuies.mx\/cupria\/wp-content\/uploads\/sites\/4\/2024\/08\/5-Comision-de-trabajo-para-elaborar-documento-sobre-uso-etico-de-la-IA-en-el-aprendizaje-y-la-produccion-cientifica.pdf\" target=\"_blank\" rel=\"noopener\"><span style=\"font-family: helvetica, arial, sans-serif; font-size: 16pt;\">5. Comisi\u00f3n de trabajo para elaborar documento sobre el uso responsable y \u00e9tico de la inteligencia artificial en el <\/span><span style=\"font-family: helvetica, arial, sans-serif; font-size: 16pt;\">aprendizaje y la producci\u00f3n cient\u00edfica.<\/span><\/a><\/span><br \/>\n<span style=\"color: #000000;\"><a style=\"color: #000000;\" href=\"https:\/\/organoscolegiados.anuies.mx\/cupria\/wp-content\/uploads\/sites\/4\/2024\/08\/6-Perspectivas-de-la-educacion-para-la-vida-en-Mexico.pdf\" target=\"_blank\" rel=\"noopener\"><span style=\"font-family: helvetica, arial, sans-serif; font-size: 16pt;\">6. Perspectivas de la educaci\u00f3n para la vida en M\u00e9xico.<\/span><\/a><\/span><br \/>\n<span style=\"color: #000000;\"><a style=\"color: #000000;\" href=\"https:\/\/organoscolegiados.anuies.mx\/cupria\/wp-content\/uploads\/sites\/4\/2024\/08\/7-Calidad-universitaria-Reflexiones-para-una-narrativa-comun-en-Mexico.pdf\" target=\"_blank\" rel=\"noopener\"><span style=\"font-family: helvetica, arial, sans-serif; font-size: 16pt;\">7. Calidad universitaria: <em>Reflexiones para una narrativa com\u00fan en M\u00e9xico.<\/em><\/span><\/a><\/span><br \/>\n<span style=\"color: #000000;\"><a style=\"color: #000000;\" href=\"https:\/\/organoscolegiados.anuies.mx\/cupria\/wp-content\/uploads\/sites\/4\/2024\/08\/8-Conclusiones-derivadas-de-la-reunion-de-trabajo-de-titulares-del-CUPRIA-efectuada-el-6-de-agosto-de-2024.pdf\" target=\"_blank\" rel=\"noopener\"><span style=\"font-family: helvetica, arial, sans-serif; font-size: 16pt;\">8. Conclusiones derivadas de la reuni\u00f3n de trabajo de titulares del CUPRIA, efectuada el 6 de agosto de 2024.<\/span><\/a><\/span><br \/>\n<span style=\"color: #000000;\"><a style=\"color: #000000;\" href=\"https:\/\/organoscolegiados.anuies.mx\/cupria\/wp-content\/uploads\/sites\/4\/2024\/08\/9-Eleccion-del-representante-del-CUPRIA-ante-el-Consejo-Nacional-para-el-periodo-2024-2026.pdf\" target=\"_blank\" rel=\"noopener\"><span style=\"font-family: helvetica, arial, sans-serif; font-size: 16pt;\">9. Elecci\u00f3n del representante del Consejo de Universidades Particulares e Instituciones Afines (CUPRIA) ante <\/span><span style=\"font-family: helvetica, arial, sans-serif; font-size: 16pt;\">el Consejo Nacional para el periodo 2024-2026.<\/span><\/a><\/span><br \/>\n<span style=\"color: #000000;\"><a style=\"color: #000000;\" href=\"https:\/\/organoscolegiados.anuies.mx\/cupria\/wp-content\/uploads\/sites\/4\/2024\/08\/10-Asuntos-generales.pdf\" target=\"_blank\" rel=\"noopener\"><span style=\"font-family: helvetica, arial, sans-serif; font-size: 16pt;\">10. Asuntos generales.<\/span><\/a><\/span><\/p>\n<\/div>\n<\/div><\/div><\/div><\/div><div id=\"pg-961-1\"  class=\"panel-grid panel-no-style\" ><div id=\"pgc-961-1-0\"  class=\"panel-grid-cell\" ><div id=\"panel-961-1-0-0\" class=\"so-panel widget widget_sow-editor panel-first-child panel-last-child\" data-index=\"1\" ><div\n\t\t\t\n\t\t\tclass=\"so-widget-sow-editor so-widget-sow-editor-base\"\n\t\t\t\n\t\t>\n<div class=\"siteorigin-widget-tinymce textwidget\">\n\t<p style=\"text-align: center;\"><span style=\"font-family: helvetica, arial, sans-serif; font-size: 14pt;\"><strong>P. Cipriano S\u00e1nchez Garc\u00eda, L.C.<\/strong><\/span><br \/>\n<span style=\"font-family: helvetica, arial, sans-serif; font-size: 14pt;\">Rector de la Universidad An\u00e1huac M\u00e9xico<\/span><br \/>\n<span style=\"font-family: helvetica, arial, sans-serif; font-size: 14pt;\">Presidente en turno<\/span><\/p>\n<\/div>\n<\/div><\/div><\/div><div id=\"pgc-961-1-1\"  class=\"panel-grid-cell\" ><div id=\"panel-961-1-1-0\" class=\"so-panel widget widget_sow-editor panel-first-child panel-last-child\" data-index=\"2\" ><div\n\t\t\t\n\t\t\tclass=\"so-widget-sow-editor so-widget-sow-editor-base\"\n\t\t\t\n\t\t>\n<div class=\"siteorigin-widget-tinymce textwidget\">\n\t<p style=\"text-align: center;\"><span style=\"font-family: helvetica, arial, sans-serif; font-size: 14pt;\"><strong>Dr. Luis Armando Gonz\u00e1lez Placencia<\/strong><\/span><br \/>\n<span style=\"font-family: helvetica, arial, sans-serif; font-size: 14pt;\">Secretario General Ejecutivo<\/span><br \/>\n<span style=\"font-family: helvetica, arial, sans-serif; font-size: 14pt;\">Secretario<\/span><\/p>\n<\/div>\n<\/div><\/div><\/div><\/div><\/div>","protected":false},"excerpt":{"rendered":"<p>&nbsp; CONVOCATORIA Con fundamento en los art\u00edculos Trig\u00e9simo, Trig\u00e9simo Primero y Trig\u00e9simo Tercero, fracci\u00f3n VI, del Estatuto de la Asociaci\u00f3n Nacional de Universidades e Instituciones de Educaci\u00f3n Superior de la &hellip; <\/p>\n","protected":false},"author":1,"featured_media":0,"parent":0,"menu_order":0,"comment_status":"closed","ping_status":"closed","template":"","meta":{"footnotes":""},"class_list":["post-961","page","type-page","status-publish","hentry"],"_links":{"self":[{"href":"https:\/\/organoscolegiados.anuies.mx\/cupria\/wp-json\/wp\/v2\/pages\/961","targetHints":{"allow":["GET"]}}],"collection":[{"href":"https:\/\/organoscolegiados.anuies.mx\/cupria\/wp-json\/wp\/v2\/pages"}],"about":[{"href":"https:\/\/organoscolegiados.anuies.mx\/cupria\/wp-json\/wp\/v2\/types\/page"}],"author":[{"embeddable":true,"href":"https:\/\/organoscolegiados.anuies.mx\/cupria\/wp-json\/wp\/v2\/users\/1"}],"replies":[{"embeddable":true,"href":"https:\/\/organoscolegiados.anuies.mx\/cupria\/wp-json\/wp\/v2\/comments?post=961"}],"version-history":[{"count":11,"href":"https:\/\/organoscolegiados.anuies.mx\/cupria\/wp-json\/wp\/v2\/pages\/961\/revisions"}],"predecessor-version":[{"id":987,"href":"https:\/\/organoscolegiados.anuies.mx\/cupria\/wp-json\/wp\/v2\/pages\/961\/revisions\/987"}],"wp:attachment":[{"href":"https:\/\/organoscolegiados.anuies.mx\/cupria\/wp-json\/wp\/v2\/media?parent=961"}],"curies":[{"name":"wp","href":"https:\/\/api.w.org\/{rel}","templated":true}]}}