{"id":998,"date":"2025-04-11T17:07:47","date_gmt":"2025-04-11T15:07:47","guid":{"rendered":"https:\/\/organoscolegiados.anuies.mx\/cupria\/?page_id=998"},"modified":"2025-05-07T16:25:09","modified_gmt":"2025-05-07T14:25:09","slug":"cuprialix","status":"publish","type":"page","link":"https:\/\/organoscolegiados.anuies.mx\/cupria\/cuprialix\/","title":{"rendered":"LIX Sesi\u00f3n Ordinaria CUPRIA 8  de mayo 2025"},"content":{"rendered":"<div id=\"pl-998\"  class=\"panel-layout\" ><div id=\"pg-998-0\"  class=\"panel-grid panel-no-style\" ><div id=\"pgc-998-0-0\"  class=\"panel-grid-cell\" ><div id=\"panel-998-0-0-0\" class=\"so-panel widget widget_sow-editor panel-first-child panel-last-child\" data-index=\"0\" ><div\n\t\t\t\n\t\t\tclass=\"so-widget-sow-editor so-widget-sow-editor-base\"\n\t\t\t\n\t\t>\n<div class=\"siteorigin-widget-tinymce textwidget\">\n\t<p>&nbsp;<\/p>\n<p style=\"text-align: center;\"><span style=\"font-family: helvetica, arial, sans-serif;\"><strong><img loading=\"lazy\" decoding=\"async\" class=\"aligncenter size-full wp-image-999\" src=\"https:\/\/organoscolegiados.anuies.mx\/cupria\/wp-content\/uploads\/sites\/4\/2025\/04\/CABECERA.png\" alt=\"\" width=\"1551\" height=\"265\" srcset=\"https:\/\/organoscolegiados.anuies.mx\/cupria\/wp-content\/uploads\/sites\/4\/2025\/04\/CABECERA.png 1551w, https:\/\/organoscolegiados.anuies.mx\/cupria\/wp-content\/uploads\/sites\/4\/2025\/04\/CABECERA-300x51.png 300w, https:\/\/organoscolegiados.anuies.mx\/cupria\/wp-content\/uploads\/sites\/4\/2025\/04\/CABECERA-1024x175.png 1024w, https:\/\/organoscolegiados.anuies.mx\/cupria\/wp-content\/uploads\/sites\/4\/2025\/04\/CABECERA-768x131.png 768w, https:\/\/organoscolegiados.anuies.mx\/cupria\/wp-content\/uploads\/sites\/4\/2025\/04\/CABECERA-1536x262.png 1536w\" sizes=\"auto, (max-width: 1551px) 100vw, 1551px\" \/><\/strong><\/span><\/p>\n<p style=\"text-align: center;\"><span style=\"font-family: helvetica, arial, sans-serif; font-size: 16pt;\"><strong>CONVOCATORIA<\/strong><\/span><\/p>\n<p style=\"text-align: justify;\"><span style=\"font-family: helvetica, arial, sans-serif; font-size: 16pt;\">Con fundamento en los art\u00edculos Trig\u00e9simo, Trig\u00e9simo Primero y Trig\u00e9simo Tercero, fracci\u00f3n VI, del Estatuto de la Asociaci\u00f3n Nacional de Universidades e Instituciones de Educaci\u00f3n Superior de la Rep\u00fablica Mexicana, A.C. (ANUIES), convocamos a las y los titulares de las instituciones que integran el Consejo de Universidades Particulares e Instituciones Afines (CUPRIA), a la LIX Sesi\u00f3n Ordinaria que se efectuar\u00e1 en modalidad presencial en el \u201cAuditorio de la Universidad Panamericana\u201d, Universidad Panamericana, en Augusto Rodin 498, Colonia Insurgentes Mixcoac, Alcald\u00eda Benito Ju\u00e1rez, C.P. 03920, Ciudad de M\u00e9xico, a las 11:00 horas del jueves 8 de mayo de 2025, con el siguiente:<\/span><\/p>\n<p style=\"text-align: center;\"><span style=\"font-family: helvetica, arial, sans-serif; font-size: 16pt;\"><strong>ORDEN DEL D\u00cdA<\/strong><\/span><\/p>\n<ol>\n<li><a href=\"https:\/\/organoscolegiados.anuies.mx\/cupria\/wp-content\/uploads\/sites\/4\/2025\/05\/1-Lista-de-asistencia-y-verificacion-del-quorum-6.pdf\" target=\"_blank\" rel=\"noopener\"><span style=\"font-family: helvetica, arial, sans-serif; font-size: 16pt;\">Lista de asistencia y verificaci\u00f3n del <em>quorum<\/em>.<\/span><\/a><\/li>\n<li><a href=\"https:\/\/organoscolegiados.anuies.mx\/cupria\/wp-content\/uploads\/sites\/4\/2025\/05\/2-Aprobacion-del-Orden-del-Dia-3.pdf\" target=\"_blank\" rel=\"noopener\"><span style=\"font-family: helvetica, arial, sans-serif; font-size: 16pt;\">Aprobaci\u00f3n del Orden del D\u00eda.<\/span><\/a><\/li>\n<li><a href=\"https:\/\/organoscolegiados.anuies.mx\/cupria\/wp-content\/uploads\/sites\/4\/2025\/05\/3-Nombramiento-del-Vicepresidente-de-la-Sesion-2.pdf\" target=\"_blank\" rel=\"noopener\"><span style=\"font-family: helvetica, arial, sans-serif; font-size: 16pt;\">Nombramiento del Vicepresidente de la Sesi\u00f3n.<\/span><\/a><\/li>\n<li><a href=\"https:\/\/organoscolegiados.anuies.mx\/cupria\/wp-content\/uploads\/sites\/4\/2025\/05\/4-Lectura-y-aprobacion-en-su-caso-del-Acta-de-la-LVIII-Sesion-Ordinaria.pdf\" target=\"_blank\" rel=\"noopener\"><span style=\"font-family: helvetica, arial, sans-serif; font-size: 16pt;\">Lectura y aprobaci\u00f3n, en su caso, del Acta de la LVIII Sesi\u00f3n Ordinaria.<\/span><\/a><\/li>\n<li><a href=\"https:\/\/organoscolegiados.anuies.mx\/cupria\/wp-content\/uploads\/sites\/4\/2025\/05\/5-Intervencion-de-la-Dra.-Rosaura-Ruiz-Gutierrez-Secretaria-de-Ciencia-Humanidades-Tecnologia-e-Innovacion.pdf\" target=\"_blank\" rel=\"noopener\"><span style=\"font-family: helvetica, arial, sans-serif; font-size: 16pt;\">Intervenci\u00f3n de la <strong>Dra. Rosaura Ruiz Guti\u00e9rrez<\/strong>, Secretaria de Ciencia, Humanidades, Tecnolog\u00eda e Innovaci\u00f3n.<\/span><\/a><\/li>\n<li><a href=\"https:\/\/organoscolegiados.anuies.mx\/cupria\/wp-content\/uploads\/sites\/4\/2025\/05\/6-Intervencion-del-Dr.-Ricardo-Villanueva-Lomeli-Subsecretario-de-Educacion-Superior-de-la-SEP.pdf\" target=\"_blank\" rel=\"noopener\"><span style=\"font-family: helvetica, arial, sans-serif; font-size: 16pt;\">Intervenci\u00f3n del <strong>Dr. Ricardo Villanueva Lomel\u00ed<\/strong>, Subsecretario de Educaci\u00f3n Superior de la SEP.<\/span><\/a><\/li>\n<li><a href=\"https:\/\/organoscolegiados.anuies.mx\/cupria\/wp-content\/uploads\/sites\/4\/2025\/05\/7-Proyectos-de-colaboracion-en-programas-de-posgrado-e-investigacion-entre-las-universidades-particulares-y-las-publicas.pdf\" target=\"_blank\" rel=\"noopener\"><span style=\"font-family: helvetica, arial, sans-serif; font-size: 16pt;\">Proyectos de colaboraci\u00f3n en programas de posgrado e investigaci\u00f3n entre las universidades particulares y las p\u00fablicas.<\/span><\/a><\/li>\n<li><a href=\"https:\/\/organoscolegiados.anuies.mx\/cupria\/wp-content\/uploads\/sites\/4\/2025\/05\/8-Presentacion-de-buenas-practicas-sobre-como-gobernar-universidades.pdf\" target=\"_blank\" rel=\"noopener\"><span style=\"font-family: helvetica, arial, sans-serif; font-size: 16pt;\">Presentaci\u00f3n de buenas pr\u00e1cticas sobre c\u00f3mo gobernar las universidades.<\/span><\/a><\/li>\n<li><a href=\"https:\/\/organoscolegiados.anuies.mx\/cupria\/wp-content\/uploads\/sites\/4\/2025\/05\/9-Experiencias-en-el-ecosistema-del-bienestar-universitario-1.pdf\" target=\"_blank\" rel=\"noopener\"><span style=\"font-family: helvetica, arial, sans-serif; font-size: 16pt;\">Experiencias en el ecosistema del bienestar universitario.<\/span><\/a><\/li>\n<li><a href=\"https:\/\/organoscolegiados.anuies.mx\/cupria\/wp-content\/uploads\/sites\/4\/2025\/05\/10-Avances-de-la-Comision-de-Inteligencia-artificial.pdf\" target=\"_blank\" rel=\"noopener\"><span style=\"font-family: helvetica, arial, sans-serif; font-size: 16pt;\">Avances de la Comisi\u00f3n de Inteligencia artificial.<\/span><\/a><\/li>\n<li><a href=\"https:\/\/organoscolegiados.anuies.mx\/cupria\/wp-content\/uploads\/sites\/4\/2025\/05\/11-Asuntos-generales-2.pdf\" target=\"_blank\" rel=\"noopener\"><span style=\"font-family: helvetica, arial, sans-serif; font-size: 16pt;\">Asuntos generales.<\/span><\/a><\/li>\n<\/ol>\n<p>&nbsp;<\/p>\n<\/div>\n<\/div><\/div><\/div><\/div><div id=\"pg-998-1\"  class=\"panel-grid panel-no-style\" ><div id=\"pgc-998-1-0\"  class=\"panel-grid-cell\" ><div id=\"panel-998-1-0-0\" class=\"so-panel widget widget_sow-editor panel-first-child panel-last-child\" data-index=\"1\" ><div\n\t\t\t\n\t\t\tclass=\"so-widget-sow-editor so-widget-sow-editor-base\"\n\t\t\t\n\t\t>\n<div class=\"siteorigin-widget-tinymce textwidget\">\n\t<p style=\"text-align: center;\"><span style=\"font-family: helvetica, arial, sans-serif; font-size: 14pt;\"><strong>Dra. Fernanda Llergo Bay<\/strong><\/span><br \/>\n<span style=\"font-family: helvetica, arial, sans-serif; font-size: 14pt;\">Rectora General de la Universidad Panamericana-IPADE<\/span><br \/>\n<span style=\"font-family: helvetica, arial, sans-serif; font-size: 14pt;\">Presidenta en turno<\/span><\/p>\n<\/div>\n<\/div><\/div><\/div><div id=\"pgc-998-1-1\"  class=\"panel-grid-cell\" ><div id=\"panel-998-1-1-0\" class=\"so-panel widget widget_sow-editor panel-first-child panel-last-child\" data-index=\"2\" ><div\n\t\t\t\n\t\t\tclass=\"so-widget-sow-editor so-widget-sow-editor-base\"\n\t\t\t\n\t\t>\n<div class=\"siteorigin-widget-tinymce textwidget\">\n\t<p style=\"text-align: center;\"><span style=\"font-family: helvetica, arial, sans-serif; font-size: 14pt;\"><strong>Dr. Luis Armando Gonz\u00e1lez Placencia<\/strong><\/span><br \/>\n<span style=\"font-family: helvetica, arial, sans-serif; font-size: 14pt;\">Secretario General Ejecutivo<\/span><br \/>\n<span style=\"font-family: helvetica, arial, sans-serif; font-size: 14pt;\">Secretario<\/span><\/p>\n<\/div>\n<\/div><\/div><\/div><\/div><\/div>","protected":false},"excerpt":{"rendered":"<p>&nbsp; CONVOCATORIA Con fundamento en los art\u00edculos Trig\u00e9simo, Trig\u00e9simo Primero y Trig\u00e9simo Tercero, fracci\u00f3n VI, del Estatuto de la Asociaci\u00f3n Nacional de Universidades e Instituciones de Educaci\u00f3n Superior de la &hellip; <\/p>\n","protected":false},"author":1,"featured_media":0,"parent":0,"menu_order":0,"comment_status":"closed","ping_status":"closed","template":"","meta":{"footnotes":""},"class_list":["post-998","page","type-page","status-publish","hentry"],"_links":{"self":[{"href":"https:\/\/organoscolegiados.anuies.mx\/cupria\/wp-json\/wp\/v2\/pages\/998","targetHints":{"allow":["GET"]}}],"collection":[{"href":"https:\/\/organoscolegiados.anuies.mx\/cupria\/wp-json\/wp\/v2\/pages"}],"about":[{"href":"https:\/\/organoscolegiados.anuies.mx\/cupria\/wp-json\/wp\/v2\/types\/page"}],"author":[{"embeddable":true,"href":"https:\/\/organoscolegiados.anuies.mx\/cupria\/wp-json\/wp\/v2\/users\/1"}],"replies":[{"embeddable":true,"href":"https:\/\/organoscolegiados.anuies.mx\/cupria\/wp-json\/wp\/v2\/comments?post=998"}],"version-history":[{"count":6,"href":"https:\/\/organoscolegiados.anuies.mx\/cupria\/wp-json\/wp\/v2\/pages\/998\/revisions"}],"predecessor-version":[{"id":1018,"href":"https:\/\/organoscolegiados.anuies.mx\/cupria\/wp-json\/wp\/v2\/pages\/998\/revisions\/1018"}],"wp:attachment":[{"href":"https:\/\/organoscolegiados.anuies.mx\/cupria\/wp-json\/wp\/v2\/media?parent=998"}],"curies":[{"name":"wp","href":"https:\/\/api.w.org\/{rel}","templated":true}]}}